{"id":3473,"date":"2015-06-12T11:09:37","date_gmt":"2015-06-12T10:09:37","guid":{"rendered":"https:\/\/www.alphacan.com\/mentions-legales\/"},"modified":"2018-10-30T11:23:50","modified_gmt":"2018-10-30T10:23:50","slug":"privacy-policy","status":"publish","type":"page","link":"https:\/\/www.alphacan.com\/en\/privacy-policy\/","title":{"rendered":"Privacy policy"},"content":{"rendered":"<p>Welcome to the website alphacan.com, which presents our profiles range.<br \/>\nUse of this website implies your acceptance to be bound by its general terms and conditions of use.<br \/>\nThese terms and conditions may change, so we suggest that you check back regularly to be aware of any such changes.<\/p>\n<h3>\nSite Publisher<\/h3>\n<p>\nAlphacan S.A.S<br \/>\nSoci\u00e9t\u00e9 par actions simplifi\u00e9e au capital de 6\u00a0810 000\u00a0\u20ac<br \/>\nRCS Le Mans\u00a0309 745 891\u00a0<br \/>\nZI de l\u2019Aubr\u00e9e<br \/>\n72300 Sabl\u00e9-sur-Sarthe<br \/>\nFRANCE<br \/>\n+33 (0) 2 43 62 48 48<br \/>\nManaging Editor : Olivier Leplingard<\/p>\n<h3>\nHosting Provider<\/h3>\n<p>\nSymbioseo Agency<br \/>\n36 rue Paul C\u00e9zanne<br \/>\n68200 Mulhouse<br \/>\nFrance<br \/>\nSIRET 53310168900016<\/p>\n<h3>\nProduction<\/h3>\n<p>\nGraphisme:\u00a0<a href=\"http:\/\/www.onthewave.fr\" target=\"_blank\" rel=\"noopener\">AGENCE ON THE WAVE<\/a><br \/>\nProduction:\u00a0<a href=\"http:\/\/www.symbioseo.fr\" target=\"_blank\" rel=\"noopener\">AGENCE SYMBIOSEO<\/a><\/p>\n<h3>\nContent<\/h3>\n<p>\nInformation published on this website is provided for purely indicative purposes. This information is non-contractual.Alphacan cannot guarantee that the information featured on the website is accurate, exhaustive or up to date. Alphacan shall not be held liable for any errors and\/or omissions, unavailability of information, failure to update information and\/or presence of viruses on its website.Consequently, you assume the entire risk of relying on this information, and Alphacan\u00a0shall not be held responsible for any direct or indirect damages resulting from the use of this information.Alphacan reserves the right to alter the content of its site and these terms of conditions of use at any time and without notice.<\/p>\n<h3>\nUse of personal data<\/h3>\n<p>\nAny personal data that we may have collected are intended exclusively for Alphacan. In no event may these data be disclosed to third parties.<\/p>\n<h3>\nAccess to your personal data<\/h3>\n<p>\nUnder the French Data Protection and Freedom of Information law (\u201cLoi Informatique et Libert\u00e9\u201d) of 6 January 1978, you have the right to access, alter, rectify and remove your personal data (articles 39 and 40 of \u201cLoi Informatique et Libert\u00e9\u201d).<br \/>\nTo exercise this right, please contact:<\/p>\n<p>Alphacan S.A.S<br \/>\nZI de l\u2019Aubr\u00e9e<br \/>\n72300 Sabl\u00e9-sur-Sarthe<\/p>\n<h3>\nIntellectual property<\/h3>\n<p>\nAlphacan is the owner or is authorized to use all information and all elements featured on this site (texts, photos, images and sounds) (subject to copyright laws). Copies of all or part of this information and elements may only be made for information purposes and solely for strictly private use. Any reproduction, representation, adaptation, translation and\/or transformation of all or part of this information and elements for other purposes is expressly forbidden.\u00a0No license or right other than that of viewing the site and the information and elements featured therein, may be granted to anyone in respect of intellectual property rights.<\/p>\n<h3>Photos credits<\/h3>\n<p>\nistockphoto<\/p>\n","protected":false},"excerpt":{"rendered":"<p>Welcome to the website alphacan.com, which presents our profiles range. Use of this website implies your acceptance to be bound by its general terms and conditions of use. These terms and conditions may change, so we suggest that you check back regularly to be aware of any such changes. Site Publisher Alphacan S.A.S Soci\u00e9t\u00e9 par [&hellip;]<\/p>\n","protected":false},"author":559,"featured_media":0,"parent":0,"menu_order":0,"comment_status":"open","ping_status":"open","template":"","meta":{"_acf_changed":false,"footnotes":""},"class_list":["post-3473","page","type-page","status-publish","hentry"],"acf":[],"yoast_head":"<!-- This site is optimized with the Yoast SEO plugin v27.0 - https:\/\/yoast.com\/product\/yoast-seo-wordpress\/ -->\n<title>Privacy policy &#8211; Alphacan<\/title>\n<meta name=\"description\" content=\"Welcome to the website alphacan.com, which presents our profiles range. Use of this website implies your acceptance to be bound by its general terms and\" \/>\n<meta name=\"robots\" content=\"index, follow, max-snippet:-1, max-image-preview:large, max-video-preview:-1\" \/>\n<link rel=\"canonical\" href=\"https:\/\/www.alphacan.com\/en\/privacy-policy\/\" \/>\n<meta property=\"og:locale\" content=\"en_US\" \/>\n<meta property=\"og:type\" content=\"article\" \/>\n<meta property=\"og:title\" content=\"Privacy policy &#8211; Alphacan\" \/>\n<meta property=\"og:description\" content=\"Welcome to the website alphacan.com, which presents our profiles range. Use of this website implies your acceptance to be bound by its general terms and\" \/>\n<meta property=\"og:url\" content=\"https:\/\/www.alphacan.com\/en\/privacy-policy\/\" \/>\n<meta property=\"og:site_name\" content=\"Alphacan\" \/>\n<meta property=\"article:modified_time\" content=\"2018-10-30T10:23:50+00:00\" \/>\n<meta name=\"twitter:card\" content=\"summary_large_image\" \/>\n<meta name=\"twitter:label1\" content=\"Est. reading time\" \/>\n\t<meta name=\"twitter:data1\" content=\"2 minutes\" \/>\n<script type=\"application\/ld+json\" class=\"yoast-schema-graph\">{\"@context\":\"https:\/\/schema.org\",\"@graph\":[{\"@type\":\"WebPage\",\"@id\":\"https:\/\/www.alphacan.com\/en\/privacy-policy\/\",\"url\":\"https:\/\/www.alphacan.com\/en\/privacy-policy\/\",\"name\":\"Privacy policy &#8211; Alphacan\",\"isPartOf\":{\"@id\":\"https:\/\/www.alphacan.com\/es\/#website\"},\"datePublished\":\"2015-06-12T10:09:37+00:00\",\"dateModified\":\"2018-10-30T10:23:50+00:00\",\"description\":\"Welcome to the website alphacan.com, which presents our profiles range. Use of this website implies your acceptance to be bound by its general terms and\",\"breadcrumb\":{\"@id\":\"https:\/\/www.alphacan.com\/en\/privacy-policy\/#breadcrumb\"},\"inLanguage\":\"en-US\",\"potentialAction\":[{\"@type\":\"ReadAction\",\"target\":[\"https:\/\/www.alphacan.com\/en\/privacy-policy\/\"]}]},{\"@type\":\"BreadcrumbList\",\"@id\":\"https:\/\/www.alphacan.com\/en\/privacy-policy\/#breadcrumb\",\"itemListElement\":[{\"@type\":\"ListItem\",\"position\":1,\"name\":\"Accueil\",\"item\":\"https:\/\/www.alphacan.com\/en\/\"},{\"@type\":\"ListItem\",\"position\":2,\"name\":\"Privacy policy\"}]},{\"@type\":\"WebSite\",\"@id\":\"https:\/\/www.alphacan.com\/es\/#website\",\"url\":\"https:\/\/www.alphacan.com\/es\/\",\"name\":\"Alphacan\",\"description\":\"Concepteur Menuiseries\",\"potentialAction\":[{\"@type\":\"SearchAction\",\"target\":{\"@type\":\"EntryPoint\",\"urlTemplate\":\"https:\/\/www.alphacan.com\/es\/?s={search_term_string}\"},\"query-input\":{\"@type\":\"PropertyValueSpecification\",\"valueRequired\":true,\"valueName\":\"search_term_string\"}}],\"inLanguage\":\"en-US\"}]}<\/script>\n<!-- \/ Yoast SEO plugin. -->","yoast_head_json":{"title":"Privacy policy &#8211; Alphacan","description":"Welcome to the website alphacan.com, which presents our profiles range. Use of this website implies your acceptance to be bound by its general terms and","robots":{"index":"index","follow":"follow","max-snippet":"max-snippet:-1","max-image-preview":"max-image-preview:large","max-video-preview":"max-video-preview:-1"},"canonical":"https:\/\/www.alphacan.com\/en\/privacy-policy\/","og_locale":"en_US","og_type":"article","og_title":"Privacy policy &#8211; Alphacan","og_description":"Welcome to the website alphacan.com, which presents our profiles range. Use of this website implies your acceptance to be bound by its general terms and","og_url":"https:\/\/www.alphacan.com\/en\/privacy-policy\/","og_site_name":"Alphacan","article_modified_time":"2018-10-30T10:23:50+00:00","twitter_card":"summary_large_image","twitter_misc":{"Est. reading time":"2 minutes"},"schema":{"@context":"https:\/\/schema.org","@graph":[{"@type":"WebPage","@id":"https:\/\/www.alphacan.com\/en\/privacy-policy\/","url":"https:\/\/www.alphacan.com\/en\/privacy-policy\/","name":"Privacy policy &#8211; Alphacan","isPartOf":{"@id":"https:\/\/www.alphacan.com\/es\/#website"},"datePublished":"2015-06-12T10:09:37+00:00","dateModified":"2018-10-30T10:23:50+00:00","description":"Welcome to the website alphacan.com, which presents our profiles range. Use of this website implies your acceptance to be bound by its general terms and","breadcrumb":{"@id":"https:\/\/www.alphacan.com\/en\/privacy-policy\/#breadcrumb"},"inLanguage":"en-US","potentialAction":[{"@type":"ReadAction","target":["https:\/\/www.alphacan.com\/en\/privacy-policy\/"]}]},{"@type":"BreadcrumbList","@id":"https:\/\/www.alphacan.com\/en\/privacy-policy\/#breadcrumb","itemListElement":[{"@type":"ListItem","position":1,"name":"Accueil","item":"https:\/\/www.alphacan.com\/en\/"},{"@type":"ListItem","position":2,"name":"Privacy policy"}]},{"@type":"WebSite","@id":"https:\/\/www.alphacan.com\/es\/#website","url":"https:\/\/www.alphacan.com\/es\/","name":"Alphacan","description":"Concepteur Menuiseries","potentialAction":[{"@type":"SearchAction","target":{"@type":"EntryPoint","urlTemplate":"https:\/\/www.alphacan.com\/es\/?s={search_term_string}"},"query-input":{"@type":"PropertyValueSpecification","valueRequired":true,"valueName":"search_term_string"}}],"inLanguage":"en-US"}]}},"_links":{"self":[{"href":"https:\/\/www.alphacan.com\/en\/wp-json\/wp\/v2\/pages\/3473","targetHints":{"allow":["GET"]}}],"collection":[{"href":"https:\/\/www.alphacan.com\/en\/wp-json\/wp\/v2\/pages"}],"about":[{"href":"https:\/\/www.alphacan.com\/en\/wp-json\/wp\/v2\/types\/page"}],"author":[{"embeddable":true,"href":"https:\/\/www.alphacan.com\/en\/wp-json\/wp\/v2\/users\/559"}],"replies":[{"embeddable":true,"href":"https:\/\/www.alphacan.com\/en\/wp-json\/wp\/v2\/comments?post=3473"}],"version-history":[{"count":5,"href":"https:\/\/www.alphacan.com\/en\/wp-json\/wp\/v2\/pages\/3473\/revisions"}],"predecessor-version":[{"id":3844,"href":"https:\/\/www.alphacan.com\/en\/wp-json\/wp\/v2\/pages\/3473\/revisions\/3844"}],"wp:attachment":[{"href":"https:\/\/www.alphacan.com\/en\/wp-json\/wp\/v2\/media?parent=3473"}],"curies":[{"name":"wp","href":"https:\/\/api.w.org\/{rel}","templated":true}]}}