{"id":4705,"date":"2019-01-16T17:50:19","date_gmt":"2019-01-16T16:50:19","guid":{"rendered":"https:\/\/www.alphacan.com\/?page_id=4705"},"modified":"2019-04-17T11:08:59","modified_gmt":"2019-04-17T09:08:59","slug":"revestimiento-de-fachada","status":"publish","type":"page","link":"https:\/\/www.alphacan.com\/es\/espace-clair\/revestimiento-de-fachada\/","title":{"rendered":"Revestimiento de fachadas"},"content":{"rendered":"<h2>valorizaci\u00f3n de fachadas<\/h2>\n<p>Los perfiles con acabados en color de la gama ESPACE CLAIR cuentan con la Certificaci\u00f3n T\u00e9cnica CSTB y la Certificaci\u00f3n QB 26-24.<\/p>\n<p>Ya se trate de acabados lisos o rugosos, para nueva consturucci\u00f3n o para la reforma, estos perfiles proporcionan al edificio, protecci\u00f3n, durabilidad y aislamiento.<\/p>\n<p>Todos los accesorios para su correcta instalaci\u00f3n, te garantizan una ejecuci\u00f3n de tus proyectos r\u00e1pida y sin problemas.<\/p>\n<p><a href=\"https:\/\/www.alphacan.com\/wp-content\/uploads\/2018\/01\/logo-QB.jpg\"><img loading=\"lazy\" decoding=\"async\" class=\"alignleft  wp-image-2877\" src=\"https:\/\/www.alphacan.com\/wp-content\/uploads\/2018\/01\/logo-QB.jpg\" alt=\"\" width=\"117\" height=\"138\" \/><\/a><\/p>\n<p>&nbsp;<\/p>\n<p>&nbsp;<\/p>\n<p>&nbsp;<\/p>\n<p>&nbsp;<\/p>\n<p>&nbsp;<\/p>\n","protected":false},"excerpt":{"rendered":"<p>valorizaci\u00f3n de fachadas Los perfiles con acabados en color de la gama ESPACE CLAIR cuentan con la Certificaci\u00f3n T\u00e9cnica CSTB y la Certificaci\u00f3n QB 26-24. Ya se trate de acabados lisos o rugosos, para nueva consturucci\u00f3n o para la reforma, estos perfiles proporcionan al edificio, protecci\u00f3n, durabilidad y aislamiento. Todos los accesorios para su correcta [&hellip;]<\/p>\n","protected":false},"author":559,"featured_media":4727,"parent":4703,"menu_order":1,"comment_status":"closed","ping_status":"closed","template":"","meta":{"_acf_changed":false,"footnotes":""},"class_list":["post-4705","page","type-page","status-publish","has-post-thumbnail","hentry"],"acf":[],"yoast_head":"<!-- This site is optimized with the Yoast SEO plugin v27.0 - https:\/\/yoast.com\/product\/yoast-seo-wordpress\/ -->\n<title>Revestimiento de fachadas &#8211; Alphacan<\/title>\n<meta name=\"description\" content=\"valorizaci\u00f3n de fachadas Los perfiles con acabados en color de la gama ESPACE CLAIR cuentan con la Certificaci\u00f3n T\u00e9cnica CSTB y la Certificaci\u00f3n QB 26-24.\" \/>\n<meta name=\"robots\" content=\"index, follow, max-snippet:-1, max-image-preview:large, max-video-preview:-1\" \/>\n<link rel=\"canonical\" href=\"https:\/\/www.alphacan.com\/es\/espace-clair\/revestimiento-de-fachada\/\" \/>\n<meta property=\"og:locale\" content=\"es_ES\" \/>\n<meta property=\"og:type\" content=\"article\" \/>\n<meta property=\"og:title\" content=\"Revestimiento de fachadas &#8211; Alphacan\" \/>\n<meta property=\"og:description\" content=\"valorizaci\u00f3n de fachadas Los perfiles con acabados en color de la gama ESPACE CLAIR cuentan con la Certificaci\u00f3n T\u00e9cnica CSTB y la Certificaci\u00f3n QB 26-24.\" \/>\n<meta property=\"og:url\" content=\"https:\/\/www.alphacan.com\/es\/espace-clair\/revestimiento-de-fachada\/\" \/>\n<meta property=\"og:site_name\" content=\"Alphacan\" \/>\n<meta property=\"article:modified_time\" content=\"2019-04-17T09:08:59+00:00\" \/>\n<meta property=\"og:image\" content=\"https:\/\/www.alphacan.com\/wp-content\/uploads\/2017\/11\/pictos-habillage-facade.jpg\" \/>\n\t<meta property=\"og:image:width\" content=\"484\" \/>\n\t<meta property=\"og:image:height\" content=\"540\" \/>\n\t<meta property=\"og:image:type\" content=\"image\/jpeg\" \/>\n<meta name=\"twitter:card\" content=\"summary_large_image\" \/>\n<script type=\"application\/ld+json\" class=\"yoast-schema-graph\">{\"@context\":\"https:\/\/schema.org\",\"@graph\":[{\"@type\":\"WebPage\",\"@id\":\"https:\/\/www.alphacan.com\/es\/espace-clair\/revestimiento-de-fachada\/\",\"url\":\"https:\/\/www.alphacan.com\/es\/espace-clair\/revestimiento-de-fachada\/\",\"name\":\"Revestimiento de fachadas &#8211; Alphacan\",\"isPartOf\":{\"@id\":\"https:\/\/www.alphacan.com\/es\/#website\"},\"primaryImageOfPage\":{\"@id\":\"https:\/\/www.alphacan.com\/es\/espace-clair\/revestimiento-de-fachada\/#primaryimage\"},\"image\":{\"@id\":\"https:\/\/www.alphacan.com\/es\/espace-clair\/revestimiento-de-fachada\/#primaryimage\"},\"thumbnailUrl\":\"https:\/\/www.alphacan.com\/wp-content\/uploads\/2017\/11\/pictos-habillage-facade.jpg\",\"datePublished\":\"2019-01-16T16:50:19+00:00\",\"dateModified\":\"2019-04-17T09:08:59+00:00\",\"description\":\"valorizaci\u00f3n de fachadas Los perfiles con acabados en color de la gama ESPACE CLAIR cuentan con la Certificaci\u00f3n T\u00e9cnica CSTB y la Certificaci\u00f3n QB 26-24.\",\"breadcrumb\":{\"@id\":\"https:\/\/www.alphacan.com\/es\/espace-clair\/revestimiento-de-fachada\/#breadcrumb\"},\"inLanguage\":\"es\",\"potentialAction\":[{\"@type\":\"ReadAction\",\"target\":[\"https:\/\/www.alphacan.com\/es\/espace-clair\/revestimiento-de-fachada\/\"]}]},{\"@type\":\"ImageObject\",\"inLanguage\":\"es\",\"@id\":\"https:\/\/www.alphacan.com\/es\/espace-clair\/revestimiento-de-fachada\/#primaryimage\",\"url\":\"https:\/\/www.alphacan.com\/wp-content\/uploads\/2017\/11\/pictos-habillage-facade.jpg\",\"contentUrl\":\"https:\/\/www.alphacan.com\/wp-content\/uploads\/2017\/11\/pictos-habillage-facade.jpg\",\"width\":484,\"height\":540},{\"@type\":\"BreadcrumbList\",\"@id\":\"https:\/\/www.alphacan.com\/es\/espace-clair\/revestimiento-de-fachada\/#breadcrumb\",\"itemListElement\":[{\"@type\":\"ListItem\",\"position\":1,\"name\":\"Accueil\",\"item\":\"https:\/\/www.alphacan.com\/es\/\"},{\"@type\":\"ListItem\",\"position\":2,\"name\":\"Espace Clair\",\"item\":\"https:\/\/www.alphacan.com\/es\/espace-clair\/\"},{\"@type\":\"ListItem\",\"position\":3,\"name\":\"Revestimiento de fachadas\"}]},{\"@type\":\"WebSite\",\"@id\":\"https:\/\/www.alphacan.com\/es\/#website\",\"url\":\"https:\/\/www.alphacan.com\/es\/\",\"name\":\"Alphacan\",\"description\":\"Concepteur Menuiseries\",\"potentialAction\":[{\"@type\":\"SearchAction\",\"target\":{\"@type\":\"EntryPoint\",\"urlTemplate\":\"https:\/\/www.alphacan.com\/es\/?s={search_term_string}\"},\"query-input\":{\"@type\":\"PropertyValueSpecification\",\"valueRequired\":true,\"valueName\":\"search_term_string\"}}],\"inLanguage\":\"es\"}]}<\/script>\n<!-- \/ Yoast SEO plugin. -->","yoast_head_json":{"title":"Revestimiento de fachadas &#8211; Alphacan","description":"valorizaci\u00f3n de fachadas Los perfiles con acabados en color de la gama ESPACE CLAIR cuentan con la Certificaci\u00f3n T\u00e9cnica CSTB y la Certificaci\u00f3n QB 26-24.","robots":{"index":"index","follow":"follow","max-snippet":"max-snippet:-1","max-image-preview":"max-image-preview:large","max-video-preview":"max-video-preview:-1"},"canonical":"https:\/\/www.alphacan.com\/es\/espace-clair\/revestimiento-de-fachada\/","og_locale":"es_ES","og_type":"article","og_title":"Revestimiento de fachadas &#8211; Alphacan","og_description":"valorizaci\u00f3n de fachadas Los perfiles con acabados en color de la gama ESPACE CLAIR cuentan con la Certificaci\u00f3n T\u00e9cnica CSTB y la Certificaci\u00f3n QB 26-24.","og_url":"https:\/\/www.alphacan.com\/es\/espace-clair\/revestimiento-de-fachada\/","og_site_name":"Alphacan","article_modified_time":"2019-04-17T09:08:59+00:00","og_image":[{"width":484,"height":540,"url":"https:\/\/www.alphacan.com\/wp-content\/uploads\/2017\/11\/pictos-habillage-facade.jpg","type":"image\/jpeg"}],"twitter_card":"summary_large_image","schema":{"@context":"https:\/\/schema.org","@graph":[{"@type":"WebPage","@id":"https:\/\/www.alphacan.com\/es\/espace-clair\/revestimiento-de-fachada\/","url":"https:\/\/www.alphacan.com\/es\/espace-clair\/revestimiento-de-fachada\/","name":"Revestimiento de fachadas &#8211; Alphacan","isPartOf":{"@id":"https:\/\/www.alphacan.com\/es\/#website"},"primaryImageOfPage":{"@id":"https:\/\/www.alphacan.com\/es\/espace-clair\/revestimiento-de-fachada\/#primaryimage"},"image":{"@id":"https:\/\/www.alphacan.com\/es\/espace-clair\/revestimiento-de-fachada\/#primaryimage"},"thumbnailUrl":"https:\/\/www.alphacan.com\/wp-content\/uploads\/2017\/11\/pictos-habillage-facade.jpg","datePublished":"2019-01-16T16:50:19+00:00","dateModified":"2019-04-17T09:08:59+00:00","description":"valorizaci\u00f3n de fachadas Los perfiles con acabados en color de la gama ESPACE CLAIR cuentan con la Certificaci\u00f3n T\u00e9cnica CSTB y la Certificaci\u00f3n QB 26-24.","breadcrumb":{"@id":"https:\/\/www.alphacan.com\/es\/espace-clair\/revestimiento-de-fachada\/#breadcrumb"},"inLanguage":"es","potentialAction":[{"@type":"ReadAction","target":["https:\/\/www.alphacan.com\/es\/espace-clair\/revestimiento-de-fachada\/"]}]},{"@type":"ImageObject","inLanguage":"es","@id":"https:\/\/www.alphacan.com\/es\/espace-clair\/revestimiento-de-fachada\/#primaryimage","url":"https:\/\/www.alphacan.com\/wp-content\/uploads\/2017\/11\/pictos-habillage-facade.jpg","contentUrl":"https:\/\/www.alphacan.com\/wp-content\/uploads\/2017\/11\/pictos-habillage-facade.jpg","width":484,"height":540},{"@type":"BreadcrumbList","@id":"https:\/\/www.alphacan.com\/es\/espace-clair\/revestimiento-de-fachada\/#breadcrumb","itemListElement":[{"@type":"ListItem","position":1,"name":"Accueil","item":"https:\/\/www.alphacan.com\/es\/"},{"@type":"ListItem","position":2,"name":"Espace Clair","item":"https:\/\/www.alphacan.com\/es\/espace-clair\/"},{"@type":"ListItem","position":3,"name":"Revestimiento de fachadas"}]},{"@type":"WebSite","@id":"https:\/\/www.alphacan.com\/es\/#website","url":"https:\/\/www.alphacan.com\/es\/","name":"Alphacan","description":"Concepteur Menuiseries","potentialAction":[{"@type":"SearchAction","target":{"@type":"EntryPoint","urlTemplate":"https:\/\/www.alphacan.com\/es\/?s={search_term_string}"},"query-input":{"@type":"PropertyValueSpecification","valueRequired":true,"valueName":"search_term_string"}}],"inLanguage":"es"}]}},"_links":{"self":[{"href":"https:\/\/www.alphacan.com\/es\/wp-json\/wp\/v2\/pages\/4705","targetHints":{"allow":["GET"]}}],"collection":[{"href":"https:\/\/www.alphacan.com\/es\/wp-json\/wp\/v2\/pages"}],"about":[{"href":"https:\/\/www.alphacan.com\/es\/wp-json\/wp\/v2\/types\/page"}],"author":[{"embeddable":true,"href":"https:\/\/www.alphacan.com\/es\/wp-json\/wp\/v2\/users\/559"}],"replies":[{"embeddable":true,"href":"https:\/\/www.alphacan.com\/es\/wp-json\/wp\/v2\/comments?post=4705"}],"version-history":[{"count":5,"href":"https:\/\/www.alphacan.com\/es\/wp-json\/wp\/v2\/pages\/4705\/revisions"}],"predecessor-version":[{"id":6373,"href":"https:\/\/www.alphacan.com\/es\/wp-json\/wp\/v2\/pages\/4705\/revisions\/6373"}],"up":[{"embeddable":true,"href":"https:\/\/www.alphacan.com\/es\/wp-json\/wp\/v2\/pages\/4703"}],"wp:featuredmedia":[{"embeddable":true,"href":"https:\/\/www.alphacan.com\/es\/wp-json\/wp\/v2\/media\/4727"}],"wp:attachment":[{"href":"https:\/\/www.alphacan.com\/es\/wp-json\/wp\/v2\/media?parent=4705"}],"curies":[{"name":"wp","href":"https:\/\/api.w.org\/{rel}","templated":true}]}}