{"id":4706,"date":"2019-01-16T17:52:06","date_gmt":"2019-01-16T16:52:06","guid":{"rendered":"https:\/\/www.alphacan.com\/?page_id=4706"},"modified":"2019-04-17T11:11:35","modified_gmt":"2019-04-17T09:11:35","slug":"mobil-home","status":"publish","type":"page","link":"https:\/\/www.alphacan.com\/es\/espace-clair\/mobil-home\/","title":{"rendered":"Casas m\u00f3viles"},"content":{"rendered":"<h2>UN TOQUE DE PERSONALIDAD<\/h2>\n<p>Alphacan es el l\u00edder franc\u00e9s en la producci\u00f3n de perfiles para casas m\u00f3viles.<\/p>\n<p>Adem\u00e1s de la gama de productos de revestimiento externo, a base de perfiles de 200 mm, en formas variadas, Alphacan tiene la capacidad de desarrollar cualquier tipo de soluci\u00f3n espec\u00edfica del sector, en t\u00e9rminos de formas o colores.<\/p>\n<p>Los perfiles de revestimiento de Alphacan para casas m\u00f3viles se complementan con una carpinter\u00eda de perfiles espec\u00edficos para este tipo de construcci\u00f3n, propuesta por Alphacan.<\/p>\n","protected":false},"excerpt":{"rendered":"<p>UN TOQUE DE PERSONALIDAD Alphacan es el l\u00edder franc\u00e9s en la producci\u00f3n de perfiles para casas m\u00f3viles. Adem\u00e1s de la gama de productos de revestimiento externo, a base de perfiles de 200 mm, en formas variadas, Alphacan tiene la capacidad de desarrollar cualquier tipo de soluci\u00f3n espec\u00edfica del sector, en t\u00e9rminos de formas o colores. [&hellip;]<\/p>\n","protected":false},"author":559,"featured_media":4728,"parent":4703,"menu_order":3,"comment_status":"closed","ping_status":"closed","template":"","meta":{"_acf_changed":false,"footnotes":""},"class_list":["post-4706","page","type-page","status-publish","has-post-thumbnail","hentry"],"acf":[],"yoast_head":"<!-- This site is optimized with the Yoast SEO plugin v27.0 - https:\/\/yoast.com\/product\/yoast-seo-wordpress\/ -->\n<title>Casas m\u00f3viles &#8211; Alphacan<\/title>\n<meta name=\"description\" content=\"UN TOQUE DE PERSONALIDAD Alphacan es el l\u00edder franc\u00e9s en la producci\u00f3n de perfiles para casas m\u00f3viles. Adem\u00e1s de la gama de productos de revestimiento\" \/>\n<meta name=\"robots\" content=\"index, follow, max-snippet:-1, max-image-preview:large, max-video-preview:-1\" \/>\n<link rel=\"canonical\" href=\"https:\/\/www.alphacan.com\/es\/espace-clair\/mobil-home\/\" \/>\n<meta property=\"og:locale\" content=\"es_ES\" \/>\n<meta property=\"og:type\" content=\"article\" \/>\n<meta property=\"og:title\" content=\"Casas m\u00f3viles &#8211; Alphacan\" \/>\n<meta property=\"og:description\" content=\"UN TOQUE DE PERSONALIDAD Alphacan es el l\u00edder franc\u00e9s en la producci\u00f3n de perfiles para casas m\u00f3viles. Adem\u00e1s de la gama de productos de revestimiento\" \/>\n<meta property=\"og:url\" content=\"https:\/\/www.alphacan.com\/es\/espace-clair\/mobil-home\/\" \/>\n<meta property=\"og:site_name\" content=\"Alphacan\" \/>\n<meta property=\"article:modified_time\" content=\"2019-04-17T09:11:35+00:00\" \/>\n<meta property=\"og:image\" content=\"https:\/\/www.alphacan.com\/wp-content\/uploads\/2017\/11\/pictos-Mobil-Home.jpg\" \/>\n\t<meta property=\"og:image:width\" content=\"484\" \/>\n\t<meta property=\"og:image:height\" content=\"540\" \/>\n\t<meta property=\"og:image:type\" content=\"image\/jpeg\" \/>\n<meta name=\"twitter:card\" content=\"summary_large_image\" \/>\n<script type=\"application\/ld+json\" class=\"yoast-schema-graph\">{\"@context\":\"https:\/\/schema.org\",\"@graph\":[{\"@type\":\"WebPage\",\"@id\":\"https:\/\/www.alphacan.com\/es\/espace-clair\/mobil-home\/\",\"url\":\"https:\/\/www.alphacan.com\/es\/espace-clair\/mobil-home\/\",\"name\":\"Casas m\u00f3viles &#8211; Alphacan\",\"isPartOf\":{\"@id\":\"https:\/\/www.alphacan.com\/es\/#website\"},\"primaryImageOfPage\":{\"@id\":\"https:\/\/www.alphacan.com\/es\/espace-clair\/mobil-home\/#primaryimage\"},\"image\":{\"@id\":\"https:\/\/www.alphacan.com\/es\/espace-clair\/mobil-home\/#primaryimage\"},\"thumbnailUrl\":\"https:\/\/www.alphacan.com\/wp-content\/uploads\/2017\/11\/pictos-Mobil-Home.jpg\",\"datePublished\":\"2019-01-16T16:52:06+00:00\",\"dateModified\":\"2019-04-17T09:11:35+00:00\",\"description\":\"UN TOQUE DE PERSONALIDAD Alphacan es el l\u00edder franc\u00e9s en la producci\u00f3n de perfiles para casas m\u00f3viles. Adem\u00e1s de la gama de productos de revestimiento\",\"breadcrumb\":{\"@id\":\"https:\/\/www.alphacan.com\/es\/espace-clair\/mobil-home\/#breadcrumb\"},\"inLanguage\":\"es\",\"potentialAction\":[{\"@type\":\"ReadAction\",\"target\":[\"https:\/\/www.alphacan.com\/es\/espace-clair\/mobil-home\/\"]}]},{\"@type\":\"ImageObject\",\"inLanguage\":\"es\",\"@id\":\"https:\/\/www.alphacan.com\/es\/espace-clair\/mobil-home\/#primaryimage\",\"url\":\"https:\/\/www.alphacan.com\/wp-content\/uploads\/2017\/11\/pictos-Mobil-Home.jpg\",\"contentUrl\":\"https:\/\/www.alphacan.com\/wp-content\/uploads\/2017\/11\/pictos-Mobil-Home.jpg\",\"width\":484,\"height\":540},{\"@type\":\"BreadcrumbList\",\"@id\":\"https:\/\/www.alphacan.com\/es\/espace-clair\/mobil-home\/#breadcrumb\",\"itemListElement\":[{\"@type\":\"ListItem\",\"position\":1,\"name\":\"Accueil\",\"item\":\"https:\/\/www.alphacan.com\/es\/\"},{\"@type\":\"ListItem\",\"position\":2,\"name\":\"Espace Clair\",\"item\":\"https:\/\/www.alphacan.com\/es\/espace-clair\/\"},{\"@type\":\"ListItem\",\"position\":3,\"name\":\"Casas m\u00f3viles\"}]},{\"@type\":\"WebSite\",\"@id\":\"https:\/\/www.alphacan.com\/es\/#website\",\"url\":\"https:\/\/www.alphacan.com\/es\/\",\"name\":\"Alphacan\",\"description\":\"Concepteur Menuiseries\",\"potentialAction\":[{\"@type\":\"SearchAction\",\"target\":{\"@type\":\"EntryPoint\",\"urlTemplate\":\"https:\/\/www.alphacan.com\/es\/?s={search_term_string}\"},\"query-input\":{\"@type\":\"PropertyValueSpecification\",\"valueRequired\":true,\"valueName\":\"search_term_string\"}}],\"inLanguage\":\"es\"}]}<\/script>\n<!-- \/ Yoast SEO plugin. -->","yoast_head_json":{"title":"Casas m\u00f3viles &#8211; Alphacan","description":"UN TOQUE DE PERSONALIDAD Alphacan es el l\u00edder franc\u00e9s en la producci\u00f3n de perfiles para casas m\u00f3viles. Adem\u00e1s de la gama de productos de revestimiento","robots":{"index":"index","follow":"follow","max-snippet":"max-snippet:-1","max-image-preview":"max-image-preview:large","max-video-preview":"max-video-preview:-1"},"canonical":"https:\/\/www.alphacan.com\/es\/espace-clair\/mobil-home\/","og_locale":"es_ES","og_type":"article","og_title":"Casas m\u00f3viles &#8211; Alphacan","og_description":"UN TOQUE DE PERSONALIDAD Alphacan es el l\u00edder franc\u00e9s en la producci\u00f3n de perfiles para casas m\u00f3viles. Adem\u00e1s de la gama de productos de revestimiento","og_url":"https:\/\/www.alphacan.com\/es\/espace-clair\/mobil-home\/","og_site_name":"Alphacan","article_modified_time":"2019-04-17T09:11:35+00:00","og_image":[{"width":484,"height":540,"url":"https:\/\/www.alphacan.com\/wp-content\/uploads\/2017\/11\/pictos-Mobil-Home.jpg","type":"image\/jpeg"}],"twitter_card":"summary_large_image","schema":{"@context":"https:\/\/schema.org","@graph":[{"@type":"WebPage","@id":"https:\/\/www.alphacan.com\/es\/espace-clair\/mobil-home\/","url":"https:\/\/www.alphacan.com\/es\/espace-clair\/mobil-home\/","name":"Casas m\u00f3viles &#8211; Alphacan","isPartOf":{"@id":"https:\/\/www.alphacan.com\/es\/#website"},"primaryImageOfPage":{"@id":"https:\/\/www.alphacan.com\/es\/espace-clair\/mobil-home\/#primaryimage"},"image":{"@id":"https:\/\/www.alphacan.com\/es\/espace-clair\/mobil-home\/#primaryimage"},"thumbnailUrl":"https:\/\/www.alphacan.com\/wp-content\/uploads\/2017\/11\/pictos-Mobil-Home.jpg","datePublished":"2019-01-16T16:52:06+00:00","dateModified":"2019-04-17T09:11:35+00:00","description":"UN TOQUE DE PERSONALIDAD Alphacan es el l\u00edder franc\u00e9s en la producci\u00f3n de perfiles para casas m\u00f3viles. Adem\u00e1s de la gama de productos de revestimiento","breadcrumb":{"@id":"https:\/\/www.alphacan.com\/es\/espace-clair\/mobil-home\/#breadcrumb"},"inLanguage":"es","potentialAction":[{"@type":"ReadAction","target":["https:\/\/www.alphacan.com\/es\/espace-clair\/mobil-home\/"]}]},{"@type":"ImageObject","inLanguage":"es","@id":"https:\/\/www.alphacan.com\/es\/espace-clair\/mobil-home\/#primaryimage","url":"https:\/\/www.alphacan.com\/wp-content\/uploads\/2017\/11\/pictos-Mobil-Home.jpg","contentUrl":"https:\/\/www.alphacan.com\/wp-content\/uploads\/2017\/11\/pictos-Mobil-Home.jpg","width":484,"height":540},{"@type":"BreadcrumbList","@id":"https:\/\/www.alphacan.com\/es\/espace-clair\/mobil-home\/#breadcrumb","itemListElement":[{"@type":"ListItem","position":1,"name":"Accueil","item":"https:\/\/www.alphacan.com\/es\/"},{"@type":"ListItem","position":2,"name":"Espace Clair","item":"https:\/\/www.alphacan.com\/es\/espace-clair\/"},{"@type":"ListItem","position":3,"name":"Casas m\u00f3viles"}]},{"@type":"WebSite","@id":"https:\/\/www.alphacan.com\/es\/#website","url":"https:\/\/www.alphacan.com\/es\/","name":"Alphacan","description":"Concepteur Menuiseries","potentialAction":[{"@type":"SearchAction","target":{"@type":"EntryPoint","urlTemplate":"https:\/\/www.alphacan.com\/es\/?s={search_term_string}"},"query-input":{"@type":"PropertyValueSpecification","valueRequired":true,"valueName":"search_term_string"}}],"inLanguage":"es"}]}},"_links":{"self":[{"href":"https:\/\/www.alphacan.com\/es\/wp-json\/wp\/v2\/pages\/4706","targetHints":{"allow":["GET"]}}],"collection":[{"href":"https:\/\/www.alphacan.com\/es\/wp-json\/wp\/v2\/pages"}],"about":[{"href":"https:\/\/www.alphacan.com\/es\/wp-json\/wp\/v2\/types\/page"}],"author":[{"embeddable":true,"href":"https:\/\/www.alphacan.com\/es\/wp-json\/wp\/v2\/users\/559"}],"replies":[{"embeddable":true,"href":"https:\/\/www.alphacan.com\/es\/wp-json\/wp\/v2\/comments?post=4706"}],"version-history":[{"count":5,"href":"https:\/\/www.alphacan.com\/es\/wp-json\/wp\/v2\/pages\/4706\/revisions"}],"predecessor-version":[{"id":6375,"href":"https:\/\/www.alphacan.com\/es\/wp-json\/wp\/v2\/pages\/4706\/revisions\/6375"}],"up":[{"embeddable":true,"href":"https:\/\/www.alphacan.com\/es\/wp-json\/wp\/v2\/pages\/4703"}],"wp:featuredmedia":[{"embeddable":true,"href":"https:\/\/www.alphacan.com\/es\/wp-json\/wp\/v2\/media\/4728"}],"wp:attachment":[{"href":"https:\/\/www.alphacan.com\/es\/wp-json\/wp\/v2\/media?parent=4706"}],"curies":[{"name":"wp","href":"https:\/\/api.w.org\/{rel}","templated":true}]}}