{"id":4713,"date":"2019-01-16T18:00:11","date_gmt":"2019-01-16T17:00:11","guid":{"rendered":"https:\/\/www.alphacan.com\/?page_id=4713"},"modified":"2019-03-28T14:47:42","modified_gmt":"2019-03-28T13:47:42","slug":"experiencia","status":"publish","type":"page","link":"https:\/\/www.alphacan.com\/es\/experiencia\/","title":{"rendered":"Experiencia"},"content":{"rendered":"<p style=\"text-align: justify;\">ALPHACAN\u00a0fue fundada en 1962 y se especializa en la fabricaci\u00f3n de perfiles de PVC para la carpinter\u00eda (ventanas, puertas, mallorquinas, revestimientos de fachada), as\u00ed como de productos a medida para muchos otros sectores de la industria.<\/p>\n<p style=\"text-align: justify;\">Descubre nuestra actividad en video :<\/p>\n<div style=\"width: 640px;\" class=\"wp-video\"><video class=\"wp-video-shortcode\" id=\"video-4713-1\" width=\"640\" height=\"360\" preload=\"metadata\" controls=\"controls\"><source type=\"video\/mp4\" src=\"https:\/\/www.alphacan.com\/wp-content\/uploads\/2018\/12\/ALPHACAN-INNOVATIVE-PROFILES-BD.mp4?_=1\" \/><a href=\"https:\/\/www.alphacan.com\/wp-content\/uploads\/2018\/12\/ALPHACAN-INNOVATIVE-PROFILES-BD.mp4\">https:\/\/www.alphacan.com\/wp-content\/uploads\/2018\/12\/ALPHACAN-INNOVATIVE-PROFILES-BD.mp4<\/a><\/video><\/div>\n<p>&nbsp;<\/p>\n<p>&nbsp;<\/p>\n<p>&nbsp;<\/p>\n","protected":false},"excerpt":{"rendered":"<p>ALPHACAN\u00a0fue fundada en 1962 y se especializa en la fabricaci\u00f3n de perfiles de PVC para la carpinter\u00eda (ventanas, puertas, mallorquinas, revestimientos de fachada), as\u00ed como de productos a medida para muchos otros sectores de la industria. Descubre nuestra actividad en video : &nbsp; &nbsp; &nbsp;<\/p>\n","protected":false},"author":559,"featured_media":0,"parent":0,"menu_order":0,"comment_status":"open","ping_status":"open","template":"","meta":{"_acf_changed":false,"footnotes":""},"class_list":["post-4713","page","type-page","status-publish","hentry"],"acf":[],"yoast_head":"<!-- This site is optimized with the Yoast SEO plugin v27.0 - https:\/\/yoast.com\/product\/yoast-seo-wordpress\/ -->\n<title>Experiencia &#8211; Alphacan<\/title>\n<meta name=\"description\" content=\"ALPHACAN\u00a0fue fundada en 1962 y se especializa en la fabricaci\u00f3n de perfiles de PVC para la carpinter\u00eda (ventanas, puertas, mallorquinas, revestimientos de\" \/>\n<meta name=\"robots\" content=\"index, follow, max-snippet:-1, max-image-preview:large, max-video-preview:-1\" \/>\n<link rel=\"canonical\" href=\"https:\/\/www.alphacan.com\/es\/experiencia\/\" \/>\n<meta property=\"og:locale\" content=\"es_ES\" \/>\n<meta property=\"og:type\" content=\"article\" \/>\n<meta property=\"og:title\" content=\"Experiencia &#8211; Alphacan\" \/>\n<meta property=\"og:description\" content=\"ALPHACAN\u00a0fue fundada en 1962 y se especializa en la fabricaci\u00f3n de perfiles de PVC para la carpinter\u00eda (ventanas, puertas, mallorquinas, revestimientos de\" \/>\n<meta property=\"og:url\" content=\"https:\/\/www.alphacan.com\/es\/experiencia\/\" \/>\n<meta property=\"og:site_name\" content=\"Alphacan\" \/>\n<meta property=\"article:modified_time\" content=\"2019-03-28T13:47:42+00:00\" \/>\n<meta name=\"twitter:card\" content=\"summary_large_image\" \/>\n<script type=\"application\/ld+json\" class=\"yoast-schema-graph\">{\"@context\":\"https:\/\/schema.org\",\"@graph\":[{\"@type\":\"WebPage\",\"@id\":\"https:\/\/www.alphacan.com\/es\/experiencia\/\",\"url\":\"https:\/\/www.alphacan.com\/es\/experiencia\/\",\"name\":\"Experiencia &#8211; Alphacan\",\"isPartOf\":{\"@id\":\"https:\/\/www.alphacan.com\/es\/#website\"},\"datePublished\":\"2019-01-16T17:00:11+00:00\",\"dateModified\":\"2019-03-28T13:47:42+00:00\",\"description\":\"ALPHACAN\u00a0fue fundada en 1962 y se especializa en la fabricaci\u00f3n de perfiles de PVC para la carpinter\u00eda (ventanas, puertas, mallorquinas, revestimientos de\",\"breadcrumb\":{\"@id\":\"https:\/\/www.alphacan.com\/es\/experiencia\/#breadcrumb\"},\"inLanguage\":\"es\",\"potentialAction\":[{\"@type\":\"ReadAction\",\"target\":[\"https:\/\/www.alphacan.com\/es\/experiencia\/\"]}]},{\"@type\":\"BreadcrumbList\",\"@id\":\"https:\/\/www.alphacan.com\/es\/experiencia\/#breadcrumb\",\"itemListElement\":[{\"@type\":\"ListItem\",\"position\":1,\"name\":\"Accueil\",\"item\":\"https:\/\/www.alphacan.com\/es\/\"},{\"@type\":\"ListItem\",\"position\":2,\"name\":\"Experiencia\"}]},{\"@type\":\"WebSite\",\"@id\":\"https:\/\/www.alphacan.com\/es\/#website\",\"url\":\"https:\/\/www.alphacan.com\/es\/\",\"name\":\"Alphacan\",\"description\":\"Concepteur Menuiseries\",\"potentialAction\":[{\"@type\":\"SearchAction\",\"target\":{\"@type\":\"EntryPoint\",\"urlTemplate\":\"https:\/\/www.alphacan.com\/es\/?s={search_term_string}\"},\"query-input\":{\"@type\":\"PropertyValueSpecification\",\"valueRequired\":true,\"valueName\":\"search_term_string\"}}],\"inLanguage\":\"es\"}]}<\/script>\n<!-- \/ Yoast SEO plugin. -->","yoast_head_json":{"title":"Experiencia &#8211; Alphacan","description":"ALPHACAN\u00a0fue fundada en 1962 y se especializa en la fabricaci\u00f3n de perfiles de PVC para la carpinter\u00eda (ventanas, puertas, mallorquinas, revestimientos de","robots":{"index":"index","follow":"follow","max-snippet":"max-snippet:-1","max-image-preview":"max-image-preview:large","max-video-preview":"max-video-preview:-1"},"canonical":"https:\/\/www.alphacan.com\/es\/experiencia\/","og_locale":"es_ES","og_type":"article","og_title":"Experiencia &#8211; Alphacan","og_description":"ALPHACAN\u00a0fue fundada en 1962 y se especializa en la fabricaci\u00f3n de perfiles de PVC para la carpinter\u00eda (ventanas, puertas, mallorquinas, revestimientos de","og_url":"https:\/\/www.alphacan.com\/es\/experiencia\/","og_site_name":"Alphacan","article_modified_time":"2019-03-28T13:47:42+00:00","twitter_card":"summary_large_image","schema":{"@context":"https:\/\/schema.org","@graph":[{"@type":"WebPage","@id":"https:\/\/www.alphacan.com\/es\/experiencia\/","url":"https:\/\/www.alphacan.com\/es\/experiencia\/","name":"Experiencia &#8211; Alphacan","isPartOf":{"@id":"https:\/\/www.alphacan.com\/es\/#website"},"datePublished":"2019-01-16T17:00:11+00:00","dateModified":"2019-03-28T13:47:42+00:00","description":"ALPHACAN\u00a0fue fundada en 1962 y se especializa en la fabricaci\u00f3n de perfiles de PVC para la carpinter\u00eda (ventanas, puertas, mallorquinas, revestimientos de","breadcrumb":{"@id":"https:\/\/www.alphacan.com\/es\/experiencia\/#breadcrumb"},"inLanguage":"es","potentialAction":[{"@type":"ReadAction","target":["https:\/\/www.alphacan.com\/es\/experiencia\/"]}]},{"@type":"BreadcrumbList","@id":"https:\/\/www.alphacan.com\/es\/experiencia\/#breadcrumb","itemListElement":[{"@type":"ListItem","position":1,"name":"Accueil","item":"https:\/\/www.alphacan.com\/es\/"},{"@type":"ListItem","position":2,"name":"Experiencia"}]},{"@type":"WebSite","@id":"https:\/\/www.alphacan.com\/es\/#website","url":"https:\/\/www.alphacan.com\/es\/","name":"Alphacan","description":"Concepteur Menuiseries","potentialAction":[{"@type":"SearchAction","target":{"@type":"EntryPoint","urlTemplate":"https:\/\/www.alphacan.com\/es\/?s={search_term_string}"},"query-input":{"@type":"PropertyValueSpecification","valueRequired":true,"valueName":"search_term_string"}}],"inLanguage":"es"}]}},"_links":{"self":[{"href":"https:\/\/www.alphacan.com\/es\/wp-json\/wp\/v2\/pages\/4713","targetHints":{"allow":["GET"]}}],"collection":[{"href":"https:\/\/www.alphacan.com\/es\/wp-json\/wp\/v2\/pages"}],"about":[{"href":"https:\/\/www.alphacan.com\/es\/wp-json\/wp\/v2\/types\/page"}],"author":[{"embeddable":true,"href":"https:\/\/www.alphacan.com\/es\/wp-json\/wp\/v2\/users\/559"}],"replies":[{"embeddable":true,"href":"https:\/\/www.alphacan.com\/es\/wp-json\/wp\/v2\/comments?post=4713"}],"version-history":[{"count":5,"href":"https:\/\/www.alphacan.com\/es\/wp-json\/wp\/v2\/pages\/4713\/revisions"}],"predecessor-version":[{"id":6011,"href":"https:\/\/www.alphacan.com\/es\/wp-json\/wp\/v2\/pages\/4713\/revisions\/6011"}],"wp:attachment":[{"href":"https:\/\/www.alphacan.com\/es\/wp-json\/wp\/v2\/media?parent=4713"}],"curies":[{"name":"wp","href":"https:\/\/api.w.org\/{rel}","templated":true}]}}