{"id":4715,"date":"2019-01-16T18:14:38","date_gmt":"2019-01-16T17:14:38","guid":{"rendered":"https:\/\/www.alphacan.com\/?page_id=4715"},"modified":"2019-04-17T08:34:29","modified_gmt":"2019-04-17T06:34:29","slug":"pvc","status":"publish","type":"page","link":"https:\/\/www.alphacan.com\/es\/experiencia\/pvc\/","title":{"rendered":"PVC"},"content":{"rendered":"<h2 style=\"text-align: justify;\">Perfiles para puertas y ventanas de alta eficiencia energ\u00e9tica<\/h2>\n<p style=\"text-align: justify;\">Para apoyar el proceso de innovaci\u00f3n y el progreso continuo, Alphacan ha obtenido la certificaci\u00f3n ISO 9001 versi\u00f3n 2015.<\/p>\n<p>&nbsp;<\/p>\n<h6 style=\"text-align: justify;\"><strong><a href=\"https:\/\/www.alphacan.com\/wp-content\/uploads\/2015\/06\/isolation-thermique-1.jpg\"><img loading=\"lazy\" decoding=\"async\" class=\"wp-image-1815 alignleft\" src=\"https:\/\/www.alphacan.com\/wp-content\/uploads\/2015\/06\/isolation-thermique-1-80x80.jpg\" alt=\"\" width=\"80\" height=\"80\" srcset=\"https:\/\/www.alphacan.com\/wp-content\/uploads\/2015\/06\/isolation-thermique-1-80x80.jpg 80w, https:\/\/www.alphacan.com\/wp-content\/uploads\/2015\/06\/isolation-thermique-1-150x150.jpg 150w, https:\/\/www.alphacan.com\/wp-content\/uploads\/2015\/06\/isolation-thermique-1-300x300.jpg 300w, https:\/\/www.alphacan.com\/wp-content\/uploads\/2015\/06\/isolation-thermique-1.jpg 500w\" sizes=\"auto, (max-width: 80px) 100vw, 80px\" \/><\/a><\/strong><\/h6>\n<h5 style=\"text-align: justify;\"><strong>Aislamiento t\u00e9rmico<\/strong><\/h5>\n<p style=\"text-align: justify;\">Debido a la baja conductividad t\u00e9rmica del PVC, los perfiles de Alphacan tienen un excelente aislamiento que resultar\u00e1 en ahorros significativos por su aplicaci\u00f3n en edificios.<\/p>\n<p>&nbsp;<\/p>\n<h5 style=\"text-align: justify;\"><strong><a href=\"https:\/\/www.alphacan.com\/wp-content\/uploads\/2015\/06\/confort-accoustique-1.jpg\"><img loading=\"lazy\" decoding=\"async\" class=\"wp-image-1820 alignleft\" src=\"https:\/\/www.alphacan.com\/wp-content\/uploads\/2015\/06\/confort-accoustique-1-80x80.jpg\" alt=\"\" width=\"80\" height=\"80\" srcset=\"https:\/\/www.alphacan.com\/wp-content\/uploads\/2015\/06\/confort-accoustique-1-80x80.jpg 80w, https:\/\/www.alphacan.com\/wp-content\/uploads\/2015\/06\/confort-accoustique-1-150x150.jpg 150w, https:\/\/www.alphacan.com\/wp-content\/uploads\/2015\/06\/confort-accoustique-1-300x300.jpg 300w, https:\/\/www.alphacan.com\/wp-content\/uploads\/2015\/06\/confort-accoustique-1.jpg 500w\" sizes=\"auto, (max-width: 80px) 100vw, 80px\" \/><\/a> Confort ac\u00fastico<\/strong><\/h5>\n<p style=\"text-align: justify;\">El dise\u00f1o de los perfiles de Alphacan proporciona soluciones que cumplen con los requisitos ac\u00fasticos m\u00e1s altos y brindan el m\u00e1ximo confort.<\/p>\n<p>&nbsp;<\/p>\n<h5 style=\"text-align: justify;\"><strong><a href=\"https:\/\/www.alphacan.com\/wp-content\/uploads\/2019\/03\/impermeabilite.jpg\"><img loading=\"lazy\" decoding=\"async\" class=\"wp-image-5978 alignleft\" src=\"https:\/\/www.alphacan.com\/wp-content\/uploads\/2019\/03\/impermeabilite-300x300.jpg\" alt=\"\" width=\"82\" height=\"82\" srcset=\"https:\/\/www.alphacan.com\/wp-content\/uploads\/2019\/03\/impermeabilite-300x300.jpg 300w, https:\/\/www.alphacan.com\/wp-content\/uploads\/2019\/03\/impermeabilite-150x150.jpg 150w, https:\/\/www.alphacan.com\/wp-content\/uploads\/2019\/03\/impermeabilite-80x80.jpg 80w, https:\/\/www.alphacan.com\/wp-content\/uploads\/2019\/03\/impermeabilite.jpg 500w\" sizes=\"auto, (max-width: 82px) 100vw, 82px\" \/><\/a>Impermeabilidad al agua y al aire<\/strong><\/h5>\n<p style=\"text-align: justify; padding-left: 60px;\">La experiencia comprobada en el dise\u00f1o y coextrusi\u00f3n de juntas flexibles permite que el sistema de perfiles de Alphacan logre un alto nivel de hermeticidad.<\/p>\n<p>&nbsp;<\/p>\n<h5 style=\"text-align: justify;\"><a href=\"https:\/\/www.alphacan.com\/wp-content\/uploads\/2018\/02\/Picto_durabilite.jpg\"><img loading=\"lazy\" decoding=\"async\" class=\"alignleft  wp-image-2904\" src=\"https:\/\/www.alphacan.com\/wp-content\/uploads\/2018\/02\/Picto_durabilite-1024x1024.jpg\" alt=\"\" width=\"82\" height=\"82\" srcset=\"https:\/\/www.alphacan.com\/wp-content\/uploads\/2018\/02\/Picto_durabilite-1024x1024.jpg 1024w, https:\/\/www.alphacan.com\/wp-content\/uploads\/2018\/02\/Picto_durabilite-150x150.jpg 150w, https:\/\/www.alphacan.com\/wp-content\/uploads\/2018\/02\/Picto_durabilite-300x300.jpg 300w, https:\/\/www.alphacan.com\/wp-content\/uploads\/2018\/02\/Picto_durabilite-768x768.jpg 768w, https:\/\/www.alphacan.com\/wp-content\/uploads\/2018\/02\/Picto_durabilite-80x80.jpg 80w\" sizes=\"auto, (max-width: 82px) 100vw, 82px\" \/><\/a>Durabilidad<\/h5>\n<p>Alphacan produce sus propias versiones de PVC certificadas seg\u00fan la norma europea EN 12608-1 (Climat S). Esto garantiza una excelente resistencia al envejecimiento natural y a los agentes atmosf\u00e9ricos.<\/p>\n<p>&nbsp;<\/p>\n<h5 style=\"text-align: justify;\"><a href=\"https:\/\/www.alphacan.com\/wp-content\/uploads\/2019\/03\/resistance-au-feu.jpg\"><img loading=\"lazy\" decoding=\"async\" class=\"wp-image-5998 alignleft\" src=\"https:\/\/www.alphacan.com\/wp-content\/uploads\/2019\/03\/resistance-au-feu-300x300.jpg\" alt=\"\" width=\"85\" height=\"85\" srcset=\"https:\/\/www.alphacan.com\/wp-content\/uploads\/2019\/03\/resistance-au-feu-300x300.jpg 300w, https:\/\/www.alphacan.com\/wp-content\/uploads\/2019\/03\/resistance-au-feu-150x150.jpg 150w, https:\/\/www.alphacan.com\/wp-content\/uploads\/2019\/03\/resistance-au-feu-80x80.jpg 80w, https:\/\/www.alphacan.com\/wp-content\/uploads\/2019\/03\/resistance-au-feu.jpg 500w\" sizes=\"auto, (max-width: 85px) 100vw, 85px\" \/><\/a><\/h5>\n<h5 style=\"text-align: justify;\"><strong>Resistencia al fuego<\/strong><\/h5>\n<p style=\"text-align: justify; padding-left: 60px;\">Los dise\u00f1os de PVC brindan propiedades intr\u00ednsecas de resistencia al fuego, autoextinci\u00f3n y no propagaci\u00f3n de la llama. Estas cualidades se pueden mejorar a\u00fan m\u00e1s mediante aditivos en el caso de aplicaciones espec\u00edficas.<\/p>\n<p style=\"text-align: justify; padding-left: 60px;\">\u00a0<\/p>\n<h5 style=\"text-align: justify;\"><strong><a href=\"https:\/\/www.alphacan.com\/wp-content\/uploads\/2015\/06\/conception-polyvalente-1.jpg\"><img loading=\"lazy\" decoding=\"async\" class=\"wp-image-1819 alignleft\" src=\"https:\/\/www.alphacan.com\/wp-content\/uploads\/2015\/06\/conception-polyvalente-1-80x80.jpg\" alt=\"\" width=\"80\" height=\"80\" srcset=\"https:\/\/www.alphacan.com\/wp-content\/uploads\/2015\/06\/conception-polyvalente-1-80x80.jpg 80w, https:\/\/www.alphacan.com\/wp-content\/uploads\/2015\/06\/conception-polyvalente-1-150x150.jpg 150w, https:\/\/www.alphacan.com\/wp-content\/uploads\/2015\/06\/conception-polyvalente-1-300x300.jpg 300w, https:\/\/www.alphacan.com\/wp-content\/uploads\/2015\/06\/conception-polyvalente-1.jpg 500w\" sizes=\"auto, (max-width: 80px) 100vw, 80px\" \/><\/a>Versatilidad del proyecto<\/strong><\/h5>\n<p style=\"text-align: justify; padding-left: 60px;\">Los perfiles Alphacan, con un dise\u00f1o moderno o cl\u00e1sico, se adaptan f\u00e1cilmente a cualquier entorno arquitect\u00f3nico. En construcciones nuevas y en reestructuraciones, encontrar\u00e1 una respuesta t\u00e9cnica y est\u00e9tica a las demandas de sus clientes.<\/p>\n<p>&nbsp;<\/p>\n<h5 style=\"text-align: justify;\"><strong><a href=\"https:\/\/www.alphacan.com\/wp-content\/uploads\/2019\/03\/ecologique.jpg\"><img loading=\"lazy\" decoding=\"async\" class=\"wp-image-6003 alignleft\" src=\"https:\/\/www.alphacan.com\/wp-content\/uploads\/2019\/03\/ecologique-300x300.jpg\" alt=\"\" width=\"85\" height=\"85\" srcset=\"https:\/\/www.alphacan.com\/wp-content\/uploads\/2019\/03\/ecologique-300x300.jpg 300w, https:\/\/www.alphacan.com\/wp-content\/uploads\/2019\/03\/ecologique-150x150.jpg 150w, https:\/\/www.alphacan.com\/wp-content\/uploads\/2019\/03\/ecologique-80x80.jpg 80w, https:\/\/www.alphacan.com\/wp-content\/uploads\/2019\/03\/ecologique.jpg 500w\" sizes=\"auto, (max-width: 85px) 100vw, 85px\" \/><\/a>Ecolog\u00eda y medio ambiente<\/strong><\/h5>\n<p style=\"text-align: justify; padding-left: 60px;\">El PVC que utiliza Alphacan puede ser totalmente reciclado. Su l\u00ednea de producci\u00f3n protege el medio ambiente en t\u00e9rminos de consumo de energ\u00eda.<\/p>\n<h5 style=\"text-align: justify;\">\u00a0<\/h5>\n<h5 style=\"text-align: justify;\"><strong><a href=\"https:\/\/www.alphacan.com\/wp-content\/uploads\/2015\/06\/absence-dentretien-1.jpg\"><img loading=\"lazy\" decoding=\"async\" class=\"wp-image-1818 alignleft\" src=\"https:\/\/www.alphacan.com\/wp-content\/uploads\/2015\/06\/absence-dentretien-1-80x80.jpg\" alt=\"\" width=\"80\" height=\"80\" srcset=\"https:\/\/www.alphacan.com\/wp-content\/uploads\/2015\/06\/absence-dentretien-1-80x80.jpg 80w, https:\/\/www.alphacan.com\/wp-content\/uploads\/2015\/06\/absence-dentretien-1-150x150.jpg 150w, https:\/\/www.alphacan.com\/wp-content\/uploads\/2015\/06\/absence-dentretien-1-300x300.jpg 300w, https:\/\/www.alphacan.com\/wp-content\/uploads\/2015\/06\/absence-dentretien-1.jpg 500w\" sizes=\"auto, (max-width: 80px) 100vw, 80px\" \/><\/a>Mantenimiento reducido<\/strong><\/h5>\n<p style=\"text-align: justify; padding-left: 60px;\">El PVC es f\u00e1cil de limpiar. Una simple esponja es suficiente, ya sea para productos de l\u00ednea blanca o para productos de color.<\/p>\n<p>&nbsp;<\/p>\n<h5 style=\"text-align: justify;\"><strong><a href=\"https:\/\/www.alphacan.com\/wp-content\/uploads\/2019\/03\/facilite-installation.jpg\"><img loading=\"lazy\" decoding=\"async\" class=\"wp-image-5991 alignleft\" src=\"https:\/\/www.alphacan.com\/wp-content\/uploads\/2019\/03\/facilite-installation-300x300.jpg\" alt=\"\" width=\"89\" height=\"89\" srcset=\"https:\/\/www.alphacan.com\/wp-content\/uploads\/2019\/03\/facilite-installation-300x300.jpg 300w, https:\/\/www.alphacan.com\/wp-content\/uploads\/2019\/03\/facilite-installation-150x150.jpg 150w, https:\/\/www.alphacan.com\/wp-content\/uploads\/2019\/03\/facilite-installation-80x80.jpg 80w, https:\/\/www.alphacan.com\/wp-content\/uploads\/2019\/03\/facilite-installation.jpg 500w\" sizes=\"auto, (max-width: 89px) 100vw, 89px\" \/><\/a>Facilidad de instalaci\u00f3n <\/strong><\/h5>\n<p style=\"text-align: justify; padding-left: 60px;\">Las soluciones ofrecidas por los productos de Alphacan tienen en cuenta las limitaciones del instalador, se adaptan a las circunstancias m\u00e1s comunes tanto de la instalaci\u00f3n nueva como de la reestructuraci\u00f3n.<\/p>\n","protected":false},"excerpt":{"rendered":"<p>Perfiles para puertas y ventanas de alta eficiencia energ\u00e9tica Para apoyar el proceso de innovaci\u00f3n y el progreso continuo, Alphacan ha obtenido la certificaci\u00f3n ISO 9001 versi\u00f3n 2015. &nbsp; Aislamiento t\u00e9rmico Debido a la baja conductividad t\u00e9rmica del PVC, los perfiles de Alphacan tienen un excelente aislamiento que resultar\u00e1 en ahorros significativos por su aplicaci\u00f3n [&hellip;]<\/p>\n","protected":false},"author":559,"featured_media":4240,"parent":4713,"menu_order":2,"comment_status":"open","ping_status":"closed","template":"","meta":{"_acf_changed":false,"footnotes":""},"class_list":["post-4715","page","type-page","status-publish","has-post-thumbnail","hentry"],"acf":[],"yoast_head":"<!-- This site is optimized with the Yoast SEO plugin v27.0 - https:\/\/yoast.com\/product\/yoast-seo-wordpress\/ -->\n<title>PVC &#8211; Alphacan<\/title>\n<meta name=\"description\" content=\"Perfiles para puertas y ventanas de alta eficiencia energ\u00e9tica Para apoyar el proceso de innovaci\u00f3n y el progreso continuo, Alphacan ha obtenido la\" \/>\n<meta name=\"robots\" content=\"index, follow, max-snippet:-1, max-image-preview:large, max-video-preview:-1\" \/>\n<link rel=\"canonical\" href=\"https:\/\/www.alphacan.com\/es\/experiencia\/pvc\/\" \/>\n<meta property=\"og:locale\" content=\"es_ES\" \/>\n<meta property=\"og:type\" content=\"article\" \/>\n<meta property=\"og:title\" content=\"PVC &#8211; Alphacan\" \/>\n<meta property=\"og:description\" content=\"Perfiles para puertas y ventanas de alta eficiencia energ\u00e9tica Para apoyar el proceso de innovaci\u00f3n y el progreso continuo, Alphacan ha obtenido la\" \/>\n<meta property=\"og:url\" content=\"https:\/\/www.alphacan.com\/es\/experiencia\/pvc\/\" \/>\n<meta property=\"og:site_name\" content=\"Alphacan\" \/>\n<meta property=\"article:modified_time\" content=\"2019-04-17T06:34:29+00:00\" \/>\n<meta property=\"og:image\" content=\"https:\/\/www.alphacan.com\/wp-content\/uploads\/2017\/12\/Montant-Milieu.jpg\" \/>\n\t<meta property=\"og:image:width\" content=\"2944\" \/>\n\t<meta property=\"og:image:height\" content=\"2274\" \/>\n\t<meta property=\"og:image:type\" content=\"image\/jpeg\" \/>\n<meta name=\"twitter:card\" content=\"summary_large_image\" \/>\n<meta name=\"twitter:label1\" content=\"Tiempo de lectura\" \/>\n\t<meta name=\"twitter:data1\" content=\"2 minutos\" \/>\n<script type=\"application\/ld+json\" class=\"yoast-schema-graph\">{\"@context\":\"https:\/\/schema.org\",\"@graph\":[{\"@type\":\"WebPage\",\"@id\":\"https:\/\/www.alphacan.com\/es\/experiencia\/pvc\/\",\"url\":\"https:\/\/www.alphacan.com\/es\/experiencia\/pvc\/\",\"name\":\"PVC &#8211; Alphacan\",\"isPartOf\":{\"@id\":\"https:\/\/www.alphacan.com\/es\/#website\"},\"primaryImageOfPage\":{\"@id\":\"https:\/\/www.alphacan.com\/es\/experiencia\/pvc\/#primaryimage\"},\"image\":{\"@id\":\"https:\/\/www.alphacan.com\/es\/experiencia\/pvc\/#primaryimage\"},\"thumbnailUrl\":\"https:\/\/www.alphacan.com\/wp-content\/uploads\/2017\/12\/Montant-Milieu.jpg\",\"datePublished\":\"2019-01-16T17:14:38+00:00\",\"dateModified\":\"2019-04-17T06:34:29+00:00\",\"description\":\"Perfiles para puertas y ventanas de alta eficiencia energ\u00e9tica Para apoyar el proceso de innovaci\u00f3n y el progreso continuo, Alphacan ha obtenido la\",\"breadcrumb\":{\"@id\":\"https:\/\/www.alphacan.com\/es\/experiencia\/pvc\/#breadcrumb\"},\"inLanguage\":\"es\",\"potentialAction\":[{\"@type\":\"ReadAction\",\"target\":[\"https:\/\/www.alphacan.com\/es\/experiencia\/pvc\/\"]}]},{\"@type\":\"ImageObject\",\"inLanguage\":\"es\",\"@id\":\"https:\/\/www.alphacan.com\/es\/experiencia\/pvc\/#primaryimage\",\"url\":\"https:\/\/www.alphacan.com\/wp-content\/uploads\/2017\/12\/Montant-Milieu.jpg\",\"contentUrl\":\"https:\/\/www.alphacan.com\/wp-content\/uploads\/2017\/12\/Montant-Milieu.jpg\",\"width\":2944,\"height\":2274},{\"@type\":\"BreadcrumbList\",\"@id\":\"https:\/\/www.alphacan.com\/es\/experiencia\/pvc\/#breadcrumb\",\"itemListElement\":[{\"@type\":\"ListItem\",\"position\":1,\"name\":\"Accueil\",\"item\":\"https:\/\/www.alphacan.com\/es\/\"},{\"@type\":\"ListItem\",\"position\":2,\"name\":\"Experiencia\",\"item\":\"https:\/\/www.alphacan.com\/es\/experiencia\/\"},{\"@type\":\"ListItem\",\"position\":3,\"name\":\"PVC\"}]},{\"@type\":\"WebSite\",\"@id\":\"https:\/\/www.alphacan.com\/es\/#website\",\"url\":\"https:\/\/www.alphacan.com\/es\/\",\"name\":\"Alphacan\",\"description\":\"Concepteur Menuiseries\",\"potentialAction\":[{\"@type\":\"SearchAction\",\"target\":{\"@type\":\"EntryPoint\",\"urlTemplate\":\"https:\/\/www.alphacan.com\/es\/?s={search_term_string}\"},\"query-input\":{\"@type\":\"PropertyValueSpecification\",\"valueRequired\":true,\"valueName\":\"search_term_string\"}}],\"inLanguage\":\"es\"}]}<\/script>\n<!-- \/ Yoast SEO plugin. -->","yoast_head_json":{"title":"PVC &#8211; Alphacan","description":"Perfiles para puertas y ventanas de alta eficiencia energ\u00e9tica Para apoyar el proceso de innovaci\u00f3n y el progreso continuo, Alphacan ha obtenido la","robots":{"index":"index","follow":"follow","max-snippet":"max-snippet:-1","max-image-preview":"max-image-preview:large","max-video-preview":"max-video-preview:-1"},"canonical":"https:\/\/www.alphacan.com\/es\/experiencia\/pvc\/","og_locale":"es_ES","og_type":"article","og_title":"PVC &#8211; Alphacan","og_description":"Perfiles para puertas y ventanas de alta eficiencia energ\u00e9tica Para apoyar el proceso de innovaci\u00f3n y el progreso continuo, Alphacan ha obtenido la","og_url":"https:\/\/www.alphacan.com\/es\/experiencia\/pvc\/","og_site_name":"Alphacan","article_modified_time":"2019-04-17T06:34:29+00:00","og_image":[{"width":2944,"height":2274,"url":"https:\/\/www.alphacan.com\/wp-content\/uploads\/2017\/12\/Montant-Milieu.jpg","type":"image\/jpeg"}],"twitter_card":"summary_large_image","twitter_misc":{"Tiempo de lectura":"2 minutos"},"schema":{"@context":"https:\/\/schema.org","@graph":[{"@type":"WebPage","@id":"https:\/\/www.alphacan.com\/es\/experiencia\/pvc\/","url":"https:\/\/www.alphacan.com\/es\/experiencia\/pvc\/","name":"PVC &#8211; Alphacan","isPartOf":{"@id":"https:\/\/www.alphacan.com\/es\/#website"},"primaryImageOfPage":{"@id":"https:\/\/www.alphacan.com\/es\/experiencia\/pvc\/#primaryimage"},"image":{"@id":"https:\/\/www.alphacan.com\/es\/experiencia\/pvc\/#primaryimage"},"thumbnailUrl":"https:\/\/www.alphacan.com\/wp-content\/uploads\/2017\/12\/Montant-Milieu.jpg","datePublished":"2019-01-16T17:14:38+00:00","dateModified":"2019-04-17T06:34:29+00:00","description":"Perfiles para puertas y ventanas de alta eficiencia energ\u00e9tica Para apoyar el proceso de innovaci\u00f3n y el progreso continuo, Alphacan ha obtenido la","breadcrumb":{"@id":"https:\/\/www.alphacan.com\/es\/experiencia\/pvc\/#breadcrumb"},"inLanguage":"es","potentialAction":[{"@type":"ReadAction","target":["https:\/\/www.alphacan.com\/es\/experiencia\/pvc\/"]}]},{"@type":"ImageObject","inLanguage":"es","@id":"https:\/\/www.alphacan.com\/es\/experiencia\/pvc\/#primaryimage","url":"https:\/\/www.alphacan.com\/wp-content\/uploads\/2017\/12\/Montant-Milieu.jpg","contentUrl":"https:\/\/www.alphacan.com\/wp-content\/uploads\/2017\/12\/Montant-Milieu.jpg","width":2944,"height":2274},{"@type":"BreadcrumbList","@id":"https:\/\/www.alphacan.com\/es\/experiencia\/pvc\/#breadcrumb","itemListElement":[{"@type":"ListItem","position":1,"name":"Accueil","item":"https:\/\/www.alphacan.com\/es\/"},{"@type":"ListItem","position":2,"name":"Experiencia","item":"https:\/\/www.alphacan.com\/es\/experiencia\/"},{"@type":"ListItem","position":3,"name":"PVC"}]},{"@type":"WebSite","@id":"https:\/\/www.alphacan.com\/es\/#website","url":"https:\/\/www.alphacan.com\/es\/","name":"Alphacan","description":"Concepteur Menuiseries","potentialAction":[{"@type":"SearchAction","target":{"@type":"EntryPoint","urlTemplate":"https:\/\/www.alphacan.com\/es\/?s={search_term_string}"},"query-input":{"@type":"PropertyValueSpecification","valueRequired":true,"valueName":"search_term_string"}}],"inLanguage":"es"}]}},"_links":{"self":[{"href":"https:\/\/www.alphacan.com\/es\/wp-json\/wp\/v2\/pages\/4715","targetHints":{"allow":["GET"]}}],"collection":[{"href":"https:\/\/www.alphacan.com\/es\/wp-json\/wp\/v2\/pages"}],"about":[{"href":"https:\/\/www.alphacan.com\/es\/wp-json\/wp\/v2\/types\/page"}],"author":[{"embeddable":true,"href":"https:\/\/www.alphacan.com\/es\/wp-json\/wp\/v2\/users\/559"}],"replies":[{"embeddable":true,"href":"https:\/\/www.alphacan.com\/es\/wp-json\/wp\/v2\/comments?post=4715"}],"version-history":[{"count":5,"href":"https:\/\/www.alphacan.com\/es\/wp-json\/wp\/v2\/pages\/4715\/revisions"}],"predecessor-version":[{"id":6301,"href":"https:\/\/www.alphacan.com\/es\/wp-json\/wp\/v2\/pages\/4715\/revisions\/6301"}],"up":[{"embeddable":true,"href":"https:\/\/www.alphacan.com\/es\/wp-json\/wp\/v2\/pages\/4713"}],"wp:featuredmedia":[{"embeddable":true,"href":"https:\/\/www.alphacan.com\/es\/wp-json\/wp\/v2\/media\/4240"}],"wp:attachment":[{"href":"https:\/\/www.alphacan.com\/es\/wp-json\/wp\/v2\/media?parent=4715"}],"curies":[{"name":"wp","href":"https:\/\/api.w.org\/{rel}","templated":true}]}}