{"id":4717,"date":"2019-01-16T18:29:13","date_gmt":"2019-01-16T17:29:13","guid":{"rendered":"https:\/\/www.alphacan.com\/?page_id=4717"},"modified":"2019-01-16T18:29:13","modified_gmt":"2019-01-16T17:29:13","slug":"proteccion-del-medio-ambiente","status":"publish","type":"page","link":"https:\/\/www.alphacan.com\/es\/experiencia\/proteccion-del-medio-ambiente\/","title":{"rendered":"Protecci\u00f3n del medio ambiente"},"content":{"rendered":"<h2>ALPHACAN se compromete a proteger el medio ambiente<\/h2>\n<p style=\"text-align: justify;\"><strong>PRESERVACI\u00d3N DE LOS RECURSOS NATURALES\u00a0<\/strong><\/p>\n<p style=\"text-align: justify;\">Los procesos de extrusi\u00f3n llevados a cabo por ALPHACAN y los perfiles derivados respetan el medio ambiente y se integran en el desarrollo sostenible: :<\/p>\n<ul style=\"list-style-type: square; text-align: justify;\">\n<li>sin descarga externa de gas que destruye la capa de ozono<\/li>\n<li>tratamiento completo del agua en circuito cerrado<\/li>\n<li>bajo consumo energ\u00e9tico para la realizaci\u00f3n de nuestros perfiles<\/li>\n<li>procesamiento completo y reciclaje de nuestros residuos de fabricaci\u00f3n<\/li>\n<li>la producci\u00f3n de resina de PVC demanda varios recursos naturales (residuos de petr\u00f3leo y agua salada)<\/li>\n<li>m\u00e1ximo uso de embalajes reciclados (por ejemplo, tela impermeable)<\/li>\n<\/ul>\n<p style=\"text-align: justify;\"><strong>RESPETO DE LOS EST\u00c1NDARES MEDIOAMBIENTALES\u00a0<\/strong><\/p>\n<ul style=\"list-style-type: square; text-align: justify;\">\n<li>de acuerdo con el compromiso voluntario de Vinyl 2010 como miembro de SNEP, hemos eliminado los estabilizadores de sales de plomo en todos nuestros perfiles<\/li>\n<li>nos aseguramos de que los productos utilizados en la elaboraci\u00f3n de nuestros compuestos no aparezcan en la lista de productos prohibidos de acuerdo con la directiva REACH<\/li>\n<li>nuestros perfiles son insensibles a cualquier tipo de contaminaci\u00f3n por hongos y no liberan compuestos org\u00e1nicos vol\u00e1tiles (COV): contribuyen a la calidad del aire interior y cumplen con los objetivos sanitarios del enfoque HQE (alta calidad medioambiental)<\/li>\n<\/ul>\n<p style=\"text-align: justify;\"><strong>INVERSI\u00d3N EN INNOVACI\u00d3N Y CALIDAD<\/strong><\/p>\n<ul style=\"list-style-type: square; text-align: justify;\">\n<li>durante m\u00e1s de cuarenta a\u00f1os hemos estado mejorando y optimizando nuestro rendimiento<\/li>\n<li>somos conscientes de los problemas medioambientales y las necesidades de ahorro de energ\u00eda, nuestra oficina de estudios define perfiles que permiten rendimientos cada vez mayores<\/li>\n<\/ul>\n<p style=\"text-align: justify;\"><strong>FAVORECIMIENTO DE LA CONSTRUCCI\u00d3N SOSTENIBLE<\/strong><\/p>\n<ul style=\"list-style-type: square; text-align: justify;\">\n<li>nuestros perfiles permiten la realizaci\u00f3n de carpinter\u00eda cuyas caracter\u00edsticas de aislamiento t\u00e9rmico resultan en la reducci\u00f3n del consumo de energ\u00eda y contribuyen a la preservaci\u00f3n de los recursos naturales<\/li>\n<li>la gama de productos IN ALPHA, gracias a su dise\u00f1o innovador, ha reducido significativamente el uso de refuerzos de acero (a una tercera parte), lo que est\u00e1 totalmente en consonancia con los objetivos del Gobierno con respecto a la COP21 en t\u00e9rminos de ahorro de energ\u00eda (rendimiento t\u00e9rmico) y reducci\u00f3n de las emisiones de compuestos org\u00e1nicos vol\u00e1tiles (carpinter\u00eda m\u00e1s ligera y menor consumo de acero)<\/li>\n<li>nuestros materiales y perfiles son estables y duraderos a lo largo del tiempo: esta durabilidad est\u00e1 confirmada y certificada por la NF126 (seg\u00fan NF EN 12608-1), y todos nuestros sistemas de ventanas est\u00e1n bajo DTA (Documentaci\u00f3n t\u00e9cnica para la aplicaci\u00f3n) y est\u00e1n controlados por CSTB (Centro Cient\u00edfico de Tecnolog\u00eda para la Construcci\u00f3n)<\/li>\n<li>nuestros perfiles no requieren ning\u00fan otro mantenimiento que la simple limpieza con agua jabonosa sin ning\u00fan solvente o productos agresivos<\/li>\n<\/ul>\n<p style=\"text-align: justify;\"><strong>ELIMINACI\u00d3N DE RESIDUOS<\/strong><\/p>\n<ul style=\"list-style-type: square;\">\n<li style=\"text-align: justify;\">aunque nuestros perfiles est\u00e1n clasificados oficialmente como \u00abresiduo no peligroso\u00bb, reciclamos internamente todos los perfiles residuales de nuestra producci\u00f3n<\/li>\n<li style=\"text-align: justify;\">tenemos todos los residuos industriales reciclados: desechos, aceites, etc\u2026<\/li>\n<li style=\"text-align: justify;\">ALPHACAN tambi\u00e9n est\u00e1 comprometido con el desarrollo sostenible mediante la firma de la Contribuci\u00f3n Ecol\u00f3gica Voluntaria Vinyl 2010, a trav\u00e9s de su Asociaci\u00f3n (SNEP), a la Vinyl Foundation para financiar las actividades de reciclaje de PVC.<\/li>\n<\/ul>\n","protected":false},"excerpt":{"rendered":"<p>ALPHACAN se compromete a proteger el medio ambiente PRESERVACI\u00d3N DE LOS RECURSOS NATURALES\u00a0 Los procesos de extrusi\u00f3n llevados a cabo por ALPHACAN y los perfiles derivados respetan el medio ambiente y se integran en el desarrollo sostenible: : sin descarga externa de gas que destruye la capa de ozono tratamiento completo del agua en circuito [&hellip;]<\/p>\n","protected":false},"author":559,"featured_media":4740,"parent":4713,"menu_order":3,"comment_status":"closed","ping_status":"closed","template":"","meta":{"_acf_changed":false,"footnotes":""},"class_list":["post-4717","page","type-page","status-publish","has-post-thumbnail","hentry"],"acf":[],"yoast_head":"<!-- This site is optimized with the Yoast SEO plugin v27.0 - https:\/\/yoast.com\/product\/yoast-seo-wordpress\/ -->\n<title>Protecci\u00f3n del medio ambiente &#8211; Alphacan<\/title>\n<meta name=\"description\" content=\"ALPHACAN se compromete a proteger el medio ambiente PRESERVACI\u00d3N DE LOS RECURSOS NATURALES\u00a0 Los procesos de extrusi\u00f3n llevados a cabo por ALPHACAN y los\" \/>\n<meta name=\"robots\" content=\"index, follow, max-snippet:-1, max-image-preview:large, max-video-preview:-1\" \/>\n<link rel=\"canonical\" href=\"https:\/\/www.alphacan.com\/es\/experiencia\/proteccion-del-medio-ambiente\/\" \/>\n<meta property=\"og:locale\" content=\"es_ES\" \/>\n<meta property=\"og:type\" content=\"article\" \/>\n<meta property=\"og:title\" content=\"Protecci\u00f3n del medio ambiente &#8211; Alphacan\" \/>\n<meta property=\"og:description\" content=\"ALPHACAN se compromete a proteger el medio ambiente PRESERVACI\u00d3N DE LOS RECURSOS NATURALES\u00a0 Los procesos de extrusi\u00f3n llevados a cabo por ALPHACAN y los\" \/>\n<meta property=\"og:url\" content=\"https:\/\/www.alphacan.com\/es\/experiencia\/proteccion-del-medio-ambiente\/\" \/>\n<meta property=\"og:site_name\" content=\"Alphacan\" \/>\n<meta property=\"og:image\" content=\"https:\/\/www.alphacan.com\/wp-content\/uploads\/2017\/11\/environment-1.jpg\" \/>\n\t<meta property=\"og:image:width\" content=\"2905\" \/>\n\t<meta property=\"og:image:height\" content=\"4134\" \/>\n\t<meta property=\"og:image:type\" content=\"image\/jpeg\" \/>\n<meta name=\"twitter:card\" content=\"summary_large_image\" \/>\n<meta name=\"twitter:label1\" content=\"Tiempo de lectura\" \/>\n\t<meta name=\"twitter:data1\" content=\"3 minutos\" \/>\n<script type=\"application\/ld+json\" class=\"yoast-schema-graph\">{\"@context\":\"https:\/\/schema.org\",\"@graph\":[{\"@type\":\"WebPage\",\"@id\":\"https:\/\/www.alphacan.com\/es\/experiencia\/proteccion-del-medio-ambiente\/\",\"url\":\"https:\/\/www.alphacan.com\/es\/experiencia\/proteccion-del-medio-ambiente\/\",\"name\":\"Protecci\u00f3n del medio ambiente &#8211; Alphacan\",\"isPartOf\":{\"@id\":\"https:\/\/www.alphacan.com\/es\/#website\"},\"primaryImageOfPage\":{\"@id\":\"https:\/\/www.alphacan.com\/es\/experiencia\/proteccion-del-medio-ambiente\/#primaryimage\"},\"image\":{\"@id\":\"https:\/\/www.alphacan.com\/es\/experiencia\/proteccion-del-medio-ambiente\/#primaryimage\"},\"thumbnailUrl\":\"https:\/\/www.alphacan.com\/wp-content\/uploads\/2017\/11\/environment-1.jpg\",\"datePublished\":\"2019-01-16T17:29:13+00:00\",\"description\":\"ALPHACAN se compromete a proteger el medio ambiente PRESERVACI\u00d3N DE LOS RECURSOS NATURALES\u00a0 Los procesos de extrusi\u00f3n llevados a cabo por ALPHACAN y los\",\"breadcrumb\":{\"@id\":\"https:\/\/www.alphacan.com\/es\/experiencia\/proteccion-del-medio-ambiente\/#breadcrumb\"},\"inLanguage\":\"es\",\"potentialAction\":[{\"@type\":\"ReadAction\",\"target\":[\"https:\/\/www.alphacan.com\/es\/experiencia\/proteccion-del-medio-ambiente\/\"]}]},{\"@type\":\"ImageObject\",\"inLanguage\":\"es\",\"@id\":\"https:\/\/www.alphacan.com\/es\/experiencia\/proteccion-del-medio-ambiente\/#primaryimage\",\"url\":\"https:\/\/www.alphacan.com\/wp-content\/uploads\/2017\/11\/environment-1.jpg\",\"contentUrl\":\"https:\/\/www.alphacan.com\/wp-content\/uploads\/2017\/11\/environment-1.jpg\",\"width\":2905,\"height\":4134,\"caption\":\"Save earth conceptSave earth conceptSave earth concept\"},{\"@type\":\"BreadcrumbList\",\"@id\":\"https:\/\/www.alphacan.com\/es\/experiencia\/proteccion-del-medio-ambiente\/#breadcrumb\",\"itemListElement\":[{\"@type\":\"ListItem\",\"position\":1,\"name\":\"Accueil\",\"item\":\"https:\/\/www.alphacan.com\/es\/\"},{\"@type\":\"ListItem\",\"position\":2,\"name\":\"Experiencia\",\"item\":\"https:\/\/www.alphacan.com\/es\/experiencia\/\"},{\"@type\":\"ListItem\",\"position\":3,\"name\":\"Protecci\u00f3n del medio ambiente\"}]},{\"@type\":\"WebSite\",\"@id\":\"https:\/\/www.alphacan.com\/es\/#website\",\"url\":\"https:\/\/www.alphacan.com\/es\/\",\"name\":\"Alphacan\",\"description\":\"Concepteur Menuiseries\",\"potentialAction\":[{\"@type\":\"SearchAction\",\"target\":{\"@type\":\"EntryPoint\",\"urlTemplate\":\"https:\/\/www.alphacan.com\/es\/?s={search_term_string}\"},\"query-input\":{\"@type\":\"PropertyValueSpecification\",\"valueRequired\":true,\"valueName\":\"search_term_string\"}}],\"inLanguage\":\"es\"}]}<\/script>\n<!-- \/ Yoast SEO plugin. -->","yoast_head_json":{"title":"Protecci\u00f3n del medio ambiente &#8211; Alphacan","description":"ALPHACAN se compromete a proteger el medio ambiente PRESERVACI\u00d3N DE LOS RECURSOS NATURALES\u00a0 Los procesos de extrusi\u00f3n llevados a cabo por ALPHACAN y los","robots":{"index":"index","follow":"follow","max-snippet":"max-snippet:-1","max-image-preview":"max-image-preview:large","max-video-preview":"max-video-preview:-1"},"canonical":"https:\/\/www.alphacan.com\/es\/experiencia\/proteccion-del-medio-ambiente\/","og_locale":"es_ES","og_type":"article","og_title":"Protecci\u00f3n del medio ambiente &#8211; Alphacan","og_description":"ALPHACAN se compromete a proteger el medio ambiente PRESERVACI\u00d3N DE LOS RECURSOS NATURALES\u00a0 Los procesos de extrusi\u00f3n llevados a cabo por ALPHACAN y los","og_url":"https:\/\/www.alphacan.com\/es\/experiencia\/proteccion-del-medio-ambiente\/","og_site_name":"Alphacan","og_image":[{"width":2905,"height":4134,"url":"https:\/\/www.alphacan.com\/wp-content\/uploads\/2017\/11\/environment-1.jpg","type":"image\/jpeg"}],"twitter_card":"summary_large_image","twitter_misc":{"Tiempo de lectura":"3 minutos"},"schema":{"@context":"https:\/\/schema.org","@graph":[{"@type":"WebPage","@id":"https:\/\/www.alphacan.com\/es\/experiencia\/proteccion-del-medio-ambiente\/","url":"https:\/\/www.alphacan.com\/es\/experiencia\/proteccion-del-medio-ambiente\/","name":"Protecci\u00f3n del medio ambiente &#8211; Alphacan","isPartOf":{"@id":"https:\/\/www.alphacan.com\/es\/#website"},"primaryImageOfPage":{"@id":"https:\/\/www.alphacan.com\/es\/experiencia\/proteccion-del-medio-ambiente\/#primaryimage"},"image":{"@id":"https:\/\/www.alphacan.com\/es\/experiencia\/proteccion-del-medio-ambiente\/#primaryimage"},"thumbnailUrl":"https:\/\/www.alphacan.com\/wp-content\/uploads\/2017\/11\/environment-1.jpg","datePublished":"2019-01-16T17:29:13+00:00","description":"ALPHACAN se compromete a proteger el medio ambiente PRESERVACI\u00d3N DE LOS RECURSOS NATURALES\u00a0 Los procesos de extrusi\u00f3n llevados a cabo por ALPHACAN y los","breadcrumb":{"@id":"https:\/\/www.alphacan.com\/es\/experiencia\/proteccion-del-medio-ambiente\/#breadcrumb"},"inLanguage":"es","potentialAction":[{"@type":"ReadAction","target":["https:\/\/www.alphacan.com\/es\/experiencia\/proteccion-del-medio-ambiente\/"]}]},{"@type":"ImageObject","inLanguage":"es","@id":"https:\/\/www.alphacan.com\/es\/experiencia\/proteccion-del-medio-ambiente\/#primaryimage","url":"https:\/\/www.alphacan.com\/wp-content\/uploads\/2017\/11\/environment-1.jpg","contentUrl":"https:\/\/www.alphacan.com\/wp-content\/uploads\/2017\/11\/environment-1.jpg","width":2905,"height":4134,"caption":"Save earth conceptSave earth conceptSave earth concept"},{"@type":"BreadcrumbList","@id":"https:\/\/www.alphacan.com\/es\/experiencia\/proteccion-del-medio-ambiente\/#breadcrumb","itemListElement":[{"@type":"ListItem","position":1,"name":"Accueil","item":"https:\/\/www.alphacan.com\/es\/"},{"@type":"ListItem","position":2,"name":"Experiencia","item":"https:\/\/www.alphacan.com\/es\/experiencia\/"},{"@type":"ListItem","position":3,"name":"Protecci\u00f3n del medio ambiente"}]},{"@type":"WebSite","@id":"https:\/\/www.alphacan.com\/es\/#website","url":"https:\/\/www.alphacan.com\/es\/","name":"Alphacan","description":"Concepteur Menuiseries","potentialAction":[{"@type":"SearchAction","target":{"@type":"EntryPoint","urlTemplate":"https:\/\/www.alphacan.com\/es\/?s={search_term_string}"},"query-input":{"@type":"PropertyValueSpecification","valueRequired":true,"valueName":"search_term_string"}}],"inLanguage":"es"}]}},"_links":{"self":[{"href":"https:\/\/www.alphacan.com\/es\/wp-json\/wp\/v2\/pages\/4717","targetHints":{"allow":["GET"]}}],"collection":[{"href":"https:\/\/www.alphacan.com\/es\/wp-json\/wp\/v2\/pages"}],"about":[{"href":"https:\/\/www.alphacan.com\/es\/wp-json\/wp\/v2\/types\/page"}],"author":[{"embeddable":true,"href":"https:\/\/www.alphacan.com\/es\/wp-json\/wp\/v2\/users\/559"}],"replies":[{"embeddable":true,"href":"https:\/\/www.alphacan.com\/es\/wp-json\/wp\/v2\/comments?post=4717"}],"version-history":[{"count":3,"href":"https:\/\/www.alphacan.com\/es\/wp-json\/wp\/v2\/pages\/4717\/revisions"}],"predecessor-version":[{"id":5548,"href":"https:\/\/www.alphacan.com\/es\/wp-json\/wp\/v2\/pages\/4717\/revisions\/5548"}],"up":[{"embeddable":true,"href":"https:\/\/www.alphacan.com\/es\/wp-json\/wp\/v2\/pages\/4713"}],"wp:featuredmedia":[{"embeddable":true,"href":"https:\/\/www.alphacan.com\/es\/wp-json\/wp\/v2\/media\/4740"}],"wp:attachment":[{"href":"https:\/\/www.alphacan.com\/es\/wp-json\/wp\/v2\/media?parent=4717"}],"curies":[{"name":"wp","href":"https:\/\/api.w.org\/{rel}","templated":true}]}}