{"id":4720,"date":"2019-01-16T17:46:35","date_gmt":"2019-01-16T16:46:35","guid":{"rendered":"https:\/\/www.alphacan.com\/?page_id=4720"},"modified":"2019-03-22T10:31:52","modified_gmt":"2019-03-22T09:31:52","slug":"carpinteria-francia","status":"publish","type":"page","link":"https:\/\/www.alphacan.com\/es\/carpinteria-francia\/","title":{"rendered":"Carpinter\u00eda Francia"},"content":{"rendered":"<h2>UN SOCIO INNOVADOR<\/h2>\n<p>Los productos de Alphacan, utilizados tanto en obra nueva, como en la reforma, reducen significativamente los gastos de mantenimiento y,\u00a0 al mismo tiempo, garantizan unas \u00f3ptimas prestaciones.<\/p>\n<p>Reciclable al 100%, garantiza el mejor aislamiento t\u00e9rmico y ac\u00fastico en el mercado de ventanas y cerramientos: el PVC ofrece innovaci\u00f3n para ajustarse a los est\u00e1ndares de los Edificios de Bajo Consumo Energ\u00e9tico (BBC).<\/p>\n<p>Hoy en d\u00eda, el PVC ampl\u00eda su gama de acabados y se adapta a las decoraciones de fachadas e interiores: de esta forma, la carpinter\u00eda contribuye a la decoraci\u00f3n y a la\u00a0 seguridad y bienestar de tu hogar.<\/p>\n","protected":false},"excerpt":{"rendered":"<p>UN SOCIO INNOVADOR Los productos de Alphacan, utilizados tanto en obra nueva, como en la reforma, reducen significativamente los gastos de mantenimiento y,\u00a0 al mismo tiempo, garantizan unas \u00f3ptimas prestaciones. Reciclable al 100%, garantiza el mejor aislamiento t\u00e9rmico y ac\u00fastico en el mercado de ventanas y cerramientos: el PVC ofrece innovaci\u00f3n para ajustarse a los [&hellip;]<\/p>\n","protected":false},"author":559,"featured_media":0,"parent":0,"menu_order":0,"comment_status":"closed","ping_status":"closed","template":"","meta":{"_acf_changed":false,"footnotes":""},"class_list":["post-4720","page","type-page","status-publish","hentry"],"acf":[],"yoast_head":"<!-- This site is optimized with the Yoast SEO plugin v27.0 - https:\/\/yoast.com\/product\/yoast-seo-wordpress\/ -->\n<title>Carpinter\u00eda Francia &#8211; Alphacan<\/title>\n<meta name=\"description\" content=\"UN SOCIO INNOVADOR Los productos de Alphacan, utilizados tanto en obra nueva, como en la reforma, reducen significativamente los gastos de mantenimiento\" \/>\n<meta name=\"robots\" content=\"index, follow, max-snippet:-1, max-image-preview:large, max-video-preview:-1\" \/>\n<link rel=\"canonical\" href=\"https:\/\/www.alphacan.com\/es\/carpinteria-francia\/\" \/>\n<meta property=\"og:locale\" content=\"es_ES\" \/>\n<meta property=\"og:type\" content=\"article\" \/>\n<meta property=\"og:title\" content=\"Carpinter\u00eda Francia &#8211; Alphacan\" \/>\n<meta property=\"og:description\" content=\"UN SOCIO INNOVADOR Los productos de Alphacan, utilizados tanto en obra nueva, como en la reforma, reducen significativamente los gastos de mantenimiento\" \/>\n<meta property=\"og:url\" content=\"https:\/\/www.alphacan.com\/es\/carpinteria-francia\/\" \/>\n<meta property=\"og:site_name\" content=\"Alphacan\" \/>\n<meta property=\"article:modified_time\" content=\"2019-03-22T09:31:52+00:00\" \/>\n<meta name=\"twitter:card\" content=\"summary_large_image\" \/>\n<meta name=\"twitter:label1\" content=\"Tiempo de lectura\" \/>\n\t<meta name=\"twitter:data1\" content=\"1 minuto\" \/>\n<script type=\"application\/ld+json\" class=\"yoast-schema-graph\">{\"@context\":\"https:\/\/schema.org\",\"@graph\":[{\"@type\":\"WebPage\",\"@id\":\"https:\/\/www.alphacan.com\/es\/carpinteria-francia\/\",\"url\":\"https:\/\/www.alphacan.com\/es\/carpinteria-francia\/\",\"name\":\"Carpinter\u00eda Francia &#8211; Alphacan\",\"isPartOf\":{\"@id\":\"https:\/\/www.alphacan.com\/es\/#website\"},\"datePublished\":\"2019-01-16T16:46:35+00:00\",\"dateModified\":\"2019-03-22T09:31:52+00:00\",\"description\":\"UN SOCIO INNOVADOR Los productos de Alphacan, utilizados tanto en obra nueva, como en la reforma, reducen significativamente los gastos de mantenimiento\",\"breadcrumb\":{\"@id\":\"https:\/\/www.alphacan.com\/es\/carpinteria-francia\/#breadcrumb\"},\"inLanguage\":\"es\",\"potentialAction\":[{\"@type\":\"ReadAction\",\"target\":[\"https:\/\/www.alphacan.com\/es\/carpinteria-francia\/\"]}]},{\"@type\":\"BreadcrumbList\",\"@id\":\"https:\/\/www.alphacan.com\/es\/carpinteria-francia\/#breadcrumb\",\"itemListElement\":[{\"@type\":\"ListItem\",\"position\":1,\"name\":\"Accueil\",\"item\":\"https:\/\/www.alphacan.com\/es\/\"},{\"@type\":\"ListItem\",\"position\":2,\"name\":\"Carpinter\u00eda Francia\"}]},{\"@type\":\"WebSite\",\"@id\":\"https:\/\/www.alphacan.com\/es\/#website\",\"url\":\"https:\/\/www.alphacan.com\/es\/\",\"name\":\"Alphacan\",\"description\":\"Concepteur Menuiseries\",\"potentialAction\":[{\"@type\":\"SearchAction\",\"target\":{\"@type\":\"EntryPoint\",\"urlTemplate\":\"https:\/\/www.alphacan.com\/es\/?s={search_term_string}\"},\"query-input\":{\"@type\":\"PropertyValueSpecification\",\"valueRequired\":true,\"valueName\":\"search_term_string\"}}],\"inLanguage\":\"es\"}]}<\/script>\n<!-- \/ Yoast SEO plugin. -->","yoast_head_json":{"title":"Carpinter\u00eda Francia &#8211; Alphacan","description":"UN SOCIO INNOVADOR Los productos de Alphacan, utilizados tanto en obra nueva, como en la reforma, reducen significativamente los gastos de mantenimiento","robots":{"index":"index","follow":"follow","max-snippet":"max-snippet:-1","max-image-preview":"max-image-preview:large","max-video-preview":"max-video-preview:-1"},"canonical":"https:\/\/www.alphacan.com\/es\/carpinteria-francia\/","og_locale":"es_ES","og_type":"article","og_title":"Carpinter\u00eda Francia &#8211; Alphacan","og_description":"UN SOCIO INNOVADOR Los productos de Alphacan, utilizados tanto en obra nueva, como en la reforma, reducen significativamente los gastos de mantenimiento","og_url":"https:\/\/www.alphacan.com\/es\/carpinteria-francia\/","og_site_name":"Alphacan","article_modified_time":"2019-03-22T09:31:52+00:00","twitter_card":"summary_large_image","twitter_misc":{"Tiempo de lectura":"1 minuto"},"schema":{"@context":"https:\/\/schema.org","@graph":[{"@type":"WebPage","@id":"https:\/\/www.alphacan.com\/es\/carpinteria-francia\/","url":"https:\/\/www.alphacan.com\/es\/carpinteria-francia\/","name":"Carpinter\u00eda Francia &#8211; Alphacan","isPartOf":{"@id":"https:\/\/www.alphacan.com\/es\/#website"},"datePublished":"2019-01-16T16:46:35+00:00","dateModified":"2019-03-22T09:31:52+00:00","description":"UN SOCIO INNOVADOR Los productos de Alphacan, utilizados tanto en obra nueva, como en la reforma, reducen significativamente los gastos de mantenimiento","breadcrumb":{"@id":"https:\/\/www.alphacan.com\/es\/carpinteria-francia\/#breadcrumb"},"inLanguage":"es","potentialAction":[{"@type":"ReadAction","target":["https:\/\/www.alphacan.com\/es\/carpinteria-francia\/"]}]},{"@type":"BreadcrumbList","@id":"https:\/\/www.alphacan.com\/es\/carpinteria-francia\/#breadcrumb","itemListElement":[{"@type":"ListItem","position":1,"name":"Accueil","item":"https:\/\/www.alphacan.com\/es\/"},{"@type":"ListItem","position":2,"name":"Carpinter\u00eda Francia"}]},{"@type":"WebSite","@id":"https:\/\/www.alphacan.com\/es\/#website","url":"https:\/\/www.alphacan.com\/es\/","name":"Alphacan","description":"Concepteur Menuiseries","potentialAction":[{"@type":"SearchAction","target":{"@type":"EntryPoint","urlTemplate":"https:\/\/www.alphacan.com\/es\/?s={search_term_string}"},"query-input":{"@type":"PropertyValueSpecification","valueRequired":true,"valueName":"search_term_string"}}],"inLanguage":"es"}]}},"_links":{"self":[{"href":"https:\/\/www.alphacan.com\/es\/wp-json\/wp\/v2\/pages\/4720","targetHints":{"allow":["GET"]}}],"collection":[{"href":"https:\/\/www.alphacan.com\/es\/wp-json\/wp\/v2\/pages"}],"about":[{"href":"https:\/\/www.alphacan.com\/es\/wp-json\/wp\/v2\/types\/page"}],"author":[{"embeddable":true,"href":"https:\/\/www.alphacan.com\/es\/wp-json\/wp\/v2\/users\/559"}],"replies":[{"embeddable":true,"href":"https:\/\/www.alphacan.com\/es\/wp-json\/wp\/v2\/comments?post=4720"}],"version-history":[{"count":5,"href":"https:\/\/www.alphacan.com\/es\/wp-json\/wp\/v2\/pages\/4720\/revisions"}],"predecessor-version":[{"id":5868,"href":"https:\/\/www.alphacan.com\/es\/wp-json\/wp\/v2\/pages\/4720\/revisions\/5868"}],"wp:attachment":[{"href":"https:\/\/www.alphacan.com\/es\/wp-json\/wp\/v2\/media?parent=4720"}],"curies":[{"name":"wp","href":"https:\/\/api.w.org\/{rel}","templated":true}]}}