{"id":4782,"date":"2019-01-16T18:58:44","date_gmt":"2019-01-16T17:58:44","guid":{"rendered":"https:\/\/www.alphacan.com\/?page_id=4782"},"modified":"2019-04-17T12:12:50","modified_gmt":"2019-04-17T10:12:50","slug":"in-alpha","status":"publish","type":"page","link":"https:\/\/www.alphacan.com\/es\/carpinteria-francia\/ventanas\/in-alpha\/","title":{"rendered":"In Alpha"},"content":{"rendered":"<h2>DISE\u00d1O CONTEMPOR\u00c1NEO<\/h2>\n<p>IN ALPHA ofrece una gama de carpinter\u00edas de 70 y 80 mm que incluye muchas innovaciones exclusivas y patentadas que satisfacen las demandas de rendimiento t\u00e9rmico, ac\u00fastico y mec\u00e1nico. Los productos de esta gama cuantan con DTA (Documentaci\u00f3n T\u00e9cnica para la Aplicaci\u00f3nes) y est\u00e1n certificados por el CSTB (Centro Cient\u00edfico de Tecnolog\u00eda para la Construcci\u00f3n).<\/p>\n<ul style=\"list-style-type: square;\">\n<li>Perfiles multic\u00e1mara para un mejor aislamiento t\u00e9rmico<\/li>\n<li>Sistema de doble junta\u00a0 para optimizar aislamiento t\u00e9rmico y ac\u00fastico<\/li>\n<li>Juntas del mismo color que el perfil para mejorar la est\u00e9tica<\/li>\n<li>Uso de PVC sin plomo (estabilizantes a base de calcio de zinc)<\/li>\n<li>Reducci\u00f3n del peso de los productos, para facilitar la labor del instalador<\/li>\n<li>Productos disponibles en una amplia variedad de <a href=\"https:\/\/www.alphacan.com\/es\/carpinteria-francia\/acabados\/\">acabados<\/a><\/li>\n<\/ul>\n<p>&nbsp;<\/p>\n<p>La fibra de vidrio integrada en la extrusi\u00f3n del perfil:<\/p>\n<div>\n<ul>\n<li>Sustituye el uso del refuerzo de acero cl\u00e1sico para la carpinter\u00eda de PVC<\/li>\n<li>Elimina la p\u00e9rdida de calor causada por los refuerzos de acero tradicionales.<\/li>\n<li style=\"text-align: left;\">Aligera la carpinter\u00eda para preservar el eje de rotaci\u00f3n y aumentar la vida \u00fatil de la ventana<\/li>\n<\/ul>\n<\/div>\n<p><img loading=\"lazy\" decoding=\"async\" class=\"wp-image-2333  alignleft\" src=\"https:\/\/www.alphacan.com\/wp-content\/uploads\/2017\/11\/typologie-fabrication-in-alpha-1024x130.jpg\" alt=\"\" width=\"638\" height=\"81\" srcset=\"https:\/\/www.alphacan.com\/wp-content\/uploads\/2017\/11\/typologie-fabrication-in-alpha-1024x130.jpg 1024w, https:\/\/www.alphacan.com\/wp-content\/uploads\/2017\/11\/typologie-fabrication-in-alpha-300x38.jpg 300w, https:\/\/www.alphacan.com\/wp-content\/uploads\/2017\/11\/typologie-fabrication-in-alpha-768x97.jpg 768w, https:\/\/www.alphacan.com\/wp-content\/uploads\/2017\/11\/typologie-fabrication-in-alpha.jpg 1491w\" sizes=\"auto, (max-width: 638px) 100vw, 638px\" \/><\/p>\n<p>&nbsp;<\/p>\n<div class=\"post-content no-padding-left no-padding-right\">\n<div class=\"content-zoom\">\n<p>&nbsp;<\/p>\n<\/div>\n<\/div>\n","protected":false},"excerpt":{"rendered":"<p>DISE\u00d1O CONTEMPOR\u00c1NEO IN ALPHA ofrece una gama de carpinter\u00edas de 70 y 80 mm que incluye muchas innovaciones exclusivas y patentadas que satisfacen las demandas de rendimiento t\u00e9rmico, ac\u00fastico y mec\u00e1nico. Los productos de esta gama cuantan con DTA (Documentaci\u00f3n T\u00e9cnica para la Aplicaci\u00f3nes) y est\u00e1n certificados por el CSTB (Centro Cient\u00edfico de Tecnolog\u00eda para [&hellip;]<\/p>\n","protected":false},"author":559,"featured_media":0,"parent":4719,"menu_order":0,"comment_status":"open","ping_status":"open","template":"","meta":{"_acf_changed":false,"footnotes":""},"class_list":["post-4782","page","type-page","status-publish","hentry"],"acf":[],"yoast_head":"<!-- This site is optimized with the Yoast SEO plugin v27.0 - https:\/\/yoast.com\/product\/yoast-seo-wordpress\/ -->\n<title>In Alpha &#8211; Alphacan<\/title>\n<meta name=\"description\" content=\"DISE\u00d1O CONTEMPOR\u00c1NEO IN ALPHA ofrece una gama de carpinter\u00edas de 70 y 80 mm que incluye muchas innovaciones exclusivas y patentadas que satisfacen las\" \/>\n<meta name=\"robots\" content=\"index, follow, max-snippet:-1, max-image-preview:large, max-video-preview:-1\" \/>\n<link rel=\"canonical\" href=\"https:\/\/www.alphacan.com\/es\/carpinteria-francia\/ventanas\/in-alpha\/\" \/>\n<meta property=\"og:locale\" content=\"es_ES\" \/>\n<meta property=\"og:type\" content=\"article\" \/>\n<meta property=\"og:title\" content=\"In Alpha &#8211; Alphacan\" \/>\n<meta property=\"og:description\" content=\"DISE\u00d1O CONTEMPOR\u00c1NEO IN ALPHA ofrece una gama de carpinter\u00edas de 70 y 80 mm que incluye muchas innovaciones exclusivas y patentadas que satisfacen las\" \/>\n<meta property=\"og:url\" content=\"https:\/\/www.alphacan.com\/es\/carpinteria-francia\/ventanas\/in-alpha\/\" \/>\n<meta property=\"og:site_name\" content=\"Alphacan\" \/>\n<meta property=\"article:modified_time\" content=\"2019-04-17T10:12:50+00:00\" \/>\n<meta property=\"og:image\" content=\"https:\/\/www.alphacan.com\/wp-content\/uploads\/2017\/11\/typologie-fabrication-in-alpha-1024x130.jpg\" \/>\n<meta name=\"twitter:card\" content=\"summary_large_image\" \/>\n<meta name=\"twitter:label1\" content=\"Tiempo de lectura\" \/>\n\t<meta name=\"twitter:data1\" content=\"1 minuto\" \/>\n<script type=\"application\/ld+json\" class=\"yoast-schema-graph\">{\"@context\":\"https:\/\/schema.org\",\"@graph\":[{\"@type\":\"WebPage\",\"@id\":\"https:\/\/www.alphacan.com\/es\/carpinteria-francia\/ventanas\/in-alpha\/\",\"url\":\"https:\/\/www.alphacan.com\/es\/carpinteria-francia\/ventanas\/in-alpha\/\",\"name\":\"In Alpha &#8211; Alphacan\",\"isPartOf\":{\"@id\":\"https:\/\/www.alphacan.com\/es\/#website\"},\"primaryImageOfPage\":{\"@id\":\"https:\/\/www.alphacan.com\/es\/carpinteria-francia\/ventanas\/in-alpha\/#primaryimage\"},\"image\":{\"@id\":\"https:\/\/www.alphacan.com\/es\/carpinteria-francia\/ventanas\/in-alpha\/#primaryimage\"},\"thumbnailUrl\":\"https:\/\/www.alphacan.com\/wp-content\/uploads\/2017\/11\/typologie-fabrication-in-alpha-1024x130.jpg\",\"datePublished\":\"2019-01-16T17:58:44+00:00\",\"dateModified\":\"2019-04-17T10:12:50+00:00\",\"description\":\"DISE\u00d1O CONTEMPOR\u00c1NEO IN ALPHA ofrece una gama de carpinter\u00edas de 70 y 80 mm que incluye muchas innovaciones exclusivas y patentadas que satisfacen las\",\"breadcrumb\":{\"@id\":\"https:\/\/www.alphacan.com\/es\/carpinteria-francia\/ventanas\/in-alpha\/#breadcrumb\"},\"inLanguage\":\"es\",\"potentialAction\":[{\"@type\":\"ReadAction\",\"target\":[\"https:\/\/www.alphacan.com\/es\/carpinteria-francia\/ventanas\/in-alpha\/\"]}]},{\"@type\":\"ImageObject\",\"inLanguage\":\"es\",\"@id\":\"https:\/\/www.alphacan.com\/es\/carpinteria-francia\/ventanas\/in-alpha\/#primaryimage\",\"url\":\"https:\/\/www.alphacan.com\/wp-content\/uploads\/2017\/11\/typologie-fabrication-in-alpha-1024x130.jpg\",\"contentUrl\":\"https:\/\/www.alphacan.com\/wp-content\/uploads\/2017\/11\/typologie-fabrication-in-alpha-1024x130.jpg\"},{\"@type\":\"BreadcrumbList\",\"@id\":\"https:\/\/www.alphacan.com\/es\/carpinteria-francia\/ventanas\/in-alpha\/#breadcrumb\",\"itemListElement\":[{\"@type\":\"ListItem\",\"position\":1,\"name\":\"Accueil\",\"item\":\"https:\/\/www.alphacan.com\/es\/\"},{\"@type\":\"ListItem\",\"position\":2,\"name\":\"Carpinter\u00eda Francia\",\"item\":\"https:\/\/www.alphacan.com\/es\/carpinteria-francia\/\"},{\"@type\":\"ListItem\",\"position\":3,\"name\":\"Ventanas\",\"item\":\"https:\/\/www.alphacan.com\/es\/carpinteria-francia\/ventanas\/\"},{\"@type\":\"ListItem\",\"position\":4,\"name\":\"In Alpha\"}]},{\"@type\":\"WebSite\",\"@id\":\"https:\/\/www.alphacan.com\/es\/#website\",\"url\":\"https:\/\/www.alphacan.com\/es\/\",\"name\":\"Alphacan\",\"description\":\"Concepteur Menuiseries\",\"potentialAction\":[{\"@type\":\"SearchAction\",\"target\":{\"@type\":\"EntryPoint\",\"urlTemplate\":\"https:\/\/www.alphacan.com\/es\/?s={search_term_string}\"},\"query-input\":{\"@type\":\"PropertyValueSpecification\",\"valueRequired\":true,\"valueName\":\"search_term_string\"}}],\"inLanguage\":\"es\"}]}<\/script>\n<!-- \/ Yoast SEO plugin. -->","yoast_head_json":{"title":"In Alpha &#8211; Alphacan","description":"DISE\u00d1O CONTEMPOR\u00c1NEO IN ALPHA ofrece una gama de carpinter\u00edas de 70 y 80 mm que incluye muchas innovaciones exclusivas y patentadas que satisfacen las","robots":{"index":"index","follow":"follow","max-snippet":"max-snippet:-1","max-image-preview":"max-image-preview:large","max-video-preview":"max-video-preview:-1"},"canonical":"https:\/\/www.alphacan.com\/es\/carpinteria-francia\/ventanas\/in-alpha\/","og_locale":"es_ES","og_type":"article","og_title":"In Alpha &#8211; Alphacan","og_description":"DISE\u00d1O CONTEMPOR\u00c1NEO IN ALPHA ofrece una gama de carpinter\u00edas de 70 y 80 mm que incluye muchas innovaciones exclusivas y patentadas que satisfacen las","og_url":"https:\/\/www.alphacan.com\/es\/carpinteria-francia\/ventanas\/in-alpha\/","og_site_name":"Alphacan","article_modified_time":"2019-04-17T10:12:50+00:00","og_image":[{"url":"https:\/\/www.alphacan.com\/wp-content\/uploads\/2017\/11\/typologie-fabrication-in-alpha-1024x130.jpg","type":"","width":"","height":""}],"twitter_card":"summary_large_image","twitter_misc":{"Tiempo de lectura":"1 minuto"},"schema":{"@context":"https:\/\/schema.org","@graph":[{"@type":"WebPage","@id":"https:\/\/www.alphacan.com\/es\/carpinteria-francia\/ventanas\/in-alpha\/","url":"https:\/\/www.alphacan.com\/es\/carpinteria-francia\/ventanas\/in-alpha\/","name":"In Alpha &#8211; Alphacan","isPartOf":{"@id":"https:\/\/www.alphacan.com\/es\/#website"},"primaryImageOfPage":{"@id":"https:\/\/www.alphacan.com\/es\/carpinteria-francia\/ventanas\/in-alpha\/#primaryimage"},"image":{"@id":"https:\/\/www.alphacan.com\/es\/carpinteria-francia\/ventanas\/in-alpha\/#primaryimage"},"thumbnailUrl":"https:\/\/www.alphacan.com\/wp-content\/uploads\/2017\/11\/typologie-fabrication-in-alpha-1024x130.jpg","datePublished":"2019-01-16T17:58:44+00:00","dateModified":"2019-04-17T10:12:50+00:00","description":"DISE\u00d1O CONTEMPOR\u00c1NEO IN ALPHA ofrece una gama de carpinter\u00edas de 70 y 80 mm que incluye muchas innovaciones exclusivas y patentadas que satisfacen las","breadcrumb":{"@id":"https:\/\/www.alphacan.com\/es\/carpinteria-francia\/ventanas\/in-alpha\/#breadcrumb"},"inLanguage":"es","potentialAction":[{"@type":"ReadAction","target":["https:\/\/www.alphacan.com\/es\/carpinteria-francia\/ventanas\/in-alpha\/"]}]},{"@type":"ImageObject","inLanguage":"es","@id":"https:\/\/www.alphacan.com\/es\/carpinteria-francia\/ventanas\/in-alpha\/#primaryimage","url":"https:\/\/www.alphacan.com\/wp-content\/uploads\/2017\/11\/typologie-fabrication-in-alpha-1024x130.jpg","contentUrl":"https:\/\/www.alphacan.com\/wp-content\/uploads\/2017\/11\/typologie-fabrication-in-alpha-1024x130.jpg"},{"@type":"BreadcrumbList","@id":"https:\/\/www.alphacan.com\/es\/carpinteria-francia\/ventanas\/in-alpha\/#breadcrumb","itemListElement":[{"@type":"ListItem","position":1,"name":"Accueil","item":"https:\/\/www.alphacan.com\/es\/"},{"@type":"ListItem","position":2,"name":"Carpinter\u00eda Francia","item":"https:\/\/www.alphacan.com\/es\/carpinteria-francia\/"},{"@type":"ListItem","position":3,"name":"Ventanas","item":"https:\/\/www.alphacan.com\/es\/carpinteria-francia\/ventanas\/"},{"@type":"ListItem","position":4,"name":"In Alpha"}]},{"@type":"WebSite","@id":"https:\/\/www.alphacan.com\/es\/#website","url":"https:\/\/www.alphacan.com\/es\/","name":"Alphacan","description":"Concepteur Menuiseries","potentialAction":[{"@type":"SearchAction","target":{"@type":"EntryPoint","urlTemplate":"https:\/\/www.alphacan.com\/es\/?s={search_term_string}"},"query-input":{"@type":"PropertyValueSpecification","valueRequired":true,"valueName":"search_term_string"}}],"inLanguage":"es"}]}},"_links":{"self":[{"href":"https:\/\/www.alphacan.com\/es\/wp-json\/wp\/v2\/pages\/4782","targetHints":{"allow":["GET"]}}],"collection":[{"href":"https:\/\/www.alphacan.com\/es\/wp-json\/wp\/v2\/pages"}],"about":[{"href":"https:\/\/www.alphacan.com\/es\/wp-json\/wp\/v2\/types\/page"}],"author":[{"embeddable":true,"href":"https:\/\/www.alphacan.com\/es\/wp-json\/wp\/v2\/users\/559"}],"replies":[{"embeddable":true,"href":"https:\/\/www.alphacan.com\/es\/wp-json\/wp\/v2\/comments?post=4782"}],"version-history":[{"count":5,"href":"https:\/\/www.alphacan.com\/es\/wp-json\/wp\/v2\/pages\/4782\/revisions"}],"predecessor-version":[{"id":6419,"href":"https:\/\/www.alphacan.com\/es\/wp-json\/wp\/v2\/pages\/4782\/revisions\/6419"}],"up":[{"embeddable":true,"href":"https:\/\/www.alphacan.com\/es\/wp-json\/wp\/v2\/pages\/4719"}],"wp:attachment":[{"href":"https:\/\/www.alphacan.com\/es\/wp-json\/wp\/v2\/media?parent=4782"}],"curies":[{"name":"wp","href":"https:\/\/api.w.org\/{rel}","templated":true}]}}