{"id":4784,"date":"2019-01-16T19:04:04","date_gmt":"2019-01-16T18:04:04","guid":{"rendered":"https:\/\/www.alphacan.com\/?page_id=4784"},"modified":"2019-04-17T12:19:32","modified_gmt":"2019-04-17T10:19:32","slug":"cajon-de-persiana","status":"publish","type":"page","link":"https:\/\/www.alphacan.com\/es\/carpinteria-francia\/mallorquinas-y-persianas\/cajon-de-persiana\/","title":{"rendered":"Caj\u00f3n de persiana"},"content":{"rendered":"<h2>EST\u00c9TICA Y PRESTACIONES<\/h2>\n<p>Las persianas se ajustan a cualquier contexto arquitect\u00f3nico, tanto al tradicional como al contempor\u00e1neo.<\/p>\n<p>Por est\u00e9tica y prestaciones, satisfacen todas tus expectativas :<\/p>\n<ul style=\"list-style-type: square;\">\n<li>M\u00e1ximo aislamiento t\u00e9rmico<\/li>\n<li>Gama completa de accesorios, adaptadores y decoraci\u00f3n<\/li>\n<li>Disponible en tres dimensiones<\/li>\n<li>Acabados\u00a0<a href=\"https:\/\/www.alphacan.com\/es\/carpinteria-francia\/acabados\/color\/\">color<\/a>\u00a0y\u00a0<a href=\"https:\/\/www.alphacan.com\/es\/carpinteria-francia\/acabados\/zen\/\">zen<\/a><\/li>\n<\/ul>\n","protected":false},"excerpt":{"rendered":"<p>EST\u00c9TICA Y PRESTACIONES Las persianas se ajustan a cualquier contexto arquitect\u00f3nico, tanto al tradicional como al contempor\u00e1neo. Por est\u00e9tica y prestaciones, satisfacen todas tus expectativas : M\u00e1ximo aislamiento t\u00e9rmico Gama completa de accesorios, adaptadores y decoraci\u00f3n Disponible en tres dimensiones Acabados\u00a0color\u00a0y\u00a0zen<\/p>\n","protected":false},"author":559,"featured_media":0,"parent":4783,"menu_order":1,"comment_status":"closed","ping_status":"closed","template":"","meta":{"_acf_changed":false,"footnotes":""},"class_list":["post-4784","page","type-page","status-publish","hentry"],"acf":[],"yoast_head":"<!-- This site is optimized with the Yoast SEO plugin v27.0 - https:\/\/yoast.com\/product\/yoast-seo-wordpress\/ -->\n<title>Caj\u00f3n de persiana &#8211; Alphacan<\/title>\n<meta name=\"description\" content=\"EST\u00c9TICA Y PRESTACIONES Las persianas se ajustan a cualquier contexto arquitect\u00f3nico, tanto al tradicional como al contempor\u00e1neo. Por est\u00e9tica y\" \/>\n<meta name=\"robots\" content=\"index, follow, max-snippet:-1, max-image-preview:large, max-video-preview:-1\" \/>\n<link rel=\"canonical\" href=\"https:\/\/www.alphacan.com\/es\/carpinteria-francia\/mallorquinas-y-persianas\/cajon-de-persiana\/\" \/>\n<meta property=\"og:locale\" content=\"es_ES\" \/>\n<meta property=\"og:type\" content=\"article\" \/>\n<meta property=\"og:title\" content=\"Caj\u00f3n de persiana &#8211; Alphacan\" \/>\n<meta property=\"og:description\" content=\"EST\u00c9TICA Y PRESTACIONES Las persianas se ajustan a cualquier contexto arquitect\u00f3nico, tanto al tradicional como al contempor\u00e1neo. Por est\u00e9tica y\" \/>\n<meta property=\"og:url\" content=\"https:\/\/www.alphacan.com\/es\/carpinteria-francia\/mallorquinas-y-persianas\/cajon-de-persiana\/\" \/>\n<meta property=\"og:site_name\" content=\"Alphacan\" \/>\n<meta property=\"article:modified_time\" content=\"2019-04-17T10:19:32+00:00\" \/>\n<meta name=\"twitter:card\" content=\"summary_large_image\" \/>\n<script type=\"application\/ld+json\" class=\"yoast-schema-graph\">{\"@context\":\"https:\/\/schema.org\",\"@graph\":[{\"@type\":\"WebPage\",\"@id\":\"https:\/\/www.alphacan.com\/es\/carpinteria-francia\/mallorquinas-y-persianas\/cajon-de-persiana\/\",\"url\":\"https:\/\/www.alphacan.com\/es\/carpinteria-francia\/mallorquinas-y-persianas\/cajon-de-persiana\/\",\"name\":\"Caj\u00f3n de persiana &#8211; Alphacan\",\"isPartOf\":{\"@id\":\"https:\/\/www.alphacan.com\/es\/#website\"},\"datePublished\":\"2019-01-16T18:04:04+00:00\",\"dateModified\":\"2019-04-17T10:19:32+00:00\",\"description\":\"EST\u00c9TICA Y PRESTACIONES Las persianas se ajustan a cualquier contexto arquitect\u00f3nico, tanto al tradicional como al contempor\u00e1neo. Por est\u00e9tica y\",\"breadcrumb\":{\"@id\":\"https:\/\/www.alphacan.com\/es\/carpinteria-francia\/mallorquinas-y-persianas\/cajon-de-persiana\/#breadcrumb\"},\"inLanguage\":\"es\",\"potentialAction\":[{\"@type\":\"ReadAction\",\"target\":[\"https:\/\/www.alphacan.com\/es\/carpinteria-francia\/mallorquinas-y-persianas\/cajon-de-persiana\/\"]}]},{\"@type\":\"BreadcrumbList\",\"@id\":\"https:\/\/www.alphacan.com\/es\/carpinteria-francia\/mallorquinas-y-persianas\/cajon-de-persiana\/#breadcrumb\",\"itemListElement\":[{\"@type\":\"ListItem\",\"position\":1,\"name\":\"Accueil\",\"item\":\"https:\/\/www.alphacan.com\/es\/\"},{\"@type\":\"ListItem\",\"position\":2,\"name\":\"Carpinter\u00eda Francia\",\"item\":\"https:\/\/www.alphacan.com\/es\/carpinteria-francia\/\"},{\"@type\":\"ListItem\",\"position\":3,\"name\":\"Mallorquinas y persianas\",\"item\":\"https:\/\/www.alphacan.com\/es\/carpinteria-francia\/mallorquinas-y-persianas\/\"},{\"@type\":\"ListItem\",\"position\":4,\"name\":\"Caj\u00f3n de persiana\"}]},{\"@type\":\"WebSite\",\"@id\":\"https:\/\/www.alphacan.com\/es\/#website\",\"url\":\"https:\/\/www.alphacan.com\/es\/\",\"name\":\"Alphacan\",\"description\":\"Concepteur Menuiseries\",\"potentialAction\":[{\"@type\":\"SearchAction\",\"target\":{\"@type\":\"EntryPoint\",\"urlTemplate\":\"https:\/\/www.alphacan.com\/es\/?s={search_term_string}\"},\"query-input\":{\"@type\":\"PropertyValueSpecification\",\"valueRequired\":true,\"valueName\":\"search_term_string\"}}],\"inLanguage\":\"es\"}]}<\/script>\n<!-- \/ Yoast SEO plugin. -->","yoast_head_json":{"title":"Caj\u00f3n de persiana &#8211; Alphacan","description":"EST\u00c9TICA Y PRESTACIONES Las persianas se ajustan a cualquier contexto arquitect\u00f3nico, tanto al tradicional como al contempor\u00e1neo. Por est\u00e9tica y","robots":{"index":"index","follow":"follow","max-snippet":"max-snippet:-1","max-image-preview":"max-image-preview:large","max-video-preview":"max-video-preview:-1"},"canonical":"https:\/\/www.alphacan.com\/es\/carpinteria-francia\/mallorquinas-y-persianas\/cajon-de-persiana\/","og_locale":"es_ES","og_type":"article","og_title":"Caj\u00f3n de persiana &#8211; Alphacan","og_description":"EST\u00c9TICA Y PRESTACIONES Las persianas se ajustan a cualquier contexto arquitect\u00f3nico, tanto al tradicional como al contempor\u00e1neo. Por est\u00e9tica y","og_url":"https:\/\/www.alphacan.com\/es\/carpinteria-francia\/mallorquinas-y-persianas\/cajon-de-persiana\/","og_site_name":"Alphacan","article_modified_time":"2019-04-17T10:19:32+00:00","twitter_card":"summary_large_image","schema":{"@context":"https:\/\/schema.org","@graph":[{"@type":"WebPage","@id":"https:\/\/www.alphacan.com\/es\/carpinteria-francia\/mallorquinas-y-persianas\/cajon-de-persiana\/","url":"https:\/\/www.alphacan.com\/es\/carpinteria-francia\/mallorquinas-y-persianas\/cajon-de-persiana\/","name":"Caj\u00f3n de persiana &#8211; Alphacan","isPartOf":{"@id":"https:\/\/www.alphacan.com\/es\/#website"},"datePublished":"2019-01-16T18:04:04+00:00","dateModified":"2019-04-17T10:19:32+00:00","description":"EST\u00c9TICA Y PRESTACIONES Las persianas se ajustan a cualquier contexto arquitect\u00f3nico, tanto al tradicional como al contempor\u00e1neo. Por est\u00e9tica y","breadcrumb":{"@id":"https:\/\/www.alphacan.com\/es\/carpinteria-francia\/mallorquinas-y-persianas\/cajon-de-persiana\/#breadcrumb"},"inLanguage":"es","potentialAction":[{"@type":"ReadAction","target":["https:\/\/www.alphacan.com\/es\/carpinteria-francia\/mallorquinas-y-persianas\/cajon-de-persiana\/"]}]},{"@type":"BreadcrumbList","@id":"https:\/\/www.alphacan.com\/es\/carpinteria-francia\/mallorquinas-y-persianas\/cajon-de-persiana\/#breadcrumb","itemListElement":[{"@type":"ListItem","position":1,"name":"Accueil","item":"https:\/\/www.alphacan.com\/es\/"},{"@type":"ListItem","position":2,"name":"Carpinter\u00eda Francia","item":"https:\/\/www.alphacan.com\/es\/carpinteria-francia\/"},{"@type":"ListItem","position":3,"name":"Mallorquinas y persianas","item":"https:\/\/www.alphacan.com\/es\/carpinteria-francia\/mallorquinas-y-persianas\/"},{"@type":"ListItem","position":4,"name":"Caj\u00f3n de persiana"}]},{"@type":"WebSite","@id":"https:\/\/www.alphacan.com\/es\/#website","url":"https:\/\/www.alphacan.com\/es\/","name":"Alphacan","description":"Concepteur Menuiseries","potentialAction":[{"@type":"SearchAction","target":{"@type":"EntryPoint","urlTemplate":"https:\/\/www.alphacan.com\/es\/?s={search_term_string}"},"query-input":{"@type":"PropertyValueSpecification","valueRequired":true,"valueName":"search_term_string"}}],"inLanguage":"es"}]}},"_links":{"self":[{"href":"https:\/\/www.alphacan.com\/es\/wp-json\/wp\/v2\/pages\/4784","targetHints":{"allow":["GET"]}}],"collection":[{"href":"https:\/\/www.alphacan.com\/es\/wp-json\/wp\/v2\/pages"}],"about":[{"href":"https:\/\/www.alphacan.com\/es\/wp-json\/wp\/v2\/types\/page"}],"author":[{"embeddable":true,"href":"https:\/\/www.alphacan.com\/es\/wp-json\/wp\/v2\/users\/559"}],"replies":[{"embeddable":true,"href":"https:\/\/www.alphacan.com\/es\/wp-json\/wp\/v2\/comments?post=4784"}],"version-history":[{"count":5,"href":"https:\/\/www.alphacan.com\/es\/wp-json\/wp\/v2\/pages\/4784\/revisions"}],"predecessor-version":[{"id":6423,"href":"https:\/\/www.alphacan.com\/es\/wp-json\/wp\/v2\/pages\/4784\/revisions\/6423"}],"up":[{"embeddable":true,"href":"https:\/\/www.alphacan.com\/es\/wp-json\/wp\/v2\/pages\/4783"}],"wp:attachment":[{"href":"https:\/\/www.alphacan.com\/es\/wp-json\/wp\/v2\/media?parent=4784"}],"curies":[{"name":"wp","href":"https:\/\/api.w.org\/{rel}","templated":true}]}}