{"id":4793,"date":"2019-01-16T19:16:40","date_gmt":"2019-01-16T18:16:40","guid":{"rendered":"https:\/\/www.alphacan.com\/?page_id=4793"},"modified":"2019-04-12T12:02:57","modified_gmt":"2019-04-12T10:02:57","slug":"skin-decor","status":"publish","type":"page","link":"https:\/\/www.alphacan.com\/es\/carpinteria-francia\/acabados\/skin-decor\/","title":{"rendered":"Skin Decor"},"content":{"rendered":"<h2 dir=\"LTR\" style=\"text-align: justify;\" align=\"LEFT\">ACABADO EXTERIOR<\/h2>\n<p>La uni\u00f3n de un relieve \u00fanico con colores elegantes que perduran en el tiempo.<\/p>\n<p>SKIN DECOR es un acabado de PMMA, polimetilmetacrilato, o \u00abvidrio acr\u00edlico\u00bb. Un pol\u00edmero transparente con caracter\u00edsticas excepcionales, utilizado para diversas aplicaciones, como faros de autom\u00f3viles, se\u00f1ales luminosas, y vidrios para la industria n\u00e1utica y aeron\u00e1utica.<\/p>\n<p>El efecto granulado de este tipo de acabado se obtiene mediante un proceso patentado que consiste en agregar un granulado de micropart\u00edculas para aumentar la resistencia a las rayaduras y la durabilidad de la ventana.<\/p>\n<p>Combinando las indiscutibles prestaciones de la carpinter\u00eda de PVC con la creatividad del acabado SKIN DECOR, disfrutar\u00e1s de una fachada armoniosa, alegre y colorida.<\/p>\n","protected":false},"excerpt":{"rendered":"<p>ACABADO EXTERIOR La uni\u00f3n de un relieve \u00fanico con colores elegantes que perduran en el tiempo. SKIN DECOR es un acabado de PMMA, polimetilmetacrilato, o \u00abvidrio acr\u00edlico\u00bb. Un pol\u00edmero transparente con caracter\u00edsticas excepcionales, utilizado para diversas aplicaciones, como faros de autom\u00f3viles, se\u00f1ales luminosas, y vidrios para la industria n\u00e1utica y aeron\u00e1utica. El efecto granulado de [&hellip;]<\/p>\n","protected":false},"author":559,"featured_media":0,"parent":4786,"menu_order":3,"comment_status":"open","ping_status":"open","template":"","meta":{"_acf_changed":false,"footnotes":""},"class_list":["post-4793","page","type-page","status-publish","hentry"],"acf":[],"yoast_head":"<!-- This site is optimized with the Yoast SEO plugin v27.0 - https:\/\/yoast.com\/product\/yoast-seo-wordpress\/ -->\n<title>Skin Decor &#8211; Alphacan<\/title>\n<meta name=\"description\" content=\"ACABADO EXTERIOR La uni\u00f3n de un relieve \u00fanico con colores elegantes que perduran en el tiempo. SKIN DECOR es un acabado de PMMA, polimetilmetacrilato, o\" \/>\n<meta name=\"robots\" content=\"index, follow, max-snippet:-1, max-image-preview:large, max-video-preview:-1\" \/>\n<link rel=\"canonical\" href=\"https:\/\/www.alphacan.com\/es\/carpinteria-francia\/acabados\/skin-decor\/\" \/>\n<meta property=\"og:locale\" content=\"es_ES\" \/>\n<meta property=\"og:type\" content=\"article\" \/>\n<meta property=\"og:title\" content=\"Skin Decor &#8211; Alphacan\" \/>\n<meta property=\"og:description\" content=\"ACABADO EXTERIOR La uni\u00f3n de un relieve \u00fanico con colores elegantes que perduran en el tiempo. SKIN DECOR es un acabado de PMMA, polimetilmetacrilato, o\" \/>\n<meta property=\"og:url\" content=\"https:\/\/www.alphacan.com\/es\/carpinteria-francia\/acabados\/skin-decor\/\" \/>\n<meta property=\"og:site_name\" content=\"Alphacan\" \/>\n<meta property=\"article:modified_time\" content=\"2019-04-12T10:02:57+00:00\" \/>\n<meta name=\"twitter:card\" content=\"summary_large_image\" \/>\n<meta name=\"twitter:label1\" content=\"Tiempo de lectura\" \/>\n\t<meta name=\"twitter:data1\" content=\"1 minuto\" \/>\n<script type=\"application\/ld+json\" class=\"yoast-schema-graph\">{\"@context\":\"https:\/\/schema.org\",\"@graph\":[{\"@type\":\"WebPage\",\"@id\":\"https:\/\/www.alphacan.com\/es\/carpinteria-francia\/acabados\/skin-decor\/\",\"url\":\"https:\/\/www.alphacan.com\/es\/carpinteria-francia\/acabados\/skin-decor\/\",\"name\":\"Skin Decor &#8211; Alphacan\",\"isPartOf\":{\"@id\":\"https:\/\/www.alphacan.com\/es\/#website\"},\"datePublished\":\"2019-01-16T18:16:40+00:00\",\"dateModified\":\"2019-04-12T10:02:57+00:00\",\"description\":\"ACABADO EXTERIOR La uni\u00f3n de un relieve \u00fanico con colores elegantes que perduran en el tiempo. SKIN DECOR es un acabado de PMMA, polimetilmetacrilato, o\",\"breadcrumb\":{\"@id\":\"https:\/\/www.alphacan.com\/es\/carpinteria-francia\/acabados\/skin-decor\/#breadcrumb\"},\"inLanguage\":\"es\",\"potentialAction\":[{\"@type\":\"ReadAction\",\"target\":[\"https:\/\/www.alphacan.com\/es\/carpinteria-francia\/acabados\/skin-decor\/\"]}]},{\"@type\":\"BreadcrumbList\",\"@id\":\"https:\/\/www.alphacan.com\/es\/carpinteria-francia\/acabados\/skin-decor\/#breadcrumb\",\"itemListElement\":[{\"@type\":\"ListItem\",\"position\":1,\"name\":\"Accueil\",\"item\":\"https:\/\/www.alphacan.com\/es\/\"},{\"@type\":\"ListItem\",\"position\":2,\"name\":\"Carpinter\u00eda Francia\",\"item\":\"https:\/\/www.alphacan.com\/es\/carpinteria-francia\/\"},{\"@type\":\"ListItem\",\"position\":3,\"name\":\"Acabados\",\"item\":\"https:\/\/www.alphacan.com\/es\/carpinteria-francia\/acabados\/\"},{\"@type\":\"ListItem\",\"position\":4,\"name\":\"Skin Decor\"}]},{\"@type\":\"WebSite\",\"@id\":\"https:\/\/www.alphacan.com\/es\/#website\",\"url\":\"https:\/\/www.alphacan.com\/es\/\",\"name\":\"Alphacan\",\"description\":\"Concepteur Menuiseries\",\"potentialAction\":[{\"@type\":\"SearchAction\",\"target\":{\"@type\":\"EntryPoint\",\"urlTemplate\":\"https:\/\/www.alphacan.com\/es\/?s={search_term_string}\"},\"query-input\":{\"@type\":\"PropertyValueSpecification\",\"valueRequired\":true,\"valueName\":\"search_term_string\"}}],\"inLanguage\":\"es\"}]}<\/script>\n<!-- \/ Yoast SEO plugin. -->","yoast_head_json":{"title":"Skin Decor &#8211; Alphacan","description":"ACABADO EXTERIOR La uni\u00f3n de un relieve \u00fanico con colores elegantes que perduran en el tiempo. SKIN DECOR es un acabado de PMMA, polimetilmetacrilato, o","robots":{"index":"index","follow":"follow","max-snippet":"max-snippet:-1","max-image-preview":"max-image-preview:large","max-video-preview":"max-video-preview:-1"},"canonical":"https:\/\/www.alphacan.com\/es\/carpinteria-francia\/acabados\/skin-decor\/","og_locale":"es_ES","og_type":"article","og_title":"Skin Decor &#8211; Alphacan","og_description":"ACABADO EXTERIOR La uni\u00f3n de un relieve \u00fanico con colores elegantes que perduran en el tiempo. SKIN DECOR es un acabado de PMMA, polimetilmetacrilato, o","og_url":"https:\/\/www.alphacan.com\/es\/carpinteria-francia\/acabados\/skin-decor\/","og_site_name":"Alphacan","article_modified_time":"2019-04-12T10:02:57+00:00","twitter_card":"summary_large_image","twitter_misc":{"Tiempo de lectura":"1 minuto"},"schema":{"@context":"https:\/\/schema.org","@graph":[{"@type":"WebPage","@id":"https:\/\/www.alphacan.com\/es\/carpinteria-francia\/acabados\/skin-decor\/","url":"https:\/\/www.alphacan.com\/es\/carpinteria-francia\/acabados\/skin-decor\/","name":"Skin Decor &#8211; Alphacan","isPartOf":{"@id":"https:\/\/www.alphacan.com\/es\/#website"},"datePublished":"2019-01-16T18:16:40+00:00","dateModified":"2019-04-12T10:02:57+00:00","description":"ACABADO EXTERIOR La uni\u00f3n de un relieve \u00fanico con colores elegantes que perduran en el tiempo. SKIN DECOR es un acabado de PMMA, polimetilmetacrilato, o","breadcrumb":{"@id":"https:\/\/www.alphacan.com\/es\/carpinteria-francia\/acabados\/skin-decor\/#breadcrumb"},"inLanguage":"es","potentialAction":[{"@type":"ReadAction","target":["https:\/\/www.alphacan.com\/es\/carpinteria-francia\/acabados\/skin-decor\/"]}]},{"@type":"BreadcrumbList","@id":"https:\/\/www.alphacan.com\/es\/carpinteria-francia\/acabados\/skin-decor\/#breadcrumb","itemListElement":[{"@type":"ListItem","position":1,"name":"Accueil","item":"https:\/\/www.alphacan.com\/es\/"},{"@type":"ListItem","position":2,"name":"Carpinter\u00eda Francia","item":"https:\/\/www.alphacan.com\/es\/carpinteria-francia\/"},{"@type":"ListItem","position":3,"name":"Acabados","item":"https:\/\/www.alphacan.com\/es\/carpinteria-francia\/acabados\/"},{"@type":"ListItem","position":4,"name":"Skin Decor"}]},{"@type":"WebSite","@id":"https:\/\/www.alphacan.com\/es\/#website","url":"https:\/\/www.alphacan.com\/es\/","name":"Alphacan","description":"Concepteur Menuiseries","potentialAction":[{"@type":"SearchAction","target":{"@type":"EntryPoint","urlTemplate":"https:\/\/www.alphacan.com\/es\/?s={search_term_string}"},"query-input":{"@type":"PropertyValueSpecification","valueRequired":true,"valueName":"search_term_string"}}],"inLanguage":"es"}]}},"_links":{"self":[{"href":"https:\/\/www.alphacan.com\/es\/wp-json\/wp\/v2\/pages\/4793","targetHints":{"allow":["GET"]}}],"collection":[{"href":"https:\/\/www.alphacan.com\/es\/wp-json\/wp\/v2\/pages"}],"about":[{"href":"https:\/\/www.alphacan.com\/es\/wp-json\/wp\/v2\/types\/page"}],"author":[{"embeddable":true,"href":"https:\/\/www.alphacan.com\/es\/wp-json\/wp\/v2\/users\/559"}],"replies":[{"embeddable":true,"href":"https:\/\/www.alphacan.com\/es\/wp-json\/wp\/v2\/comments?post=4793"}],"version-history":[{"count":5,"href":"https:\/\/www.alphacan.com\/es\/wp-json\/wp\/v2\/pages\/4793\/revisions"}],"predecessor-version":[{"id":6208,"href":"https:\/\/www.alphacan.com\/es\/wp-json\/wp\/v2\/pages\/4793\/revisions\/6208"}],"up":[{"embeddable":true,"href":"https:\/\/www.alphacan.com\/es\/wp-json\/wp\/v2\/pages\/4786"}],"wp:attachment":[{"href":"https:\/\/www.alphacan.com\/es\/wp-json\/wp\/v2\/media?parent=4793"}],"curies":[{"name":"wp","href":"https:\/\/api.w.org\/{rel}","templated":true}]}}