{"id":4795,"date":"2019-01-16T19:25:54","date_gmt":"2019-01-16T18:25:54","guid":{"rendered":"https:\/\/www.alphacan.com\/?page_id=4795"},"modified":"2019-04-12T12:05:53","modified_gmt":"2019-04-12T10:05:53","slug":"espuma-de-poliuretano","status":"publish","type":"page","link":"https:\/\/www.alphacan.com\/es\/carpinteria-francia\/innovaciones-en-aislamiento-termico\/espuma-de-poliuretano\/","title":{"rendered":"Espuma de poliuretano"},"content":{"rendered":"<h2>LA INNOVACI\u00d3N EN AISLAMIENTO T\u00c9RMICO<\/h2>\n<p>Mediante la inyecci\u00f3n directa en la c\u00e1mara principal de perfiles fijos, abiertos y transversales, esta soluci\u00f3n proporciona una mejor eficiencia t\u00e9rmica.<\/p>\n<p>Gracias a sus extraordinarias propiedades mec\u00e1nicas, y a diferencia de otros aislantes, la espuma de poliuretano no cambia de forma con el tiempo, por lo que conserva todas las propiedades incluso despu\u00e9s de a\u00f1os desde su instalaci\u00f3n.<\/p>\n","protected":false},"excerpt":{"rendered":"<p>LA INNOVACI\u00d3N EN AISLAMIENTO T\u00c9RMICO Mediante la inyecci\u00f3n directa en la c\u00e1mara principal de perfiles fijos, abiertos y transversales, esta soluci\u00f3n proporciona una mejor eficiencia t\u00e9rmica. Gracias a sus extraordinarias propiedades mec\u00e1nicas, y a diferencia de otros aislantes, la espuma de poliuretano no cambia de forma con el tiempo, por lo que conserva todas las [&hellip;]<\/p>\n","protected":false},"author":559,"featured_media":0,"parent":4794,"menu_order":1,"comment_status":"closed","ping_status":"closed","template":"","meta":{"_acf_changed":false,"footnotes":""},"class_list":["post-4795","page","type-page","status-publish","hentry"],"acf":[],"yoast_head":"<!-- This site is optimized with the Yoast SEO plugin v27.0 - https:\/\/yoast.com\/product\/yoast-seo-wordpress\/ -->\n<title>Espuma de poliuretano &#8211; Alphacan<\/title>\n<meta name=\"description\" content=\"LA INNOVACI\u00d3N EN AISLAMIENTO T\u00c9RMICO Mediante la inyecci\u00f3n directa en la c\u00e1mara principal de perfiles fijos, abiertos y transversales, esta soluci\u00f3n\" \/>\n<meta name=\"robots\" content=\"index, follow, max-snippet:-1, max-image-preview:large, max-video-preview:-1\" \/>\n<link rel=\"canonical\" href=\"https:\/\/www.alphacan.com\/es\/carpinteria-francia\/innovaciones-en-aislamiento-termico\/espuma-de-poliuretano\/\" \/>\n<meta property=\"og:locale\" content=\"es_ES\" \/>\n<meta property=\"og:type\" content=\"article\" \/>\n<meta property=\"og:title\" content=\"Espuma de poliuretano &#8211; Alphacan\" \/>\n<meta property=\"og:description\" content=\"LA INNOVACI\u00d3N EN AISLAMIENTO T\u00c9RMICO Mediante la inyecci\u00f3n directa en la c\u00e1mara principal de perfiles fijos, abiertos y transversales, esta soluci\u00f3n\" \/>\n<meta property=\"og:url\" content=\"https:\/\/www.alphacan.com\/es\/carpinteria-francia\/innovaciones-en-aislamiento-termico\/espuma-de-poliuretano\/\" \/>\n<meta property=\"og:site_name\" content=\"Alphacan\" \/>\n<meta property=\"article:modified_time\" content=\"2019-04-12T10:05:53+00:00\" \/>\n<meta name=\"twitter:card\" content=\"summary_large_image\" \/>\n<script type=\"application\/ld+json\" class=\"yoast-schema-graph\">{\"@context\":\"https:\/\/schema.org\",\"@graph\":[{\"@type\":\"WebPage\",\"@id\":\"https:\/\/www.alphacan.com\/es\/carpinteria-francia\/innovaciones-en-aislamiento-termico\/espuma-de-poliuretano\/\",\"url\":\"https:\/\/www.alphacan.com\/es\/carpinteria-francia\/innovaciones-en-aislamiento-termico\/espuma-de-poliuretano\/\",\"name\":\"Espuma de poliuretano &#8211; Alphacan\",\"isPartOf\":{\"@id\":\"https:\/\/www.alphacan.com\/es\/#website\"},\"datePublished\":\"2019-01-16T18:25:54+00:00\",\"dateModified\":\"2019-04-12T10:05:53+00:00\",\"description\":\"LA INNOVACI\u00d3N EN AISLAMIENTO T\u00c9RMICO Mediante la inyecci\u00f3n directa en la c\u00e1mara principal de perfiles fijos, abiertos y transversales, esta soluci\u00f3n\",\"breadcrumb\":{\"@id\":\"https:\/\/www.alphacan.com\/es\/carpinteria-francia\/innovaciones-en-aislamiento-termico\/espuma-de-poliuretano\/#breadcrumb\"},\"inLanguage\":\"es\",\"potentialAction\":[{\"@type\":\"ReadAction\",\"target\":[\"https:\/\/www.alphacan.com\/es\/carpinteria-francia\/innovaciones-en-aislamiento-termico\/espuma-de-poliuretano\/\"]}]},{\"@type\":\"BreadcrumbList\",\"@id\":\"https:\/\/www.alphacan.com\/es\/carpinteria-francia\/innovaciones-en-aislamiento-termico\/espuma-de-poliuretano\/#breadcrumb\",\"itemListElement\":[{\"@type\":\"ListItem\",\"position\":1,\"name\":\"Accueil\",\"item\":\"https:\/\/www.alphacan.com\/es\/\"},{\"@type\":\"ListItem\",\"position\":2,\"name\":\"Carpinter\u00eda Francia\",\"item\":\"https:\/\/www.alphacan.com\/es\/carpinteria-francia\/\"},{\"@type\":\"ListItem\",\"position\":3,\"name\":\"La innovaci\u00f3n en aislamiento t\u00e9rmico\",\"item\":\"https:\/\/www.alphacan.com\/es\/carpinteria-francia\/innovaciones-en-aislamiento-termico\/\"},{\"@type\":\"ListItem\",\"position\":4,\"name\":\"Espuma de poliuretano\"}]},{\"@type\":\"WebSite\",\"@id\":\"https:\/\/www.alphacan.com\/es\/#website\",\"url\":\"https:\/\/www.alphacan.com\/es\/\",\"name\":\"Alphacan\",\"description\":\"Concepteur Menuiseries\",\"potentialAction\":[{\"@type\":\"SearchAction\",\"target\":{\"@type\":\"EntryPoint\",\"urlTemplate\":\"https:\/\/www.alphacan.com\/es\/?s={search_term_string}\"},\"query-input\":{\"@type\":\"PropertyValueSpecification\",\"valueRequired\":true,\"valueName\":\"search_term_string\"}}],\"inLanguage\":\"es\"}]}<\/script>\n<!-- \/ Yoast SEO plugin. -->","yoast_head_json":{"title":"Espuma de poliuretano &#8211; Alphacan","description":"LA INNOVACI\u00d3N EN AISLAMIENTO T\u00c9RMICO Mediante la inyecci\u00f3n directa en la c\u00e1mara principal de perfiles fijos, abiertos y transversales, esta soluci\u00f3n","robots":{"index":"index","follow":"follow","max-snippet":"max-snippet:-1","max-image-preview":"max-image-preview:large","max-video-preview":"max-video-preview:-1"},"canonical":"https:\/\/www.alphacan.com\/es\/carpinteria-francia\/innovaciones-en-aislamiento-termico\/espuma-de-poliuretano\/","og_locale":"es_ES","og_type":"article","og_title":"Espuma de poliuretano &#8211; Alphacan","og_description":"LA INNOVACI\u00d3N EN AISLAMIENTO T\u00c9RMICO Mediante la inyecci\u00f3n directa en la c\u00e1mara principal de perfiles fijos, abiertos y transversales, esta soluci\u00f3n","og_url":"https:\/\/www.alphacan.com\/es\/carpinteria-francia\/innovaciones-en-aislamiento-termico\/espuma-de-poliuretano\/","og_site_name":"Alphacan","article_modified_time":"2019-04-12T10:05:53+00:00","twitter_card":"summary_large_image","schema":{"@context":"https:\/\/schema.org","@graph":[{"@type":"WebPage","@id":"https:\/\/www.alphacan.com\/es\/carpinteria-francia\/innovaciones-en-aislamiento-termico\/espuma-de-poliuretano\/","url":"https:\/\/www.alphacan.com\/es\/carpinteria-francia\/innovaciones-en-aislamiento-termico\/espuma-de-poliuretano\/","name":"Espuma de poliuretano &#8211; Alphacan","isPartOf":{"@id":"https:\/\/www.alphacan.com\/es\/#website"},"datePublished":"2019-01-16T18:25:54+00:00","dateModified":"2019-04-12T10:05:53+00:00","description":"LA INNOVACI\u00d3N EN AISLAMIENTO T\u00c9RMICO Mediante la inyecci\u00f3n directa en la c\u00e1mara principal de perfiles fijos, abiertos y transversales, esta soluci\u00f3n","breadcrumb":{"@id":"https:\/\/www.alphacan.com\/es\/carpinteria-francia\/innovaciones-en-aislamiento-termico\/espuma-de-poliuretano\/#breadcrumb"},"inLanguage":"es","potentialAction":[{"@type":"ReadAction","target":["https:\/\/www.alphacan.com\/es\/carpinteria-francia\/innovaciones-en-aislamiento-termico\/espuma-de-poliuretano\/"]}]},{"@type":"BreadcrumbList","@id":"https:\/\/www.alphacan.com\/es\/carpinteria-francia\/innovaciones-en-aislamiento-termico\/espuma-de-poliuretano\/#breadcrumb","itemListElement":[{"@type":"ListItem","position":1,"name":"Accueil","item":"https:\/\/www.alphacan.com\/es\/"},{"@type":"ListItem","position":2,"name":"Carpinter\u00eda Francia","item":"https:\/\/www.alphacan.com\/es\/carpinteria-francia\/"},{"@type":"ListItem","position":3,"name":"La innovaci\u00f3n en aislamiento t\u00e9rmico","item":"https:\/\/www.alphacan.com\/es\/carpinteria-francia\/innovaciones-en-aislamiento-termico\/"},{"@type":"ListItem","position":4,"name":"Espuma de poliuretano"}]},{"@type":"WebSite","@id":"https:\/\/www.alphacan.com\/es\/#website","url":"https:\/\/www.alphacan.com\/es\/","name":"Alphacan","description":"Concepteur Menuiseries","potentialAction":[{"@type":"SearchAction","target":{"@type":"EntryPoint","urlTemplate":"https:\/\/www.alphacan.com\/es\/?s={search_term_string}"},"query-input":{"@type":"PropertyValueSpecification","valueRequired":true,"valueName":"search_term_string"}}],"inLanguage":"es"}]}},"_links":{"self":[{"href":"https:\/\/www.alphacan.com\/es\/wp-json\/wp\/v2\/pages\/4795","targetHints":{"allow":["GET"]}}],"collection":[{"href":"https:\/\/www.alphacan.com\/es\/wp-json\/wp\/v2\/pages"}],"about":[{"href":"https:\/\/www.alphacan.com\/es\/wp-json\/wp\/v2\/types\/page"}],"author":[{"embeddable":true,"href":"https:\/\/www.alphacan.com\/es\/wp-json\/wp\/v2\/users\/559"}],"replies":[{"embeddable":true,"href":"https:\/\/www.alphacan.com\/es\/wp-json\/wp\/v2\/comments?post=4795"}],"version-history":[{"count":5,"href":"https:\/\/www.alphacan.com\/es\/wp-json\/wp\/v2\/pages\/4795\/revisions"}],"predecessor-version":[{"id":6210,"href":"https:\/\/www.alphacan.com\/es\/wp-json\/wp\/v2\/pages\/4795\/revisions\/6210"}],"up":[{"embeddable":true,"href":"https:\/\/www.alphacan.com\/es\/wp-json\/wp\/v2\/pages\/4794"}],"wp:attachment":[{"href":"https:\/\/www.alphacan.com\/es\/wp-json\/wp\/v2\/media?parent=4795"}],"curies":[{"name":"wp","href":"https:\/\/api.w.org\/{rel}","templated":true}]}}