{"id":4797,"date":"2019-01-16T19:32:48","date_gmt":"2019-01-16T18:32:48","guid":{"rendered":"https:\/\/www.alphacan.com\/?page_id=4797"},"modified":"2022-09-21T11:48:08","modified_gmt":"2022-09-21T09:48:08","slug":"perfiles-especificos","status":"publish","type":"page","link":"https:\/\/www.alphacan.com\/es\/perfiles-especificos\/","title":{"rendered":"PERFILES POR ENCARGO"},"content":{"rendered":"<h2>PRODUCCI\u00f3N A MEDIDA<\/h2>\n<p>Alphacan est\u00e1 especializada en el dise\u00f1o y extrusi\u00f3n de perfiles industriales. Su dominio de las t\u00e9cnicas de extrusi\u00f3n de diferentes materiales abre perspectivas nuevas y originales.<\/p>\n<p>Los dise\u00f1adores dentro de Alphacan trabajan en estrecha colaboraci\u00f3n con proveedores y laboratorios externos para desarrollar nuevos materiales y satisfacer las necesidades m\u00e1s espec\u00edficas de los clientes.<\/p>\n<p>Alphacan cumple con las normas ISO 9001-2015, y su producci\u00f3n est\u00e1 supervisada por el Laboratorio Nacional de Certificaciones (LNE) y el CSTB.<\/p>\n<p>Conf\u00edanos tu proyecto <a href=\"mailto:industrie@alphaprogroupe.com\">contactando con nuestros equipos.<\/a><\/p>\n","protected":false},"excerpt":{"rendered":"<p>PRODUCCI\u00f3N A MEDIDA Alphacan est\u00e1 especializada en el dise\u00f1o y extrusi\u00f3n de perfiles industriales. Su dominio de las t\u00e9cnicas de extrusi\u00f3n de diferentes materiales abre perspectivas nuevas y originales. Los dise\u00f1adores dentro de Alphacan trabajan en estrecha colaboraci\u00f3n con proveedores y laboratorios externos para desarrollar nuevos materiales y satisfacer las necesidades m\u00e1s espec\u00edficas de los [&hellip;]<\/p>\n","protected":false},"author":559,"featured_media":0,"parent":0,"menu_order":0,"comment_status":"closed","ping_status":"closed","template":"","meta":{"_acf_changed":false,"footnotes":""},"class_list":["post-4797","page","type-page","status-publish","hentry"],"acf":[],"yoast_head":"<!-- This site is optimized with the Yoast SEO plugin v27.0 - https:\/\/yoast.com\/product\/yoast-seo-wordpress\/ -->\n<title>PERFILES POR ENCARGO &#8211; Alphacan<\/title>\n<meta name=\"description\" content=\"PRODUCCI\u00f3N A MEDIDA Alphacan est\u00e1 especializada en el dise\u00f1o y extrusi\u00f3n de perfiles industriales. Su dominio de las t\u00e9cnicas de extrusi\u00f3n de diferentes\" \/>\n<meta name=\"robots\" content=\"index, follow, max-snippet:-1, max-image-preview:large, max-video-preview:-1\" \/>\n<link rel=\"canonical\" href=\"https:\/\/www.alphacan.com\/es\/perfiles-especificos\/\" \/>\n<meta property=\"og:locale\" content=\"es_ES\" \/>\n<meta property=\"og:type\" content=\"article\" \/>\n<meta property=\"og:title\" content=\"PERFILES POR ENCARGO &#8211; Alphacan\" \/>\n<meta property=\"og:description\" content=\"PRODUCCI\u00f3N A MEDIDA Alphacan est\u00e1 especializada en el dise\u00f1o y extrusi\u00f3n de perfiles industriales. Su dominio de las t\u00e9cnicas de extrusi\u00f3n de diferentes\" \/>\n<meta property=\"og:url\" content=\"https:\/\/www.alphacan.com\/es\/perfiles-especificos\/\" \/>\n<meta property=\"og:site_name\" content=\"Alphacan\" \/>\n<meta property=\"article:modified_time\" content=\"2022-09-21T09:48:08+00:00\" \/>\n<meta name=\"twitter:card\" content=\"summary_large_image\" \/>\n<script type=\"application\/ld+json\" class=\"yoast-schema-graph\">{\"@context\":\"https:\/\/schema.org\",\"@graph\":[{\"@type\":\"WebPage\",\"@id\":\"https:\/\/www.alphacan.com\/es\/perfiles-especificos\/\",\"url\":\"https:\/\/www.alphacan.com\/es\/perfiles-especificos\/\",\"name\":\"PERFILES POR ENCARGO &#8211; Alphacan\",\"isPartOf\":{\"@id\":\"https:\/\/www.alphacan.com\/es\/#website\"},\"datePublished\":\"2019-01-16T18:32:48+00:00\",\"dateModified\":\"2022-09-21T09:48:08+00:00\",\"description\":\"PRODUCCI\u00f3N A MEDIDA Alphacan est\u00e1 especializada en el dise\u00f1o y extrusi\u00f3n de perfiles industriales. Su dominio de las t\u00e9cnicas de extrusi\u00f3n de diferentes\",\"breadcrumb\":{\"@id\":\"https:\/\/www.alphacan.com\/es\/perfiles-especificos\/#breadcrumb\"},\"inLanguage\":\"es\",\"potentialAction\":[{\"@type\":\"ReadAction\",\"target\":[\"https:\/\/www.alphacan.com\/es\/perfiles-especificos\/\"]}]},{\"@type\":\"BreadcrumbList\",\"@id\":\"https:\/\/www.alphacan.com\/es\/perfiles-especificos\/#breadcrumb\",\"itemListElement\":[{\"@type\":\"ListItem\",\"position\":1,\"name\":\"Accueil\",\"item\":\"https:\/\/www.alphacan.com\/es\/\"},{\"@type\":\"ListItem\",\"position\":2,\"name\":\"PERFILES POR ENCARGO\"}]},{\"@type\":\"WebSite\",\"@id\":\"https:\/\/www.alphacan.com\/es\/#website\",\"url\":\"https:\/\/www.alphacan.com\/es\/\",\"name\":\"Alphacan\",\"description\":\"Concepteur Menuiseries\",\"potentialAction\":[{\"@type\":\"SearchAction\",\"target\":{\"@type\":\"EntryPoint\",\"urlTemplate\":\"https:\/\/www.alphacan.com\/es\/?s={search_term_string}\"},\"query-input\":{\"@type\":\"PropertyValueSpecification\",\"valueRequired\":true,\"valueName\":\"search_term_string\"}}],\"inLanguage\":\"es\"}]}<\/script>\n<!-- \/ Yoast SEO plugin. -->","yoast_head_json":{"title":"PERFILES POR ENCARGO &#8211; Alphacan","description":"PRODUCCI\u00f3N A MEDIDA Alphacan est\u00e1 especializada en el dise\u00f1o y extrusi\u00f3n de perfiles industriales. Su dominio de las t\u00e9cnicas de extrusi\u00f3n de diferentes","robots":{"index":"index","follow":"follow","max-snippet":"max-snippet:-1","max-image-preview":"max-image-preview:large","max-video-preview":"max-video-preview:-1"},"canonical":"https:\/\/www.alphacan.com\/es\/perfiles-especificos\/","og_locale":"es_ES","og_type":"article","og_title":"PERFILES POR ENCARGO &#8211; Alphacan","og_description":"PRODUCCI\u00f3N A MEDIDA Alphacan est\u00e1 especializada en el dise\u00f1o y extrusi\u00f3n de perfiles industriales. Su dominio de las t\u00e9cnicas de extrusi\u00f3n de diferentes","og_url":"https:\/\/www.alphacan.com\/es\/perfiles-especificos\/","og_site_name":"Alphacan","article_modified_time":"2022-09-21T09:48:08+00:00","twitter_card":"summary_large_image","schema":{"@context":"https:\/\/schema.org","@graph":[{"@type":"WebPage","@id":"https:\/\/www.alphacan.com\/es\/perfiles-especificos\/","url":"https:\/\/www.alphacan.com\/es\/perfiles-especificos\/","name":"PERFILES POR ENCARGO &#8211; Alphacan","isPartOf":{"@id":"https:\/\/www.alphacan.com\/es\/#website"},"datePublished":"2019-01-16T18:32:48+00:00","dateModified":"2022-09-21T09:48:08+00:00","description":"PRODUCCI\u00f3N A MEDIDA Alphacan est\u00e1 especializada en el dise\u00f1o y extrusi\u00f3n de perfiles industriales. Su dominio de las t\u00e9cnicas de extrusi\u00f3n de diferentes","breadcrumb":{"@id":"https:\/\/www.alphacan.com\/es\/perfiles-especificos\/#breadcrumb"},"inLanguage":"es","potentialAction":[{"@type":"ReadAction","target":["https:\/\/www.alphacan.com\/es\/perfiles-especificos\/"]}]},{"@type":"BreadcrumbList","@id":"https:\/\/www.alphacan.com\/es\/perfiles-especificos\/#breadcrumb","itemListElement":[{"@type":"ListItem","position":1,"name":"Accueil","item":"https:\/\/www.alphacan.com\/es\/"},{"@type":"ListItem","position":2,"name":"PERFILES POR ENCARGO"}]},{"@type":"WebSite","@id":"https:\/\/www.alphacan.com\/es\/#website","url":"https:\/\/www.alphacan.com\/es\/","name":"Alphacan","description":"Concepteur Menuiseries","potentialAction":[{"@type":"SearchAction","target":{"@type":"EntryPoint","urlTemplate":"https:\/\/www.alphacan.com\/es\/?s={search_term_string}"},"query-input":{"@type":"PropertyValueSpecification","valueRequired":true,"valueName":"search_term_string"}}],"inLanguage":"es"}]}},"_links":{"self":[{"href":"https:\/\/www.alphacan.com\/es\/wp-json\/wp\/v2\/pages\/4797","targetHints":{"allow":["GET"]}}],"collection":[{"href":"https:\/\/www.alphacan.com\/es\/wp-json\/wp\/v2\/pages"}],"about":[{"href":"https:\/\/www.alphacan.com\/es\/wp-json\/wp\/v2\/types\/page"}],"author":[{"embeddable":true,"href":"https:\/\/www.alphacan.com\/es\/wp-json\/wp\/v2\/users\/559"}],"replies":[{"embeddable":true,"href":"https:\/\/www.alphacan.com\/es\/wp-json\/wp\/v2\/comments?post=4797"}],"version-history":[{"count":5,"href":"https:\/\/www.alphacan.com\/es\/wp-json\/wp\/v2\/pages\/4797\/revisions"}],"predecessor-version":[{"id":7079,"href":"https:\/\/www.alphacan.com\/es\/wp-json\/wp\/v2\/pages\/4797\/revisions\/7079"}],"wp:attachment":[{"href":"https:\/\/www.alphacan.com\/es\/wp-json\/wp\/v2\/media?parent=4797"}],"curies":[{"name":"wp","href":"https:\/\/api.w.org\/{rel}","templated":true}]}}