{"id":4800,"date":"2019-01-16T19:41:36","date_gmt":"2019-01-16T18:41:36","guid":{"rendered":"https:\/\/www.alphacan.com\/?page_id=4800"},"modified":"2019-03-22T15:00:14","modified_gmt":"2019-03-22T14:00:14","slug":"carpinteria-italia","status":"publish","type":"page","link":"https:\/\/www.alphacan.com\/es\/carpinteria-italia\/","title":{"rendered":"Carpinter\u00eda Italia"},"content":{"rendered":"<h2>Un socio innovador<\/h2>\n<p>Los productos Alphacan, utilizados en reformas o en obras de nueva construcci\u00f3n, reducen dr\u00e1sticamente los costos de mantenimiento y, al mismo tiempo, garantizan un rendimiento perfecto.<\/p>\n<p>Reciclable al 100%, el PVC garantiza el mejor aislamiento t\u00e9rmico y ac\u00fastico en el mercado de ventanas y cerramientos. Adem\u00e1s, se trata de un material innovador y que se ajusta a los est\u00e1ndares de Edificios de Bajo Consumo (BBC).<\/p>\n<p>Hoy en d\u00eda, el PVC ampl\u00eda su gama de acabados y se adapta a las decoraciones de fachadas e interiores: de esta forma, la carpinter\u00eda y los cerramientos contribuyen a la decoraci\u00f3n y garantizan tu seguridad y bienestar todos los d\u00edas.<\/p>\n","protected":false},"excerpt":{"rendered":"<p>Un socio innovador Los productos Alphacan, utilizados en reformas o en obras de nueva construcci\u00f3n, reducen dr\u00e1sticamente los costos de mantenimiento y, al mismo tiempo, garantizan un rendimiento perfecto. Reciclable al 100%, el PVC garantiza el mejor aislamiento t\u00e9rmico y ac\u00fastico en el mercado de ventanas y cerramientos. Adem\u00e1s, se trata de un material innovador [&hellip;]<\/p>\n","protected":false},"author":559,"featured_media":0,"parent":0,"menu_order":2,"comment_status":"closed","ping_status":"closed","template":"","meta":{"_acf_changed":false,"footnotes":""},"class_list":["post-4800","page","type-page","status-publish","hentry"],"acf":[],"yoast_head":"<!-- This site is optimized with the Yoast SEO plugin v27.0 - https:\/\/yoast.com\/product\/yoast-seo-wordpress\/ -->\n<title>Carpinter\u00eda Italia &#8211; Alphacan<\/title>\n<meta name=\"description\" content=\"Un socio innovador Los productos Alphacan, utilizados en reformas o en obras de nueva construcci\u00f3n, reducen dr\u00e1sticamente los costos de mantenimiento y,\" \/>\n<meta name=\"robots\" content=\"index, follow, max-snippet:-1, max-image-preview:large, max-video-preview:-1\" \/>\n<link rel=\"canonical\" href=\"https:\/\/www.alphacan.com\/es\/carpinteria-italia\/\" \/>\n<meta property=\"og:locale\" content=\"es_ES\" \/>\n<meta property=\"og:type\" content=\"article\" \/>\n<meta property=\"og:title\" content=\"Carpinter\u00eda Italia &#8211; Alphacan\" \/>\n<meta property=\"og:description\" content=\"Un socio innovador Los productos Alphacan, utilizados en reformas o en obras de nueva construcci\u00f3n, reducen dr\u00e1sticamente los costos de mantenimiento y,\" \/>\n<meta property=\"og:url\" content=\"https:\/\/www.alphacan.com\/es\/carpinteria-italia\/\" \/>\n<meta property=\"og:site_name\" content=\"Alphacan\" \/>\n<meta property=\"article:modified_time\" content=\"2019-03-22T14:00:14+00:00\" \/>\n<meta name=\"twitter:card\" content=\"summary_large_image\" \/>\n<meta name=\"twitter:label1\" content=\"Tiempo de lectura\" \/>\n\t<meta name=\"twitter:data1\" content=\"1 minuto\" \/>\n<script type=\"application\/ld+json\" class=\"yoast-schema-graph\">{\"@context\":\"https:\/\/schema.org\",\"@graph\":[{\"@type\":\"WebPage\",\"@id\":\"https:\/\/www.alphacan.com\/es\/carpinteria-italia\/\",\"url\":\"https:\/\/www.alphacan.com\/es\/carpinteria-italia\/\",\"name\":\"Carpinter\u00eda Italia &#8211; Alphacan\",\"isPartOf\":{\"@id\":\"https:\/\/www.alphacan.com\/es\/#website\"},\"datePublished\":\"2019-01-16T18:41:36+00:00\",\"dateModified\":\"2019-03-22T14:00:14+00:00\",\"description\":\"Un socio innovador Los productos Alphacan, utilizados en reformas o en obras de nueva construcci\u00f3n, reducen dr\u00e1sticamente los costos de mantenimiento y,\",\"breadcrumb\":{\"@id\":\"https:\/\/www.alphacan.com\/es\/carpinteria-italia\/#breadcrumb\"},\"inLanguage\":\"es\",\"potentialAction\":[{\"@type\":\"ReadAction\",\"target\":[\"https:\/\/www.alphacan.com\/es\/carpinteria-italia\/\"]}]},{\"@type\":\"BreadcrumbList\",\"@id\":\"https:\/\/www.alphacan.com\/es\/carpinteria-italia\/#breadcrumb\",\"itemListElement\":[{\"@type\":\"ListItem\",\"position\":1,\"name\":\"Accueil\",\"item\":\"https:\/\/www.alphacan.com\/es\/\"},{\"@type\":\"ListItem\",\"position\":2,\"name\":\"Carpinter\u00eda Italia\"}]},{\"@type\":\"WebSite\",\"@id\":\"https:\/\/www.alphacan.com\/es\/#website\",\"url\":\"https:\/\/www.alphacan.com\/es\/\",\"name\":\"Alphacan\",\"description\":\"Concepteur Menuiseries\",\"potentialAction\":[{\"@type\":\"SearchAction\",\"target\":{\"@type\":\"EntryPoint\",\"urlTemplate\":\"https:\/\/www.alphacan.com\/es\/?s={search_term_string}\"},\"query-input\":{\"@type\":\"PropertyValueSpecification\",\"valueRequired\":true,\"valueName\":\"search_term_string\"}}],\"inLanguage\":\"es\"}]}<\/script>\n<!-- \/ Yoast SEO plugin. -->","yoast_head_json":{"title":"Carpinter\u00eda Italia &#8211; Alphacan","description":"Un socio innovador Los productos Alphacan, utilizados en reformas o en obras de nueva construcci\u00f3n, reducen dr\u00e1sticamente los costos de mantenimiento y,","robots":{"index":"index","follow":"follow","max-snippet":"max-snippet:-1","max-image-preview":"max-image-preview:large","max-video-preview":"max-video-preview:-1"},"canonical":"https:\/\/www.alphacan.com\/es\/carpinteria-italia\/","og_locale":"es_ES","og_type":"article","og_title":"Carpinter\u00eda Italia &#8211; Alphacan","og_description":"Un socio innovador Los productos Alphacan, utilizados en reformas o en obras de nueva construcci\u00f3n, reducen dr\u00e1sticamente los costos de mantenimiento y,","og_url":"https:\/\/www.alphacan.com\/es\/carpinteria-italia\/","og_site_name":"Alphacan","article_modified_time":"2019-03-22T14:00:14+00:00","twitter_card":"summary_large_image","twitter_misc":{"Tiempo de lectura":"1 minuto"},"schema":{"@context":"https:\/\/schema.org","@graph":[{"@type":"WebPage","@id":"https:\/\/www.alphacan.com\/es\/carpinteria-italia\/","url":"https:\/\/www.alphacan.com\/es\/carpinteria-italia\/","name":"Carpinter\u00eda Italia &#8211; Alphacan","isPartOf":{"@id":"https:\/\/www.alphacan.com\/es\/#website"},"datePublished":"2019-01-16T18:41:36+00:00","dateModified":"2019-03-22T14:00:14+00:00","description":"Un socio innovador Los productos Alphacan, utilizados en reformas o en obras de nueva construcci\u00f3n, reducen dr\u00e1sticamente los costos de mantenimiento y,","breadcrumb":{"@id":"https:\/\/www.alphacan.com\/es\/carpinteria-italia\/#breadcrumb"},"inLanguage":"es","potentialAction":[{"@type":"ReadAction","target":["https:\/\/www.alphacan.com\/es\/carpinteria-italia\/"]}]},{"@type":"BreadcrumbList","@id":"https:\/\/www.alphacan.com\/es\/carpinteria-italia\/#breadcrumb","itemListElement":[{"@type":"ListItem","position":1,"name":"Accueil","item":"https:\/\/www.alphacan.com\/es\/"},{"@type":"ListItem","position":2,"name":"Carpinter\u00eda Italia"}]},{"@type":"WebSite","@id":"https:\/\/www.alphacan.com\/es\/#website","url":"https:\/\/www.alphacan.com\/es\/","name":"Alphacan","description":"Concepteur Menuiseries","potentialAction":[{"@type":"SearchAction","target":{"@type":"EntryPoint","urlTemplate":"https:\/\/www.alphacan.com\/es\/?s={search_term_string}"},"query-input":{"@type":"PropertyValueSpecification","valueRequired":true,"valueName":"search_term_string"}}],"inLanguage":"es"}]}},"_links":{"self":[{"href":"https:\/\/www.alphacan.com\/es\/wp-json\/wp\/v2\/pages\/4800","targetHints":{"allow":["GET"]}}],"collection":[{"href":"https:\/\/www.alphacan.com\/es\/wp-json\/wp\/v2\/pages"}],"about":[{"href":"https:\/\/www.alphacan.com\/es\/wp-json\/wp\/v2\/types\/page"}],"author":[{"embeddable":true,"href":"https:\/\/www.alphacan.com\/es\/wp-json\/wp\/v2\/users\/559"}],"replies":[{"embeddable":true,"href":"https:\/\/www.alphacan.com\/es\/wp-json\/wp\/v2\/comments?post=4800"}],"version-history":[{"count":4,"href":"https:\/\/www.alphacan.com\/es\/wp-json\/wp\/v2\/pages\/4800\/revisions"}],"predecessor-version":[{"id":5889,"href":"https:\/\/www.alphacan.com\/es\/wp-json\/wp\/v2\/pages\/4800\/revisions\/5889"}],"wp:attachment":[{"href":"https:\/\/www.alphacan.com\/es\/wp-json\/wp\/v2\/media?parent=4800"}],"curies":[{"name":"wp","href":"https:\/\/api.w.org\/{rel}","templated":true}]}}