{"id":4965,"date":"2019-01-16T20:16:25","date_gmt":"2019-01-16T19:16:25","guid":{"rendered":"https:\/\/www.alphacan.com\/?page_id=4965"},"modified":"2019-04-16T17:57:45","modified_gmt":"2019-04-16T15:57:45","slug":"inalpha-prestigio","status":"publish","type":"page","link":"https:\/\/www.alphacan.com\/es\/carpinteria-italia\/ventanas\/inalpha-prestigio\/","title":{"rendered":"In&#8217;Alpha Prestigio"},"content":{"rendered":"<h2>GAMA \u201cMADE IN ITALY\u201d<\/h2>\n<p>IN&#8217;ALPHA PRESTIGIO es el resultado de la combinaci\u00f3n de la eficacia de la carpinter\u00eda ALPHACAN y el dise\u00f1o italiano. Esta gama presta especial atenci\u00f3n a los detalles: por ejemplo, el color de las juntas coincide con el color de la superficie del perfil.<\/p>\n<p>Gracias al particular dise\u00f1o geometr\u00edco de los perfiles, se garantizan \u00f3ptimas pretaciones de impermeabilidad frente a la intemperie.<\/p>\n<p>&nbsp;<\/p>\n<p><a href=\"https:\/\/www.alphacan.com\/wp-content\/uploads\/2017\/11\/typologie-fabrication-in-alpha.jpg\"><img loading=\"lazy\" decoding=\"async\" class=\"alignleft wp-image-2333 \" src=\"https:\/\/www.alphacan.com\/wp-content\/uploads\/2017\/11\/typologie-fabrication-in-alpha-1024x130.jpg\" alt=\"\" width=\"827\" height=\"105\" srcset=\"https:\/\/www.alphacan.com\/wp-content\/uploads\/2017\/11\/typologie-fabrication-in-alpha-1024x130.jpg 1024w, https:\/\/www.alphacan.com\/wp-content\/uploads\/2017\/11\/typologie-fabrication-in-alpha-300x38.jpg 300w, https:\/\/www.alphacan.com\/wp-content\/uploads\/2017\/11\/typologie-fabrication-in-alpha-768x97.jpg 768w, https:\/\/www.alphacan.com\/wp-content\/uploads\/2017\/11\/typologie-fabrication-in-alpha.jpg 1491w\" sizes=\"auto, (max-width: 827px) 100vw, 827px\" \/><\/a><\/p>\n<p>&nbsp;<\/p>\n<p>&nbsp;<\/p>\n<p>&nbsp;<\/p>\n","protected":false},"excerpt":{"rendered":"<p>GAMA \u201cMADE IN ITALY\u201d IN&#8217;ALPHA PRESTIGIO es el resultado de la combinaci\u00f3n de la eficacia de la carpinter\u00eda ALPHACAN y el dise\u00f1o italiano. Esta gama presta especial atenci\u00f3n a los detalles: por ejemplo, el color de las juntas coincide con el color de la superficie del perfil. Gracias al particular dise\u00f1o geometr\u00edco de los perfiles, [&hellip;]<\/p>\n","protected":false},"author":559,"featured_media":0,"parent":4801,"menu_order":3,"comment_status":"closed","ping_status":"closed","template":"","meta":{"_acf_changed":false,"footnotes":""},"class_list":["post-4965","page","type-page","status-publish","hentry"],"acf":[],"yoast_head":"<!-- This site is optimized with the Yoast SEO plugin v27.0 - https:\/\/yoast.com\/product\/yoast-seo-wordpress\/ -->\n<title>In&#039;Alpha Prestigio &#8211; Alphacan<\/title>\n<meta name=\"description\" content=\"GAMA \u201cMADE IN ITALY\u201d IN&#039;ALPHA PRESTIGIO es el resultado de la combinaci\u00f3n de la eficacia de la carpinter\u00eda ALPHACAN y el dise\u00f1o italiano. Esta gama presta\" \/>\n<meta name=\"robots\" content=\"index, follow, max-snippet:-1, max-image-preview:large, max-video-preview:-1\" \/>\n<link rel=\"canonical\" href=\"https:\/\/www.alphacan.com\/es\/carpinteria-italia\/ventanas\/inalpha-prestigio\/\" \/>\n<meta property=\"og:locale\" content=\"es_ES\" \/>\n<meta property=\"og:type\" content=\"article\" \/>\n<meta property=\"og:title\" content=\"In&#039;Alpha Prestigio &#8211; Alphacan\" \/>\n<meta property=\"og:description\" content=\"GAMA \u201cMADE IN ITALY\u201d IN&#039;ALPHA PRESTIGIO es el resultado de la combinaci\u00f3n de la eficacia de la carpinter\u00eda ALPHACAN y el dise\u00f1o italiano. Esta gama presta\" \/>\n<meta property=\"og:url\" content=\"https:\/\/www.alphacan.com\/es\/carpinteria-italia\/ventanas\/inalpha-prestigio\/\" \/>\n<meta property=\"og:site_name\" content=\"Alphacan\" \/>\n<meta property=\"article:modified_time\" content=\"2019-04-16T15:57:45+00:00\" \/>\n<meta property=\"og:image\" content=\"https:\/\/www.alphacan.com\/wp-content\/uploads\/2017\/11\/typologie-fabrication-in-alpha-1024x130.jpg\" \/>\n<meta name=\"twitter:card\" content=\"summary_large_image\" \/>\n<script type=\"application\/ld+json\" class=\"yoast-schema-graph\">{\"@context\":\"https:\/\/schema.org\",\"@graph\":[{\"@type\":\"WebPage\",\"@id\":\"https:\/\/www.alphacan.com\/es\/carpinteria-italia\/ventanas\/inalpha-prestigio\/\",\"url\":\"https:\/\/www.alphacan.com\/es\/carpinteria-italia\/ventanas\/inalpha-prestigio\/\",\"name\":\"In'Alpha Prestigio &#8211; Alphacan\",\"isPartOf\":{\"@id\":\"https:\/\/www.alphacan.com\/es\/#website\"},\"primaryImageOfPage\":{\"@id\":\"https:\/\/www.alphacan.com\/es\/carpinteria-italia\/ventanas\/inalpha-prestigio\/#primaryimage\"},\"image\":{\"@id\":\"https:\/\/www.alphacan.com\/es\/carpinteria-italia\/ventanas\/inalpha-prestigio\/#primaryimage\"},\"thumbnailUrl\":\"https:\/\/www.alphacan.com\/wp-content\/uploads\/2017\/11\/typologie-fabrication-in-alpha-1024x130.jpg\",\"datePublished\":\"2019-01-16T19:16:25+00:00\",\"dateModified\":\"2019-04-16T15:57:45+00:00\",\"description\":\"GAMA \u201cMADE IN ITALY\u201d IN'ALPHA PRESTIGIO es el resultado de la combinaci\u00f3n de la eficacia de la carpinter\u00eda ALPHACAN y el dise\u00f1o italiano. Esta gama presta\",\"breadcrumb\":{\"@id\":\"https:\/\/www.alphacan.com\/es\/carpinteria-italia\/ventanas\/inalpha-prestigio\/#breadcrumb\"},\"inLanguage\":\"es\",\"potentialAction\":[{\"@type\":\"ReadAction\",\"target\":[\"https:\/\/www.alphacan.com\/es\/carpinteria-italia\/ventanas\/inalpha-prestigio\/\"]}]},{\"@type\":\"ImageObject\",\"inLanguage\":\"es\",\"@id\":\"https:\/\/www.alphacan.com\/es\/carpinteria-italia\/ventanas\/inalpha-prestigio\/#primaryimage\",\"url\":\"https:\/\/www.alphacan.com\/wp-content\/uploads\/2017\/11\/typologie-fabrication-in-alpha-1024x130.jpg\",\"contentUrl\":\"https:\/\/www.alphacan.com\/wp-content\/uploads\/2017\/11\/typologie-fabrication-in-alpha-1024x130.jpg\"},{\"@type\":\"BreadcrumbList\",\"@id\":\"https:\/\/www.alphacan.com\/es\/carpinteria-italia\/ventanas\/inalpha-prestigio\/#breadcrumb\",\"itemListElement\":[{\"@type\":\"ListItem\",\"position\":1,\"name\":\"Accueil\",\"item\":\"https:\/\/www.alphacan.com\/es\/\"},{\"@type\":\"ListItem\",\"position\":2,\"name\":\"Carpinter\u00eda Italia\",\"item\":\"https:\/\/www.alphacan.com\/es\/carpinteria-italia\/\"},{\"@type\":\"ListItem\",\"position\":3,\"name\":\"Ventanas\",\"item\":\"https:\/\/www.alphacan.com\/es\/carpinteria-italia\/ventanas\/\"},{\"@type\":\"ListItem\",\"position\":4,\"name\":\"In&#8217;Alpha Prestigio\"}]},{\"@type\":\"WebSite\",\"@id\":\"https:\/\/www.alphacan.com\/es\/#website\",\"url\":\"https:\/\/www.alphacan.com\/es\/\",\"name\":\"Alphacan\",\"description\":\"Concepteur Menuiseries\",\"potentialAction\":[{\"@type\":\"SearchAction\",\"target\":{\"@type\":\"EntryPoint\",\"urlTemplate\":\"https:\/\/www.alphacan.com\/es\/?s={search_term_string}\"},\"query-input\":{\"@type\":\"PropertyValueSpecification\",\"valueRequired\":true,\"valueName\":\"search_term_string\"}}],\"inLanguage\":\"es\"}]}<\/script>\n<!-- \/ Yoast SEO plugin. -->","yoast_head_json":{"title":"In'Alpha Prestigio &#8211; Alphacan","description":"GAMA \u201cMADE IN ITALY\u201d IN'ALPHA PRESTIGIO es el resultado de la combinaci\u00f3n de la eficacia de la carpinter\u00eda ALPHACAN y el dise\u00f1o italiano. Esta gama presta","robots":{"index":"index","follow":"follow","max-snippet":"max-snippet:-1","max-image-preview":"max-image-preview:large","max-video-preview":"max-video-preview:-1"},"canonical":"https:\/\/www.alphacan.com\/es\/carpinteria-italia\/ventanas\/inalpha-prestigio\/","og_locale":"es_ES","og_type":"article","og_title":"In'Alpha Prestigio &#8211; Alphacan","og_description":"GAMA \u201cMADE IN ITALY\u201d IN'ALPHA PRESTIGIO es el resultado de la combinaci\u00f3n de la eficacia de la carpinter\u00eda ALPHACAN y el dise\u00f1o italiano. Esta gama presta","og_url":"https:\/\/www.alphacan.com\/es\/carpinteria-italia\/ventanas\/inalpha-prestigio\/","og_site_name":"Alphacan","article_modified_time":"2019-04-16T15:57:45+00:00","og_image":[{"url":"https:\/\/www.alphacan.com\/wp-content\/uploads\/2017\/11\/typologie-fabrication-in-alpha-1024x130.jpg","type":"","width":"","height":""}],"twitter_card":"summary_large_image","schema":{"@context":"https:\/\/schema.org","@graph":[{"@type":"WebPage","@id":"https:\/\/www.alphacan.com\/es\/carpinteria-italia\/ventanas\/inalpha-prestigio\/","url":"https:\/\/www.alphacan.com\/es\/carpinteria-italia\/ventanas\/inalpha-prestigio\/","name":"In'Alpha Prestigio &#8211; Alphacan","isPartOf":{"@id":"https:\/\/www.alphacan.com\/es\/#website"},"primaryImageOfPage":{"@id":"https:\/\/www.alphacan.com\/es\/carpinteria-italia\/ventanas\/inalpha-prestigio\/#primaryimage"},"image":{"@id":"https:\/\/www.alphacan.com\/es\/carpinteria-italia\/ventanas\/inalpha-prestigio\/#primaryimage"},"thumbnailUrl":"https:\/\/www.alphacan.com\/wp-content\/uploads\/2017\/11\/typologie-fabrication-in-alpha-1024x130.jpg","datePublished":"2019-01-16T19:16:25+00:00","dateModified":"2019-04-16T15:57:45+00:00","description":"GAMA \u201cMADE IN ITALY\u201d IN'ALPHA PRESTIGIO es el resultado de la combinaci\u00f3n de la eficacia de la carpinter\u00eda ALPHACAN y el dise\u00f1o italiano. Esta gama presta","breadcrumb":{"@id":"https:\/\/www.alphacan.com\/es\/carpinteria-italia\/ventanas\/inalpha-prestigio\/#breadcrumb"},"inLanguage":"es","potentialAction":[{"@type":"ReadAction","target":["https:\/\/www.alphacan.com\/es\/carpinteria-italia\/ventanas\/inalpha-prestigio\/"]}]},{"@type":"ImageObject","inLanguage":"es","@id":"https:\/\/www.alphacan.com\/es\/carpinteria-italia\/ventanas\/inalpha-prestigio\/#primaryimage","url":"https:\/\/www.alphacan.com\/wp-content\/uploads\/2017\/11\/typologie-fabrication-in-alpha-1024x130.jpg","contentUrl":"https:\/\/www.alphacan.com\/wp-content\/uploads\/2017\/11\/typologie-fabrication-in-alpha-1024x130.jpg"},{"@type":"BreadcrumbList","@id":"https:\/\/www.alphacan.com\/es\/carpinteria-italia\/ventanas\/inalpha-prestigio\/#breadcrumb","itemListElement":[{"@type":"ListItem","position":1,"name":"Accueil","item":"https:\/\/www.alphacan.com\/es\/"},{"@type":"ListItem","position":2,"name":"Carpinter\u00eda Italia","item":"https:\/\/www.alphacan.com\/es\/carpinteria-italia\/"},{"@type":"ListItem","position":3,"name":"Ventanas","item":"https:\/\/www.alphacan.com\/es\/carpinteria-italia\/ventanas\/"},{"@type":"ListItem","position":4,"name":"In&#8217;Alpha Prestigio"}]},{"@type":"WebSite","@id":"https:\/\/www.alphacan.com\/es\/#website","url":"https:\/\/www.alphacan.com\/es\/","name":"Alphacan","description":"Concepteur Menuiseries","potentialAction":[{"@type":"SearchAction","target":{"@type":"EntryPoint","urlTemplate":"https:\/\/www.alphacan.com\/es\/?s={search_term_string}"},"query-input":{"@type":"PropertyValueSpecification","valueRequired":true,"valueName":"search_term_string"}}],"inLanguage":"es"}]}},"_links":{"self":[{"href":"https:\/\/www.alphacan.com\/es\/wp-json\/wp\/v2\/pages\/4965","targetHints":{"allow":["GET"]}}],"collection":[{"href":"https:\/\/www.alphacan.com\/es\/wp-json\/wp\/v2\/pages"}],"about":[{"href":"https:\/\/www.alphacan.com\/es\/wp-json\/wp\/v2\/types\/page"}],"author":[{"embeddable":true,"href":"https:\/\/www.alphacan.com\/es\/wp-json\/wp\/v2\/users\/559"}],"replies":[{"embeddable":true,"href":"https:\/\/www.alphacan.com\/es\/wp-json\/wp\/v2\/comments?post=4965"}],"version-history":[{"count":5,"href":"https:\/\/www.alphacan.com\/es\/wp-json\/wp\/v2\/pages\/4965\/revisions"}],"predecessor-version":[{"id":6269,"href":"https:\/\/www.alphacan.com\/es\/wp-json\/wp\/v2\/pages\/4965\/revisions\/6269"}],"up":[{"embeddable":true,"href":"https:\/\/www.alphacan.com\/es\/wp-json\/wp\/v2\/pages\/4801"}],"wp:attachment":[{"href":"https:\/\/www.alphacan.com\/es\/wp-json\/wp\/v2\/media?parent=4965"}],"curies":[{"name":"wp","href":"https:\/\/api.w.org\/{rel}","templated":true}]}}