{"id":4967,"date":"2019-01-16T20:13:02","date_gmt":"2019-01-16T19:13:02","guid":{"rendered":"https:\/\/www.alphacan.com\/?page_id=4967"},"modified":"2019-04-16T18:01:57","modified_gmt":"2019-04-16T16:01:57","slug":"alpha-luce","status":"publish","type":"page","link":"https:\/\/www.alphacan.com\/es\/carpinteria-italia\/ventanas\/alpha-luce\/","title":{"rendered":"Alpha Luce"},"content":{"rendered":"<h2 dir=\"ltr\" data-placeholder=\"Traduction\">BRILLO Y LUMINOSIDAD\u00a0<\/h2>\n<p id=\"tw-target-text\" class=\"tw-data-text tw-ta tw-text-small\" dir=\"ltr\" data-placeholder=\"Traduction\"><span lang=\"fr\">Una est\u00e9tica minimalista con geometr\u00edas cuadradas dise\u00f1ada para un mayor paso de la luz.<\/span><\/p>\n<p class=\"tw-data-text tw-ta tw-text-small\" dir=\"ltr\" data-placeholder=\"Traduction\"><span lang=\"fr\"> Esta soluci\u00f3n te permite personalizar el aspecto interior y exterior de la carpinter\u00eda creando as\u00ed un estilo \u00fanico, mientras que la opci\u00f3n de optar por un acabado en aluminio en el exterior, proporciona un dise\u00f1o a\u00fan m\u00e1s atractivo.<\/span><\/p>\n<p class=\"tw-data-text tw-ta tw-text-small\" dir=\"ltr\" data-placeholder=\"Traduction\"><span lang=\"fr\">Disponible en todos los colores RAL, con la posibilidad de a\u00f1adir un efecto met\u00e1lico.<\/span><a href=\"https:\/\/www.alphacan.com\/wp-content\/uploads\/2017\/11\/typologie-fabrication-alpha-luce.jpg\"><img loading=\"lazy\" decoding=\"async\" class=\"alignleft wp-image-2351 \" src=\"https:\/\/www.alphacan.com\/wp-content\/uploads\/2017\/11\/typologie-fabrication-alpha-luce-1024x130.jpg\" alt=\"\" width=\"953\" height=\"121\" srcset=\"https:\/\/www.alphacan.com\/wp-content\/uploads\/2017\/11\/typologie-fabrication-alpha-luce-1024x130.jpg 1024w, https:\/\/www.alphacan.com\/wp-content\/uploads\/2017\/11\/typologie-fabrication-alpha-luce-300x38.jpg 300w, https:\/\/www.alphacan.com\/wp-content\/uploads\/2017\/11\/typologie-fabrication-alpha-luce-768x97.jpg 768w, https:\/\/www.alphacan.com\/wp-content\/uploads\/2017\/11\/typologie-fabrication-alpha-luce.jpg 1491w\" sizes=\"auto, (max-width: 953px) 100vw, 953px\" \/><\/a><\/p>\n<p dir=\"ltr\" data-placeholder=\"Traduction\">\u00a0<\/p>\n","protected":false},"excerpt":{"rendered":"<p>BRILLO Y LUMINOSIDAD\u00a0 Una est\u00e9tica minimalista con geometr\u00edas cuadradas dise\u00f1ada para un mayor paso de la luz. Esta soluci\u00f3n te permite personalizar el aspecto interior y exterior de la carpinter\u00eda creando as\u00ed un estilo \u00fanico, mientras que la opci\u00f3n de optar por un acabado en aluminio en el exterior, proporciona un dise\u00f1o a\u00fan m\u00e1s atractivo. [&hellip;]<\/p>\n","protected":false},"author":559,"featured_media":0,"parent":4801,"menu_order":5,"comment_status":"closed","ping_status":"closed","template":"","meta":{"_acf_changed":false,"footnotes":""},"class_list":["post-4967","page","type-page","status-publish","hentry"],"acf":[],"yoast_head":"<!-- This site is optimized with the Yoast SEO plugin v27.0 - https:\/\/yoast.com\/product\/yoast-seo-wordpress\/ -->\n<title>Alpha Luce &#8211; Alphacan<\/title>\n<meta name=\"description\" content=\"BRILLO Y LUMINOSIDAD\u00a0 Una est\u00e9tica minimalista con geometr\u00edas cuadradas dise\u00f1ada para un mayor paso de la luz. Esta soluci\u00f3n te permite personalizar el\" \/>\n<meta name=\"robots\" content=\"index, follow, max-snippet:-1, max-image-preview:large, max-video-preview:-1\" \/>\n<link rel=\"canonical\" href=\"https:\/\/www.alphacan.com\/es\/carpinteria-italia\/ventanas\/alpha-luce\/\" \/>\n<meta property=\"og:locale\" content=\"es_ES\" \/>\n<meta property=\"og:type\" content=\"article\" \/>\n<meta property=\"og:title\" content=\"Alpha Luce &#8211; Alphacan\" \/>\n<meta property=\"og:description\" content=\"BRILLO Y LUMINOSIDAD\u00a0 Una est\u00e9tica minimalista con geometr\u00edas cuadradas dise\u00f1ada para un mayor paso de la luz. Esta soluci\u00f3n te permite personalizar el\" \/>\n<meta property=\"og:url\" content=\"https:\/\/www.alphacan.com\/es\/carpinteria-italia\/ventanas\/alpha-luce\/\" \/>\n<meta property=\"og:site_name\" content=\"Alphacan\" \/>\n<meta property=\"article:modified_time\" content=\"2019-04-16T16:01:57+00:00\" \/>\n<meta property=\"og:image\" content=\"https:\/\/www.alphacan.com\/wp-content\/uploads\/2017\/11\/typologie-fabrication-alpha-luce-1024x130.jpg\" \/>\n<meta name=\"twitter:card\" content=\"summary_large_image\" \/>\n<script type=\"application\/ld+json\" class=\"yoast-schema-graph\">{\"@context\":\"https:\/\/schema.org\",\"@graph\":[{\"@type\":\"WebPage\",\"@id\":\"https:\/\/www.alphacan.com\/es\/carpinteria-italia\/ventanas\/alpha-luce\/\",\"url\":\"https:\/\/www.alphacan.com\/es\/carpinteria-italia\/ventanas\/alpha-luce\/\",\"name\":\"Alpha Luce &#8211; Alphacan\",\"isPartOf\":{\"@id\":\"https:\/\/www.alphacan.com\/es\/#website\"},\"primaryImageOfPage\":{\"@id\":\"https:\/\/www.alphacan.com\/es\/carpinteria-italia\/ventanas\/alpha-luce\/#primaryimage\"},\"image\":{\"@id\":\"https:\/\/www.alphacan.com\/es\/carpinteria-italia\/ventanas\/alpha-luce\/#primaryimage\"},\"thumbnailUrl\":\"https:\/\/www.alphacan.com\/wp-content\/uploads\/2017\/11\/typologie-fabrication-alpha-luce-1024x130.jpg\",\"datePublished\":\"2019-01-16T19:13:02+00:00\",\"dateModified\":\"2019-04-16T16:01:57+00:00\",\"description\":\"BRILLO Y LUMINOSIDAD\u00a0 Una est\u00e9tica minimalista con geometr\u00edas cuadradas dise\u00f1ada para un mayor paso de la luz. Esta soluci\u00f3n te permite personalizar el\",\"breadcrumb\":{\"@id\":\"https:\/\/www.alphacan.com\/es\/carpinteria-italia\/ventanas\/alpha-luce\/#breadcrumb\"},\"inLanguage\":\"es\",\"potentialAction\":[{\"@type\":\"ReadAction\",\"target\":[\"https:\/\/www.alphacan.com\/es\/carpinteria-italia\/ventanas\/alpha-luce\/\"]}]},{\"@type\":\"ImageObject\",\"inLanguage\":\"es\",\"@id\":\"https:\/\/www.alphacan.com\/es\/carpinteria-italia\/ventanas\/alpha-luce\/#primaryimage\",\"url\":\"https:\/\/www.alphacan.com\/wp-content\/uploads\/2017\/11\/typologie-fabrication-alpha-luce-1024x130.jpg\",\"contentUrl\":\"https:\/\/www.alphacan.com\/wp-content\/uploads\/2017\/11\/typologie-fabrication-alpha-luce-1024x130.jpg\"},{\"@type\":\"BreadcrumbList\",\"@id\":\"https:\/\/www.alphacan.com\/es\/carpinteria-italia\/ventanas\/alpha-luce\/#breadcrumb\",\"itemListElement\":[{\"@type\":\"ListItem\",\"position\":1,\"name\":\"Accueil\",\"item\":\"https:\/\/www.alphacan.com\/es\/\"},{\"@type\":\"ListItem\",\"position\":2,\"name\":\"Carpinter\u00eda Italia\",\"item\":\"https:\/\/www.alphacan.com\/es\/carpinteria-italia\/\"},{\"@type\":\"ListItem\",\"position\":3,\"name\":\"Ventanas\",\"item\":\"https:\/\/www.alphacan.com\/es\/carpinteria-italia\/ventanas\/\"},{\"@type\":\"ListItem\",\"position\":4,\"name\":\"Alpha Luce\"}]},{\"@type\":\"WebSite\",\"@id\":\"https:\/\/www.alphacan.com\/es\/#website\",\"url\":\"https:\/\/www.alphacan.com\/es\/\",\"name\":\"Alphacan\",\"description\":\"Concepteur Menuiseries\",\"potentialAction\":[{\"@type\":\"SearchAction\",\"target\":{\"@type\":\"EntryPoint\",\"urlTemplate\":\"https:\/\/www.alphacan.com\/es\/?s={search_term_string}\"},\"query-input\":{\"@type\":\"PropertyValueSpecification\",\"valueRequired\":true,\"valueName\":\"search_term_string\"}}],\"inLanguage\":\"es\"}]}<\/script>\n<!-- \/ Yoast SEO plugin. -->","yoast_head_json":{"title":"Alpha Luce &#8211; Alphacan","description":"BRILLO Y LUMINOSIDAD\u00a0 Una est\u00e9tica minimalista con geometr\u00edas cuadradas dise\u00f1ada para un mayor paso de la luz. Esta soluci\u00f3n te permite personalizar el","robots":{"index":"index","follow":"follow","max-snippet":"max-snippet:-1","max-image-preview":"max-image-preview:large","max-video-preview":"max-video-preview:-1"},"canonical":"https:\/\/www.alphacan.com\/es\/carpinteria-italia\/ventanas\/alpha-luce\/","og_locale":"es_ES","og_type":"article","og_title":"Alpha Luce &#8211; Alphacan","og_description":"BRILLO Y LUMINOSIDAD\u00a0 Una est\u00e9tica minimalista con geometr\u00edas cuadradas dise\u00f1ada para un mayor paso de la luz. Esta soluci\u00f3n te permite personalizar el","og_url":"https:\/\/www.alphacan.com\/es\/carpinteria-italia\/ventanas\/alpha-luce\/","og_site_name":"Alphacan","article_modified_time":"2019-04-16T16:01:57+00:00","og_image":[{"url":"https:\/\/www.alphacan.com\/wp-content\/uploads\/2017\/11\/typologie-fabrication-alpha-luce-1024x130.jpg","type":"","width":"","height":""}],"twitter_card":"summary_large_image","schema":{"@context":"https:\/\/schema.org","@graph":[{"@type":"WebPage","@id":"https:\/\/www.alphacan.com\/es\/carpinteria-italia\/ventanas\/alpha-luce\/","url":"https:\/\/www.alphacan.com\/es\/carpinteria-italia\/ventanas\/alpha-luce\/","name":"Alpha Luce &#8211; Alphacan","isPartOf":{"@id":"https:\/\/www.alphacan.com\/es\/#website"},"primaryImageOfPage":{"@id":"https:\/\/www.alphacan.com\/es\/carpinteria-italia\/ventanas\/alpha-luce\/#primaryimage"},"image":{"@id":"https:\/\/www.alphacan.com\/es\/carpinteria-italia\/ventanas\/alpha-luce\/#primaryimage"},"thumbnailUrl":"https:\/\/www.alphacan.com\/wp-content\/uploads\/2017\/11\/typologie-fabrication-alpha-luce-1024x130.jpg","datePublished":"2019-01-16T19:13:02+00:00","dateModified":"2019-04-16T16:01:57+00:00","description":"BRILLO Y LUMINOSIDAD\u00a0 Una est\u00e9tica minimalista con geometr\u00edas cuadradas dise\u00f1ada para un mayor paso de la luz. Esta soluci\u00f3n te permite personalizar el","breadcrumb":{"@id":"https:\/\/www.alphacan.com\/es\/carpinteria-italia\/ventanas\/alpha-luce\/#breadcrumb"},"inLanguage":"es","potentialAction":[{"@type":"ReadAction","target":["https:\/\/www.alphacan.com\/es\/carpinteria-italia\/ventanas\/alpha-luce\/"]}]},{"@type":"ImageObject","inLanguage":"es","@id":"https:\/\/www.alphacan.com\/es\/carpinteria-italia\/ventanas\/alpha-luce\/#primaryimage","url":"https:\/\/www.alphacan.com\/wp-content\/uploads\/2017\/11\/typologie-fabrication-alpha-luce-1024x130.jpg","contentUrl":"https:\/\/www.alphacan.com\/wp-content\/uploads\/2017\/11\/typologie-fabrication-alpha-luce-1024x130.jpg"},{"@type":"BreadcrumbList","@id":"https:\/\/www.alphacan.com\/es\/carpinteria-italia\/ventanas\/alpha-luce\/#breadcrumb","itemListElement":[{"@type":"ListItem","position":1,"name":"Accueil","item":"https:\/\/www.alphacan.com\/es\/"},{"@type":"ListItem","position":2,"name":"Carpinter\u00eda Italia","item":"https:\/\/www.alphacan.com\/es\/carpinteria-italia\/"},{"@type":"ListItem","position":3,"name":"Ventanas","item":"https:\/\/www.alphacan.com\/es\/carpinteria-italia\/ventanas\/"},{"@type":"ListItem","position":4,"name":"Alpha Luce"}]},{"@type":"WebSite","@id":"https:\/\/www.alphacan.com\/es\/#website","url":"https:\/\/www.alphacan.com\/es\/","name":"Alphacan","description":"Concepteur Menuiseries","potentialAction":[{"@type":"SearchAction","target":{"@type":"EntryPoint","urlTemplate":"https:\/\/www.alphacan.com\/es\/?s={search_term_string}"},"query-input":{"@type":"PropertyValueSpecification","valueRequired":true,"valueName":"search_term_string"}}],"inLanguage":"es"}]}},"_links":{"self":[{"href":"https:\/\/www.alphacan.com\/es\/wp-json\/wp\/v2\/pages\/4967","targetHints":{"allow":["GET"]}}],"collection":[{"href":"https:\/\/www.alphacan.com\/es\/wp-json\/wp\/v2\/pages"}],"about":[{"href":"https:\/\/www.alphacan.com\/es\/wp-json\/wp\/v2\/types\/page"}],"author":[{"embeddable":true,"href":"https:\/\/www.alphacan.com\/es\/wp-json\/wp\/v2\/users\/559"}],"replies":[{"embeddable":true,"href":"https:\/\/www.alphacan.com\/es\/wp-json\/wp\/v2\/comments?post=4967"}],"version-history":[{"count":5,"href":"https:\/\/www.alphacan.com\/es\/wp-json\/wp\/v2\/pages\/4967\/revisions"}],"predecessor-version":[{"id":6271,"href":"https:\/\/www.alphacan.com\/es\/wp-json\/wp\/v2\/pages\/4967\/revisions\/6271"}],"up":[{"embeddable":true,"href":"https:\/\/www.alphacan.com\/es\/wp-json\/wp\/v2\/pages\/4801"}],"wp:attachment":[{"href":"https:\/\/www.alphacan.com\/es\/wp-json\/wp\/v2\/media?parent=4967"}],"curies":[{"name":"wp","href":"https:\/\/api.w.org\/{rel}","templated":true}]}}