{"id":4971,"date":"2019-01-16T20:31:42","date_gmt":"2019-01-16T19:31:42","guid":{"rendered":"https:\/\/www.alphacan.com\/?page_id=4971"},"modified":"2019-04-17T10:49:37","modified_gmt":"2019-04-17T08:49:37","slug":"puertas-interiores","status":"publish","type":"page","link":"https:\/\/www.alphacan.com\/es\/carpinteria-italia\/mallorquinas-y-contraventanas\/puertas-interiores\/","title":{"rendered":"Puertas de interior"},"content":{"rendered":"<h2 dir=\"ltr\" data-placeholder=\"Traduction\">La pureza de las formas<\/h2>\n<p id=\"tw-target-text\" class=\"tw-data-text tw-ta tw-text-small\" dir=\"ltr\" data-placeholder=\"Traduction\"><span lang=\"fr\">Una soluci\u00f3n constructiva apta para la realizaci\u00f3n de diversas tipolog\u00edas funcionales,\u00a0 se trata de un producto robusto y duradero, fabricada con paneles con diferentes espesores.<\/span><\/p>\n<p class=\"tw-data-text tw-ta tw-text-small\" dir=\"ltr\" data-placeholder=\"Traduction\"><span lang=\"fr\">Una puerta impermeable, que <\/span><span lang=\"fr\">cumple con los requisitos de seguridad y salud y cuya instalaci\u00f3n es indicada paticularmente en grandes<\/span><span lang=\"fr\">\u00a0comunidades, instalaciones hospitalarias, piscinas, centros deportivos, etc.<\/span><\/p>\n<p dir=\"ltr\" data-placeholder=\"Traduction\">Disponible en color blanco cl\u00e1sico.<\/p>\n<p>El perfil de contramarco garantiza una cobertura \u00fatil del espesor de la pared de entre 100 y 500 mm.<\/p>\n<p dir=\"ltr\" data-placeholder=\"Traduction\">\u00a0<\/p>\n<p dir=\"ltr\" data-placeholder=\"Traduction\"><a href=\"https:\/\/www.alphacan.com\/wp-content\/uploads\/2017\/11\/typologie-fabrication-porte.jpg\"><img loading=\"lazy\" decoding=\"async\" class=\"alignleft wp-image-2417 \" src=\"https:\/\/www.alphacan.com\/wp-content\/uploads\/2017\/11\/typologie-fabrication-porte-1024x344.jpg\" alt=\"\" width=\"759\" height=\"255\" srcset=\"https:\/\/www.alphacan.com\/wp-content\/uploads\/2017\/11\/typologie-fabrication-porte-1024x344.jpg 1024w, https:\/\/www.alphacan.com\/wp-content\/uploads\/2017\/11\/typologie-fabrication-porte-300x101.jpg 300w, https:\/\/www.alphacan.com\/wp-content\/uploads\/2017\/11\/typologie-fabrication-porte-768x258.jpg 768w, https:\/\/www.alphacan.com\/wp-content\/uploads\/2017\/11\/typologie-fabrication-porte.jpg 1484w\" sizes=\"auto, (max-width: 759px) 100vw, 759px\" \/><\/a><\/p>\n<p dir=\"ltr\" data-placeholder=\"Traduction\">\u00a0<\/p>\n<p dir=\"ltr\" data-placeholder=\"Traduction\">\u00a0<\/p>\n<p dir=\"ltr\" data-placeholder=\"Traduction\">\u00a0<\/p>\n<p dir=\"ltr\" data-placeholder=\"Traduction\">\u00a0<\/p>\n<p dir=\"ltr\" data-placeholder=\"Traduction\">\u00a0<\/p>\n<p dir=\"ltr\" data-placeholder=\"Traduction\">\u00a0<\/p>\n<p dir=\"ltr\" data-placeholder=\"Traduction\">\u00a0<\/p>\n<p dir=\"ltr\" data-placeholder=\"Traduction\">\u00a0<\/p>\n","protected":false},"excerpt":{"rendered":"<p>La pureza de las formas Una soluci\u00f3n constructiva apta para la realizaci\u00f3n de diversas tipolog\u00edas funcionales,\u00a0 se trata de un producto robusto y duradero, fabricada con paneles con diferentes espesores. Una puerta impermeable, que cumple con los requisitos de seguridad y salud y cuya instalaci\u00f3n es indicada paticularmente en grandes\u00a0comunidades, instalaciones hospitalarias, piscinas, centros deportivos, [&hellip;]<\/p>\n","protected":false},"author":559,"featured_media":0,"parent":4968,"menu_order":0,"comment_status":"closed","ping_status":"closed","template":"","meta":{"_acf_changed":false,"footnotes":""},"class_list":["post-4971","page","type-page","status-publish","hentry"],"acf":[],"yoast_head":"<!-- This site is optimized with the Yoast SEO plugin v27.0 - https:\/\/yoast.com\/product\/yoast-seo-wordpress\/ -->\n<title>Puertas de interior &#8211; Alphacan<\/title>\n<meta name=\"description\" content=\"La pureza de las formas Una soluci\u00f3n constructiva apta para la realizaci\u00f3n de diversas tipolog\u00edas funcionales,\u00a0 se trata de un producto robusto y\" \/>\n<meta name=\"robots\" content=\"index, follow, max-snippet:-1, max-image-preview:large, max-video-preview:-1\" \/>\n<link rel=\"canonical\" href=\"https:\/\/www.alphacan.com\/es\/carpinteria-italia\/mallorquinas-y-contraventanas\/puertas-interiores\/\" \/>\n<meta property=\"og:locale\" content=\"es_ES\" \/>\n<meta property=\"og:type\" content=\"article\" \/>\n<meta property=\"og:title\" content=\"Puertas de interior &#8211; Alphacan\" \/>\n<meta property=\"og:description\" content=\"La pureza de las formas Una soluci\u00f3n constructiva apta para la realizaci\u00f3n de diversas tipolog\u00edas funcionales,\u00a0 se trata de un producto robusto y\" \/>\n<meta property=\"og:url\" content=\"https:\/\/www.alphacan.com\/es\/carpinteria-italia\/mallorquinas-y-contraventanas\/puertas-interiores\/\" \/>\n<meta property=\"og:site_name\" content=\"Alphacan\" \/>\n<meta property=\"article:modified_time\" content=\"2019-04-17T08:49:37+00:00\" \/>\n<meta property=\"og:image\" content=\"https:\/\/www.alphacan.com\/wp-content\/uploads\/2017\/11\/typologie-fabrication-porte-1024x344.jpg\" \/>\n<meta name=\"twitter:card\" content=\"summary_large_image\" \/>\n<script type=\"application\/ld+json\" class=\"yoast-schema-graph\">{\"@context\":\"https:\/\/schema.org\",\"@graph\":[{\"@type\":\"WebPage\",\"@id\":\"https:\/\/www.alphacan.com\/es\/carpinteria-italia\/mallorquinas-y-contraventanas\/puertas-interiores\/\",\"url\":\"https:\/\/www.alphacan.com\/es\/carpinteria-italia\/mallorquinas-y-contraventanas\/puertas-interiores\/\",\"name\":\"Puertas de interior &#8211; Alphacan\",\"isPartOf\":{\"@id\":\"https:\/\/www.alphacan.com\/es\/#website\"},\"primaryImageOfPage\":{\"@id\":\"https:\/\/www.alphacan.com\/es\/carpinteria-italia\/mallorquinas-y-contraventanas\/puertas-interiores\/#primaryimage\"},\"image\":{\"@id\":\"https:\/\/www.alphacan.com\/es\/carpinteria-italia\/mallorquinas-y-contraventanas\/puertas-interiores\/#primaryimage\"},\"thumbnailUrl\":\"https:\/\/www.alphacan.com\/wp-content\/uploads\/2017\/11\/typologie-fabrication-porte-1024x344.jpg\",\"datePublished\":\"2019-01-16T19:31:42+00:00\",\"dateModified\":\"2019-04-17T08:49:37+00:00\",\"description\":\"La pureza de las formas Una soluci\u00f3n constructiva apta para la realizaci\u00f3n de diversas tipolog\u00edas funcionales,\u00a0 se trata de un producto robusto y\",\"breadcrumb\":{\"@id\":\"https:\/\/www.alphacan.com\/es\/carpinteria-italia\/mallorquinas-y-contraventanas\/puertas-interiores\/#breadcrumb\"},\"inLanguage\":\"es\",\"potentialAction\":[{\"@type\":\"ReadAction\",\"target\":[\"https:\/\/www.alphacan.com\/es\/carpinteria-italia\/mallorquinas-y-contraventanas\/puertas-interiores\/\"]}]},{\"@type\":\"ImageObject\",\"inLanguage\":\"es\",\"@id\":\"https:\/\/www.alphacan.com\/es\/carpinteria-italia\/mallorquinas-y-contraventanas\/puertas-interiores\/#primaryimage\",\"url\":\"https:\/\/www.alphacan.com\/wp-content\/uploads\/2017\/11\/typologie-fabrication-porte-1024x344.jpg\",\"contentUrl\":\"https:\/\/www.alphacan.com\/wp-content\/uploads\/2017\/11\/typologie-fabrication-porte-1024x344.jpg\"},{\"@type\":\"BreadcrumbList\",\"@id\":\"https:\/\/www.alphacan.com\/es\/carpinteria-italia\/mallorquinas-y-contraventanas\/puertas-interiores\/#breadcrumb\",\"itemListElement\":[{\"@type\":\"ListItem\",\"position\":1,\"name\":\"Accueil\",\"item\":\"https:\/\/www.alphacan.com\/es\/\"},{\"@type\":\"ListItem\",\"position\":2,\"name\":\"Carpinter\u00eda Italia\",\"item\":\"https:\/\/www.alphacan.com\/es\/carpinteria-italia\/\"},{\"@type\":\"ListItem\",\"position\":3,\"name\":\"Mallorquinas y contraventanas\",\"item\":\"https:\/\/www.alphacan.com\/es\/carpinteria-italia\/mallorquinas-y-contraventanas\/\"},{\"@type\":\"ListItem\",\"position\":4,\"name\":\"Puertas de interior\"}]},{\"@type\":\"WebSite\",\"@id\":\"https:\/\/www.alphacan.com\/es\/#website\",\"url\":\"https:\/\/www.alphacan.com\/es\/\",\"name\":\"Alphacan\",\"description\":\"Concepteur Menuiseries\",\"potentialAction\":[{\"@type\":\"SearchAction\",\"target\":{\"@type\":\"EntryPoint\",\"urlTemplate\":\"https:\/\/www.alphacan.com\/es\/?s={search_term_string}\"},\"query-input\":{\"@type\":\"PropertyValueSpecification\",\"valueRequired\":true,\"valueName\":\"search_term_string\"}}],\"inLanguage\":\"es\"}]}<\/script>\n<!-- \/ Yoast SEO plugin. -->","yoast_head_json":{"title":"Puertas de interior &#8211; Alphacan","description":"La pureza de las formas Una soluci\u00f3n constructiva apta para la realizaci\u00f3n de diversas tipolog\u00edas funcionales,\u00a0 se trata de un producto robusto y","robots":{"index":"index","follow":"follow","max-snippet":"max-snippet:-1","max-image-preview":"max-image-preview:large","max-video-preview":"max-video-preview:-1"},"canonical":"https:\/\/www.alphacan.com\/es\/carpinteria-italia\/mallorquinas-y-contraventanas\/puertas-interiores\/","og_locale":"es_ES","og_type":"article","og_title":"Puertas de interior &#8211; Alphacan","og_description":"La pureza de las formas Una soluci\u00f3n constructiva apta para la realizaci\u00f3n de diversas tipolog\u00edas funcionales,\u00a0 se trata de un producto robusto y","og_url":"https:\/\/www.alphacan.com\/es\/carpinteria-italia\/mallorquinas-y-contraventanas\/puertas-interiores\/","og_site_name":"Alphacan","article_modified_time":"2019-04-17T08:49:37+00:00","og_image":[{"url":"https:\/\/www.alphacan.com\/wp-content\/uploads\/2017\/11\/typologie-fabrication-porte-1024x344.jpg","type":"","width":"","height":""}],"twitter_card":"summary_large_image","schema":{"@context":"https:\/\/schema.org","@graph":[{"@type":"WebPage","@id":"https:\/\/www.alphacan.com\/es\/carpinteria-italia\/mallorquinas-y-contraventanas\/puertas-interiores\/","url":"https:\/\/www.alphacan.com\/es\/carpinteria-italia\/mallorquinas-y-contraventanas\/puertas-interiores\/","name":"Puertas de interior &#8211; Alphacan","isPartOf":{"@id":"https:\/\/www.alphacan.com\/es\/#website"},"primaryImageOfPage":{"@id":"https:\/\/www.alphacan.com\/es\/carpinteria-italia\/mallorquinas-y-contraventanas\/puertas-interiores\/#primaryimage"},"image":{"@id":"https:\/\/www.alphacan.com\/es\/carpinteria-italia\/mallorquinas-y-contraventanas\/puertas-interiores\/#primaryimage"},"thumbnailUrl":"https:\/\/www.alphacan.com\/wp-content\/uploads\/2017\/11\/typologie-fabrication-porte-1024x344.jpg","datePublished":"2019-01-16T19:31:42+00:00","dateModified":"2019-04-17T08:49:37+00:00","description":"La pureza de las formas Una soluci\u00f3n constructiva apta para la realizaci\u00f3n de diversas tipolog\u00edas funcionales,\u00a0 se trata de un producto robusto y","breadcrumb":{"@id":"https:\/\/www.alphacan.com\/es\/carpinteria-italia\/mallorquinas-y-contraventanas\/puertas-interiores\/#breadcrumb"},"inLanguage":"es","potentialAction":[{"@type":"ReadAction","target":["https:\/\/www.alphacan.com\/es\/carpinteria-italia\/mallorquinas-y-contraventanas\/puertas-interiores\/"]}]},{"@type":"ImageObject","inLanguage":"es","@id":"https:\/\/www.alphacan.com\/es\/carpinteria-italia\/mallorquinas-y-contraventanas\/puertas-interiores\/#primaryimage","url":"https:\/\/www.alphacan.com\/wp-content\/uploads\/2017\/11\/typologie-fabrication-porte-1024x344.jpg","contentUrl":"https:\/\/www.alphacan.com\/wp-content\/uploads\/2017\/11\/typologie-fabrication-porte-1024x344.jpg"},{"@type":"BreadcrumbList","@id":"https:\/\/www.alphacan.com\/es\/carpinteria-italia\/mallorquinas-y-contraventanas\/puertas-interiores\/#breadcrumb","itemListElement":[{"@type":"ListItem","position":1,"name":"Accueil","item":"https:\/\/www.alphacan.com\/es\/"},{"@type":"ListItem","position":2,"name":"Carpinter\u00eda Italia","item":"https:\/\/www.alphacan.com\/es\/carpinteria-italia\/"},{"@type":"ListItem","position":3,"name":"Mallorquinas y contraventanas","item":"https:\/\/www.alphacan.com\/es\/carpinteria-italia\/mallorquinas-y-contraventanas\/"},{"@type":"ListItem","position":4,"name":"Puertas de interior"}]},{"@type":"WebSite","@id":"https:\/\/www.alphacan.com\/es\/#website","url":"https:\/\/www.alphacan.com\/es\/","name":"Alphacan","description":"Concepteur Menuiseries","potentialAction":[{"@type":"SearchAction","target":{"@type":"EntryPoint","urlTemplate":"https:\/\/www.alphacan.com\/es\/?s={search_term_string}"},"query-input":{"@type":"PropertyValueSpecification","valueRequired":true,"valueName":"search_term_string"}}],"inLanguage":"es"}]}},"_links":{"self":[{"href":"https:\/\/www.alphacan.com\/es\/wp-json\/wp\/v2\/pages\/4971","targetHints":{"allow":["GET"]}}],"collection":[{"href":"https:\/\/www.alphacan.com\/es\/wp-json\/wp\/v2\/pages"}],"about":[{"href":"https:\/\/www.alphacan.com\/es\/wp-json\/wp\/v2\/types\/page"}],"author":[{"embeddable":true,"href":"https:\/\/www.alphacan.com\/es\/wp-json\/wp\/v2\/users\/559"}],"replies":[{"embeddable":true,"href":"https:\/\/www.alphacan.com\/es\/wp-json\/wp\/v2\/comments?post=4971"}],"version-history":[{"count":5,"href":"https:\/\/www.alphacan.com\/es\/wp-json\/wp\/v2\/pages\/4971\/revisions"}],"predecessor-version":[{"id":6359,"href":"https:\/\/www.alphacan.com\/es\/wp-json\/wp\/v2\/pages\/4971\/revisions\/6359"}],"up":[{"embeddable":true,"href":"https:\/\/www.alphacan.com\/es\/wp-json\/wp\/v2\/pages\/4968"}],"wp:attachment":[{"href":"https:\/\/www.alphacan.com\/es\/wp-json\/wp\/v2\/media?parent=4971"}],"curies":[{"name":"wp","href":"https:\/\/api.w.org\/{rel}","templated":true}]}}