{"id":4973,"date":"2019-01-16T20:37:59","date_gmt":"2019-01-16T19:37:59","guid":{"rendered":"https:\/\/www.alphacan.com\/?page_id=4973"},"modified":"2019-04-17T08:21:09","modified_gmt":"2019-04-17T06:21:09","slug":"persianas-enrollables","status":"publish","type":"page","link":"https:\/\/www.alphacan.com\/es\/carpinteria-italia\/mallorquinas-y-contraventanas\/persianas-enrollables\/","title":{"rendered":"Caj\u00f3n con persiana enrollable"},"content":{"rendered":"<h2>CAJ\u00d3N MEDITERR\u00c1NEO CON PERSIANA<\/h2>\n<p><span lang=\"fr\">Se trata de un caj\u00f3n monobloque, especialmente dise\u00f1ado para las nuevas edificaciones, que proporciona un a<\/span><span lang=\"fr\">islamiento termo-ac\u00fastico de alto rendimiento..<\/span><\/p>\n<p><span lang=\"fr\">Se puede combinar con diferentes tipos de accionamiento, manual o motorizado.<\/span><\/p>\n<h2>\u00a0<\/h2>\n<h2>CAJ\u00d3N DE PERSIANA DE REFORMA<\/h2>\n<p><span lang=\"fr\">Este sistema es especialmente adecuado para la reestructuraci\u00f3n. Gracias a los detalles<\/span><span lang=\"fr\"> geom\u00e9tricos de sus componentes, es perfecto para alojar persianas enrollables, incluso de grandes dimensiones,<br \/>\n<\/span><\/p>\n<p><span lang=\"fr\">Se adapta perfectamente a las ventanas, y puede decorarse con los mismos acabados.<\/span><\/p>\n","protected":false},"excerpt":{"rendered":"<p>CAJ\u00d3N MEDITERR\u00c1NEO CON PERSIANA Se trata de un caj\u00f3n monobloque, especialmente dise\u00f1ado para las nuevas edificaciones, que proporciona un aislamiento termo-ac\u00fastico de alto rendimiento.. Se puede combinar con diferentes tipos de accionamiento, manual o motorizado. \u00a0 CAJ\u00d3N DE PERSIANA DE REFORMA Este sistema es especialmente adecuado para la reestructuraci\u00f3n. Gracias a los detalles geom\u00e9tricos de [&hellip;]<\/p>\n","protected":false},"author":559,"featured_media":0,"parent":4968,"menu_order":0,"comment_status":"closed","ping_status":"closed","template":"","meta":{"_acf_changed":false,"footnotes":""},"class_list":["post-4973","page","type-page","status-publish","hentry"],"acf":[],"yoast_head":"<!-- This site is optimized with the Yoast SEO plugin v27.0 - https:\/\/yoast.com\/product\/yoast-seo-wordpress\/ -->\n<title>Caj\u00f3n con persiana enrollable &#8211; Alphacan<\/title>\n<meta name=\"description\" content=\"CAJ\u00d3N MEDITERR\u00c1NEO CON PERSIANA Se trata de un caj\u00f3n monobloque, especialmente dise\u00f1ado para las nuevas edificaciones, que proporciona un aislamiento\" \/>\n<meta name=\"robots\" content=\"index, follow, max-snippet:-1, max-image-preview:large, max-video-preview:-1\" \/>\n<link rel=\"canonical\" href=\"https:\/\/www.alphacan.com\/es\/carpinteria-italia\/mallorquinas-y-contraventanas\/persianas-enrollables\/\" \/>\n<meta property=\"og:locale\" content=\"es_ES\" \/>\n<meta property=\"og:type\" content=\"article\" \/>\n<meta property=\"og:title\" content=\"Caj\u00f3n con persiana enrollable &#8211; Alphacan\" \/>\n<meta property=\"og:description\" content=\"CAJ\u00d3N MEDITERR\u00c1NEO CON PERSIANA Se trata de un caj\u00f3n monobloque, especialmente dise\u00f1ado para las nuevas edificaciones, que proporciona un aislamiento\" \/>\n<meta property=\"og:url\" content=\"https:\/\/www.alphacan.com\/es\/carpinteria-italia\/mallorquinas-y-contraventanas\/persianas-enrollables\/\" \/>\n<meta property=\"og:site_name\" content=\"Alphacan\" \/>\n<meta property=\"article:modified_time\" content=\"2019-04-17T06:21:09+00:00\" \/>\n<meta name=\"twitter:card\" content=\"summary_large_image\" \/>\n<script type=\"application\/ld+json\" class=\"yoast-schema-graph\">{\"@context\":\"https:\/\/schema.org\",\"@graph\":[{\"@type\":\"WebPage\",\"@id\":\"https:\/\/www.alphacan.com\/es\/carpinteria-italia\/mallorquinas-y-contraventanas\/persianas-enrollables\/\",\"url\":\"https:\/\/www.alphacan.com\/es\/carpinteria-italia\/mallorquinas-y-contraventanas\/persianas-enrollables\/\",\"name\":\"Caj\u00f3n con persiana enrollable &#8211; Alphacan\",\"isPartOf\":{\"@id\":\"https:\/\/www.alphacan.com\/es\/#website\"},\"datePublished\":\"2019-01-16T19:37:59+00:00\",\"dateModified\":\"2019-04-17T06:21:09+00:00\",\"description\":\"CAJ\u00d3N MEDITERR\u00c1NEO CON PERSIANA Se trata de un caj\u00f3n monobloque, especialmente dise\u00f1ado para las nuevas edificaciones, que proporciona un aislamiento\",\"breadcrumb\":{\"@id\":\"https:\/\/www.alphacan.com\/es\/carpinteria-italia\/mallorquinas-y-contraventanas\/persianas-enrollables\/#breadcrumb\"},\"inLanguage\":\"es\",\"potentialAction\":[{\"@type\":\"ReadAction\",\"target\":[\"https:\/\/www.alphacan.com\/es\/carpinteria-italia\/mallorquinas-y-contraventanas\/persianas-enrollables\/\"]}]},{\"@type\":\"BreadcrumbList\",\"@id\":\"https:\/\/www.alphacan.com\/es\/carpinteria-italia\/mallorquinas-y-contraventanas\/persianas-enrollables\/#breadcrumb\",\"itemListElement\":[{\"@type\":\"ListItem\",\"position\":1,\"name\":\"Accueil\",\"item\":\"https:\/\/www.alphacan.com\/es\/\"},{\"@type\":\"ListItem\",\"position\":2,\"name\":\"Carpinter\u00eda Italia\",\"item\":\"https:\/\/www.alphacan.com\/es\/carpinteria-italia\/\"},{\"@type\":\"ListItem\",\"position\":3,\"name\":\"Mallorquinas y contraventanas\",\"item\":\"https:\/\/www.alphacan.com\/es\/carpinteria-italia\/mallorquinas-y-contraventanas\/\"},{\"@type\":\"ListItem\",\"position\":4,\"name\":\"Caj\u00f3n con persiana enrollable\"}]},{\"@type\":\"WebSite\",\"@id\":\"https:\/\/www.alphacan.com\/es\/#website\",\"url\":\"https:\/\/www.alphacan.com\/es\/\",\"name\":\"Alphacan\",\"description\":\"Concepteur Menuiseries\",\"potentialAction\":[{\"@type\":\"SearchAction\",\"target\":{\"@type\":\"EntryPoint\",\"urlTemplate\":\"https:\/\/www.alphacan.com\/es\/?s={search_term_string}\"},\"query-input\":{\"@type\":\"PropertyValueSpecification\",\"valueRequired\":true,\"valueName\":\"search_term_string\"}}],\"inLanguage\":\"es\"}]}<\/script>\n<!-- \/ Yoast SEO plugin. -->","yoast_head_json":{"title":"Caj\u00f3n con persiana enrollable &#8211; Alphacan","description":"CAJ\u00d3N MEDITERR\u00c1NEO CON PERSIANA Se trata de un caj\u00f3n monobloque, especialmente dise\u00f1ado para las nuevas edificaciones, que proporciona un aislamiento","robots":{"index":"index","follow":"follow","max-snippet":"max-snippet:-1","max-image-preview":"max-image-preview:large","max-video-preview":"max-video-preview:-1"},"canonical":"https:\/\/www.alphacan.com\/es\/carpinteria-italia\/mallorquinas-y-contraventanas\/persianas-enrollables\/","og_locale":"es_ES","og_type":"article","og_title":"Caj\u00f3n con persiana enrollable &#8211; Alphacan","og_description":"CAJ\u00d3N MEDITERR\u00c1NEO CON PERSIANA Se trata de un caj\u00f3n monobloque, especialmente dise\u00f1ado para las nuevas edificaciones, que proporciona un aislamiento","og_url":"https:\/\/www.alphacan.com\/es\/carpinteria-italia\/mallorquinas-y-contraventanas\/persianas-enrollables\/","og_site_name":"Alphacan","article_modified_time":"2019-04-17T06:21:09+00:00","twitter_card":"summary_large_image","schema":{"@context":"https:\/\/schema.org","@graph":[{"@type":"WebPage","@id":"https:\/\/www.alphacan.com\/es\/carpinteria-italia\/mallorquinas-y-contraventanas\/persianas-enrollables\/","url":"https:\/\/www.alphacan.com\/es\/carpinteria-italia\/mallorquinas-y-contraventanas\/persianas-enrollables\/","name":"Caj\u00f3n con persiana enrollable &#8211; Alphacan","isPartOf":{"@id":"https:\/\/www.alphacan.com\/es\/#website"},"datePublished":"2019-01-16T19:37:59+00:00","dateModified":"2019-04-17T06:21:09+00:00","description":"CAJ\u00d3N MEDITERR\u00c1NEO CON PERSIANA Se trata de un caj\u00f3n monobloque, especialmente dise\u00f1ado para las nuevas edificaciones, que proporciona un aislamiento","breadcrumb":{"@id":"https:\/\/www.alphacan.com\/es\/carpinteria-italia\/mallorquinas-y-contraventanas\/persianas-enrollables\/#breadcrumb"},"inLanguage":"es","potentialAction":[{"@type":"ReadAction","target":["https:\/\/www.alphacan.com\/es\/carpinteria-italia\/mallorquinas-y-contraventanas\/persianas-enrollables\/"]}]},{"@type":"BreadcrumbList","@id":"https:\/\/www.alphacan.com\/es\/carpinteria-italia\/mallorquinas-y-contraventanas\/persianas-enrollables\/#breadcrumb","itemListElement":[{"@type":"ListItem","position":1,"name":"Accueil","item":"https:\/\/www.alphacan.com\/es\/"},{"@type":"ListItem","position":2,"name":"Carpinter\u00eda Italia","item":"https:\/\/www.alphacan.com\/es\/carpinteria-italia\/"},{"@type":"ListItem","position":3,"name":"Mallorquinas y contraventanas","item":"https:\/\/www.alphacan.com\/es\/carpinteria-italia\/mallorquinas-y-contraventanas\/"},{"@type":"ListItem","position":4,"name":"Caj\u00f3n con persiana enrollable"}]},{"@type":"WebSite","@id":"https:\/\/www.alphacan.com\/es\/#website","url":"https:\/\/www.alphacan.com\/es\/","name":"Alphacan","description":"Concepteur Menuiseries","potentialAction":[{"@type":"SearchAction","target":{"@type":"EntryPoint","urlTemplate":"https:\/\/www.alphacan.com\/es\/?s={search_term_string}"},"query-input":{"@type":"PropertyValueSpecification","valueRequired":true,"valueName":"search_term_string"}}],"inLanguage":"es"}]}},"_links":{"self":[{"href":"https:\/\/www.alphacan.com\/es\/wp-json\/wp\/v2\/pages\/4973","targetHints":{"allow":["GET"]}}],"collection":[{"href":"https:\/\/www.alphacan.com\/es\/wp-json\/wp\/v2\/pages"}],"about":[{"href":"https:\/\/www.alphacan.com\/es\/wp-json\/wp\/v2\/types\/page"}],"author":[{"embeddable":true,"href":"https:\/\/www.alphacan.com\/es\/wp-json\/wp\/v2\/users\/559"}],"replies":[{"embeddable":true,"href":"https:\/\/www.alphacan.com\/es\/wp-json\/wp\/v2\/comments?post=4973"}],"version-history":[{"count":5,"href":"https:\/\/www.alphacan.com\/es\/wp-json\/wp\/v2\/pages\/4973\/revisions"}],"predecessor-version":[{"id":6293,"href":"https:\/\/www.alphacan.com\/es\/wp-json\/wp\/v2\/pages\/4973\/revisions\/6293"}],"up":[{"embeddable":true,"href":"https:\/\/www.alphacan.com\/es\/wp-json\/wp\/v2\/pages\/4968"}],"wp:attachment":[{"href":"https:\/\/www.alphacan.com\/es\/wp-json\/wp\/v2\/media?parent=4973"}],"curies":[{"name":"wp","href":"https:\/\/api.w.org\/{rel}","templated":true}]}}