{"id":6109,"date":"2019-04-05T16:21:43","date_gmt":"2019-04-05T14:21:43","guid":{"rendered":"https:\/\/www.alphacan.com\/istruzioni-area-partner-produttori-autorizzati\/"},"modified":"2021-05-25T11:21:33","modified_gmt":"2021-05-25T09:21:33","slug":"bim-archiproducts-alphacan-spanish","status":"publish","type":"page","link":"https:\/\/www.alphacan.com\/es\/bim-archiproducts-alphacan-spanish\/","title":{"rendered":"BIM ARCHIPRODUCTS ALPHACAN"},"content":{"rendered":"<p>Alphacan os acompa\u00f1a en la prescripci\u00f3n de sus productos a trav\u00e9s de BIM, que quienes se dedican a la construcci\u00f3n, utilizan todos los d\u00edas.<\/p>\n<p><a href=\"https:\/\/www.archiproducts.com\/es\/alphacan\/prodotti\/con-bim\" target=\"_blank\" rel=\"noopener noreferrer\">Descubra los productos Alphacan accediendo a BIM.<\/a><\/p>\n<p><iframe loading=\"lazy\" src=\"https:\/\/www.youtube.com\/embed\/lBf_QhZ84Ww?rel=0\" width=\"560\" height=\"315\" frameborder=\"0\" allowfullscreen=\"allowfullscreen\" data-mce-fragment=\"1\"><\/iframe><\/p>\n<p>Gracias al servicio de asesoramiento integrado, Alphacan est\u00e1 m\u00e1s cerca de los arquitectos, los economistas de la construcci\u00f3n o los gerentes de proyectos para presentarles su diversa gama de surtidos.<\/p>\n","protected":false},"excerpt":{"rendered":"<p>Alphacan os acompa\u00f1a en la prescripci\u00f3n de sus productos a trav\u00e9s de BIM, que quienes se dedican a la construcci\u00f3n, utilizan todos los d\u00edas. Descubra los productos Alphacan accediendo a BIM. Gracias al servicio de asesoramiento integrado, Alphacan est\u00e1 m\u00e1s cerca de los arquitectos, los economistas de la construcci\u00f3n o los gerentes de proyectos para [&hellip;]<\/p>\n","protected":false},"author":559,"featured_media":0,"parent":0,"menu_order":0,"comment_status":"closed","ping_status":"closed","template":"","meta":{"_acf_changed":false,"footnotes":""},"class_list":["post-6109","page","type-page","status-publish","hentry"],"acf":[],"yoast_head":"<!-- This site is optimized with the Yoast SEO plugin v27.0 - https:\/\/yoast.com\/product\/yoast-seo-wordpress\/ -->\n<title>BIM ARCHIPRODUCTS ALPHACAN &#8211; Alphacan<\/title>\n<meta name=\"description\" content=\"Alphacan os acompa\u00f1a en la prescripci\u00f3n de sus productos a trav\u00e9s de BIM, que quienes se dedican a la construcci\u00f3n, utilizan todos los d\u00edas. Descubra los\" \/>\n<meta name=\"robots\" content=\"index, follow, max-snippet:-1, max-image-preview:large, max-video-preview:-1\" \/>\n<link rel=\"canonical\" href=\"https:\/\/www.alphacan.com\/es\/bim-archiproducts-alphacan-spanish\/\" \/>\n<meta property=\"og:locale\" content=\"es_ES\" \/>\n<meta property=\"og:type\" content=\"article\" \/>\n<meta property=\"og:title\" content=\"BIM ARCHIPRODUCTS ALPHACAN &#8211; Alphacan\" \/>\n<meta property=\"og:description\" content=\"Alphacan os acompa\u00f1a en la prescripci\u00f3n de sus productos a trav\u00e9s de BIM, que quienes se dedican a la construcci\u00f3n, utilizan todos los d\u00edas. Descubra los\" \/>\n<meta property=\"og:url\" content=\"https:\/\/www.alphacan.com\/es\/bim-archiproducts-alphacan-spanish\/\" \/>\n<meta property=\"og:site_name\" content=\"Alphacan\" \/>\n<meta property=\"article:modified_time\" content=\"2021-05-25T09:21:33+00:00\" \/>\n<meta name=\"twitter:card\" content=\"summary_large_image\" \/>\n<script type=\"application\/ld+json\" class=\"yoast-schema-graph\">{\"@context\":\"https:\/\/schema.org\",\"@graph\":[{\"@type\":\"WebPage\",\"@id\":\"https:\/\/www.alphacan.com\/es\/bim-archiproducts-alphacan-spanish\/\",\"url\":\"https:\/\/www.alphacan.com\/es\/bim-archiproducts-alphacan-spanish\/\",\"name\":\"BIM ARCHIPRODUCTS ALPHACAN &#8211; Alphacan\",\"isPartOf\":{\"@id\":\"https:\/\/www.alphacan.com\/es\/#website\"},\"datePublished\":\"2019-04-05T14:21:43+00:00\",\"dateModified\":\"2021-05-25T09:21:33+00:00\",\"description\":\"Alphacan os acompa\u00f1a en la prescripci\u00f3n de sus productos a trav\u00e9s de BIM, que quienes se dedican a la construcci\u00f3n, utilizan todos los d\u00edas. Descubra los\",\"breadcrumb\":{\"@id\":\"https:\/\/www.alphacan.com\/es\/bim-archiproducts-alphacan-spanish\/#breadcrumb\"},\"inLanguage\":\"es\",\"potentialAction\":[{\"@type\":\"ReadAction\",\"target\":[\"https:\/\/www.alphacan.com\/es\/bim-archiproducts-alphacan-spanish\/\"]}]},{\"@type\":\"BreadcrumbList\",\"@id\":\"https:\/\/www.alphacan.com\/es\/bim-archiproducts-alphacan-spanish\/#breadcrumb\",\"itemListElement\":[{\"@type\":\"ListItem\",\"position\":1,\"name\":\"Accueil\",\"item\":\"https:\/\/www.alphacan.com\/es\/\"},{\"@type\":\"ListItem\",\"position\":2,\"name\":\"BIM ARCHIPRODUCTS ALPHACAN\"}]},{\"@type\":\"WebSite\",\"@id\":\"https:\/\/www.alphacan.com\/es\/#website\",\"url\":\"https:\/\/www.alphacan.com\/es\/\",\"name\":\"Alphacan\",\"description\":\"Concepteur Menuiseries\",\"potentialAction\":[{\"@type\":\"SearchAction\",\"target\":{\"@type\":\"EntryPoint\",\"urlTemplate\":\"https:\/\/www.alphacan.com\/es\/?s={search_term_string}\"},\"query-input\":{\"@type\":\"PropertyValueSpecification\",\"valueRequired\":true,\"valueName\":\"search_term_string\"}}],\"inLanguage\":\"es\"}]}<\/script>\n<!-- \/ Yoast SEO plugin. -->","yoast_head_json":{"title":"BIM ARCHIPRODUCTS ALPHACAN &#8211; Alphacan","description":"Alphacan os acompa\u00f1a en la prescripci\u00f3n de sus productos a trav\u00e9s de BIM, que quienes se dedican a la construcci\u00f3n, utilizan todos los d\u00edas. Descubra los","robots":{"index":"index","follow":"follow","max-snippet":"max-snippet:-1","max-image-preview":"max-image-preview:large","max-video-preview":"max-video-preview:-1"},"canonical":"https:\/\/www.alphacan.com\/es\/bim-archiproducts-alphacan-spanish\/","og_locale":"es_ES","og_type":"article","og_title":"BIM ARCHIPRODUCTS ALPHACAN &#8211; Alphacan","og_description":"Alphacan os acompa\u00f1a en la prescripci\u00f3n de sus productos a trav\u00e9s de BIM, que quienes se dedican a la construcci\u00f3n, utilizan todos los d\u00edas. Descubra los","og_url":"https:\/\/www.alphacan.com\/es\/bim-archiproducts-alphacan-spanish\/","og_site_name":"Alphacan","article_modified_time":"2021-05-25T09:21:33+00:00","twitter_card":"summary_large_image","schema":{"@context":"https:\/\/schema.org","@graph":[{"@type":"WebPage","@id":"https:\/\/www.alphacan.com\/es\/bim-archiproducts-alphacan-spanish\/","url":"https:\/\/www.alphacan.com\/es\/bim-archiproducts-alphacan-spanish\/","name":"BIM ARCHIPRODUCTS ALPHACAN &#8211; Alphacan","isPartOf":{"@id":"https:\/\/www.alphacan.com\/es\/#website"},"datePublished":"2019-04-05T14:21:43+00:00","dateModified":"2021-05-25T09:21:33+00:00","description":"Alphacan os acompa\u00f1a en la prescripci\u00f3n de sus productos a trav\u00e9s de BIM, que quienes se dedican a la construcci\u00f3n, utilizan todos los d\u00edas. Descubra los","breadcrumb":{"@id":"https:\/\/www.alphacan.com\/es\/bim-archiproducts-alphacan-spanish\/#breadcrumb"},"inLanguage":"es","potentialAction":[{"@type":"ReadAction","target":["https:\/\/www.alphacan.com\/es\/bim-archiproducts-alphacan-spanish\/"]}]},{"@type":"BreadcrumbList","@id":"https:\/\/www.alphacan.com\/es\/bim-archiproducts-alphacan-spanish\/#breadcrumb","itemListElement":[{"@type":"ListItem","position":1,"name":"Accueil","item":"https:\/\/www.alphacan.com\/es\/"},{"@type":"ListItem","position":2,"name":"BIM ARCHIPRODUCTS ALPHACAN"}]},{"@type":"WebSite","@id":"https:\/\/www.alphacan.com\/es\/#website","url":"https:\/\/www.alphacan.com\/es\/","name":"Alphacan","description":"Concepteur Menuiseries","potentialAction":[{"@type":"SearchAction","target":{"@type":"EntryPoint","urlTemplate":"https:\/\/www.alphacan.com\/es\/?s={search_term_string}"},"query-input":{"@type":"PropertyValueSpecification","valueRequired":true,"valueName":"search_term_string"}}],"inLanguage":"es"}]}},"_links":{"self":[{"href":"https:\/\/www.alphacan.com\/es\/wp-json\/wp\/v2\/pages\/6109","targetHints":{"allow":["GET"]}}],"collection":[{"href":"https:\/\/www.alphacan.com\/es\/wp-json\/wp\/v2\/pages"}],"about":[{"href":"https:\/\/www.alphacan.com\/es\/wp-json\/wp\/v2\/types\/page"}],"author":[{"embeddable":true,"href":"https:\/\/www.alphacan.com\/es\/wp-json\/wp\/v2\/users\/559"}],"replies":[{"embeddable":true,"href":"https:\/\/www.alphacan.com\/es\/wp-json\/wp\/v2\/comments?post=6109"}],"version-history":[{"count":5,"href":"https:\/\/www.alphacan.com\/es\/wp-json\/wp\/v2\/pages\/6109\/revisions"}],"predecessor-version":[{"id":6902,"href":"https:\/\/www.alphacan.com\/es\/wp-json\/wp\/v2\/pages\/6109\/revisions\/6902"}],"wp:attachment":[{"href":"https:\/\/www.alphacan.com\/es\/wp-json\/wp\/v2\/media?parent=6109"}],"curies":[{"name":"wp","href":"https:\/\/api.w.org\/{rel}","templated":true}]}}