{"id":1544,"date":"2017-09-22T10:54:56","date_gmt":"2017-09-22T09:54:56","guid":{"rendered":"https:\/\/www.alphacan.com\/fr\/?page_id=1544"},"modified":"2019-01-15T12:59:46","modified_gmt":"2019-01-15T11:59:46","slug":"fenetres","status":"publish","type":"page","link":"https:\/\/www.alphacan.com\/fr\/menuiseries-france\/fenetres\/","title":{"rendered":"Fen\u00eatres"},"content":{"rendered":"<h2>DES MENUISERIES SUR-MESURE<\/h2>\n<p>L\u2019engagement d\u2019ALPHACAN est de cr\u00e9er une menuiserie sur-mesure pour votre habitat.<br \/>\nVous choisissez, parmi une palette de mat\u00e9riaux et couleurs in\u00e9dits, une finition pour les montants ext\u00e9rieurs et une autre pour les montants int\u00e9rieurs.<\/p>\n<p>C\u2019est aussi simple.<\/p>\n","protected":false},"excerpt":{"rendered":"<p>DES MENUISERIES SUR-MESURE L\u2019engagement d\u2019ALPHACAN est de cr\u00e9er une menuiserie sur-mesure pour votre habitat. Vous choisissez, parmi une palette de mat\u00e9riaux et couleurs in\u00e9dits, une finition pour les montants ext\u00e9rieurs et une autre pour les montants int\u00e9rieurs. C\u2019est aussi simple.<\/p>\n","protected":false},"author":559,"featured_media":2202,"parent":1560,"menu_order":1,"comment_status":"closed","ping_status":"closed","template":"","meta":{"_acf_changed":false,"footnotes":""},"class_list":["post-1544","page","type-page","status-publish","has-post-thumbnail","hentry"],"acf":[],"yoast_head":"<!-- This site is optimized with the Yoast SEO plugin v27.0 - https:\/\/yoast.com\/product\/yoast-seo-wordpress\/ -->\n<title>Fen\u00eatres &#8211; Alphacan<\/title>\n<meta name=\"description\" content=\"DES MENUISERIES SUR-MESURE L\u2019engagement d\u2019ALPHACAN est de cr\u00e9er une menuiserie sur-mesure pour votre habitat. Vous choisissez, parmi une palette de\" \/>\n<meta name=\"robots\" content=\"index, follow, max-snippet:-1, max-image-preview:large, max-video-preview:-1\" \/>\n<link rel=\"canonical\" href=\"https:\/\/www.alphacan.com\/fr\/menuiseries-france\/fenetres\/\" \/>\n<meta property=\"og:locale\" content=\"fr_FR\" \/>\n<meta property=\"og:type\" content=\"article\" \/>\n<meta property=\"og:title\" content=\"Fen\u00eatres &#8211; Alphacan\" \/>\n<meta property=\"og:description\" content=\"DES MENUISERIES SUR-MESURE L\u2019engagement d\u2019ALPHACAN est de cr\u00e9er une menuiserie sur-mesure pour votre habitat. Vous choisissez, parmi une palette de\" \/>\n<meta property=\"og:url\" content=\"https:\/\/www.alphacan.com\/fr\/menuiseries-france\/fenetres\/\" \/>\n<meta property=\"og:site_name\" content=\"Alphacan\" \/>\n<meta property=\"article:modified_time\" content=\"2019-01-15T11:59:46+00:00\" \/>\n<meta property=\"og:image\" content=\"https:\/\/www.alphacan.com\/wp-content\/uploads\/2017\/11\/pictos-fenetre.jpg\" \/>\n\t<meta property=\"og:image:width\" content=\"484\" \/>\n\t<meta property=\"og:image:height\" content=\"540\" \/>\n\t<meta property=\"og:image:type\" content=\"image\/jpeg\" \/>\n<meta name=\"twitter:card\" content=\"summary_large_image\" \/>\n<script type=\"application\/ld+json\" class=\"yoast-schema-graph\">{\"@context\":\"https:\/\/schema.org\",\"@graph\":[{\"@type\":\"WebPage\",\"@id\":\"https:\/\/www.alphacan.com\/fr\/menuiseries-france\/fenetres\/\",\"url\":\"https:\/\/www.alphacan.com\/fr\/menuiseries-france\/fenetres\/\",\"name\":\"Fen\u00eatres &#8211; Alphacan\",\"isPartOf\":{\"@id\":\"https:\/\/www.alphacan.com\/es\/#website\"},\"primaryImageOfPage\":{\"@id\":\"https:\/\/www.alphacan.com\/fr\/menuiseries-france\/fenetres\/#primaryimage\"},\"image\":{\"@id\":\"https:\/\/www.alphacan.com\/fr\/menuiseries-france\/fenetres\/#primaryimage\"},\"thumbnailUrl\":\"https:\/\/www.alphacan.com\/wp-content\/uploads\/2017\/11\/pictos-fenetre.jpg\",\"datePublished\":\"2017-09-22T09:54:56+00:00\",\"dateModified\":\"2019-01-15T11:59:46+00:00\",\"description\":\"DES MENUISERIES SUR-MESURE L\u2019engagement d\u2019ALPHACAN est de cr\u00e9er une menuiserie sur-mesure pour votre habitat. Vous choisissez, parmi une palette de\",\"breadcrumb\":{\"@id\":\"https:\/\/www.alphacan.com\/fr\/menuiseries-france\/fenetres\/#breadcrumb\"},\"inLanguage\":\"fr-FR\",\"potentialAction\":[{\"@type\":\"ReadAction\",\"target\":[\"https:\/\/www.alphacan.com\/fr\/menuiseries-france\/fenetres\/\"]}]},{\"@type\":\"ImageObject\",\"inLanguage\":\"fr-FR\",\"@id\":\"https:\/\/www.alphacan.com\/fr\/menuiseries-france\/fenetres\/#primaryimage\",\"url\":\"https:\/\/www.alphacan.com\/wp-content\/uploads\/2017\/11\/pictos-fenetre.jpg\",\"contentUrl\":\"https:\/\/www.alphacan.com\/wp-content\/uploads\/2017\/11\/pictos-fenetre.jpg\",\"width\":484,\"height\":540},{\"@type\":\"BreadcrumbList\",\"@id\":\"https:\/\/www.alphacan.com\/fr\/menuiseries-france\/fenetres\/#breadcrumb\",\"itemListElement\":[{\"@type\":\"ListItem\",\"position\":1,\"name\":\"Accueil\",\"item\":\"https:\/\/www.alphacan.com\/fr\/\"},{\"@type\":\"ListItem\",\"position\":2,\"name\":\"Menuiseries France\",\"item\":\"https:\/\/www.alphacan.com\/fr\/menuiseries-france\/\"},{\"@type\":\"ListItem\",\"position\":3,\"name\":\"Fen\u00eatres\"}]},{\"@type\":\"WebSite\",\"@id\":\"https:\/\/www.alphacan.com\/es\/#website\",\"url\":\"https:\/\/www.alphacan.com\/es\/\",\"name\":\"Alphacan\",\"description\":\"Concepteur Menuiseries\",\"potentialAction\":[{\"@type\":\"SearchAction\",\"target\":{\"@type\":\"EntryPoint\",\"urlTemplate\":\"https:\/\/www.alphacan.com\/es\/?s={search_term_string}\"},\"query-input\":{\"@type\":\"PropertyValueSpecification\",\"valueRequired\":true,\"valueName\":\"search_term_string\"}}],\"inLanguage\":\"fr-FR\"}]}<\/script>\n<!-- \/ Yoast SEO plugin. -->","yoast_head_json":{"title":"Fen\u00eatres &#8211; Alphacan","description":"DES MENUISERIES SUR-MESURE L\u2019engagement d\u2019ALPHACAN est de cr\u00e9er une menuiserie sur-mesure pour votre habitat. Vous choisissez, parmi une palette de","robots":{"index":"index","follow":"follow","max-snippet":"max-snippet:-1","max-image-preview":"max-image-preview:large","max-video-preview":"max-video-preview:-1"},"canonical":"https:\/\/www.alphacan.com\/fr\/menuiseries-france\/fenetres\/","og_locale":"fr_FR","og_type":"article","og_title":"Fen\u00eatres &#8211; Alphacan","og_description":"DES MENUISERIES SUR-MESURE L\u2019engagement d\u2019ALPHACAN est de cr\u00e9er une menuiserie sur-mesure pour votre habitat. Vous choisissez, parmi une palette de","og_url":"https:\/\/www.alphacan.com\/fr\/menuiseries-france\/fenetres\/","og_site_name":"Alphacan","article_modified_time":"2019-01-15T11:59:46+00:00","og_image":[{"width":484,"height":540,"url":"https:\/\/www.alphacan.com\/wp-content\/uploads\/2017\/11\/pictos-fenetre.jpg","type":"image\/jpeg"}],"twitter_card":"summary_large_image","schema":{"@context":"https:\/\/schema.org","@graph":[{"@type":"WebPage","@id":"https:\/\/www.alphacan.com\/fr\/menuiseries-france\/fenetres\/","url":"https:\/\/www.alphacan.com\/fr\/menuiseries-france\/fenetres\/","name":"Fen\u00eatres &#8211; Alphacan","isPartOf":{"@id":"https:\/\/www.alphacan.com\/es\/#website"},"primaryImageOfPage":{"@id":"https:\/\/www.alphacan.com\/fr\/menuiseries-france\/fenetres\/#primaryimage"},"image":{"@id":"https:\/\/www.alphacan.com\/fr\/menuiseries-france\/fenetres\/#primaryimage"},"thumbnailUrl":"https:\/\/www.alphacan.com\/wp-content\/uploads\/2017\/11\/pictos-fenetre.jpg","datePublished":"2017-09-22T09:54:56+00:00","dateModified":"2019-01-15T11:59:46+00:00","description":"DES MENUISERIES SUR-MESURE L\u2019engagement d\u2019ALPHACAN est de cr\u00e9er une menuiserie sur-mesure pour votre habitat. Vous choisissez, parmi une palette de","breadcrumb":{"@id":"https:\/\/www.alphacan.com\/fr\/menuiseries-france\/fenetres\/#breadcrumb"},"inLanguage":"fr-FR","potentialAction":[{"@type":"ReadAction","target":["https:\/\/www.alphacan.com\/fr\/menuiseries-france\/fenetres\/"]}]},{"@type":"ImageObject","inLanguage":"fr-FR","@id":"https:\/\/www.alphacan.com\/fr\/menuiseries-france\/fenetres\/#primaryimage","url":"https:\/\/www.alphacan.com\/wp-content\/uploads\/2017\/11\/pictos-fenetre.jpg","contentUrl":"https:\/\/www.alphacan.com\/wp-content\/uploads\/2017\/11\/pictos-fenetre.jpg","width":484,"height":540},{"@type":"BreadcrumbList","@id":"https:\/\/www.alphacan.com\/fr\/menuiseries-france\/fenetres\/#breadcrumb","itemListElement":[{"@type":"ListItem","position":1,"name":"Accueil","item":"https:\/\/www.alphacan.com\/fr\/"},{"@type":"ListItem","position":2,"name":"Menuiseries France","item":"https:\/\/www.alphacan.com\/fr\/menuiseries-france\/"},{"@type":"ListItem","position":3,"name":"Fen\u00eatres"}]},{"@type":"WebSite","@id":"https:\/\/www.alphacan.com\/es\/#website","url":"https:\/\/www.alphacan.com\/es\/","name":"Alphacan","description":"Concepteur Menuiseries","potentialAction":[{"@type":"SearchAction","target":{"@type":"EntryPoint","urlTemplate":"https:\/\/www.alphacan.com\/es\/?s={search_term_string}"},"query-input":{"@type":"PropertyValueSpecification","valueRequired":true,"valueName":"search_term_string"}}],"inLanguage":"fr-FR"}]}},"_links":{"self":[{"href":"https:\/\/www.alphacan.com\/fr\/wp-json\/wp\/v2\/pages\/1544","targetHints":{"allow":["GET"]}}],"collection":[{"href":"https:\/\/www.alphacan.com\/fr\/wp-json\/wp\/v2\/pages"}],"about":[{"href":"https:\/\/www.alphacan.com\/fr\/wp-json\/wp\/v2\/types\/page"}],"author":[{"embeddable":true,"href":"https:\/\/www.alphacan.com\/fr\/wp-json\/wp\/v2\/users\/559"}],"replies":[{"embeddable":true,"href":"https:\/\/www.alphacan.com\/fr\/wp-json\/wp\/v2\/comments?post=1544"}],"version-history":[{"count":5,"href":"https:\/\/www.alphacan.com\/fr\/wp-json\/wp\/v2\/pages\/1544\/revisions"}],"predecessor-version":[{"id":5412,"href":"https:\/\/www.alphacan.com\/fr\/wp-json\/wp\/v2\/pages\/1544\/revisions\/5412"}],"up":[{"embeddable":true,"href":"https:\/\/www.alphacan.com\/fr\/wp-json\/wp\/v2\/pages\/1560"}],"wp:featuredmedia":[{"embeddable":true,"href":"https:\/\/www.alphacan.com\/fr\/wp-json\/wp\/v2\/media\/2202"}],"wp:attachment":[{"href":"https:\/\/www.alphacan.com\/fr\/wp-json\/wp\/v2\/media?parent=1544"}],"curies":[{"name":"wp","href":"https:\/\/api.w.org\/{rel}","templated":true}]}}