{"id":1554,"date":"2017-09-22T11:06:10","date_gmt":"2017-09-22T10:06:10","guid":{"rendered":"https:\/\/www.alphacan.com\/fr\/?page_id=1554"},"modified":"2018-04-27T13:27:03","modified_gmt":"2018-04-27T12:27:03","slug":"coffre-volets-roulants","status":"publish","type":"page","link":"https:\/\/www.alphacan.com\/fr\/menuiseries-france\/fermetures\/coffre-volets-roulants\/","title":{"rendered":"Coffre Volets Roulants"},"content":{"rendered":"<h2>ESTH\u00e9TISME ET PERFORMANCE<\/h2>\n<p>Ind\u00e9modable, le coffre volets roulants \u00e0 pan coup\u00e9 s\u2019adapte \u00e0 tous les styles, aussi bien traditionnels que contemporains. Esth\u00e9tiques et performants, ils r\u00e9pondent \u00e0 toutes vos attentes :<\/p>\n<ul style=\"list-style-type: square;\">\n<li>Isolation thermique maximale<\/li>\n<li>Gamme compl\u00e8te de coulisses\/adaptateurs et habillage<\/li>\n<li>Disponible en 3 dimensions<\/li>\n<li>Finitions <a href=\"https:\/\/www.alphacan.com\/fr\/menuiseries-france\/finitions\/color\/\">color<\/a>\u00a0et\u00a0<a href=\"https:\/\/www.alphacan.com\/fr\/menuiseries-france\/finitions\/zen\/\">zen<\/a><\/li>\n<\/ul>\n","protected":false},"excerpt":{"rendered":"<p>ESTH\u00e9TISME ET PERFORMANCE Ind\u00e9modable, le coffre volets roulants \u00e0 pan coup\u00e9 s\u2019adapte \u00e0 tous les styles, aussi bien traditionnels que contemporains. Esth\u00e9tiques et performants, ils r\u00e9pondent \u00e0 toutes vos attentes : Isolation thermique maximale Gamme compl\u00e8te de coulisses\/adaptateurs et habillage Disponible en 3 dimensions Finitions color\u00a0et\u00a0zen<\/p>\n","protected":false},"author":559,"featured_media":0,"parent":1550,"menu_order":1,"comment_status":"closed","ping_status":"closed","template":"","meta":{"_acf_changed":false,"footnotes":""},"class_list":["post-1554","page","type-page","status-publish","hentry"],"acf":[],"yoast_head":"<!-- This site is optimized with the Yoast SEO plugin v27.0 - https:\/\/yoast.com\/product\/yoast-seo-wordpress\/ -->\n<title>Coffre Volets Roulants &#8211; Alphacan<\/title>\n<meta name=\"description\" content=\"ESTH\u00e9TISME ET PERFORMANCE Ind\u00e9modable, le coffre volets roulants \u00e0 pan coup\u00e9 s\u2019adapte \u00e0 tous les styles, aussi bien traditionnels que contemporains.\" \/>\n<meta name=\"robots\" content=\"index, follow, max-snippet:-1, max-image-preview:large, max-video-preview:-1\" \/>\n<link rel=\"canonical\" href=\"https:\/\/www.alphacan.com\/fr\/menuiseries-france\/fermetures\/coffre-volets-roulants\/\" \/>\n<meta property=\"og:locale\" content=\"fr_FR\" \/>\n<meta property=\"og:type\" content=\"article\" \/>\n<meta property=\"og:title\" content=\"Coffre Volets Roulants &#8211; Alphacan\" \/>\n<meta property=\"og:description\" content=\"ESTH\u00e9TISME ET PERFORMANCE Ind\u00e9modable, le coffre volets roulants \u00e0 pan coup\u00e9 s\u2019adapte \u00e0 tous les styles, aussi bien traditionnels que contemporains.\" \/>\n<meta property=\"og:url\" content=\"https:\/\/www.alphacan.com\/fr\/menuiseries-france\/fermetures\/coffre-volets-roulants\/\" \/>\n<meta property=\"og:site_name\" content=\"Alphacan\" \/>\n<meta property=\"article:modified_time\" content=\"2018-04-27T12:27:03+00:00\" \/>\n<meta name=\"twitter:card\" content=\"summary_large_image\" \/>\n<script type=\"application\/ld+json\" class=\"yoast-schema-graph\">{\"@context\":\"https:\/\/schema.org\",\"@graph\":[{\"@type\":\"WebPage\",\"@id\":\"https:\/\/www.alphacan.com\/fr\/menuiseries-france\/fermetures\/coffre-volets-roulants\/\",\"url\":\"https:\/\/www.alphacan.com\/fr\/menuiseries-france\/fermetures\/coffre-volets-roulants\/\",\"name\":\"Coffre Volets Roulants &#8211; Alphacan\",\"isPartOf\":{\"@id\":\"https:\/\/www.alphacan.com\/es\/#website\"},\"datePublished\":\"2017-09-22T10:06:10+00:00\",\"dateModified\":\"2018-04-27T12:27:03+00:00\",\"description\":\"ESTH\u00e9TISME ET PERFORMANCE Ind\u00e9modable, le coffre volets roulants \u00e0 pan coup\u00e9 s\u2019adapte \u00e0 tous les styles, aussi bien traditionnels que contemporains.\",\"breadcrumb\":{\"@id\":\"https:\/\/www.alphacan.com\/fr\/menuiseries-france\/fermetures\/coffre-volets-roulants\/#breadcrumb\"},\"inLanguage\":\"fr-FR\",\"potentialAction\":[{\"@type\":\"ReadAction\",\"target\":[\"https:\/\/www.alphacan.com\/fr\/menuiseries-france\/fermetures\/coffre-volets-roulants\/\"]}]},{\"@type\":\"BreadcrumbList\",\"@id\":\"https:\/\/www.alphacan.com\/fr\/menuiseries-france\/fermetures\/coffre-volets-roulants\/#breadcrumb\",\"itemListElement\":[{\"@type\":\"ListItem\",\"position\":1,\"name\":\"Accueil\",\"item\":\"https:\/\/www.alphacan.com\/fr\/\"},{\"@type\":\"ListItem\",\"position\":2,\"name\":\"Menuiseries France\",\"item\":\"https:\/\/www.alphacan.com\/fr\/menuiseries-france\/\"},{\"@type\":\"ListItem\",\"position\":3,\"name\":\"Fermetures\",\"item\":\"https:\/\/www.alphacan.com\/fr\/menuiseries-france\/fermetures\/\"},{\"@type\":\"ListItem\",\"position\":4,\"name\":\"Coffre Volets Roulants\"}]},{\"@type\":\"WebSite\",\"@id\":\"https:\/\/www.alphacan.com\/es\/#website\",\"url\":\"https:\/\/www.alphacan.com\/es\/\",\"name\":\"Alphacan\",\"description\":\"Concepteur Menuiseries\",\"potentialAction\":[{\"@type\":\"SearchAction\",\"target\":{\"@type\":\"EntryPoint\",\"urlTemplate\":\"https:\/\/www.alphacan.com\/es\/?s={search_term_string}\"},\"query-input\":{\"@type\":\"PropertyValueSpecification\",\"valueRequired\":true,\"valueName\":\"search_term_string\"}}],\"inLanguage\":\"fr-FR\"}]}<\/script>\n<!-- \/ Yoast SEO plugin. -->","yoast_head_json":{"title":"Coffre Volets Roulants &#8211; Alphacan","description":"ESTH\u00e9TISME ET PERFORMANCE Ind\u00e9modable, le coffre volets roulants \u00e0 pan coup\u00e9 s\u2019adapte \u00e0 tous les styles, aussi bien traditionnels que contemporains.","robots":{"index":"index","follow":"follow","max-snippet":"max-snippet:-1","max-image-preview":"max-image-preview:large","max-video-preview":"max-video-preview:-1"},"canonical":"https:\/\/www.alphacan.com\/fr\/menuiseries-france\/fermetures\/coffre-volets-roulants\/","og_locale":"fr_FR","og_type":"article","og_title":"Coffre Volets Roulants &#8211; Alphacan","og_description":"ESTH\u00e9TISME ET PERFORMANCE Ind\u00e9modable, le coffre volets roulants \u00e0 pan coup\u00e9 s\u2019adapte \u00e0 tous les styles, aussi bien traditionnels que contemporains.","og_url":"https:\/\/www.alphacan.com\/fr\/menuiseries-france\/fermetures\/coffre-volets-roulants\/","og_site_name":"Alphacan","article_modified_time":"2018-04-27T12:27:03+00:00","twitter_card":"summary_large_image","schema":{"@context":"https:\/\/schema.org","@graph":[{"@type":"WebPage","@id":"https:\/\/www.alphacan.com\/fr\/menuiseries-france\/fermetures\/coffre-volets-roulants\/","url":"https:\/\/www.alphacan.com\/fr\/menuiseries-france\/fermetures\/coffre-volets-roulants\/","name":"Coffre Volets Roulants &#8211; Alphacan","isPartOf":{"@id":"https:\/\/www.alphacan.com\/es\/#website"},"datePublished":"2017-09-22T10:06:10+00:00","dateModified":"2018-04-27T12:27:03+00:00","description":"ESTH\u00e9TISME ET PERFORMANCE Ind\u00e9modable, le coffre volets roulants \u00e0 pan coup\u00e9 s\u2019adapte \u00e0 tous les styles, aussi bien traditionnels que contemporains.","breadcrumb":{"@id":"https:\/\/www.alphacan.com\/fr\/menuiseries-france\/fermetures\/coffre-volets-roulants\/#breadcrumb"},"inLanguage":"fr-FR","potentialAction":[{"@type":"ReadAction","target":["https:\/\/www.alphacan.com\/fr\/menuiseries-france\/fermetures\/coffre-volets-roulants\/"]}]},{"@type":"BreadcrumbList","@id":"https:\/\/www.alphacan.com\/fr\/menuiseries-france\/fermetures\/coffre-volets-roulants\/#breadcrumb","itemListElement":[{"@type":"ListItem","position":1,"name":"Accueil","item":"https:\/\/www.alphacan.com\/fr\/"},{"@type":"ListItem","position":2,"name":"Menuiseries France","item":"https:\/\/www.alphacan.com\/fr\/menuiseries-france\/"},{"@type":"ListItem","position":3,"name":"Fermetures","item":"https:\/\/www.alphacan.com\/fr\/menuiseries-france\/fermetures\/"},{"@type":"ListItem","position":4,"name":"Coffre Volets Roulants"}]},{"@type":"WebSite","@id":"https:\/\/www.alphacan.com\/es\/#website","url":"https:\/\/www.alphacan.com\/es\/","name":"Alphacan","description":"Concepteur Menuiseries","potentialAction":[{"@type":"SearchAction","target":{"@type":"EntryPoint","urlTemplate":"https:\/\/www.alphacan.com\/es\/?s={search_term_string}"},"query-input":{"@type":"PropertyValueSpecification","valueRequired":true,"valueName":"search_term_string"}}],"inLanguage":"fr-FR"}]}},"_links":{"self":[{"href":"https:\/\/www.alphacan.com\/fr\/wp-json\/wp\/v2\/pages\/1554","targetHints":{"allow":["GET"]}}],"collection":[{"href":"https:\/\/www.alphacan.com\/fr\/wp-json\/wp\/v2\/pages"}],"about":[{"href":"https:\/\/www.alphacan.com\/fr\/wp-json\/wp\/v2\/types\/page"}],"author":[{"embeddable":true,"href":"https:\/\/www.alphacan.com\/fr\/wp-json\/wp\/v2\/users\/559"}],"replies":[{"embeddable":true,"href":"https:\/\/www.alphacan.com\/fr\/wp-json\/wp\/v2\/comments?post=1554"}],"version-history":[{"count":5,"href":"https:\/\/www.alphacan.com\/fr\/wp-json\/wp\/v2\/pages\/1554\/revisions"}],"predecessor-version":[{"id":2850,"href":"https:\/\/www.alphacan.com\/fr\/wp-json\/wp\/v2\/pages\/1554\/revisions\/2850"}],"up":[{"embeddable":true,"href":"https:\/\/www.alphacan.com\/fr\/wp-json\/wp\/v2\/pages\/1550"}],"wp:attachment":[{"href":"https:\/\/www.alphacan.com\/fr\/wp-json\/wp\/v2\/media?parent=1554"}],"curies":[{"name":"wp","href":"https:\/\/api.w.org\/{rel}","templated":true}]}}