{"id":1569,"date":"2017-09-22T11:18:29","date_gmt":"2017-09-22T10:18:29","guid":{"rendered":"https:\/\/www.alphacan.com\/fr\/?page_id=1569"},"modified":"2018-07-03T10:38:06","modified_gmt":"2018-07-03T08:38:06","slug":"zen","status":"publish","type":"page","link":"https:\/\/www.alphacan.com\/fr\/menuiseries-france\/finitions\/zen\/","title":{"rendered":"Zen"},"content":{"rendered":"<h2>FINITION INT\u00e9RIEURE<\/h2>\n<p>La collection ZEN habille les menuiseries int\u00e9rieures d\u2019une feuille de bois naturel choisi parmi 5 essences.<\/p>\n<p>L\u2019exp\u00e9rience sensorielle est sublim\u00e9e : les pores du bois offrent un toucher in\u00e9galable et les nuances de structure et de couleur t\u00e9moignent de la singularit\u00e9 naturelle du mat\u00e9riau.<\/p>\n<p>Le coeur de la menuiserie PVC assure le meilleur de la performance acoustique, thermique et le confort recherch\u00e9.<\/p>\n","protected":false},"excerpt":{"rendered":"<p>FINITION INT\u00e9RIEURE La collection ZEN habille les menuiseries int\u00e9rieures d\u2019une feuille de bois naturel choisi parmi 5 essences. L\u2019exp\u00e9rience sensorielle est sublim\u00e9e : les pores du bois offrent un toucher in\u00e9galable et les nuances de structure et de couleur t\u00e9moignent de la singularit\u00e9 naturelle du mat\u00e9riau. Le coeur de la menuiserie PVC assure le meilleur [&hellip;]<\/p>\n","protected":false},"author":559,"featured_media":0,"parent":1556,"menu_order":2,"comment_status":"closed","ping_status":"closed","template":"","meta":{"_acf_changed":false,"footnotes":""},"class_list":["post-1569","page","type-page","status-publish","hentry"],"acf":[],"yoast_head":"<!-- This site is optimized with the Yoast SEO plugin v27.0 - https:\/\/yoast.com\/product\/yoast-seo-wordpress\/ -->\n<title>Zen &#8211; Alphacan<\/title>\n<meta name=\"description\" content=\"FINITION INT\u00e9RIEURE La collection ZEN habille les menuiseries int\u00e9rieures d\u2019une feuille de bois naturel choisi parmi 5 essences. L\u2019exp\u00e9rience sensorielle\" \/>\n<meta name=\"robots\" content=\"index, follow, max-snippet:-1, max-image-preview:large, max-video-preview:-1\" \/>\n<link rel=\"canonical\" href=\"https:\/\/www.alphacan.com\/fr\/menuiseries-france\/finitions\/zen\/\" \/>\n<meta property=\"og:locale\" content=\"fr_FR\" \/>\n<meta property=\"og:type\" content=\"article\" \/>\n<meta property=\"og:title\" content=\"Zen &#8211; Alphacan\" \/>\n<meta property=\"og:description\" content=\"FINITION INT\u00e9RIEURE La collection ZEN habille les menuiseries int\u00e9rieures d\u2019une feuille de bois naturel choisi parmi 5 essences. L\u2019exp\u00e9rience sensorielle\" \/>\n<meta property=\"og:url\" content=\"https:\/\/www.alphacan.com\/fr\/menuiseries-france\/finitions\/zen\/\" \/>\n<meta property=\"og:site_name\" content=\"Alphacan\" \/>\n<meta property=\"article:modified_time\" content=\"2018-07-03T08:38:06+00:00\" \/>\n<meta name=\"twitter:card\" content=\"summary_large_image\" \/>\n<script type=\"application\/ld+json\" class=\"yoast-schema-graph\">{\"@context\":\"https:\/\/schema.org\",\"@graph\":[{\"@type\":\"WebPage\",\"@id\":\"https:\/\/www.alphacan.com\/fr\/menuiseries-france\/finitions\/zen\/\",\"url\":\"https:\/\/www.alphacan.com\/fr\/menuiseries-france\/finitions\/zen\/\",\"name\":\"Zen &#8211; Alphacan\",\"isPartOf\":{\"@id\":\"https:\/\/www.alphacan.com\/es\/#website\"},\"datePublished\":\"2017-09-22T10:18:29+00:00\",\"dateModified\":\"2018-07-03T08:38:06+00:00\",\"description\":\"FINITION INT\u00e9RIEURE La collection ZEN habille les menuiseries int\u00e9rieures d\u2019une feuille de bois naturel choisi parmi 5 essences. L\u2019exp\u00e9rience sensorielle\",\"breadcrumb\":{\"@id\":\"https:\/\/www.alphacan.com\/fr\/menuiseries-france\/finitions\/zen\/#breadcrumb\"},\"inLanguage\":\"fr-FR\",\"potentialAction\":[{\"@type\":\"ReadAction\",\"target\":[\"https:\/\/www.alphacan.com\/fr\/menuiseries-france\/finitions\/zen\/\"]}]},{\"@type\":\"BreadcrumbList\",\"@id\":\"https:\/\/www.alphacan.com\/fr\/menuiseries-france\/finitions\/zen\/#breadcrumb\",\"itemListElement\":[{\"@type\":\"ListItem\",\"position\":1,\"name\":\"Accueil\",\"item\":\"https:\/\/www.alphacan.com\/fr\/\"},{\"@type\":\"ListItem\",\"position\":2,\"name\":\"Menuiseries France\",\"item\":\"https:\/\/www.alphacan.com\/fr\/menuiseries-france\/\"},{\"@type\":\"ListItem\",\"position\":3,\"name\":\"Finitions\",\"item\":\"https:\/\/www.alphacan.com\/fr\/menuiseries-france\/finitions\/\"},{\"@type\":\"ListItem\",\"position\":4,\"name\":\"Zen\"}]},{\"@type\":\"WebSite\",\"@id\":\"https:\/\/www.alphacan.com\/es\/#website\",\"url\":\"https:\/\/www.alphacan.com\/es\/\",\"name\":\"Alphacan\",\"description\":\"Concepteur Menuiseries\",\"potentialAction\":[{\"@type\":\"SearchAction\",\"target\":{\"@type\":\"EntryPoint\",\"urlTemplate\":\"https:\/\/www.alphacan.com\/es\/?s={search_term_string}\"},\"query-input\":{\"@type\":\"PropertyValueSpecification\",\"valueRequired\":true,\"valueName\":\"search_term_string\"}}],\"inLanguage\":\"fr-FR\"}]}<\/script>\n<!-- \/ Yoast SEO plugin. -->","yoast_head_json":{"title":"Zen &#8211; Alphacan","description":"FINITION INT\u00e9RIEURE La collection ZEN habille les menuiseries int\u00e9rieures d\u2019une feuille de bois naturel choisi parmi 5 essences. L\u2019exp\u00e9rience sensorielle","robots":{"index":"index","follow":"follow","max-snippet":"max-snippet:-1","max-image-preview":"max-image-preview:large","max-video-preview":"max-video-preview:-1"},"canonical":"https:\/\/www.alphacan.com\/fr\/menuiseries-france\/finitions\/zen\/","og_locale":"fr_FR","og_type":"article","og_title":"Zen &#8211; Alphacan","og_description":"FINITION INT\u00e9RIEURE La collection ZEN habille les menuiseries int\u00e9rieures d\u2019une feuille de bois naturel choisi parmi 5 essences. L\u2019exp\u00e9rience sensorielle","og_url":"https:\/\/www.alphacan.com\/fr\/menuiseries-france\/finitions\/zen\/","og_site_name":"Alphacan","article_modified_time":"2018-07-03T08:38:06+00:00","twitter_card":"summary_large_image","schema":{"@context":"https:\/\/schema.org","@graph":[{"@type":"WebPage","@id":"https:\/\/www.alphacan.com\/fr\/menuiseries-france\/finitions\/zen\/","url":"https:\/\/www.alphacan.com\/fr\/menuiseries-france\/finitions\/zen\/","name":"Zen &#8211; Alphacan","isPartOf":{"@id":"https:\/\/www.alphacan.com\/es\/#website"},"datePublished":"2017-09-22T10:18:29+00:00","dateModified":"2018-07-03T08:38:06+00:00","description":"FINITION INT\u00e9RIEURE La collection ZEN habille les menuiseries int\u00e9rieures d\u2019une feuille de bois naturel choisi parmi 5 essences. L\u2019exp\u00e9rience sensorielle","breadcrumb":{"@id":"https:\/\/www.alphacan.com\/fr\/menuiseries-france\/finitions\/zen\/#breadcrumb"},"inLanguage":"fr-FR","potentialAction":[{"@type":"ReadAction","target":["https:\/\/www.alphacan.com\/fr\/menuiseries-france\/finitions\/zen\/"]}]},{"@type":"BreadcrumbList","@id":"https:\/\/www.alphacan.com\/fr\/menuiseries-france\/finitions\/zen\/#breadcrumb","itemListElement":[{"@type":"ListItem","position":1,"name":"Accueil","item":"https:\/\/www.alphacan.com\/fr\/"},{"@type":"ListItem","position":2,"name":"Menuiseries France","item":"https:\/\/www.alphacan.com\/fr\/menuiseries-france\/"},{"@type":"ListItem","position":3,"name":"Finitions","item":"https:\/\/www.alphacan.com\/fr\/menuiseries-france\/finitions\/"},{"@type":"ListItem","position":4,"name":"Zen"}]},{"@type":"WebSite","@id":"https:\/\/www.alphacan.com\/es\/#website","url":"https:\/\/www.alphacan.com\/es\/","name":"Alphacan","description":"Concepteur Menuiseries","potentialAction":[{"@type":"SearchAction","target":{"@type":"EntryPoint","urlTemplate":"https:\/\/www.alphacan.com\/es\/?s={search_term_string}"},"query-input":{"@type":"PropertyValueSpecification","valueRequired":true,"valueName":"search_term_string"}}],"inLanguage":"fr-FR"}]}},"_links":{"self":[{"href":"https:\/\/www.alphacan.com\/fr\/wp-json\/wp\/v2\/pages\/1569","targetHints":{"allow":["GET"]}}],"collection":[{"href":"https:\/\/www.alphacan.com\/fr\/wp-json\/wp\/v2\/pages"}],"about":[{"href":"https:\/\/www.alphacan.com\/fr\/wp-json\/wp\/v2\/types\/page"}],"author":[{"embeddable":true,"href":"https:\/\/www.alphacan.com\/fr\/wp-json\/wp\/v2\/users\/559"}],"replies":[{"embeddable":true,"href":"https:\/\/www.alphacan.com\/fr\/wp-json\/wp\/v2\/comments?post=1569"}],"version-history":[{"count":5,"href":"https:\/\/www.alphacan.com\/fr\/wp-json\/wp\/v2\/pages\/1569\/revisions"}],"predecessor-version":[{"id":3158,"href":"https:\/\/www.alphacan.com\/fr\/wp-json\/wp\/v2\/pages\/1569\/revisions\/3158"}],"up":[{"embeddable":true,"href":"https:\/\/www.alphacan.com\/fr\/wp-json\/wp\/v2\/pages\/1556"}],"wp:attachment":[{"href":"https:\/\/www.alphacan.com\/fr\/wp-json\/wp\/v2\/media?parent=1569"}],"curies":[{"name":"wp","href":"https:\/\/api.w.org\/{rel}","templated":true}]}}