{"id":1626,"date":"2017-09-26T09:38:59","date_gmt":"2017-09-26T08:38:59","guid":{"rendered":"https:\/\/www.alphacan.com\/fr\/?page_id=1626"},"modified":"2018-12-19T13:44:42","modified_gmt":"2018-12-19T12:44:42","slug":"espace-clair","status":"publish","type":"page","link":"https:\/\/www.alphacan.com\/fr\/espace-clair\/","title":{"rendered":"Espace Clair"},"content":{"rendered":"<h2>une solution compl\u00e8te de profil\u00e9s<\/h2>\n<p>Alphacan est, au travers de sa gamme Espace Clair, un acteur fran\u00e7ais majeur sur le march\u00e9 de la finition du toit et du bardage\u00a0 pour le b\u00e2timent mais \u00e9galement pour le mobil-home.<\/p>\n<p>Pour l\u2019extrusion des profil\u00e9s de cette gamme, Alphacan r\u00e9alise ses propres formulations, en PVC cellulaire expans\u00e9 ou en PVC rigide.<\/p>\n","protected":false},"excerpt":{"rendered":"<p>une solution compl\u00e8te de profil\u00e9s Alphacan est, au travers de sa gamme Espace Clair, un acteur fran\u00e7ais majeur sur le march\u00e9 de la finition du toit et du bardage\u00a0 pour le b\u00e2timent mais \u00e9galement pour le mobil-home. Pour l\u2019extrusion des profil\u00e9s de cette gamme, Alphacan r\u00e9alise ses propres formulations, en PVC cellulaire expans\u00e9 ou en [&hellip;]<\/p>\n","protected":false},"author":559,"featured_media":0,"parent":0,"menu_order":0,"comment_status":"closed","ping_status":"closed","template":"","meta":{"_acf_changed":false,"footnotes":""},"class_list":["post-1626","page","type-page","status-publish","hentry"],"acf":[],"yoast_head":"<!-- This site is optimized with the Yoast SEO plugin v27.0 - https:\/\/yoast.com\/product\/yoast-seo-wordpress\/ -->\n<title>Espace Clair &#8211; Alphacan<\/title>\n<meta name=\"description\" content=\"une solution compl\u00e8te de profil\u00e9s Alphacan est, au travers de sa gamme Espace Clair, un acteur fran\u00e7ais majeur sur le march\u00e9 de la finition du toit et du\" \/>\n<meta name=\"robots\" content=\"index, follow, max-snippet:-1, max-image-preview:large, max-video-preview:-1\" \/>\n<link rel=\"canonical\" href=\"https:\/\/www.alphacan.com\/fr\/espace-clair\/\" \/>\n<meta property=\"og:locale\" content=\"fr_FR\" \/>\n<meta property=\"og:type\" content=\"article\" \/>\n<meta property=\"og:title\" content=\"Espace Clair &#8211; Alphacan\" \/>\n<meta property=\"og:description\" content=\"une solution compl\u00e8te de profil\u00e9s Alphacan est, au travers de sa gamme Espace Clair, un acteur fran\u00e7ais majeur sur le march\u00e9 de la finition du toit et du\" \/>\n<meta property=\"og:url\" content=\"https:\/\/www.alphacan.com\/fr\/espace-clair\/\" \/>\n<meta property=\"og:site_name\" content=\"Alphacan\" \/>\n<meta property=\"article:modified_time\" content=\"2018-12-19T12:44:42+00:00\" \/>\n<meta name=\"twitter:card\" content=\"summary_large_image\" \/>\n<script type=\"application\/ld+json\" class=\"yoast-schema-graph\">{\"@context\":\"https:\/\/schema.org\",\"@graph\":[{\"@type\":\"WebPage\",\"@id\":\"https:\/\/www.alphacan.com\/fr\/espace-clair\/\",\"url\":\"https:\/\/www.alphacan.com\/fr\/espace-clair\/\",\"name\":\"Espace Clair &#8211; Alphacan\",\"isPartOf\":{\"@id\":\"https:\/\/www.alphacan.com\/es\/#website\"},\"datePublished\":\"2017-09-26T08:38:59+00:00\",\"dateModified\":\"2018-12-19T12:44:42+00:00\",\"description\":\"une solution compl\u00e8te de profil\u00e9s Alphacan est, au travers de sa gamme Espace Clair, un acteur fran\u00e7ais majeur sur le march\u00e9 de la finition du toit et du\",\"breadcrumb\":{\"@id\":\"https:\/\/www.alphacan.com\/fr\/espace-clair\/#breadcrumb\"},\"inLanguage\":\"fr-FR\",\"potentialAction\":[{\"@type\":\"ReadAction\",\"target\":[\"https:\/\/www.alphacan.com\/fr\/espace-clair\/\"]}]},{\"@type\":\"BreadcrumbList\",\"@id\":\"https:\/\/www.alphacan.com\/fr\/espace-clair\/#breadcrumb\",\"itemListElement\":[{\"@type\":\"ListItem\",\"position\":1,\"name\":\"Accueil\",\"item\":\"https:\/\/www.alphacan.com\/fr\/\"},{\"@type\":\"ListItem\",\"position\":2,\"name\":\"Espace Clair\"}]},{\"@type\":\"WebSite\",\"@id\":\"https:\/\/www.alphacan.com\/es\/#website\",\"url\":\"https:\/\/www.alphacan.com\/es\/\",\"name\":\"Alphacan\",\"description\":\"Concepteur Menuiseries\",\"potentialAction\":[{\"@type\":\"SearchAction\",\"target\":{\"@type\":\"EntryPoint\",\"urlTemplate\":\"https:\/\/www.alphacan.com\/es\/?s={search_term_string}\"},\"query-input\":{\"@type\":\"PropertyValueSpecification\",\"valueRequired\":true,\"valueName\":\"search_term_string\"}}],\"inLanguage\":\"fr-FR\"}]}<\/script>\n<!-- \/ Yoast SEO plugin. -->","yoast_head_json":{"title":"Espace Clair &#8211; Alphacan","description":"une solution compl\u00e8te de profil\u00e9s Alphacan est, au travers de sa gamme Espace Clair, un acteur fran\u00e7ais majeur sur le march\u00e9 de la finition du toit et du","robots":{"index":"index","follow":"follow","max-snippet":"max-snippet:-1","max-image-preview":"max-image-preview:large","max-video-preview":"max-video-preview:-1"},"canonical":"https:\/\/www.alphacan.com\/fr\/espace-clair\/","og_locale":"fr_FR","og_type":"article","og_title":"Espace Clair &#8211; Alphacan","og_description":"une solution compl\u00e8te de profil\u00e9s Alphacan est, au travers de sa gamme Espace Clair, un acteur fran\u00e7ais majeur sur le march\u00e9 de la finition du toit et du","og_url":"https:\/\/www.alphacan.com\/fr\/espace-clair\/","og_site_name":"Alphacan","article_modified_time":"2018-12-19T12:44:42+00:00","twitter_card":"summary_large_image","schema":{"@context":"https:\/\/schema.org","@graph":[{"@type":"WebPage","@id":"https:\/\/www.alphacan.com\/fr\/espace-clair\/","url":"https:\/\/www.alphacan.com\/fr\/espace-clair\/","name":"Espace Clair &#8211; Alphacan","isPartOf":{"@id":"https:\/\/www.alphacan.com\/es\/#website"},"datePublished":"2017-09-26T08:38:59+00:00","dateModified":"2018-12-19T12:44:42+00:00","description":"une solution compl\u00e8te de profil\u00e9s Alphacan est, au travers de sa gamme Espace Clair, un acteur fran\u00e7ais majeur sur le march\u00e9 de la finition du toit et du","breadcrumb":{"@id":"https:\/\/www.alphacan.com\/fr\/espace-clair\/#breadcrumb"},"inLanguage":"fr-FR","potentialAction":[{"@type":"ReadAction","target":["https:\/\/www.alphacan.com\/fr\/espace-clair\/"]}]},{"@type":"BreadcrumbList","@id":"https:\/\/www.alphacan.com\/fr\/espace-clair\/#breadcrumb","itemListElement":[{"@type":"ListItem","position":1,"name":"Accueil","item":"https:\/\/www.alphacan.com\/fr\/"},{"@type":"ListItem","position":2,"name":"Espace Clair"}]},{"@type":"WebSite","@id":"https:\/\/www.alphacan.com\/es\/#website","url":"https:\/\/www.alphacan.com\/es\/","name":"Alphacan","description":"Concepteur Menuiseries","potentialAction":[{"@type":"SearchAction","target":{"@type":"EntryPoint","urlTemplate":"https:\/\/www.alphacan.com\/es\/?s={search_term_string}"},"query-input":{"@type":"PropertyValueSpecification","valueRequired":true,"valueName":"search_term_string"}}],"inLanguage":"fr-FR"}]}},"_links":{"self":[{"href":"https:\/\/www.alphacan.com\/fr\/wp-json\/wp\/v2\/pages\/1626","targetHints":{"allow":["GET"]}}],"collection":[{"href":"https:\/\/www.alphacan.com\/fr\/wp-json\/wp\/v2\/pages"}],"about":[{"href":"https:\/\/www.alphacan.com\/fr\/wp-json\/wp\/v2\/types\/page"}],"author":[{"embeddable":true,"href":"https:\/\/www.alphacan.com\/fr\/wp-json\/wp\/v2\/users\/559"}],"replies":[{"embeddable":true,"href":"https:\/\/www.alphacan.com\/fr\/wp-json\/wp\/v2\/comments?post=1626"}],"version-history":[{"count":5,"href":"https:\/\/www.alphacan.com\/fr\/wp-json\/wp\/v2\/pages\/1626\/revisions"}],"predecessor-version":[{"id":3617,"href":"https:\/\/www.alphacan.com\/fr\/wp-json\/wp\/v2\/pages\/1626\/revisions\/3617"}],"wp:attachment":[{"href":"https:\/\/www.alphacan.com\/fr\/wp-json\/wp\/v2\/media?parent=1626"}],"curies":[{"name":"wp","href":"https:\/\/api.w.org\/{rel}","templated":true}]}}