{"id":1628,"date":"2017-09-26T09:39:10","date_gmt":"2017-09-26T08:39:10","guid":{"rendered":"https:\/\/www.alphacan.com\/fr\/?page_id=1628"},"modified":"2022-09-21T11:43:29","modified_gmt":"2022-09-21T09:43:29","slug":"profiles-specifiques","status":"publish","type":"page","link":"https:\/\/www.alphacan.com\/fr\/profiles-specifiques\/","title":{"rendered":"Profil\u00e9s Sp\u00e9cifiques"},"content":{"rendered":"<h2>des d\u00e9veloppements sur-mesure<\/h2>\n<p>Alphacan est sp\u00e9cialis\u00e9e dans la conception et l\u2019extrusion de profil\u00e9s \u00e0 fa\u00e7ons pour les industriels. Sa ma\u00eetrise des techniques de co-extrusion de diff\u00e9rentes mati\u00e8res ouvre des perspectives d&rsquo;innovations incomparables et parfois insoup\u00e7onn\u00e9es.<\/p>\n<p>Les bureaux d\u2019\u00e9tudes internes travaillent en collaboration avec ses fournisseurs et des laboratoires ext\u00e9rieurs pour d\u00e9velopper de nouvelles mati\u00e8res et r\u00e9pondre aux besoins les plus sp\u00e9cifiques.<\/p>\n<p>Alphacan r\u00e9pond aux normes ISO 9001-2015 et est suivi pour ses fabrications par le Laboratoire National d\u2019Essai (LNE) et le CSTB.<\/p>\n<p>Confiez votre projet d&rsquo;\u00e9tude en <a href=\"mailto:industrie@alphaprogroupe.com\">contactant nos \u00e9quipes d\u00e9di\u00e9es<\/a><\/p>\n","protected":false},"excerpt":{"rendered":"<p>des d\u00e9veloppements sur-mesure Alphacan est sp\u00e9cialis\u00e9e dans la conception et l\u2019extrusion de profil\u00e9s \u00e0 fa\u00e7ons pour les industriels. Sa ma\u00eetrise des techniques de co-extrusion de diff\u00e9rentes mati\u00e8res ouvre des perspectives d&rsquo;innovations incomparables et parfois insoup\u00e7onn\u00e9es. Les bureaux d\u2019\u00e9tudes internes travaillent en collaboration avec ses fournisseurs et des laboratoires ext\u00e9rieurs pour d\u00e9velopper de nouvelles mati\u00e8res et [&hellip;]<\/p>\n","protected":false},"author":559,"featured_media":0,"parent":0,"menu_order":0,"comment_status":"closed","ping_status":"closed","template":"","meta":{"_acf_changed":false,"footnotes":""},"class_list":["post-1628","page","type-page","status-publish","hentry"],"acf":[],"yoast_head":"<!-- This site is optimized with the Yoast SEO plugin v27.0 - https:\/\/yoast.com\/product\/yoast-seo-wordpress\/ -->\n<title>Profil\u00e9s Sp\u00e9cifiques &#8211; Alphacan<\/title>\n<meta name=\"description\" content=\"des d\u00e9veloppements sur-mesure Alphacan est sp\u00e9cialis\u00e9e dans la conception et l\u2019extrusion de profil\u00e9s \u00e0 fa\u00e7ons pour les industriels. Sa ma\u00eetrise des\" \/>\n<meta name=\"robots\" content=\"index, follow, max-snippet:-1, max-image-preview:large, max-video-preview:-1\" \/>\n<link rel=\"canonical\" href=\"https:\/\/www.alphacan.com\/fr\/profiles-specifiques\/\" \/>\n<meta property=\"og:locale\" content=\"fr_FR\" \/>\n<meta property=\"og:type\" content=\"article\" \/>\n<meta property=\"og:title\" content=\"Profil\u00e9s Sp\u00e9cifiques &#8211; Alphacan\" \/>\n<meta property=\"og:description\" content=\"des d\u00e9veloppements sur-mesure Alphacan est sp\u00e9cialis\u00e9e dans la conception et l\u2019extrusion de profil\u00e9s \u00e0 fa\u00e7ons pour les industriels. Sa ma\u00eetrise des\" \/>\n<meta property=\"og:url\" content=\"https:\/\/www.alphacan.com\/fr\/profiles-specifiques\/\" \/>\n<meta property=\"og:site_name\" content=\"Alphacan\" \/>\n<meta property=\"article:modified_time\" content=\"2022-09-21T09:43:29+00:00\" \/>\n<meta name=\"twitter:card\" content=\"summary_large_image\" \/>\n<meta name=\"twitter:label1\" content=\"Dur\u00e9e de lecture estim\u00e9e\" \/>\n\t<meta name=\"twitter:data1\" content=\"1 minute\" \/>\n<script type=\"application\/ld+json\" class=\"yoast-schema-graph\">{\"@context\":\"https:\/\/schema.org\",\"@graph\":[{\"@type\":\"WebPage\",\"@id\":\"https:\/\/www.alphacan.com\/fr\/profiles-specifiques\/\",\"url\":\"https:\/\/www.alphacan.com\/fr\/profiles-specifiques\/\",\"name\":\"Profil\u00e9s Sp\u00e9cifiques &#8211; Alphacan\",\"isPartOf\":{\"@id\":\"https:\/\/www.alphacan.com\/es\/#website\"},\"datePublished\":\"2017-09-26T08:39:10+00:00\",\"dateModified\":\"2022-09-21T09:43:29+00:00\",\"description\":\"des d\u00e9veloppements sur-mesure Alphacan est sp\u00e9cialis\u00e9e dans la conception et l\u2019extrusion de profil\u00e9s \u00e0 fa\u00e7ons pour les industriels. Sa ma\u00eetrise des\",\"breadcrumb\":{\"@id\":\"https:\/\/www.alphacan.com\/fr\/profiles-specifiques\/#breadcrumb\"},\"inLanguage\":\"fr-FR\",\"potentialAction\":[{\"@type\":\"ReadAction\",\"target\":[\"https:\/\/www.alphacan.com\/fr\/profiles-specifiques\/\"]}]},{\"@type\":\"BreadcrumbList\",\"@id\":\"https:\/\/www.alphacan.com\/fr\/profiles-specifiques\/#breadcrumb\",\"itemListElement\":[{\"@type\":\"ListItem\",\"position\":1,\"name\":\"Accueil\",\"item\":\"https:\/\/www.alphacan.com\/fr\/\"},{\"@type\":\"ListItem\",\"position\":2,\"name\":\"Profil\u00e9s Sp\u00e9cifiques\"}]},{\"@type\":\"WebSite\",\"@id\":\"https:\/\/www.alphacan.com\/es\/#website\",\"url\":\"https:\/\/www.alphacan.com\/es\/\",\"name\":\"Alphacan\",\"description\":\"Concepteur Menuiseries\",\"potentialAction\":[{\"@type\":\"SearchAction\",\"target\":{\"@type\":\"EntryPoint\",\"urlTemplate\":\"https:\/\/www.alphacan.com\/es\/?s={search_term_string}\"},\"query-input\":{\"@type\":\"PropertyValueSpecification\",\"valueRequired\":true,\"valueName\":\"search_term_string\"}}],\"inLanguage\":\"fr-FR\"}]}<\/script>\n<!-- \/ Yoast SEO plugin. -->","yoast_head_json":{"title":"Profil\u00e9s Sp\u00e9cifiques &#8211; Alphacan","description":"des d\u00e9veloppements sur-mesure Alphacan est sp\u00e9cialis\u00e9e dans la conception et l\u2019extrusion de profil\u00e9s \u00e0 fa\u00e7ons pour les industriels. Sa ma\u00eetrise des","robots":{"index":"index","follow":"follow","max-snippet":"max-snippet:-1","max-image-preview":"max-image-preview:large","max-video-preview":"max-video-preview:-1"},"canonical":"https:\/\/www.alphacan.com\/fr\/profiles-specifiques\/","og_locale":"fr_FR","og_type":"article","og_title":"Profil\u00e9s Sp\u00e9cifiques &#8211; Alphacan","og_description":"des d\u00e9veloppements sur-mesure Alphacan est sp\u00e9cialis\u00e9e dans la conception et l\u2019extrusion de profil\u00e9s \u00e0 fa\u00e7ons pour les industriels. Sa ma\u00eetrise des","og_url":"https:\/\/www.alphacan.com\/fr\/profiles-specifiques\/","og_site_name":"Alphacan","article_modified_time":"2022-09-21T09:43:29+00:00","twitter_card":"summary_large_image","twitter_misc":{"Dur\u00e9e de lecture estim\u00e9e":"1 minute"},"schema":{"@context":"https:\/\/schema.org","@graph":[{"@type":"WebPage","@id":"https:\/\/www.alphacan.com\/fr\/profiles-specifiques\/","url":"https:\/\/www.alphacan.com\/fr\/profiles-specifiques\/","name":"Profil\u00e9s Sp\u00e9cifiques &#8211; Alphacan","isPartOf":{"@id":"https:\/\/www.alphacan.com\/es\/#website"},"datePublished":"2017-09-26T08:39:10+00:00","dateModified":"2022-09-21T09:43:29+00:00","description":"des d\u00e9veloppements sur-mesure Alphacan est sp\u00e9cialis\u00e9e dans la conception et l\u2019extrusion de profil\u00e9s \u00e0 fa\u00e7ons pour les industriels. Sa ma\u00eetrise des","breadcrumb":{"@id":"https:\/\/www.alphacan.com\/fr\/profiles-specifiques\/#breadcrumb"},"inLanguage":"fr-FR","potentialAction":[{"@type":"ReadAction","target":["https:\/\/www.alphacan.com\/fr\/profiles-specifiques\/"]}]},{"@type":"BreadcrumbList","@id":"https:\/\/www.alphacan.com\/fr\/profiles-specifiques\/#breadcrumb","itemListElement":[{"@type":"ListItem","position":1,"name":"Accueil","item":"https:\/\/www.alphacan.com\/fr\/"},{"@type":"ListItem","position":2,"name":"Profil\u00e9s Sp\u00e9cifiques"}]},{"@type":"WebSite","@id":"https:\/\/www.alphacan.com\/es\/#website","url":"https:\/\/www.alphacan.com\/es\/","name":"Alphacan","description":"Concepteur Menuiseries","potentialAction":[{"@type":"SearchAction","target":{"@type":"EntryPoint","urlTemplate":"https:\/\/www.alphacan.com\/es\/?s={search_term_string}"},"query-input":{"@type":"PropertyValueSpecification","valueRequired":true,"valueName":"search_term_string"}}],"inLanguage":"fr-FR"}]}},"_links":{"self":[{"href":"https:\/\/www.alphacan.com\/fr\/wp-json\/wp\/v2\/pages\/1628","targetHints":{"allow":["GET"]}}],"collection":[{"href":"https:\/\/www.alphacan.com\/fr\/wp-json\/wp\/v2\/pages"}],"about":[{"href":"https:\/\/www.alphacan.com\/fr\/wp-json\/wp\/v2\/types\/page"}],"author":[{"embeddable":true,"href":"https:\/\/www.alphacan.com\/fr\/wp-json\/wp\/v2\/users\/559"}],"replies":[{"embeddable":true,"href":"https:\/\/www.alphacan.com\/fr\/wp-json\/wp\/v2\/comments?post=1628"}],"version-history":[{"count":5,"href":"https:\/\/www.alphacan.com\/fr\/wp-json\/wp\/v2\/pages\/1628\/revisions"}],"predecessor-version":[{"id":7075,"href":"https:\/\/www.alphacan.com\/fr\/wp-json\/wp\/v2\/pages\/1628\/revisions\/7075"}],"wp:attachment":[{"href":"https:\/\/www.alphacan.com\/fr\/wp-json\/wp\/v2\/media?parent=1628"}],"curies":[{"name":"wp","href":"https:\/\/api.w.org\/{rel}","templated":true}]}}