{"id":1634,"date":"2017-09-26T09:45:25","date_gmt":"2017-09-26T08:45:25","guid":{"rendered":"https:\/\/www.alphacan.com\/fr\/?page_id=1634"},"modified":"2018-12-20T11:46:24","modified_gmt":"2018-12-20T10:46:24","slug":"bardage-de-facade","status":"publish","type":"page","link":"https:\/\/www.alphacan.com\/fr\/espace-clair\/bardage-de-facade\/","title":{"rendered":"Habillage de fa\u00e7ade"},"content":{"rendered":"<h2>valorisation de la fa\u00e7ade<\/h2>\n<p>Les profil\u00e9s teint\u00e9s masse de bardage de la gamme Espace Clair sont couverts par un avis technique du CSTB et par la certification QB 26-24.<\/p>\n<p>En aspect lisse ou vein\u00e9, en neuf ou en r\u00e9novation, ces profil\u00e9s apportent de la protection, de la durabilit\u00e9 et de l\u2019isolation au b\u00e2timent.<\/p>\n<p>Les pi\u00e8ces de jonctions de lames, sans recouvrement ext\u00e9rieur, conf\u00e8rent \u00e0 votre r\u00e9alisation un rendu impeccable.<\/p>\n<p><a href=\"https:\/\/www.alphacan.com\/wp-content\/uploads\/2018\/01\/logo-QB.jpg\"><img loading=\"lazy\" decoding=\"async\" class=\"alignleft  wp-image-2877\" src=\"https:\/\/www.alphacan.com\/wp-content\/uploads\/2018\/01\/logo-QB.jpg\" alt=\"\" width=\"117\" height=\"138\" \/><\/a><\/p>\n<p>&nbsp;<\/p>\n<p>&nbsp;<\/p>\n<p>&nbsp;<\/p>\n<p>&nbsp;<\/p>\n<p>&nbsp;<\/p>\n","protected":false},"excerpt":{"rendered":"<p>valorisation de la fa\u00e7ade Les profil\u00e9s teint\u00e9s masse de bardage de la gamme Espace Clair sont couverts par un avis technique du CSTB et par la certification QB 26-24. En aspect lisse ou vein\u00e9, en neuf ou en r\u00e9novation, ces profil\u00e9s apportent de la protection, de la durabilit\u00e9 et de l\u2019isolation au b\u00e2timent. Les pi\u00e8ces [&hellip;]<\/p>\n","protected":false},"author":559,"featured_media":2204,"parent":1626,"menu_order":0,"comment_status":"closed","ping_status":"closed","template":"","meta":{"_acf_changed":false,"footnotes":""},"class_list":["post-1634","page","type-page","status-publish","has-post-thumbnail","hentry"],"acf":[],"yoast_head":"<!-- This site is optimized with the Yoast SEO plugin v27.0 - https:\/\/yoast.com\/product\/yoast-seo-wordpress\/ -->\n<title>Habillage de fa\u00e7ade &#8211; Alphacan<\/title>\n<meta name=\"description\" content=\"valorisation de la fa\u00e7ade Les profil\u00e9s teint\u00e9s masse de bardage de la gamme Espace Clair sont couverts par un avis technique du CSTB et par la\" \/>\n<meta name=\"robots\" content=\"index, follow, max-snippet:-1, max-image-preview:large, max-video-preview:-1\" \/>\n<link rel=\"canonical\" href=\"https:\/\/www.alphacan.com\/fr\/espace-clair\/bardage-de-facade\/\" \/>\n<meta property=\"og:locale\" content=\"fr_FR\" \/>\n<meta property=\"og:type\" content=\"article\" \/>\n<meta property=\"og:title\" content=\"Habillage de fa\u00e7ade &#8211; Alphacan\" \/>\n<meta property=\"og:description\" content=\"valorisation de la fa\u00e7ade Les profil\u00e9s teint\u00e9s masse de bardage de la gamme Espace Clair sont couverts par un avis technique du CSTB et par la\" \/>\n<meta property=\"og:url\" content=\"https:\/\/www.alphacan.com\/fr\/espace-clair\/bardage-de-facade\/\" \/>\n<meta property=\"og:site_name\" content=\"Alphacan\" \/>\n<meta property=\"article:modified_time\" content=\"2018-12-20T10:46:24+00:00\" \/>\n<meta property=\"og:image\" content=\"https:\/\/www.alphacan.com\/wp-content\/uploads\/2017\/11\/pictos-habillage-facade.jpg\" \/>\n\t<meta property=\"og:image:width\" content=\"484\" \/>\n\t<meta property=\"og:image:height\" content=\"540\" \/>\n\t<meta property=\"og:image:type\" content=\"image\/jpeg\" \/>\n<meta name=\"twitter:card\" content=\"summary_large_image\" \/>\n<script type=\"application\/ld+json\" class=\"yoast-schema-graph\">{\"@context\":\"https:\/\/schema.org\",\"@graph\":[{\"@type\":\"WebPage\",\"@id\":\"https:\/\/www.alphacan.com\/fr\/espace-clair\/bardage-de-facade\/\",\"url\":\"https:\/\/www.alphacan.com\/fr\/espace-clair\/bardage-de-facade\/\",\"name\":\"Habillage de fa\u00e7ade &#8211; Alphacan\",\"isPartOf\":{\"@id\":\"https:\/\/www.alphacan.com\/es\/#website\"},\"primaryImageOfPage\":{\"@id\":\"https:\/\/www.alphacan.com\/fr\/espace-clair\/bardage-de-facade\/#primaryimage\"},\"image\":{\"@id\":\"https:\/\/www.alphacan.com\/fr\/espace-clair\/bardage-de-facade\/#primaryimage\"},\"thumbnailUrl\":\"https:\/\/www.alphacan.com\/wp-content\/uploads\/2017\/11\/pictos-habillage-facade.jpg\",\"datePublished\":\"2017-09-26T08:45:25+00:00\",\"dateModified\":\"2018-12-20T10:46:24+00:00\",\"description\":\"valorisation de la fa\u00e7ade Les profil\u00e9s teint\u00e9s masse de bardage de la gamme Espace Clair sont couverts par un avis technique du CSTB et par la\",\"breadcrumb\":{\"@id\":\"https:\/\/www.alphacan.com\/fr\/espace-clair\/bardage-de-facade\/#breadcrumb\"},\"inLanguage\":\"fr-FR\",\"potentialAction\":[{\"@type\":\"ReadAction\",\"target\":[\"https:\/\/www.alphacan.com\/fr\/espace-clair\/bardage-de-facade\/\"]}]},{\"@type\":\"ImageObject\",\"inLanguage\":\"fr-FR\",\"@id\":\"https:\/\/www.alphacan.com\/fr\/espace-clair\/bardage-de-facade\/#primaryimage\",\"url\":\"https:\/\/www.alphacan.com\/wp-content\/uploads\/2017\/11\/pictos-habillage-facade.jpg\",\"contentUrl\":\"https:\/\/www.alphacan.com\/wp-content\/uploads\/2017\/11\/pictos-habillage-facade.jpg\",\"width\":484,\"height\":540},{\"@type\":\"BreadcrumbList\",\"@id\":\"https:\/\/www.alphacan.com\/fr\/espace-clair\/bardage-de-facade\/#breadcrumb\",\"itemListElement\":[{\"@type\":\"ListItem\",\"position\":1,\"name\":\"Accueil\",\"item\":\"https:\/\/www.alphacan.com\/fr\/\"},{\"@type\":\"ListItem\",\"position\":2,\"name\":\"Espace Clair\",\"item\":\"https:\/\/www.alphacan.com\/fr\/espace-clair\/\"},{\"@type\":\"ListItem\",\"position\":3,\"name\":\"Habillage de fa\u00e7ade\"}]},{\"@type\":\"WebSite\",\"@id\":\"https:\/\/www.alphacan.com\/es\/#website\",\"url\":\"https:\/\/www.alphacan.com\/es\/\",\"name\":\"Alphacan\",\"description\":\"Concepteur Menuiseries\",\"potentialAction\":[{\"@type\":\"SearchAction\",\"target\":{\"@type\":\"EntryPoint\",\"urlTemplate\":\"https:\/\/www.alphacan.com\/es\/?s={search_term_string}\"},\"query-input\":{\"@type\":\"PropertyValueSpecification\",\"valueRequired\":true,\"valueName\":\"search_term_string\"}}],\"inLanguage\":\"fr-FR\"}]}<\/script>\n<!-- \/ Yoast SEO plugin. -->","yoast_head_json":{"title":"Habillage de fa\u00e7ade &#8211; Alphacan","description":"valorisation de la fa\u00e7ade Les profil\u00e9s teint\u00e9s masse de bardage de la gamme Espace Clair sont couverts par un avis technique du CSTB et par la","robots":{"index":"index","follow":"follow","max-snippet":"max-snippet:-1","max-image-preview":"max-image-preview:large","max-video-preview":"max-video-preview:-1"},"canonical":"https:\/\/www.alphacan.com\/fr\/espace-clair\/bardage-de-facade\/","og_locale":"fr_FR","og_type":"article","og_title":"Habillage de fa\u00e7ade &#8211; Alphacan","og_description":"valorisation de la fa\u00e7ade Les profil\u00e9s teint\u00e9s masse de bardage de la gamme Espace Clair sont couverts par un avis technique du CSTB et par la","og_url":"https:\/\/www.alphacan.com\/fr\/espace-clair\/bardage-de-facade\/","og_site_name":"Alphacan","article_modified_time":"2018-12-20T10:46:24+00:00","og_image":[{"width":484,"height":540,"url":"https:\/\/www.alphacan.com\/wp-content\/uploads\/2017\/11\/pictos-habillage-facade.jpg","type":"image\/jpeg"}],"twitter_card":"summary_large_image","schema":{"@context":"https:\/\/schema.org","@graph":[{"@type":"WebPage","@id":"https:\/\/www.alphacan.com\/fr\/espace-clair\/bardage-de-facade\/","url":"https:\/\/www.alphacan.com\/fr\/espace-clair\/bardage-de-facade\/","name":"Habillage de fa\u00e7ade &#8211; Alphacan","isPartOf":{"@id":"https:\/\/www.alphacan.com\/es\/#website"},"primaryImageOfPage":{"@id":"https:\/\/www.alphacan.com\/fr\/espace-clair\/bardage-de-facade\/#primaryimage"},"image":{"@id":"https:\/\/www.alphacan.com\/fr\/espace-clair\/bardage-de-facade\/#primaryimage"},"thumbnailUrl":"https:\/\/www.alphacan.com\/wp-content\/uploads\/2017\/11\/pictos-habillage-facade.jpg","datePublished":"2017-09-26T08:45:25+00:00","dateModified":"2018-12-20T10:46:24+00:00","description":"valorisation de la fa\u00e7ade Les profil\u00e9s teint\u00e9s masse de bardage de la gamme Espace Clair sont couverts par un avis technique du CSTB et par la","breadcrumb":{"@id":"https:\/\/www.alphacan.com\/fr\/espace-clair\/bardage-de-facade\/#breadcrumb"},"inLanguage":"fr-FR","potentialAction":[{"@type":"ReadAction","target":["https:\/\/www.alphacan.com\/fr\/espace-clair\/bardage-de-facade\/"]}]},{"@type":"ImageObject","inLanguage":"fr-FR","@id":"https:\/\/www.alphacan.com\/fr\/espace-clair\/bardage-de-facade\/#primaryimage","url":"https:\/\/www.alphacan.com\/wp-content\/uploads\/2017\/11\/pictos-habillage-facade.jpg","contentUrl":"https:\/\/www.alphacan.com\/wp-content\/uploads\/2017\/11\/pictos-habillage-facade.jpg","width":484,"height":540},{"@type":"BreadcrumbList","@id":"https:\/\/www.alphacan.com\/fr\/espace-clair\/bardage-de-facade\/#breadcrumb","itemListElement":[{"@type":"ListItem","position":1,"name":"Accueil","item":"https:\/\/www.alphacan.com\/fr\/"},{"@type":"ListItem","position":2,"name":"Espace Clair","item":"https:\/\/www.alphacan.com\/fr\/espace-clair\/"},{"@type":"ListItem","position":3,"name":"Habillage de fa\u00e7ade"}]},{"@type":"WebSite","@id":"https:\/\/www.alphacan.com\/es\/#website","url":"https:\/\/www.alphacan.com\/es\/","name":"Alphacan","description":"Concepteur Menuiseries","potentialAction":[{"@type":"SearchAction","target":{"@type":"EntryPoint","urlTemplate":"https:\/\/www.alphacan.com\/es\/?s={search_term_string}"},"query-input":{"@type":"PropertyValueSpecification","valueRequired":true,"valueName":"search_term_string"}}],"inLanguage":"fr-FR"}]}},"_links":{"self":[{"href":"https:\/\/www.alphacan.com\/fr\/wp-json\/wp\/v2\/pages\/1634","targetHints":{"allow":["GET"]}}],"collection":[{"href":"https:\/\/www.alphacan.com\/fr\/wp-json\/wp\/v2\/pages"}],"about":[{"href":"https:\/\/www.alphacan.com\/fr\/wp-json\/wp\/v2\/types\/page"}],"author":[{"embeddable":true,"href":"https:\/\/www.alphacan.com\/fr\/wp-json\/wp\/v2\/users\/559"}],"replies":[{"embeddable":true,"href":"https:\/\/www.alphacan.com\/fr\/wp-json\/wp\/v2\/comments?post=1634"}],"version-history":[{"count":5,"href":"https:\/\/www.alphacan.com\/fr\/wp-json\/wp\/v2\/pages\/1634\/revisions"}],"predecessor-version":[{"id":3653,"href":"https:\/\/www.alphacan.com\/fr\/wp-json\/wp\/v2\/pages\/1634\/revisions\/3653"}],"up":[{"embeddable":true,"href":"https:\/\/www.alphacan.com\/fr\/wp-json\/wp\/v2\/pages\/1626"}],"wp:featuredmedia":[{"embeddable":true,"href":"https:\/\/www.alphacan.com\/fr\/wp-json\/wp\/v2\/media\/2204"}],"wp:attachment":[{"href":"https:\/\/www.alphacan.com\/fr\/wp-json\/wp\/v2\/media?parent=1634"}],"curies":[{"name":"wp","href":"https:\/\/api.w.org\/{rel}","templated":true}]}}