{"id":1636,"date":"2017-09-26T09:45:36","date_gmt":"2017-09-26T08:45:36","guid":{"rendered":"https:\/\/www.alphacan.com\/fr\/?page_id=1636"},"modified":"2018-04-26T15:36:29","modified_gmt":"2018-04-26T14:36:29","slug":"finition-de-toit","status":"publish","type":"page","link":"https:\/\/www.alphacan.com\/fr\/espace-clair\/finition-de-toit\/","title":{"rendered":"Finition de Toit"},"content":{"rendered":"<h2>une finition harmonieuse<\/h2>\n<p>La gamme Espace Clair propose une tr\u00e8s large gamme de profil\u00e9s de finition du toit.<\/p>\n<p>Les planches de rive, en PVC cellulaire expans\u00e9, sont propos\u00e9es pour des hauteurs allant de 150 \u00e0 400 mm .<\/p>\n<p>Cette gamme est compl\u00e9t\u00e9e par des lambris de sous face en PVC expans\u00e9 ou rigide pour des largeurs de 200mm \u00e0 350mm.<\/p>\n<p>Finitions possibles en teint\u00e9 masse ou en plax\u00e9.<\/p>\n","protected":false},"excerpt":{"rendered":"<p>une finition harmonieuse La gamme Espace Clair propose une tr\u00e8s large gamme de profil\u00e9s de finition du toit. Les planches de rive, en PVC cellulaire expans\u00e9, sont propos\u00e9es pour des hauteurs allant de 150 \u00e0 400 mm . Cette gamme est compl\u00e9t\u00e9e par des lambris de sous face en PVC expans\u00e9 ou rigide pour des [&hellip;]<\/p>\n","protected":false},"author":559,"featured_media":2208,"parent":1626,"menu_order":0,"comment_status":"closed","ping_status":"closed","template":"","meta":{"_acf_changed":false,"footnotes":""},"class_list":["post-1636","page","type-page","status-publish","has-post-thumbnail","hentry"],"acf":[],"yoast_head":"<!-- This site is optimized with the Yoast SEO plugin v27.0 - https:\/\/yoast.com\/product\/yoast-seo-wordpress\/ -->\n<title>Finition de Toit &#8211; Alphacan<\/title>\n<meta name=\"description\" content=\"une finition harmonieuse La gamme Espace Clair propose une tr\u00e8s large gamme de profil\u00e9s de finition du toit. Les planches de rive, en PVC cellulaire\" \/>\n<meta name=\"robots\" content=\"index, follow, max-snippet:-1, max-image-preview:large, max-video-preview:-1\" \/>\n<link rel=\"canonical\" href=\"https:\/\/www.alphacan.com\/fr\/espace-clair\/finition-de-toit\/\" \/>\n<meta property=\"og:locale\" content=\"fr_FR\" \/>\n<meta property=\"og:type\" content=\"article\" \/>\n<meta property=\"og:title\" content=\"Finition de Toit &#8211; Alphacan\" \/>\n<meta property=\"og:description\" content=\"une finition harmonieuse La gamme Espace Clair propose une tr\u00e8s large gamme de profil\u00e9s de finition du toit. Les planches de rive, en PVC cellulaire\" \/>\n<meta property=\"og:url\" content=\"https:\/\/www.alphacan.com\/fr\/espace-clair\/finition-de-toit\/\" \/>\n<meta property=\"og:site_name\" content=\"Alphacan\" \/>\n<meta property=\"article:modified_time\" content=\"2018-04-26T14:36:29+00:00\" \/>\n<meta property=\"og:image\" content=\"https:\/\/www.alphacan.com\/wp-content\/uploads\/2017\/11\/pictos-Toit.jpg\" \/>\n\t<meta property=\"og:image:width\" content=\"484\" \/>\n\t<meta property=\"og:image:height\" content=\"540\" \/>\n\t<meta property=\"og:image:type\" content=\"image\/jpeg\" \/>\n<meta name=\"twitter:card\" content=\"summary_large_image\" \/>\n<script type=\"application\/ld+json\" class=\"yoast-schema-graph\">{\"@context\":\"https:\/\/schema.org\",\"@graph\":[{\"@type\":\"WebPage\",\"@id\":\"https:\/\/www.alphacan.com\/fr\/espace-clair\/finition-de-toit\/\",\"url\":\"https:\/\/www.alphacan.com\/fr\/espace-clair\/finition-de-toit\/\",\"name\":\"Finition de Toit &#8211; Alphacan\",\"isPartOf\":{\"@id\":\"https:\/\/www.alphacan.com\/es\/#website\"},\"primaryImageOfPage\":{\"@id\":\"https:\/\/www.alphacan.com\/fr\/espace-clair\/finition-de-toit\/#primaryimage\"},\"image\":{\"@id\":\"https:\/\/www.alphacan.com\/fr\/espace-clair\/finition-de-toit\/#primaryimage\"},\"thumbnailUrl\":\"https:\/\/www.alphacan.com\/wp-content\/uploads\/2017\/11\/pictos-Toit.jpg\",\"datePublished\":\"2017-09-26T08:45:36+00:00\",\"dateModified\":\"2018-04-26T14:36:29+00:00\",\"description\":\"une finition harmonieuse La gamme Espace Clair propose une tr\u00e8s large gamme de profil\u00e9s de finition du toit. Les planches de rive, en PVC cellulaire\",\"breadcrumb\":{\"@id\":\"https:\/\/www.alphacan.com\/fr\/espace-clair\/finition-de-toit\/#breadcrumb\"},\"inLanguage\":\"fr-FR\",\"potentialAction\":[{\"@type\":\"ReadAction\",\"target\":[\"https:\/\/www.alphacan.com\/fr\/espace-clair\/finition-de-toit\/\"]}]},{\"@type\":\"ImageObject\",\"inLanguage\":\"fr-FR\",\"@id\":\"https:\/\/www.alphacan.com\/fr\/espace-clair\/finition-de-toit\/#primaryimage\",\"url\":\"https:\/\/www.alphacan.com\/wp-content\/uploads\/2017\/11\/pictos-Toit.jpg\",\"contentUrl\":\"https:\/\/www.alphacan.com\/wp-content\/uploads\/2017\/11\/pictos-Toit.jpg\",\"width\":484,\"height\":540},{\"@type\":\"BreadcrumbList\",\"@id\":\"https:\/\/www.alphacan.com\/fr\/espace-clair\/finition-de-toit\/#breadcrumb\",\"itemListElement\":[{\"@type\":\"ListItem\",\"position\":1,\"name\":\"Accueil\",\"item\":\"https:\/\/www.alphacan.com\/fr\/\"},{\"@type\":\"ListItem\",\"position\":2,\"name\":\"Espace Clair\",\"item\":\"https:\/\/www.alphacan.com\/fr\/espace-clair\/\"},{\"@type\":\"ListItem\",\"position\":3,\"name\":\"Finition de Toit\"}]},{\"@type\":\"WebSite\",\"@id\":\"https:\/\/www.alphacan.com\/es\/#website\",\"url\":\"https:\/\/www.alphacan.com\/es\/\",\"name\":\"Alphacan\",\"description\":\"Concepteur Menuiseries\",\"potentialAction\":[{\"@type\":\"SearchAction\",\"target\":{\"@type\":\"EntryPoint\",\"urlTemplate\":\"https:\/\/www.alphacan.com\/es\/?s={search_term_string}\"},\"query-input\":{\"@type\":\"PropertyValueSpecification\",\"valueRequired\":true,\"valueName\":\"search_term_string\"}}],\"inLanguage\":\"fr-FR\"}]}<\/script>\n<!-- \/ Yoast SEO plugin. -->","yoast_head_json":{"title":"Finition de Toit &#8211; Alphacan","description":"une finition harmonieuse La gamme Espace Clair propose une tr\u00e8s large gamme de profil\u00e9s de finition du toit. Les planches de rive, en PVC cellulaire","robots":{"index":"index","follow":"follow","max-snippet":"max-snippet:-1","max-image-preview":"max-image-preview:large","max-video-preview":"max-video-preview:-1"},"canonical":"https:\/\/www.alphacan.com\/fr\/espace-clair\/finition-de-toit\/","og_locale":"fr_FR","og_type":"article","og_title":"Finition de Toit &#8211; Alphacan","og_description":"une finition harmonieuse La gamme Espace Clair propose une tr\u00e8s large gamme de profil\u00e9s de finition du toit. Les planches de rive, en PVC cellulaire","og_url":"https:\/\/www.alphacan.com\/fr\/espace-clair\/finition-de-toit\/","og_site_name":"Alphacan","article_modified_time":"2018-04-26T14:36:29+00:00","og_image":[{"width":484,"height":540,"url":"https:\/\/www.alphacan.com\/wp-content\/uploads\/2017\/11\/pictos-Toit.jpg","type":"image\/jpeg"}],"twitter_card":"summary_large_image","schema":{"@context":"https:\/\/schema.org","@graph":[{"@type":"WebPage","@id":"https:\/\/www.alphacan.com\/fr\/espace-clair\/finition-de-toit\/","url":"https:\/\/www.alphacan.com\/fr\/espace-clair\/finition-de-toit\/","name":"Finition de Toit &#8211; Alphacan","isPartOf":{"@id":"https:\/\/www.alphacan.com\/es\/#website"},"primaryImageOfPage":{"@id":"https:\/\/www.alphacan.com\/fr\/espace-clair\/finition-de-toit\/#primaryimage"},"image":{"@id":"https:\/\/www.alphacan.com\/fr\/espace-clair\/finition-de-toit\/#primaryimage"},"thumbnailUrl":"https:\/\/www.alphacan.com\/wp-content\/uploads\/2017\/11\/pictos-Toit.jpg","datePublished":"2017-09-26T08:45:36+00:00","dateModified":"2018-04-26T14:36:29+00:00","description":"une finition harmonieuse La gamme Espace Clair propose une tr\u00e8s large gamme de profil\u00e9s de finition du toit. Les planches de rive, en PVC cellulaire","breadcrumb":{"@id":"https:\/\/www.alphacan.com\/fr\/espace-clair\/finition-de-toit\/#breadcrumb"},"inLanguage":"fr-FR","potentialAction":[{"@type":"ReadAction","target":["https:\/\/www.alphacan.com\/fr\/espace-clair\/finition-de-toit\/"]}]},{"@type":"ImageObject","inLanguage":"fr-FR","@id":"https:\/\/www.alphacan.com\/fr\/espace-clair\/finition-de-toit\/#primaryimage","url":"https:\/\/www.alphacan.com\/wp-content\/uploads\/2017\/11\/pictos-Toit.jpg","contentUrl":"https:\/\/www.alphacan.com\/wp-content\/uploads\/2017\/11\/pictos-Toit.jpg","width":484,"height":540},{"@type":"BreadcrumbList","@id":"https:\/\/www.alphacan.com\/fr\/espace-clair\/finition-de-toit\/#breadcrumb","itemListElement":[{"@type":"ListItem","position":1,"name":"Accueil","item":"https:\/\/www.alphacan.com\/fr\/"},{"@type":"ListItem","position":2,"name":"Espace Clair","item":"https:\/\/www.alphacan.com\/fr\/espace-clair\/"},{"@type":"ListItem","position":3,"name":"Finition de Toit"}]},{"@type":"WebSite","@id":"https:\/\/www.alphacan.com\/es\/#website","url":"https:\/\/www.alphacan.com\/es\/","name":"Alphacan","description":"Concepteur Menuiseries","potentialAction":[{"@type":"SearchAction","target":{"@type":"EntryPoint","urlTemplate":"https:\/\/www.alphacan.com\/es\/?s={search_term_string}"},"query-input":{"@type":"PropertyValueSpecification","valueRequired":true,"valueName":"search_term_string"}}],"inLanguage":"fr-FR"}]}},"_links":{"self":[{"href":"https:\/\/www.alphacan.com\/fr\/wp-json\/wp\/v2\/pages\/1636","targetHints":{"allow":["GET"]}}],"collection":[{"href":"https:\/\/www.alphacan.com\/fr\/wp-json\/wp\/v2\/pages"}],"about":[{"href":"https:\/\/www.alphacan.com\/fr\/wp-json\/wp\/v2\/types\/page"}],"author":[{"embeddable":true,"href":"https:\/\/www.alphacan.com\/fr\/wp-json\/wp\/v2\/users\/559"}],"replies":[{"embeddable":true,"href":"https:\/\/www.alphacan.com\/fr\/wp-json\/wp\/v2\/comments?post=1636"}],"version-history":[{"count":4,"href":"https:\/\/www.alphacan.com\/fr\/wp-json\/wp\/v2\/pages\/1636\/revisions"}],"predecessor-version":[{"id":2921,"href":"https:\/\/www.alphacan.com\/fr\/wp-json\/wp\/v2\/pages\/1636\/revisions\/2921"}],"up":[{"embeddable":true,"href":"https:\/\/www.alphacan.com\/fr\/wp-json\/wp\/v2\/pages\/1626"}],"wp:featuredmedia":[{"embeddable":true,"href":"https:\/\/www.alphacan.com\/fr\/wp-json\/wp\/v2\/media\/2208"}],"wp:attachment":[{"href":"https:\/\/www.alphacan.com\/fr\/wp-json\/wp\/v2\/media?parent=1636"}],"curies":[{"name":"wp","href":"https:\/\/api.w.org\/{rel}","templated":true}]}}