{"id":1640,"date":"2017-09-26T09:46:19","date_gmt":"2017-09-26T08:46:19","guid":{"rendered":"https:\/\/www.alphacan.com\/fr\/?page_id=1640"},"modified":"2018-12-03T18:06:02","modified_gmt":"2018-12-03T17:06:02","slug":"brpt","status":"publish","type":"page","link":"https:\/\/www.alphacan.com\/fr\/profiles-specifiques\/brpt\/","title":{"rendered":"Barette Rupture de Pont Thermique"},"content":{"rendered":"<h2>\u00a0am\u00e9lioration des performances<\/h2>\n<p>Alphacan a d\u00e9velopp\u00e9 des profil\u00e9s de Barrette de Rupture de Pont Thermique PVC pour de grands partenaires industriels de la Menuiserie Aluminium ou la V\u00e9randa.<\/p>\n<p>La soci\u00e9t\u00e9 utilise exclusivement des mati\u00e8res\u00a0homologu\u00e9es r\u00e9pondant aux normes en vigueur.<\/p>\n<p>Confiez votre projet et nous serons \u00e0 m\u00eame d\u2019\u00e9tudier les solutions qui permettront d\u2019accro\u00eetre les performances de vos produits.<\/p>\n<p>&nbsp;<\/p>\n","protected":false},"excerpt":{"rendered":"<p>\u00a0am\u00e9lioration des performances Alphacan a d\u00e9velopp\u00e9 des profil\u00e9s de Barrette de Rupture de Pont Thermique PVC pour de grands partenaires industriels de la Menuiserie Aluminium ou la V\u00e9randa. La soci\u00e9t\u00e9 utilise exclusivement des mati\u00e8res\u00a0homologu\u00e9es r\u00e9pondant aux normes en vigueur. Confiez votre projet et nous serons \u00e0 m\u00eame d\u2019\u00e9tudier les solutions qui permettront d\u2019accro\u00eetre les performances [&hellip;]<\/p>\n","protected":false},"author":559,"featured_media":1713,"parent":1628,"menu_order":0,"comment_status":"closed","ping_status":"closed","template":"","meta":{"_acf_changed":false,"footnotes":""},"class_list":["post-1640","page","type-page","status-publish","has-post-thumbnail","hentry"],"acf":[],"yoast_head":"<!-- This site is optimized with the Yoast SEO plugin v27.0 - https:\/\/yoast.com\/product\/yoast-seo-wordpress\/ -->\n<title>Barette Rupture de Pont Thermique &#8211; Alphacan<\/title>\n<meta name=\"description\" content=\"\u00a0am\u00e9lioration des performances Alphacan a d\u00e9velopp\u00e9 des profil\u00e9s de Barrette de Rupture de Pont Thermique PVC pour de grands partenaires industriels de la\" \/>\n<meta name=\"robots\" content=\"index, follow, max-snippet:-1, max-image-preview:large, max-video-preview:-1\" \/>\n<link rel=\"canonical\" href=\"https:\/\/www.alphacan.com\/fr\/profiles-specifiques\/brpt\/\" \/>\n<meta property=\"og:locale\" content=\"fr_FR\" \/>\n<meta property=\"og:type\" content=\"article\" \/>\n<meta property=\"og:title\" content=\"Barette Rupture de Pont Thermique &#8211; Alphacan\" \/>\n<meta property=\"og:description\" content=\"\u00a0am\u00e9lioration des performances Alphacan a d\u00e9velopp\u00e9 des profil\u00e9s de Barrette de Rupture de Pont Thermique PVC pour de grands partenaires industriels de la\" \/>\n<meta property=\"og:url\" content=\"https:\/\/www.alphacan.com\/fr\/profiles-specifiques\/brpt\/\" \/>\n<meta property=\"og:site_name\" content=\"Alphacan\" \/>\n<meta property=\"article:modified_time\" content=\"2018-12-03T17:06:02+00:00\" \/>\n<meta property=\"og:image\" content=\"https:\/\/www.alphacan.com\/wp-content\/uploads\/2017\/09\/barette_pont_thermique.jpg\" \/>\n\t<meta property=\"og:image:width\" content=\"1411\" \/>\n\t<meta property=\"og:image:height\" content=\"2000\" \/>\n\t<meta property=\"og:image:type\" content=\"image\/jpeg\" \/>\n<meta name=\"twitter:card\" content=\"summary_large_image\" \/>\n<script type=\"application\/ld+json\" class=\"yoast-schema-graph\">{\"@context\":\"https:\/\/schema.org\",\"@graph\":[{\"@type\":\"WebPage\",\"@id\":\"https:\/\/www.alphacan.com\/fr\/profiles-specifiques\/brpt\/\",\"url\":\"https:\/\/www.alphacan.com\/fr\/profiles-specifiques\/brpt\/\",\"name\":\"Barette Rupture de Pont Thermique &#8211; Alphacan\",\"isPartOf\":{\"@id\":\"https:\/\/www.alphacan.com\/es\/#website\"},\"primaryImageOfPage\":{\"@id\":\"https:\/\/www.alphacan.com\/fr\/profiles-specifiques\/brpt\/#primaryimage\"},\"image\":{\"@id\":\"https:\/\/www.alphacan.com\/fr\/profiles-specifiques\/brpt\/#primaryimage\"},\"thumbnailUrl\":\"https:\/\/www.alphacan.com\/wp-content\/uploads\/2017\/09\/barette_pont_thermique.jpg\",\"datePublished\":\"2017-09-26T08:46:19+00:00\",\"dateModified\":\"2018-12-03T17:06:02+00:00\",\"description\":\"\u00a0am\u00e9lioration des performances Alphacan a d\u00e9velopp\u00e9 des profil\u00e9s de Barrette de Rupture de Pont Thermique PVC pour de grands partenaires industriels de la\",\"breadcrumb\":{\"@id\":\"https:\/\/www.alphacan.com\/fr\/profiles-specifiques\/brpt\/#breadcrumb\"},\"inLanguage\":\"fr-FR\",\"potentialAction\":[{\"@type\":\"ReadAction\",\"target\":[\"https:\/\/www.alphacan.com\/fr\/profiles-specifiques\/brpt\/\"]}]},{\"@type\":\"ImageObject\",\"inLanguage\":\"fr-FR\",\"@id\":\"https:\/\/www.alphacan.com\/fr\/profiles-specifiques\/brpt\/#primaryimage\",\"url\":\"https:\/\/www.alphacan.com\/wp-content\/uploads\/2017\/09\/barette_pont_thermique.jpg\",\"contentUrl\":\"https:\/\/www.alphacan.com\/wp-content\/uploads\/2017\/09\/barette_pont_thermique.jpg\",\"width\":1411,\"height\":2000},{\"@type\":\"BreadcrumbList\",\"@id\":\"https:\/\/www.alphacan.com\/fr\/profiles-specifiques\/brpt\/#breadcrumb\",\"itemListElement\":[{\"@type\":\"ListItem\",\"position\":1,\"name\":\"Accueil\",\"item\":\"https:\/\/www.alphacan.com\/fr\/\"},{\"@type\":\"ListItem\",\"position\":2,\"name\":\"Profil\u00e9s Sp\u00e9cifiques\",\"item\":\"https:\/\/www.alphacan.com\/fr\/profiles-specifiques\/\"},{\"@type\":\"ListItem\",\"position\":3,\"name\":\"Barette Rupture de Pont Thermique\"}]},{\"@type\":\"WebSite\",\"@id\":\"https:\/\/www.alphacan.com\/es\/#website\",\"url\":\"https:\/\/www.alphacan.com\/es\/\",\"name\":\"Alphacan\",\"description\":\"Concepteur Menuiseries\",\"potentialAction\":[{\"@type\":\"SearchAction\",\"target\":{\"@type\":\"EntryPoint\",\"urlTemplate\":\"https:\/\/www.alphacan.com\/es\/?s={search_term_string}\"},\"query-input\":{\"@type\":\"PropertyValueSpecification\",\"valueRequired\":true,\"valueName\":\"search_term_string\"}}],\"inLanguage\":\"fr-FR\"}]}<\/script>\n<!-- \/ Yoast SEO plugin. -->","yoast_head_json":{"title":"Barette Rupture de Pont Thermique &#8211; Alphacan","description":"\u00a0am\u00e9lioration des performances Alphacan a d\u00e9velopp\u00e9 des profil\u00e9s de Barrette de Rupture de Pont Thermique PVC pour de grands partenaires industriels de la","robots":{"index":"index","follow":"follow","max-snippet":"max-snippet:-1","max-image-preview":"max-image-preview:large","max-video-preview":"max-video-preview:-1"},"canonical":"https:\/\/www.alphacan.com\/fr\/profiles-specifiques\/brpt\/","og_locale":"fr_FR","og_type":"article","og_title":"Barette Rupture de Pont Thermique &#8211; Alphacan","og_description":"\u00a0am\u00e9lioration des performances Alphacan a d\u00e9velopp\u00e9 des profil\u00e9s de Barrette de Rupture de Pont Thermique PVC pour de grands partenaires industriels de la","og_url":"https:\/\/www.alphacan.com\/fr\/profiles-specifiques\/brpt\/","og_site_name":"Alphacan","article_modified_time":"2018-12-03T17:06:02+00:00","og_image":[{"width":1411,"height":2000,"url":"https:\/\/www.alphacan.com\/wp-content\/uploads\/2017\/09\/barette_pont_thermique.jpg","type":"image\/jpeg"}],"twitter_card":"summary_large_image","schema":{"@context":"https:\/\/schema.org","@graph":[{"@type":"WebPage","@id":"https:\/\/www.alphacan.com\/fr\/profiles-specifiques\/brpt\/","url":"https:\/\/www.alphacan.com\/fr\/profiles-specifiques\/brpt\/","name":"Barette Rupture de Pont Thermique &#8211; Alphacan","isPartOf":{"@id":"https:\/\/www.alphacan.com\/es\/#website"},"primaryImageOfPage":{"@id":"https:\/\/www.alphacan.com\/fr\/profiles-specifiques\/brpt\/#primaryimage"},"image":{"@id":"https:\/\/www.alphacan.com\/fr\/profiles-specifiques\/brpt\/#primaryimage"},"thumbnailUrl":"https:\/\/www.alphacan.com\/wp-content\/uploads\/2017\/09\/barette_pont_thermique.jpg","datePublished":"2017-09-26T08:46:19+00:00","dateModified":"2018-12-03T17:06:02+00:00","description":"\u00a0am\u00e9lioration des performances Alphacan a d\u00e9velopp\u00e9 des profil\u00e9s de Barrette de Rupture de Pont Thermique PVC pour de grands partenaires industriels de la","breadcrumb":{"@id":"https:\/\/www.alphacan.com\/fr\/profiles-specifiques\/brpt\/#breadcrumb"},"inLanguage":"fr-FR","potentialAction":[{"@type":"ReadAction","target":["https:\/\/www.alphacan.com\/fr\/profiles-specifiques\/brpt\/"]}]},{"@type":"ImageObject","inLanguage":"fr-FR","@id":"https:\/\/www.alphacan.com\/fr\/profiles-specifiques\/brpt\/#primaryimage","url":"https:\/\/www.alphacan.com\/wp-content\/uploads\/2017\/09\/barette_pont_thermique.jpg","contentUrl":"https:\/\/www.alphacan.com\/wp-content\/uploads\/2017\/09\/barette_pont_thermique.jpg","width":1411,"height":2000},{"@type":"BreadcrumbList","@id":"https:\/\/www.alphacan.com\/fr\/profiles-specifiques\/brpt\/#breadcrumb","itemListElement":[{"@type":"ListItem","position":1,"name":"Accueil","item":"https:\/\/www.alphacan.com\/fr\/"},{"@type":"ListItem","position":2,"name":"Profil\u00e9s Sp\u00e9cifiques","item":"https:\/\/www.alphacan.com\/fr\/profiles-specifiques\/"},{"@type":"ListItem","position":3,"name":"Barette Rupture de Pont Thermique"}]},{"@type":"WebSite","@id":"https:\/\/www.alphacan.com\/es\/#website","url":"https:\/\/www.alphacan.com\/es\/","name":"Alphacan","description":"Concepteur Menuiseries","potentialAction":[{"@type":"SearchAction","target":{"@type":"EntryPoint","urlTemplate":"https:\/\/www.alphacan.com\/es\/?s={search_term_string}"},"query-input":{"@type":"PropertyValueSpecification","valueRequired":true,"valueName":"search_term_string"}}],"inLanguage":"fr-FR"}]}},"_links":{"self":[{"href":"https:\/\/www.alphacan.com\/fr\/wp-json\/wp\/v2\/pages\/1640","targetHints":{"allow":["GET"]}}],"collection":[{"href":"https:\/\/www.alphacan.com\/fr\/wp-json\/wp\/v2\/pages"}],"about":[{"href":"https:\/\/www.alphacan.com\/fr\/wp-json\/wp\/v2\/types\/page"}],"author":[{"embeddable":true,"href":"https:\/\/www.alphacan.com\/fr\/wp-json\/wp\/v2\/users\/559"}],"replies":[{"embeddable":true,"href":"https:\/\/www.alphacan.com\/fr\/wp-json\/wp\/v2\/comments?post=1640"}],"version-history":[{"count":5,"href":"https:\/\/www.alphacan.com\/fr\/wp-json\/wp\/v2\/pages\/1640\/revisions"}],"predecessor-version":[{"id":4027,"href":"https:\/\/www.alphacan.com\/fr\/wp-json\/wp\/v2\/pages\/1640\/revisions\/4027"}],"up":[{"embeddable":true,"href":"https:\/\/www.alphacan.com\/fr\/wp-json\/wp\/v2\/pages\/1628"}],"wp:featuredmedia":[{"embeddable":true,"href":"https:\/\/www.alphacan.com\/fr\/wp-json\/wp\/v2\/media\/1713"}],"wp:attachment":[{"href":"https:\/\/www.alphacan.com\/fr\/wp-json\/wp\/v2\/media?parent=1640"}],"curies":[{"name":"wp","href":"https:\/\/api.w.org\/{rel}","templated":true}]}}