{"id":1642,"date":"2017-09-26T09:46:33","date_gmt":"2017-09-26T08:46:33","guid":{"rendered":"https:\/\/www.alphacan.com\/fr\/?page_id=1642"},"modified":"2019-04-12T10:26:44","modified_gmt":"2019-04-12T08:26:44","slug":"industrie","status":"publish","type":"page","link":"https:\/\/www.alphacan.com\/fr\/profiles-specifiques\/industrie\/","title":{"rendered":"Industrie"},"content":{"rendered":"<h2>UN PARTENAIRE exp\u00e9riment\u00e9<\/h2>\n<p>Alphacan est un v\u00e9ritable partenaire pour ses clients : un travail de d\u00e9veloppement pr\u00e9cis entre les bureaux d\u2019\u00e9tude et d&rsquo;innovation Alphacan et ceux de ses clients lui permet de s&rsquo;adapter aux besoins et de trouver des solutions sur-mesure. L&rsquo;apport et le partage de\u00a0son expertise est un v\u00e9ritable support pour remplir les objectifs techniques, esth\u00e9tiques ou \u00e9conomiques du cahier des charges initial.<\/p>\n<p>Alphacan compte aujourd\u2019hui un grand nombre de partenaires dans la conception, \u00a0l\u2019utilisation et l\u2019entretien d&rsquo;outillages dans des domaines vari\u00e9s : le Parap\u00e9trolier, la Protection Murale, la Piscine, le Gaz, la V\u00e9randa, le mobil-home ou encore le Chauffe-eau.<\/p>\n<p>C\u2019est ce savoir faire qu\u2019Alphacan vous propose de partager aujourd\u2019hui pour l\u2019int\u00e9grer \u00e0 vos innovations futures.<\/p>\n","protected":false},"excerpt":{"rendered":"<p>UN PARTENAIRE exp\u00e9riment\u00e9 Alphacan est un v\u00e9ritable partenaire pour ses clients : un travail de d\u00e9veloppement pr\u00e9cis entre les bureaux d\u2019\u00e9tude et d&rsquo;innovation Alphacan et ceux de ses clients lui permet de s&rsquo;adapter aux besoins et de trouver des solutions sur-mesure. L&rsquo;apport et le partage de\u00a0son expertise est un v\u00e9ritable support pour remplir les objectifs [&hellip;]<\/p>\n","protected":false},"author":559,"featured_media":6154,"parent":1628,"menu_order":0,"comment_status":"closed","ping_status":"closed","template":"","meta":{"_acf_changed":false,"footnotes":""},"class_list":["post-1642","page","type-page","status-publish","has-post-thumbnail","hentry"],"acf":[],"yoast_head":"<!-- This site is optimized with the Yoast SEO plugin v27.0 - https:\/\/yoast.com\/product\/yoast-seo-wordpress\/ -->\n<title>Industrie &#8211; Alphacan<\/title>\n<meta name=\"description\" content=\"UN PARTENAIRE exp\u00e9riment\u00e9 Alphacan est un v\u00e9ritable partenaire pour ses clients : un travail de d\u00e9veloppement pr\u00e9cis entre les bureaux d\u2019\u00e9tude et\" \/>\n<meta name=\"robots\" content=\"index, follow, max-snippet:-1, max-image-preview:large, max-video-preview:-1\" \/>\n<link rel=\"canonical\" href=\"https:\/\/www.alphacan.com\/fr\/profiles-specifiques\/industrie\/\" \/>\n<meta property=\"og:locale\" content=\"fr_FR\" \/>\n<meta property=\"og:type\" content=\"article\" \/>\n<meta property=\"og:title\" content=\"Industrie &#8211; Alphacan\" \/>\n<meta property=\"og:description\" content=\"UN PARTENAIRE exp\u00e9riment\u00e9 Alphacan est un v\u00e9ritable partenaire pour ses clients : un travail de d\u00e9veloppement pr\u00e9cis entre les bureaux d\u2019\u00e9tude et\" \/>\n<meta property=\"og:url\" content=\"https:\/\/www.alphacan.com\/fr\/profiles-specifiques\/industrie\/\" \/>\n<meta property=\"og:site_name\" content=\"Alphacan\" \/>\n<meta property=\"article:modified_time\" content=\"2019-04-12T08:26:44+00:00\" \/>\n<meta property=\"og:image\" content=\"https:\/\/www.alphacan.com\/wp-content\/uploads\/2019\/04\/profiles_industrie_petrole-horizontal.jpg\" \/>\n\t<meta property=\"og:image:width\" content=\"1026\" \/>\n\t<meta property=\"og:image:height\" content=\"813\" \/>\n\t<meta property=\"og:image:type\" content=\"image\/jpeg\" \/>\n<meta name=\"twitter:card\" content=\"summary_large_image\" \/>\n<meta name=\"twitter:label1\" content=\"Dur\u00e9e de lecture estim\u00e9e\" \/>\n\t<meta name=\"twitter:data1\" content=\"1 minute\" \/>\n<script type=\"application\/ld+json\" class=\"yoast-schema-graph\">{\"@context\":\"https:\/\/schema.org\",\"@graph\":[{\"@type\":\"WebPage\",\"@id\":\"https:\/\/www.alphacan.com\/fr\/profiles-specifiques\/industrie\/\",\"url\":\"https:\/\/www.alphacan.com\/fr\/profiles-specifiques\/industrie\/\",\"name\":\"Industrie &#8211; Alphacan\",\"isPartOf\":{\"@id\":\"https:\/\/www.alphacan.com\/es\/#website\"},\"primaryImageOfPage\":{\"@id\":\"https:\/\/www.alphacan.com\/fr\/profiles-specifiques\/industrie\/#primaryimage\"},\"image\":{\"@id\":\"https:\/\/www.alphacan.com\/fr\/profiles-specifiques\/industrie\/#primaryimage\"},\"thumbnailUrl\":\"https:\/\/www.alphacan.com\/wp-content\/uploads\/2019\/04\/profiles_industrie_petrole-horizontal.jpg\",\"datePublished\":\"2017-09-26T08:46:33+00:00\",\"dateModified\":\"2019-04-12T08:26:44+00:00\",\"description\":\"UN PARTENAIRE exp\u00e9riment\u00e9 Alphacan est un v\u00e9ritable partenaire pour ses clients : un travail de d\u00e9veloppement pr\u00e9cis entre les bureaux d\u2019\u00e9tude et\",\"breadcrumb\":{\"@id\":\"https:\/\/www.alphacan.com\/fr\/profiles-specifiques\/industrie\/#breadcrumb\"},\"inLanguage\":\"fr-FR\",\"potentialAction\":[{\"@type\":\"ReadAction\",\"target\":[\"https:\/\/www.alphacan.com\/fr\/profiles-specifiques\/industrie\/\"]}]},{\"@type\":\"ImageObject\",\"inLanguage\":\"fr-FR\",\"@id\":\"https:\/\/www.alphacan.com\/fr\/profiles-specifiques\/industrie\/#primaryimage\",\"url\":\"https:\/\/www.alphacan.com\/wp-content\/uploads\/2019\/04\/profiles_industrie_petrole-horizontal.jpg\",\"contentUrl\":\"https:\/\/www.alphacan.com\/wp-content\/uploads\/2019\/04\/profiles_industrie_petrole-horizontal.jpg\",\"width\":1026,\"height\":813,\"caption\":\"The moonpool and riser of a semisubmersible drilling rig. Large fish visible in waterMore oilfield images:\"},{\"@type\":\"BreadcrumbList\",\"@id\":\"https:\/\/www.alphacan.com\/fr\/profiles-specifiques\/industrie\/#breadcrumb\",\"itemListElement\":[{\"@type\":\"ListItem\",\"position\":1,\"name\":\"Accueil\",\"item\":\"https:\/\/www.alphacan.com\/fr\/\"},{\"@type\":\"ListItem\",\"position\":2,\"name\":\"Profil\u00e9s Sp\u00e9cifiques\",\"item\":\"https:\/\/www.alphacan.com\/fr\/profiles-specifiques\/\"},{\"@type\":\"ListItem\",\"position\":3,\"name\":\"Industrie\"}]},{\"@type\":\"WebSite\",\"@id\":\"https:\/\/www.alphacan.com\/es\/#website\",\"url\":\"https:\/\/www.alphacan.com\/es\/\",\"name\":\"Alphacan\",\"description\":\"Concepteur Menuiseries\",\"potentialAction\":[{\"@type\":\"SearchAction\",\"target\":{\"@type\":\"EntryPoint\",\"urlTemplate\":\"https:\/\/www.alphacan.com\/es\/?s={search_term_string}\"},\"query-input\":{\"@type\":\"PropertyValueSpecification\",\"valueRequired\":true,\"valueName\":\"search_term_string\"}}],\"inLanguage\":\"fr-FR\"}]}<\/script>\n<!-- \/ Yoast SEO plugin. -->","yoast_head_json":{"title":"Industrie &#8211; Alphacan","description":"UN PARTENAIRE exp\u00e9riment\u00e9 Alphacan est un v\u00e9ritable partenaire pour ses clients : un travail de d\u00e9veloppement pr\u00e9cis entre les bureaux d\u2019\u00e9tude et","robots":{"index":"index","follow":"follow","max-snippet":"max-snippet:-1","max-image-preview":"max-image-preview:large","max-video-preview":"max-video-preview:-1"},"canonical":"https:\/\/www.alphacan.com\/fr\/profiles-specifiques\/industrie\/","og_locale":"fr_FR","og_type":"article","og_title":"Industrie &#8211; Alphacan","og_description":"UN PARTENAIRE exp\u00e9riment\u00e9 Alphacan est un v\u00e9ritable partenaire pour ses clients : un travail de d\u00e9veloppement pr\u00e9cis entre les bureaux d\u2019\u00e9tude et","og_url":"https:\/\/www.alphacan.com\/fr\/profiles-specifiques\/industrie\/","og_site_name":"Alphacan","article_modified_time":"2019-04-12T08:26:44+00:00","og_image":[{"width":1026,"height":813,"url":"https:\/\/www.alphacan.com\/wp-content\/uploads\/2019\/04\/profiles_industrie_petrole-horizontal.jpg","type":"image\/jpeg"}],"twitter_card":"summary_large_image","twitter_misc":{"Dur\u00e9e de lecture estim\u00e9e":"1 minute"},"schema":{"@context":"https:\/\/schema.org","@graph":[{"@type":"WebPage","@id":"https:\/\/www.alphacan.com\/fr\/profiles-specifiques\/industrie\/","url":"https:\/\/www.alphacan.com\/fr\/profiles-specifiques\/industrie\/","name":"Industrie &#8211; Alphacan","isPartOf":{"@id":"https:\/\/www.alphacan.com\/es\/#website"},"primaryImageOfPage":{"@id":"https:\/\/www.alphacan.com\/fr\/profiles-specifiques\/industrie\/#primaryimage"},"image":{"@id":"https:\/\/www.alphacan.com\/fr\/profiles-specifiques\/industrie\/#primaryimage"},"thumbnailUrl":"https:\/\/www.alphacan.com\/wp-content\/uploads\/2019\/04\/profiles_industrie_petrole-horizontal.jpg","datePublished":"2017-09-26T08:46:33+00:00","dateModified":"2019-04-12T08:26:44+00:00","description":"UN PARTENAIRE exp\u00e9riment\u00e9 Alphacan est un v\u00e9ritable partenaire pour ses clients : un travail de d\u00e9veloppement pr\u00e9cis entre les bureaux d\u2019\u00e9tude et","breadcrumb":{"@id":"https:\/\/www.alphacan.com\/fr\/profiles-specifiques\/industrie\/#breadcrumb"},"inLanguage":"fr-FR","potentialAction":[{"@type":"ReadAction","target":["https:\/\/www.alphacan.com\/fr\/profiles-specifiques\/industrie\/"]}]},{"@type":"ImageObject","inLanguage":"fr-FR","@id":"https:\/\/www.alphacan.com\/fr\/profiles-specifiques\/industrie\/#primaryimage","url":"https:\/\/www.alphacan.com\/wp-content\/uploads\/2019\/04\/profiles_industrie_petrole-horizontal.jpg","contentUrl":"https:\/\/www.alphacan.com\/wp-content\/uploads\/2019\/04\/profiles_industrie_petrole-horizontal.jpg","width":1026,"height":813,"caption":"The moonpool and riser of a semisubmersible drilling rig. Large fish visible in waterMore oilfield images:"},{"@type":"BreadcrumbList","@id":"https:\/\/www.alphacan.com\/fr\/profiles-specifiques\/industrie\/#breadcrumb","itemListElement":[{"@type":"ListItem","position":1,"name":"Accueil","item":"https:\/\/www.alphacan.com\/fr\/"},{"@type":"ListItem","position":2,"name":"Profil\u00e9s Sp\u00e9cifiques","item":"https:\/\/www.alphacan.com\/fr\/profiles-specifiques\/"},{"@type":"ListItem","position":3,"name":"Industrie"}]},{"@type":"WebSite","@id":"https:\/\/www.alphacan.com\/es\/#website","url":"https:\/\/www.alphacan.com\/es\/","name":"Alphacan","description":"Concepteur Menuiseries","potentialAction":[{"@type":"SearchAction","target":{"@type":"EntryPoint","urlTemplate":"https:\/\/www.alphacan.com\/es\/?s={search_term_string}"},"query-input":{"@type":"PropertyValueSpecification","valueRequired":true,"valueName":"search_term_string"}}],"inLanguage":"fr-FR"}]}},"_links":{"self":[{"href":"https:\/\/www.alphacan.com\/fr\/wp-json\/wp\/v2\/pages\/1642","targetHints":{"allow":["GET"]}}],"collection":[{"href":"https:\/\/www.alphacan.com\/fr\/wp-json\/wp\/v2\/pages"}],"about":[{"href":"https:\/\/www.alphacan.com\/fr\/wp-json\/wp\/v2\/types\/page"}],"author":[{"embeddable":true,"href":"https:\/\/www.alphacan.com\/fr\/wp-json\/wp\/v2\/users\/559"}],"replies":[{"embeddable":true,"href":"https:\/\/www.alphacan.com\/fr\/wp-json\/wp\/v2\/comments?post=1642"}],"version-history":[{"count":5,"href":"https:\/\/www.alphacan.com\/fr\/wp-json\/wp\/v2\/pages\/1642\/revisions"}],"predecessor-version":[{"id":2873,"href":"https:\/\/www.alphacan.com\/fr\/wp-json\/wp\/v2\/pages\/1642\/revisions\/2873"}],"up":[{"embeddable":true,"href":"https:\/\/www.alphacan.com\/fr\/wp-json\/wp\/v2\/pages\/1628"}],"wp:featuredmedia":[{"embeddable":true,"href":"https:\/\/www.alphacan.com\/fr\/wp-json\/wp\/v2\/media\/6154"}],"wp:attachment":[{"href":"https:\/\/www.alphacan.com\/fr\/wp-json\/wp\/v2\/media?parent=1642"}],"curies":[{"name":"wp","href":"https:\/\/api.w.org\/{rel}","templated":true}]}}