{"id":1738,"date":"2017-10-26T16:10:45","date_gmt":"2017-10-26T15:10:45","guid":{"rendered":"https:\/\/www.alphacan.com\/fr\/?page_id=1738"},"modified":"2018-04-27T13:23:33","modified_gmt":"2018-04-27T12:23:33","slug":"mousse-polyurethane","status":"publish","type":"page","link":"https:\/\/www.alphacan.com\/fr\/menuiseries-france\/innovations-thermique\/mousse-polyurethane\/","title":{"rendered":"Mousse Polyur\u00e9thane"},"content":{"rendered":"<h2>INNOVATION THERMIQUE<\/h2>\n<p>Inject\u00e9e directement dans la chambre principale des profil\u00e9s dormants, ouvrants et traverses, cette solution assure une meilleure performance thermique.<\/p>\n<p>Gr\u00e2ce \u00e0 ses propri\u00e9t\u00e9s m\u00e9caniques et contrairement aux autres isolants, la mousse polyur\u00e9thane ne change pas de forme au cours du temps et garde donc toutes ses propri\u00e9t\u00e9s, m\u00eame apr\u00e8s des ann\u00e9es d&rsquo;exposition.<\/p>\n","protected":false},"excerpt":{"rendered":"<p>INNOVATION THERMIQUE Inject\u00e9e directement dans la chambre principale des profil\u00e9s dormants, ouvrants et traverses, cette solution assure une meilleure performance thermique. Gr\u00e2ce \u00e0 ses propri\u00e9t\u00e9s m\u00e9caniques et contrairement aux autres isolants, la mousse polyur\u00e9thane ne change pas de forme au cours du temps et garde donc toutes ses propri\u00e9t\u00e9s, m\u00eame apr\u00e8s des ann\u00e9es d&rsquo;exposition.<\/p>\n","protected":false},"author":559,"featured_media":0,"parent":71,"menu_order":1,"comment_status":"closed","ping_status":"closed","template":"","meta":{"_acf_changed":false,"footnotes":""},"class_list":["post-1738","page","type-page","status-publish","hentry"],"acf":[],"yoast_head":"<!-- This site is optimized with the Yoast SEO plugin v27.0 - https:\/\/yoast.com\/product\/yoast-seo-wordpress\/ -->\n<title>Mousse Polyur\u00e9thane &#8211; Alphacan<\/title>\n<meta name=\"description\" content=\"INNOVATION THERMIQUE Inject\u00e9e directement dans la chambre principale des profil\u00e9s dormants, ouvrants et traverses, cette solution assure une meilleure\" \/>\n<meta name=\"robots\" content=\"index, follow, max-snippet:-1, max-image-preview:large, max-video-preview:-1\" \/>\n<link rel=\"canonical\" href=\"https:\/\/www.alphacan.com\/fr\/menuiseries-france\/innovations-thermique\/mousse-polyurethane\/\" \/>\n<meta property=\"og:locale\" content=\"fr_FR\" \/>\n<meta property=\"og:type\" content=\"article\" \/>\n<meta property=\"og:title\" content=\"Mousse Polyur\u00e9thane &#8211; Alphacan\" \/>\n<meta property=\"og:description\" content=\"INNOVATION THERMIQUE Inject\u00e9e directement dans la chambre principale des profil\u00e9s dormants, ouvrants et traverses, cette solution assure une meilleure\" \/>\n<meta property=\"og:url\" content=\"https:\/\/www.alphacan.com\/fr\/menuiseries-france\/innovations-thermique\/mousse-polyurethane\/\" \/>\n<meta property=\"og:site_name\" content=\"Alphacan\" \/>\n<meta property=\"article:modified_time\" content=\"2018-04-27T12:23:33+00:00\" \/>\n<meta name=\"twitter:card\" content=\"summary_large_image\" \/>\n<script type=\"application\/ld+json\" class=\"yoast-schema-graph\">{\"@context\":\"https:\/\/schema.org\",\"@graph\":[{\"@type\":\"WebPage\",\"@id\":\"https:\/\/www.alphacan.com\/fr\/menuiseries-france\/innovations-thermique\/mousse-polyurethane\/\",\"url\":\"https:\/\/www.alphacan.com\/fr\/menuiseries-france\/innovations-thermique\/mousse-polyurethane\/\",\"name\":\"Mousse Polyur\u00e9thane &#8211; Alphacan\",\"isPartOf\":{\"@id\":\"https:\/\/www.alphacan.com\/es\/#website\"},\"datePublished\":\"2017-10-26T15:10:45+00:00\",\"dateModified\":\"2018-04-27T12:23:33+00:00\",\"description\":\"INNOVATION THERMIQUE Inject\u00e9e directement dans la chambre principale des profil\u00e9s dormants, ouvrants et traverses, cette solution assure une meilleure\",\"breadcrumb\":{\"@id\":\"https:\/\/www.alphacan.com\/fr\/menuiseries-france\/innovations-thermique\/mousse-polyurethane\/#breadcrumb\"},\"inLanguage\":\"fr-FR\",\"potentialAction\":[{\"@type\":\"ReadAction\",\"target\":[\"https:\/\/www.alphacan.com\/fr\/menuiseries-france\/innovations-thermique\/mousse-polyurethane\/\"]}]},{\"@type\":\"BreadcrumbList\",\"@id\":\"https:\/\/www.alphacan.com\/fr\/menuiseries-france\/innovations-thermique\/mousse-polyurethane\/#breadcrumb\",\"itemListElement\":[{\"@type\":\"ListItem\",\"position\":1,\"name\":\"Accueil\",\"item\":\"https:\/\/www.alphacan.com\/fr\/\"},{\"@type\":\"ListItem\",\"position\":2,\"name\":\"Menuiseries France\",\"item\":\"https:\/\/www.alphacan.com\/fr\/menuiseries-france\/\"},{\"@type\":\"ListItem\",\"position\":3,\"name\":\"Innovations Thermiques\",\"item\":\"https:\/\/www.alphacan.com\/fr\/menuiseries-france\/innovations-thermique\/\"},{\"@type\":\"ListItem\",\"position\":4,\"name\":\"Mousse Polyur\u00e9thane\"}]},{\"@type\":\"WebSite\",\"@id\":\"https:\/\/www.alphacan.com\/es\/#website\",\"url\":\"https:\/\/www.alphacan.com\/es\/\",\"name\":\"Alphacan\",\"description\":\"Concepteur Menuiseries\",\"potentialAction\":[{\"@type\":\"SearchAction\",\"target\":{\"@type\":\"EntryPoint\",\"urlTemplate\":\"https:\/\/www.alphacan.com\/es\/?s={search_term_string}\"},\"query-input\":{\"@type\":\"PropertyValueSpecification\",\"valueRequired\":true,\"valueName\":\"search_term_string\"}}],\"inLanguage\":\"fr-FR\"}]}<\/script>\n<!-- \/ Yoast SEO plugin. -->","yoast_head_json":{"title":"Mousse Polyur\u00e9thane &#8211; Alphacan","description":"INNOVATION THERMIQUE Inject\u00e9e directement dans la chambre principale des profil\u00e9s dormants, ouvrants et traverses, cette solution assure une meilleure","robots":{"index":"index","follow":"follow","max-snippet":"max-snippet:-1","max-image-preview":"max-image-preview:large","max-video-preview":"max-video-preview:-1"},"canonical":"https:\/\/www.alphacan.com\/fr\/menuiseries-france\/innovations-thermique\/mousse-polyurethane\/","og_locale":"fr_FR","og_type":"article","og_title":"Mousse Polyur\u00e9thane &#8211; Alphacan","og_description":"INNOVATION THERMIQUE Inject\u00e9e directement dans la chambre principale des profil\u00e9s dormants, ouvrants et traverses, cette solution assure une meilleure","og_url":"https:\/\/www.alphacan.com\/fr\/menuiseries-france\/innovations-thermique\/mousse-polyurethane\/","og_site_name":"Alphacan","article_modified_time":"2018-04-27T12:23:33+00:00","twitter_card":"summary_large_image","schema":{"@context":"https:\/\/schema.org","@graph":[{"@type":"WebPage","@id":"https:\/\/www.alphacan.com\/fr\/menuiseries-france\/innovations-thermique\/mousse-polyurethane\/","url":"https:\/\/www.alphacan.com\/fr\/menuiseries-france\/innovations-thermique\/mousse-polyurethane\/","name":"Mousse Polyur\u00e9thane &#8211; Alphacan","isPartOf":{"@id":"https:\/\/www.alphacan.com\/es\/#website"},"datePublished":"2017-10-26T15:10:45+00:00","dateModified":"2018-04-27T12:23:33+00:00","description":"INNOVATION THERMIQUE Inject\u00e9e directement dans la chambre principale des profil\u00e9s dormants, ouvrants et traverses, cette solution assure une meilleure","breadcrumb":{"@id":"https:\/\/www.alphacan.com\/fr\/menuiseries-france\/innovations-thermique\/mousse-polyurethane\/#breadcrumb"},"inLanguage":"fr-FR","potentialAction":[{"@type":"ReadAction","target":["https:\/\/www.alphacan.com\/fr\/menuiseries-france\/innovations-thermique\/mousse-polyurethane\/"]}]},{"@type":"BreadcrumbList","@id":"https:\/\/www.alphacan.com\/fr\/menuiseries-france\/innovations-thermique\/mousse-polyurethane\/#breadcrumb","itemListElement":[{"@type":"ListItem","position":1,"name":"Accueil","item":"https:\/\/www.alphacan.com\/fr\/"},{"@type":"ListItem","position":2,"name":"Menuiseries France","item":"https:\/\/www.alphacan.com\/fr\/menuiseries-france\/"},{"@type":"ListItem","position":3,"name":"Innovations Thermiques","item":"https:\/\/www.alphacan.com\/fr\/menuiseries-france\/innovations-thermique\/"},{"@type":"ListItem","position":4,"name":"Mousse Polyur\u00e9thane"}]},{"@type":"WebSite","@id":"https:\/\/www.alphacan.com\/es\/#website","url":"https:\/\/www.alphacan.com\/es\/","name":"Alphacan","description":"Concepteur Menuiseries","potentialAction":[{"@type":"SearchAction","target":{"@type":"EntryPoint","urlTemplate":"https:\/\/www.alphacan.com\/es\/?s={search_term_string}"},"query-input":{"@type":"PropertyValueSpecification","valueRequired":true,"valueName":"search_term_string"}}],"inLanguage":"fr-FR"}]}},"_links":{"self":[{"href":"https:\/\/www.alphacan.com\/fr\/wp-json\/wp\/v2\/pages\/1738","targetHints":{"allow":["GET"]}}],"collection":[{"href":"https:\/\/www.alphacan.com\/fr\/wp-json\/wp\/v2\/pages"}],"about":[{"href":"https:\/\/www.alphacan.com\/fr\/wp-json\/wp\/v2\/types\/page"}],"author":[{"embeddable":true,"href":"https:\/\/www.alphacan.com\/fr\/wp-json\/wp\/v2\/users\/559"}],"replies":[{"embeddable":true,"href":"https:\/\/www.alphacan.com\/fr\/wp-json\/wp\/v2\/comments?post=1738"}],"version-history":[{"count":5,"href":"https:\/\/www.alphacan.com\/fr\/wp-json\/wp\/v2\/pages\/1738\/revisions"}],"predecessor-version":[{"id":2778,"href":"https:\/\/www.alphacan.com\/fr\/wp-json\/wp\/v2\/pages\/1738\/revisions\/2778"}],"up":[{"embeddable":true,"href":"https:\/\/www.alphacan.com\/fr\/wp-json\/wp\/v2\/pages\/71"}],"wp:attachment":[{"href":"https:\/\/www.alphacan.com\/fr\/wp-json\/wp\/v2\/media?parent=1738"}],"curies":[{"name":"wp","href":"https:\/\/api.w.org\/{rel}","templated":true}]}}