{"id":1874,"date":"2017-11-13T17:59:33","date_gmt":"2017-11-13T16:59:33","guid":{"rendered":"https:\/\/www.alphacan.com\/fr\/?page_id=1874"},"modified":"2024-02-26T23:54:18","modified_gmt":"2024-02-26T22:54:18","slug":"accueil","status":"publish","type":"page","link":"https:\/\/www.alphacan.com\/fr\/","title":{"rendered":"Accueil"},"content":{"rendered":"","protected":false},"excerpt":{"rendered":"","protected":false},"author":559,"featured_media":0,"parent":0,"menu_order":0,"comment_status":"closed","ping_status":"closed","template":"","meta":{"_acf_changed":false,"footnotes":""},"class_list":["post-1874","page","type-page","status-publish","hentry"],"acf":[],"yoast_head":"<!-- This site is optimized with the Yoast SEO plugin v27.0 - https:\/\/yoast.com\/product\/yoast-seo-wordpress\/ -->\n<title>Alphacan, concepteur et cr\u00e9ateur de menuiseries<\/title>\n<meta name=\"description\" content=\"Alphacan est sp\u00e9cialis\u00e9e dans la menuiserie sur-mesure pour votre habitat. Alphacan dispose d\u2019un savoir-faire et d\u2019une exp\u00e9rience internationale du PVC.\" \/>\n<meta name=\"robots\" content=\"index, follow, max-snippet:-1, max-image-preview:large, max-video-preview:-1\" \/>\n<link rel=\"canonical\" href=\"https:\/\/www.alphacan.com\/fr\/\" \/>\n<meta property=\"og:locale\" content=\"fr_FR\" \/>\n<meta property=\"og:type\" content=\"article\" \/>\n<meta property=\"og:title\" content=\"Alphacan, concepteur et cr\u00e9ateur de menuiseries\" \/>\n<meta property=\"og:description\" content=\"Alphacan est sp\u00e9cialis\u00e9e dans la menuiserie sur-mesure pour votre habitat. Alphacan dispose d\u2019un savoir-faire et d\u2019une exp\u00e9rience internationale du PVC.\" \/>\n<meta property=\"og:url\" content=\"https:\/\/www.alphacan.com\/fr\/\" \/>\n<meta property=\"og:site_name\" content=\"Alphacan\" \/>\n<meta property=\"article:modified_time\" content=\"2024-02-26T22:54:18+00:00\" \/>\n<meta name=\"twitter:card\" content=\"summary_large_image\" \/>\n<script type=\"application\/ld+json\" class=\"yoast-schema-graph\">{\"@context\":\"https:\/\/schema.org\",\"@graph\":[{\"@type\":\"WebPage\",\"@id\":\"https:\/\/www.alphacan.com\/fr\/\",\"url\":\"https:\/\/www.alphacan.com\/fr\/\",\"name\":\"Alphacan, concepteur et cr\u00e9ateur de menuiseries\",\"isPartOf\":{\"@id\":\"https:\/\/www.alphacan.com\/es\/#website\"},\"datePublished\":\"2017-11-13T16:59:33+00:00\",\"dateModified\":\"2024-02-26T22:54:18+00:00\",\"description\":\"Alphacan est sp\u00e9cialis\u00e9e dans la menuiserie sur-mesure pour votre habitat. Alphacan dispose d\u2019un savoir-faire et d\u2019une exp\u00e9rience internationale du PVC.\",\"breadcrumb\":{\"@id\":\"https:\/\/www.alphacan.com\/fr\/#breadcrumb\"},\"inLanguage\":\"fr-FR\",\"potentialAction\":[{\"@type\":\"ReadAction\",\"target\":[\"https:\/\/www.alphacan.com\/fr\/\"]}]},{\"@type\":\"BreadcrumbList\",\"@id\":\"https:\/\/www.alphacan.com\/fr\/#breadcrumb\",\"itemListElement\":[{\"@type\":\"ListItem\",\"position\":1,\"name\":\"Accueil\",\"item\":\"https:\/\/www.alphacan.com\/fr\/\"},{\"@type\":\"ListItem\",\"position\":2,\"name\":\"Accueil\"}]},{\"@type\":\"WebSite\",\"@id\":\"https:\/\/www.alphacan.com\/es\/#website\",\"url\":\"https:\/\/www.alphacan.com\/es\/\",\"name\":\"Alphacan\",\"description\":\"Concepteur Menuiseries\",\"potentialAction\":[{\"@type\":\"SearchAction\",\"target\":{\"@type\":\"EntryPoint\",\"urlTemplate\":\"https:\/\/www.alphacan.com\/es\/?s={search_term_string}\"},\"query-input\":{\"@type\":\"PropertyValueSpecification\",\"valueRequired\":true,\"valueName\":\"search_term_string\"}}],\"inLanguage\":\"fr-FR\"}]}<\/script>\n<!-- \/ Yoast SEO plugin. -->","yoast_head_json":{"title":"Alphacan, concepteur et cr\u00e9ateur de menuiseries","description":"Alphacan est sp\u00e9cialis\u00e9e dans la menuiserie sur-mesure pour votre habitat. Alphacan dispose d\u2019un savoir-faire et d\u2019une exp\u00e9rience internationale du PVC.","robots":{"index":"index","follow":"follow","max-snippet":"max-snippet:-1","max-image-preview":"max-image-preview:large","max-video-preview":"max-video-preview:-1"},"canonical":"https:\/\/www.alphacan.com\/fr\/","og_locale":"fr_FR","og_type":"article","og_title":"Alphacan, concepteur et cr\u00e9ateur de menuiseries","og_description":"Alphacan est sp\u00e9cialis\u00e9e dans la menuiserie sur-mesure pour votre habitat. Alphacan dispose d\u2019un savoir-faire et d\u2019une exp\u00e9rience internationale du PVC.","og_url":"https:\/\/www.alphacan.com\/fr\/","og_site_name":"Alphacan","article_modified_time":"2024-02-26T22:54:18+00:00","twitter_card":"summary_large_image","schema":{"@context":"https:\/\/schema.org","@graph":[{"@type":"WebPage","@id":"https:\/\/www.alphacan.com\/fr\/","url":"https:\/\/www.alphacan.com\/fr\/","name":"Alphacan, concepteur et cr\u00e9ateur de menuiseries","isPartOf":{"@id":"https:\/\/www.alphacan.com\/es\/#website"},"datePublished":"2017-11-13T16:59:33+00:00","dateModified":"2024-02-26T22:54:18+00:00","description":"Alphacan est sp\u00e9cialis\u00e9e dans la menuiserie sur-mesure pour votre habitat. Alphacan dispose d\u2019un savoir-faire et d\u2019une exp\u00e9rience internationale du PVC.","breadcrumb":{"@id":"https:\/\/www.alphacan.com\/fr\/#breadcrumb"},"inLanguage":"fr-FR","potentialAction":[{"@type":"ReadAction","target":["https:\/\/www.alphacan.com\/fr\/"]}]},{"@type":"BreadcrumbList","@id":"https:\/\/www.alphacan.com\/fr\/#breadcrumb","itemListElement":[{"@type":"ListItem","position":1,"name":"Accueil","item":"https:\/\/www.alphacan.com\/fr\/"},{"@type":"ListItem","position":2,"name":"Accueil"}]},{"@type":"WebSite","@id":"https:\/\/www.alphacan.com\/es\/#website","url":"https:\/\/www.alphacan.com\/es\/","name":"Alphacan","description":"Concepteur Menuiseries","potentialAction":[{"@type":"SearchAction","target":{"@type":"EntryPoint","urlTemplate":"https:\/\/www.alphacan.com\/es\/?s={search_term_string}"},"query-input":{"@type":"PropertyValueSpecification","valueRequired":true,"valueName":"search_term_string"}}],"inLanguage":"fr-FR"}]}},"_links":{"self":[{"href":"https:\/\/www.alphacan.com\/fr\/wp-json\/wp\/v2\/pages\/1874","targetHints":{"allow":["GET"]}}],"collection":[{"href":"https:\/\/www.alphacan.com\/fr\/wp-json\/wp\/v2\/pages"}],"about":[{"href":"https:\/\/www.alphacan.com\/fr\/wp-json\/wp\/v2\/types\/page"}],"author":[{"embeddable":true,"href":"https:\/\/www.alphacan.com\/fr\/wp-json\/wp\/v2\/users\/559"}],"replies":[{"embeddable":true,"href":"https:\/\/www.alphacan.com\/fr\/wp-json\/wp\/v2\/comments?post=1874"}],"version-history":[{"count":5,"href":"https:\/\/www.alphacan.com\/fr\/wp-json\/wp\/v2\/pages\/1874\/revisions"}],"predecessor-version":[{"id":5843,"href":"https:\/\/www.alphacan.com\/fr\/wp-json\/wp\/v2\/pages\/1874\/revisions\/5843"}],"wp:attachment":[{"href":"https:\/\/www.alphacan.com\/fr\/wp-json\/wp\/v2\/media?parent=1874"}],"curies":[{"name":"wp","href":"https:\/\/api.w.org\/{rel}","templated":true}]}}