{"id":1918,"date":"2017-11-14T17:32:41","date_gmt":"2017-11-14T16:32:41","guid":{"rendered":"https:\/\/www.alphacan.com\/fr\/?page_id=1918"},"modified":"2020-01-28T10:54:44","modified_gmt":"2020-01-28T09:54:44","slug":"finitions","status":"publish","type":"page","link":"https:\/\/www.alphacan.com\/fr\/menuiseries-italie\/finitions\/","title":{"rendered":"Finitions"},"content":{"rendered":"<h2>DES FINITIONS COULEURS INT\u00e9RIEURES ET EXT\u00e9RIEURES<\/h2>\n<p>La fa\u00e7ade d&rsquo;une maison est con\u00e7ue pour que les formes et les volumes s&rsquo;harmonisent avec les mati\u00e8res et les couleurs.<\/p>\n<p>Le design de vos fen\u00eatres apporte la touche finale \u00e0 votre habitat pour vous ressembler : d\u00e9couvrez un large choix de finitions et choisissez l&rsquo;int\u00e9rieur comme l&rsquo;ext\u00e9rieur pour une fen\u00eatre personnalis\u00e9e !<\/p>\n","protected":false},"excerpt":{"rendered":"<p>DES FINITIONS COULEURS INT\u00e9RIEURES ET EXT\u00e9RIEURES La fa\u00e7ade d&rsquo;une maison est con\u00e7ue pour que les formes et les volumes s&rsquo;harmonisent avec les mati\u00e8res et les couleurs. Le design de vos fen\u00eatres apporte la touche finale \u00e0 votre habitat pour vous ressembler : d\u00e9couvrez un large choix de finitions et choisissez l&rsquo;int\u00e9rieur comme l&rsquo;ext\u00e9rieur pour une [&hellip;]<\/p>\n","protected":false},"author":559,"featured_media":2203,"parent":1565,"menu_order":0,"comment_status":"closed","ping_status":"closed","template":"","meta":{"_acf_changed":false,"footnotes":""},"class_list":["post-1918","page","type-page","status-publish","has-post-thumbnail","hentry"],"acf":[],"yoast_head":"<!-- This site is optimized with the Yoast SEO plugin v27.0 - https:\/\/yoast.com\/product\/yoast-seo-wordpress\/ -->\n<title>Finitions &#8211; Alphacan<\/title>\n<meta name=\"description\" content=\"DES FINITIONS COULEURS INT\u00e9RIEURES ET EXT\u00e9RIEURES La fa\u00e7ade d&#039;une maison est con\u00e7ue pour que les formes et les volumes s&#039;harmonisent avec les mati\u00e8res et\" \/>\n<meta name=\"robots\" content=\"index, follow, max-snippet:-1, max-image-preview:large, max-video-preview:-1\" \/>\n<link rel=\"canonical\" href=\"https:\/\/www.alphacan.com\/fr\/menuiseries-italie\/finitions\/\" \/>\n<meta property=\"og:locale\" content=\"fr_FR\" \/>\n<meta property=\"og:type\" content=\"article\" \/>\n<meta property=\"og:title\" content=\"Finitions &#8211; Alphacan\" \/>\n<meta property=\"og:description\" content=\"DES FINITIONS COULEURS INT\u00e9RIEURES ET EXT\u00e9RIEURES La fa\u00e7ade d&#039;une maison est con\u00e7ue pour que les formes et les volumes s&#039;harmonisent avec les mati\u00e8res et\" \/>\n<meta property=\"og:url\" content=\"https:\/\/www.alphacan.com\/fr\/menuiseries-italie\/finitions\/\" \/>\n<meta property=\"og:site_name\" content=\"Alphacan\" \/>\n<meta property=\"article:modified_time\" content=\"2020-01-28T09:54:44+00:00\" \/>\n<meta property=\"og:image\" content=\"https:\/\/www.alphacan.com\/wp-content\/uploads\/2017\/11\/pictos-finitions.jpg\" \/>\n\t<meta property=\"og:image:width\" content=\"484\" \/>\n\t<meta property=\"og:image:height\" content=\"540\" \/>\n\t<meta property=\"og:image:type\" content=\"image\/jpeg\" \/>\n<meta name=\"twitter:card\" content=\"summary_large_image\" \/>\n<script type=\"application\/ld+json\" class=\"yoast-schema-graph\">{\"@context\":\"https:\/\/schema.org\",\"@graph\":[{\"@type\":\"WebPage\",\"@id\":\"https:\/\/www.alphacan.com\/fr\/menuiseries-italie\/finitions\/\",\"url\":\"https:\/\/www.alphacan.com\/fr\/menuiseries-italie\/finitions\/\",\"name\":\"Finitions &#8211; Alphacan\",\"isPartOf\":{\"@id\":\"https:\/\/www.alphacan.com\/es\/#website\"},\"primaryImageOfPage\":{\"@id\":\"https:\/\/www.alphacan.com\/fr\/menuiseries-italie\/finitions\/#primaryimage\"},\"image\":{\"@id\":\"https:\/\/www.alphacan.com\/fr\/menuiseries-italie\/finitions\/#primaryimage\"},\"thumbnailUrl\":\"https:\/\/www.alphacan.com\/wp-content\/uploads\/2017\/11\/pictos-finitions.jpg\",\"datePublished\":\"2017-11-14T16:32:41+00:00\",\"dateModified\":\"2020-01-28T09:54:44+00:00\",\"description\":\"DES FINITIONS COULEURS INT\u00e9RIEURES ET EXT\u00e9RIEURES La fa\u00e7ade d'une maison est con\u00e7ue pour que les formes et les volumes s'harmonisent avec les mati\u00e8res et\",\"breadcrumb\":{\"@id\":\"https:\/\/www.alphacan.com\/fr\/menuiseries-italie\/finitions\/#breadcrumb\"},\"inLanguage\":\"fr-FR\",\"potentialAction\":[{\"@type\":\"ReadAction\",\"target\":[\"https:\/\/www.alphacan.com\/fr\/menuiseries-italie\/finitions\/\"]}]},{\"@type\":\"ImageObject\",\"inLanguage\":\"fr-FR\",\"@id\":\"https:\/\/www.alphacan.com\/fr\/menuiseries-italie\/finitions\/#primaryimage\",\"url\":\"https:\/\/www.alphacan.com\/wp-content\/uploads\/2017\/11\/pictos-finitions.jpg\",\"contentUrl\":\"https:\/\/www.alphacan.com\/wp-content\/uploads\/2017\/11\/pictos-finitions.jpg\",\"width\":484,\"height\":540},{\"@type\":\"BreadcrumbList\",\"@id\":\"https:\/\/www.alphacan.com\/fr\/menuiseries-italie\/finitions\/#breadcrumb\",\"itemListElement\":[{\"@type\":\"ListItem\",\"position\":1,\"name\":\"Accueil\",\"item\":\"https:\/\/www.alphacan.com\/fr\/\"},{\"@type\":\"ListItem\",\"position\":2,\"name\":\"Menuiseries Italie\",\"item\":\"https:\/\/www.alphacan.com\/fr\/menuiseries-italie\/\"},{\"@type\":\"ListItem\",\"position\":3,\"name\":\"Finitions\"}]},{\"@type\":\"WebSite\",\"@id\":\"https:\/\/www.alphacan.com\/es\/#website\",\"url\":\"https:\/\/www.alphacan.com\/es\/\",\"name\":\"Alphacan\",\"description\":\"Concepteur Menuiseries\",\"potentialAction\":[{\"@type\":\"SearchAction\",\"target\":{\"@type\":\"EntryPoint\",\"urlTemplate\":\"https:\/\/www.alphacan.com\/es\/?s={search_term_string}\"},\"query-input\":{\"@type\":\"PropertyValueSpecification\",\"valueRequired\":true,\"valueName\":\"search_term_string\"}}],\"inLanguage\":\"fr-FR\"}]}<\/script>\n<!-- \/ Yoast SEO plugin. -->","yoast_head_json":{"title":"Finitions &#8211; Alphacan","description":"DES FINITIONS COULEURS INT\u00e9RIEURES ET EXT\u00e9RIEURES La fa\u00e7ade d'une maison est con\u00e7ue pour que les formes et les volumes s'harmonisent avec les mati\u00e8res et","robots":{"index":"index","follow":"follow","max-snippet":"max-snippet:-1","max-image-preview":"max-image-preview:large","max-video-preview":"max-video-preview:-1"},"canonical":"https:\/\/www.alphacan.com\/fr\/menuiseries-italie\/finitions\/","og_locale":"fr_FR","og_type":"article","og_title":"Finitions &#8211; Alphacan","og_description":"DES FINITIONS COULEURS INT\u00e9RIEURES ET EXT\u00e9RIEURES La fa\u00e7ade d'une maison est con\u00e7ue pour que les formes et les volumes s'harmonisent avec les mati\u00e8res et","og_url":"https:\/\/www.alphacan.com\/fr\/menuiseries-italie\/finitions\/","og_site_name":"Alphacan","article_modified_time":"2020-01-28T09:54:44+00:00","og_image":[{"width":484,"height":540,"url":"https:\/\/www.alphacan.com\/wp-content\/uploads\/2017\/11\/pictos-finitions.jpg","type":"image\/jpeg"}],"twitter_card":"summary_large_image","schema":{"@context":"https:\/\/schema.org","@graph":[{"@type":"WebPage","@id":"https:\/\/www.alphacan.com\/fr\/menuiseries-italie\/finitions\/","url":"https:\/\/www.alphacan.com\/fr\/menuiseries-italie\/finitions\/","name":"Finitions &#8211; Alphacan","isPartOf":{"@id":"https:\/\/www.alphacan.com\/es\/#website"},"primaryImageOfPage":{"@id":"https:\/\/www.alphacan.com\/fr\/menuiseries-italie\/finitions\/#primaryimage"},"image":{"@id":"https:\/\/www.alphacan.com\/fr\/menuiseries-italie\/finitions\/#primaryimage"},"thumbnailUrl":"https:\/\/www.alphacan.com\/wp-content\/uploads\/2017\/11\/pictos-finitions.jpg","datePublished":"2017-11-14T16:32:41+00:00","dateModified":"2020-01-28T09:54:44+00:00","description":"DES FINITIONS COULEURS INT\u00e9RIEURES ET EXT\u00e9RIEURES La fa\u00e7ade d'une maison est con\u00e7ue pour que les formes et les volumes s'harmonisent avec les mati\u00e8res et","breadcrumb":{"@id":"https:\/\/www.alphacan.com\/fr\/menuiseries-italie\/finitions\/#breadcrumb"},"inLanguage":"fr-FR","potentialAction":[{"@type":"ReadAction","target":["https:\/\/www.alphacan.com\/fr\/menuiseries-italie\/finitions\/"]}]},{"@type":"ImageObject","inLanguage":"fr-FR","@id":"https:\/\/www.alphacan.com\/fr\/menuiseries-italie\/finitions\/#primaryimage","url":"https:\/\/www.alphacan.com\/wp-content\/uploads\/2017\/11\/pictos-finitions.jpg","contentUrl":"https:\/\/www.alphacan.com\/wp-content\/uploads\/2017\/11\/pictos-finitions.jpg","width":484,"height":540},{"@type":"BreadcrumbList","@id":"https:\/\/www.alphacan.com\/fr\/menuiseries-italie\/finitions\/#breadcrumb","itemListElement":[{"@type":"ListItem","position":1,"name":"Accueil","item":"https:\/\/www.alphacan.com\/fr\/"},{"@type":"ListItem","position":2,"name":"Menuiseries Italie","item":"https:\/\/www.alphacan.com\/fr\/menuiseries-italie\/"},{"@type":"ListItem","position":3,"name":"Finitions"}]},{"@type":"WebSite","@id":"https:\/\/www.alphacan.com\/es\/#website","url":"https:\/\/www.alphacan.com\/es\/","name":"Alphacan","description":"Concepteur Menuiseries","potentialAction":[{"@type":"SearchAction","target":{"@type":"EntryPoint","urlTemplate":"https:\/\/www.alphacan.com\/es\/?s={search_term_string}"},"query-input":{"@type":"PropertyValueSpecification","valueRequired":true,"valueName":"search_term_string"}}],"inLanguage":"fr-FR"}]}},"_links":{"self":[{"href":"https:\/\/www.alphacan.com\/fr\/wp-json\/wp\/v2\/pages\/1918","targetHints":{"allow":["GET"]}}],"collection":[{"href":"https:\/\/www.alphacan.com\/fr\/wp-json\/wp\/v2\/pages"}],"about":[{"href":"https:\/\/www.alphacan.com\/fr\/wp-json\/wp\/v2\/types\/page"}],"author":[{"embeddable":true,"href":"https:\/\/www.alphacan.com\/fr\/wp-json\/wp\/v2\/users\/559"}],"replies":[{"embeddable":true,"href":"https:\/\/www.alphacan.com\/fr\/wp-json\/wp\/v2\/comments?post=1918"}],"version-history":[{"count":5,"href":"https:\/\/www.alphacan.com\/fr\/wp-json\/wp\/v2\/pages\/1918\/revisions"}],"predecessor-version":[{"id":6697,"href":"https:\/\/www.alphacan.com\/fr\/wp-json\/wp\/v2\/pages\/1918\/revisions\/6697"}],"up":[{"embeddable":true,"href":"https:\/\/www.alphacan.com\/fr\/wp-json\/wp\/v2\/pages\/1565"}],"wp:featuredmedia":[{"embeddable":true,"href":"https:\/\/www.alphacan.com\/fr\/wp-json\/wp\/v2\/media\/2203"}],"wp:attachment":[{"href":"https:\/\/www.alphacan.com\/fr\/wp-json\/wp\/v2\/media?parent=1918"}],"curies":[{"name":"wp","href":"https:\/\/api.w.org\/{rel}","templated":true}]}}