{"id":1920,"date":"2017-11-14T17:32:59","date_gmt":"2017-11-14T16:32:59","guid":{"rendered":"https:\/\/www.alphacan.com\/fr\/?page_id=1920"},"modified":"2019-04-17T11:03:11","modified_gmt":"2019-04-17T09:03:11","slug":"innovation-thermique","status":"publish","type":"page","link":"https:\/\/www.alphacan.com\/fr\/menuiseries-italie\/innovation-thermique\/","title":{"rendered":"Innovations Thermiques"},"content":{"rendered":"<h2 dir=\"ltr\" data-placeholder=\"Traduction\">ECO-RENFORCEMENT<\/h2>\n<p class=\"tw-data-text tw-ta tw-text-small\" dir=\"ltr\" data-placeholder=\"Traduction\"><span lang=\"fr\">Renfort en PVC isolant et int\u00e9grant des fibres de verre, l&rsquo;\u00e9co-renforcement est capable de conf\u00e9rer des propri\u00e9t\u00e9s efficaces de stabilit\u00e9 m\u00e9canique et d&rsquo;atteindre des performances \u00e9lev\u00e9es d&rsquo;isolation thermo-acoustique. <\/span><\/p>\n<p class=\"tw-data-text tw-ta tw-text-small\" dir=\"ltr\" data-placeholder=\"Traduction\"><span lang=\"fr\">Ce syst\u00e8me est applicable aux profil\u00e9s des gammes <a href=\"https:\/\/www.alphacan.com\/fr\/menuiseries-italie\/fenetres\/inalpha\/\">IN&rsquo;ALPHA<\/a>,\u00a0<a href=\"https:\/\/www.alphacan.com\/fr\/menuiseries-italie\/fenetres\/inalpha-prestigio\/\">IN&rsquo;ALPHA PRESTIGIO<\/a><\/span>\u00a0et <a href=\"https:\/\/www.alphacan.com\/fr\/menuiseries-italie\/fenetres\/alpha-luce\/\">ALPHA LUCE<\/a>.<\/p>\n","protected":false},"excerpt":{"rendered":"<p>ECO-RENFORCEMENT Renfort en PVC isolant et int\u00e9grant des fibres de verre, l&rsquo;\u00e9co-renforcement est capable de conf\u00e9rer des propri\u00e9t\u00e9s efficaces de stabilit\u00e9 m\u00e9canique et d&rsquo;atteindre des performances \u00e9lev\u00e9es d&rsquo;isolation thermo-acoustique. Ce syst\u00e8me est applicable aux profil\u00e9s des gammes IN&rsquo;ALPHA,\u00a0IN&rsquo;ALPHA PRESTIGIO\u00a0et ALPHA LUCE.<\/p>\n","protected":false},"author":559,"featured_media":2206,"parent":1565,"menu_order":0,"comment_status":"closed","ping_status":"closed","template":"","meta":{"_acf_changed":false,"footnotes":""},"class_list":["post-1920","page","type-page","status-publish","has-post-thumbnail","hentry"],"acf":[],"yoast_head":"<!-- This site is optimized with the Yoast SEO plugin v27.0 - https:\/\/yoast.com\/product\/yoast-seo-wordpress\/ -->\n<title>Innovations Thermiques &#8211; Alphacan<\/title>\n<meta name=\"description\" content=\"ECO-RENFORCEMENT Renfort en PVC isolant et int\u00e9grant des fibres de verre, l&#039;\u00e9co-renforcement est capable de conf\u00e9rer des propri\u00e9t\u00e9s efficaces de stabilit\u00e9\" \/>\n<meta name=\"robots\" content=\"index, follow, max-snippet:-1, max-image-preview:large, max-video-preview:-1\" \/>\n<link rel=\"canonical\" href=\"https:\/\/www.alphacan.com\/fr\/menuiseries-italie\/innovation-thermique\/\" \/>\n<meta property=\"og:locale\" content=\"fr_FR\" \/>\n<meta property=\"og:type\" content=\"article\" \/>\n<meta property=\"og:title\" content=\"Innovations Thermiques &#8211; Alphacan\" \/>\n<meta property=\"og:description\" content=\"ECO-RENFORCEMENT Renfort en PVC isolant et int\u00e9grant des fibres de verre, l&#039;\u00e9co-renforcement est capable de conf\u00e9rer des propri\u00e9t\u00e9s efficaces de stabilit\u00e9\" \/>\n<meta property=\"og:url\" content=\"https:\/\/www.alphacan.com\/fr\/menuiseries-italie\/innovation-thermique\/\" \/>\n<meta property=\"og:site_name\" content=\"Alphacan\" \/>\n<meta property=\"article:modified_time\" content=\"2019-04-17T09:03:11+00:00\" \/>\n<meta property=\"og:image\" content=\"https:\/\/www.alphacan.com\/wp-content\/uploads\/2017\/11\/pictos-Perf.-Therm.jpg\" \/>\n\t<meta property=\"og:image:width\" content=\"484\" \/>\n\t<meta property=\"og:image:height\" content=\"540\" \/>\n\t<meta property=\"og:image:type\" content=\"image\/jpeg\" \/>\n<meta name=\"twitter:card\" content=\"summary_large_image\" \/>\n<script type=\"application\/ld+json\" class=\"yoast-schema-graph\">{\"@context\":\"https:\/\/schema.org\",\"@graph\":[{\"@type\":\"WebPage\",\"@id\":\"https:\/\/www.alphacan.com\/fr\/menuiseries-italie\/innovation-thermique\/\",\"url\":\"https:\/\/www.alphacan.com\/fr\/menuiseries-italie\/innovation-thermique\/\",\"name\":\"Innovations Thermiques &#8211; Alphacan\",\"isPartOf\":{\"@id\":\"https:\/\/www.alphacan.com\/es\/#website\"},\"primaryImageOfPage\":{\"@id\":\"https:\/\/www.alphacan.com\/fr\/menuiseries-italie\/innovation-thermique\/#primaryimage\"},\"image\":{\"@id\":\"https:\/\/www.alphacan.com\/fr\/menuiseries-italie\/innovation-thermique\/#primaryimage\"},\"thumbnailUrl\":\"https:\/\/www.alphacan.com\/wp-content\/uploads\/2017\/11\/pictos-Perf.-Therm.jpg\",\"datePublished\":\"2017-11-14T16:32:59+00:00\",\"dateModified\":\"2019-04-17T09:03:11+00:00\",\"description\":\"ECO-RENFORCEMENT Renfort en PVC isolant et int\u00e9grant des fibres de verre, l'\u00e9co-renforcement est capable de conf\u00e9rer des propri\u00e9t\u00e9s efficaces de stabilit\u00e9\",\"breadcrumb\":{\"@id\":\"https:\/\/www.alphacan.com\/fr\/menuiseries-italie\/innovation-thermique\/#breadcrumb\"},\"inLanguage\":\"fr-FR\",\"potentialAction\":[{\"@type\":\"ReadAction\",\"target\":[\"https:\/\/www.alphacan.com\/fr\/menuiseries-italie\/innovation-thermique\/\"]}]},{\"@type\":\"ImageObject\",\"inLanguage\":\"fr-FR\",\"@id\":\"https:\/\/www.alphacan.com\/fr\/menuiseries-italie\/innovation-thermique\/#primaryimage\",\"url\":\"https:\/\/www.alphacan.com\/wp-content\/uploads\/2017\/11\/pictos-Perf.-Therm.jpg\",\"contentUrl\":\"https:\/\/www.alphacan.com\/wp-content\/uploads\/2017\/11\/pictos-Perf.-Therm.jpg\",\"width\":484,\"height\":540},{\"@type\":\"BreadcrumbList\",\"@id\":\"https:\/\/www.alphacan.com\/fr\/menuiseries-italie\/innovation-thermique\/#breadcrumb\",\"itemListElement\":[{\"@type\":\"ListItem\",\"position\":1,\"name\":\"Accueil\",\"item\":\"https:\/\/www.alphacan.com\/fr\/\"},{\"@type\":\"ListItem\",\"position\":2,\"name\":\"Menuiseries Italie\",\"item\":\"https:\/\/www.alphacan.com\/fr\/menuiseries-italie\/\"},{\"@type\":\"ListItem\",\"position\":3,\"name\":\"Innovations Thermiques\"}]},{\"@type\":\"WebSite\",\"@id\":\"https:\/\/www.alphacan.com\/es\/#website\",\"url\":\"https:\/\/www.alphacan.com\/es\/\",\"name\":\"Alphacan\",\"description\":\"Concepteur Menuiseries\",\"potentialAction\":[{\"@type\":\"SearchAction\",\"target\":{\"@type\":\"EntryPoint\",\"urlTemplate\":\"https:\/\/www.alphacan.com\/es\/?s={search_term_string}\"},\"query-input\":{\"@type\":\"PropertyValueSpecification\",\"valueRequired\":true,\"valueName\":\"search_term_string\"}}],\"inLanguage\":\"fr-FR\"}]}<\/script>\n<!-- \/ Yoast SEO plugin. -->","yoast_head_json":{"title":"Innovations Thermiques &#8211; Alphacan","description":"ECO-RENFORCEMENT Renfort en PVC isolant et int\u00e9grant des fibres de verre, l'\u00e9co-renforcement est capable de conf\u00e9rer des propri\u00e9t\u00e9s efficaces de stabilit\u00e9","robots":{"index":"index","follow":"follow","max-snippet":"max-snippet:-1","max-image-preview":"max-image-preview:large","max-video-preview":"max-video-preview:-1"},"canonical":"https:\/\/www.alphacan.com\/fr\/menuiseries-italie\/innovation-thermique\/","og_locale":"fr_FR","og_type":"article","og_title":"Innovations Thermiques &#8211; Alphacan","og_description":"ECO-RENFORCEMENT Renfort en PVC isolant et int\u00e9grant des fibres de verre, l'\u00e9co-renforcement est capable de conf\u00e9rer des propri\u00e9t\u00e9s efficaces de stabilit\u00e9","og_url":"https:\/\/www.alphacan.com\/fr\/menuiseries-italie\/innovation-thermique\/","og_site_name":"Alphacan","article_modified_time":"2019-04-17T09:03:11+00:00","og_image":[{"width":484,"height":540,"url":"https:\/\/www.alphacan.com\/wp-content\/uploads\/2017\/11\/pictos-Perf.-Therm.jpg","type":"image\/jpeg"}],"twitter_card":"summary_large_image","schema":{"@context":"https:\/\/schema.org","@graph":[{"@type":"WebPage","@id":"https:\/\/www.alphacan.com\/fr\/menuiseries-italie\/innovation-thermique\/","url":"https:\/\/www.alphacan.com\/fr\/menuiseries-italie\/innovation-thermique\/","name":"Innovations Thermiques &#8211; Alphacan","isPartOf":{"@id":"https:\/\/www.alphacan.com\/es\/#website"},"primaryImageOfPage":{"@id":"https:\/\/www.alphacan.com\/fr\/menuiseries-italie\/innovation-thermique\/#primaryimage"},"image":{"@id":"https:\/\/www.alphacan.com\/fr\/menuiseries-italie\/innovation-thermique\/#primaryimage"},"thumbnailUrl":"https:\/\/www.alphacan.com\/wp-content\/uploads\/2017\/11\/pictos-Perf.-Therm.jpg","datePublished":"2017-11-14T16:32:59+00:00","dateModified":"2019-04-17T09:03:11+00:00","description":"ECO-RENFORCEMENT Renfort en PVC isolant et int\u00e9grant des fibres de verre, l'\u00e9co-renforcement est capable de conf\u00e9rer des propri\u00e9t\u00e9s efficaces de stabilit\u00e9","breadcrumb":{"@id":"https:\/\/www.alphacan.com\/fr\/menuiseries-italie\/innovation-thermique\/#breadcrumb"},"inLanguage":"fr-FR","potentialAction":[{"@type":"ReadAction","target":["https:\/\/www.alphacan.com\/fr\/menuiseries-italie\/innovation-thermique\/"]}]},{"@type":"ImageObject","inLanguage":"fr-FR","@id":"https:\/\/www.alphacan.com\/fr\/menuiseries-italie\/innovation-thermique\/#primaryimage","url":"https:\/\/www.alphacan.com\/wp-content\/uploads\/2017\/11\/pictos-Perf.-Therm.jpg","contentUrl":"https:\/\/www.alphacan.com\/wp-content\/uploads\/2017\/11\/pictos-Perf.-Therm.jpg","width":484,"height":540},{"@type":"BreadcrumbList","@id":"https:\/\/www.alphacan.com\/fr\/menuiseries-italie\/innovation-thermique\/#breadcrumb","itemListElement":[{"@type":"ListItem","position":1,"name":"Accueil","item":"https:\/\/www.alphacan.com\/fr\/"},{"@type":"ListItem","position":2,"name":"Menuiseries Italie","item":"https:\/\/www.alphacan.com\/fr\/menuiseries-italie\/"},{"@type":"ListItem","position":3,"name":"Innovations Thermiques"}]},{"@type":"WebSite","@id":"https:\/\/www.alphacan.com\/es\/#website","url":"https:\/\/www.alphacan.com\/es\/","name":"Alphacan","description":"Concepteur Menuiseries","potentialAction":[{"@type":"SearchAction","target":{"@type":"EntryPoint","urlTemplate":"https:\/\/www.alphacan.com\/es\/?s={search_term_string}"},"query-input":{"@type":"PropertyValueSpecification","valueRequired":true,"valueName":"search_term_string"}}],"inLanguage":"fr-FR"}]}},"_links":{"self":[{"href":"https:\/\/www.alphacan.com\/fr\/wp-json\/wp\/v2\/pages\/1920","targetHints":{"allow":["GET"]}}],"collection":[{"href":"https:\/\/www.alphacan.com\/fr\/wp-json\/wp\/v2\/pages"}],"about":[{"href":"https:\/\/www.alphacan.com\/fr\/wp-json\/wp\/v2\/types\/page"}],"author":[{"embeddable":true,"href":"https:\/\/www.alphacan.com\/fr\/wp-json\/wp\/v2\/users\/559"}],"replies":[{"embeddable":true,"href":"https:\/\/www.alphacan.com\/fr\/wp-json\/wp\/v2\/comments?post=1920"}],"version-history":[{"count":5,"href":"https:\/\/www.alphacan.com\/fr\/wp-json\/wp\/v2\/pages\/1920\/revisions"}],"predecessor-version":[{"id":6369,"href":"https:\/\/www.alphacan.com\/fr\/wp-json\/wp\/v2\/pages\/1920\/revisions\/6369"}],"up":[{"embeddable":true,"href":"https:\/\/www.alphacan.com\/fr\/wp-json\/wp\/v2\/pages\/1565"}],"wp:featuredmedia":[{"embeddable":true,"href":"https:\/\/www.alphacan.com\/fr\/wp-json\/wp\/v2\/media\/2206"}],"wp:attachment":[{"href":"https:\/\/www.alphacan.com\/fr\/wp-json\/wp\/v2\/media?parent=1920"}],"curies":[{"name":"wp","href":"https:\/\/api.w.org\/{rel}","templated":true}]}}