{"id":1937,"date":"2017-11-16T17:22:12","date_gmt":"2017-11-16T16:22:12","guid":{"rendered":"https:\/\/www.alphacan.com\/fr\/?page_id=1937"},"modified":"2018-04-27T08:32:20","modified_gmt":"2018-04-27T07:32:20","slug":"color","status":"publish","type":"page","link":"https:\/\/www.alphacan.com\/fr\/menuiseries-italie\/finitions\/color\/","title":{"rendered":"Color"},"content":{"rendered":"<h2>FINITION INT\u00c9RIEURE &amp; EXT\u00c9RIEURE\u00a0<\/h2>\n<p>La finition COLOR est une finition de plaxage\u00a0sur-mesure : elle permet de choisir parmi une large palette in\u00e9dite de films pour les menuiseries ext\u00e9rieures et int\u00e9rieures.<\/p>\n<p>Tr\u00e8s r\u00e9sistant \u00e0 la rayure et au rayonnement UV, le film de plaxage garantit une parfaite tenue sur les menuiseries et une excellente r\u00e9sistance des coloris dans le temps.<\/p>\n<p>Cette finition est notre engagement \u00e0 faire de la fen\u00eatre un \u00e9l\u00e9ment de d\u00e9coration unique pour votre habitat : votre fen\u00eatre ne ressemble \u00e0 aucune autre!<\/p>\n","protected":false},"excerpt":{"rendered":"<p>FINITION INT\u00c9RIEURE &amp; EXT\u00c9RIEURE\u00a0 La finition COLOR est une finition de plaxage\u00a0sur-mesure : elle permet de choisir parmi une large palette in\u00e9dite de films pour les menuiseries ext\u00e9rieures et int\u00e9rieures. Tr\u00e8s r\u00e9sistant \u00e0 la rayure et au rayonnement UV, le film de plaxage garantit une parfaite tenue sur les menuiseries et une excellente r\u00e9sistance des [&hellip;]<\/p>\n","protected":false},"author":559,"featured_media":0,"parent":1918,"menu_order":0,"comment_status":"closed","ping_status":"closed","template":"","meta":{"_acf_changed":false,"footnotes":""},"class_list":["post-1937","page","type-page","status-publish","hentry"],"acf":[],"yoast_head":"<!-- This site is optimized with the Yoast SEO plugin v27.0 - https:\/\/yoast.com\/product\/yoast-seo-wordpress\/ -->\n<title>Color &#8211; Alphacan<\/title>\n<meta name=\"description\" content=\"FINITION INT\u00c9RIEURE &amp; EXT\u00c9RIEURE\u00a0 La finition COLOR est une finition de plaxage\u00a0sur-mesure : elle permet de choisir parmi une large palette in\u00e9dite de\" \/>\n<meta name=\"robots\" content=\"index, follow, max-snippet:-1, max-image-preview:large, max-video-preview:-1\" \/>\n<link rel=\"canonical\" href=\"https:\/\/www.alphacan.com\/fr\/menuiseries-italie\/finitions\/color\/\" \/>\n<meta property=\"og:locale\" content=\"fr_FR\" \/>\n<meta property=\"og:type\" content=\"article\" \/>\n<meta property=\"og:title\" content=\"Color &#8211; Alphacan\" \/>\n<meta property=\"og:description\" content=\"FINITION INT\u00c9RIEURE &amp; EXT\u00c9RIEURE\u00a0 La finition COLOR est une finition de plaxage\u00a0sur-mesure : elle permet de choisir parmi une large palette in\u00e9dite de\" \/>\n<meta property=\"og:url\" content=\"https:\/\/www.alphacan.com\/fr\/menuiseries-italie\/finitions\/color\/\" \/>\n<meta property=\"og:site_name\" content=\"Alphacan\" \/>\n<meta property=\"article:modified_time\" content=\"2018-04-27T07:32:20+00:00\" \/>\n<meta name=\"twitter:card\" content=\"summary_large_image\" \/>\n<script type=\"application\/ld+json\" class=\"yoast-schema-graph\">{\"@context\":\"https:\/\/schema.org\",\"@graph\":[{\"@type\":\"WebPage\",\"@id\":\"https:\/\/www.alphacan.com\/fr\/menuiseries-italie\/finitions\/color\/\",\"url\":\"https:\/\/www.alphacan.com\/fr\/menuiseries-italie\/finitions\/color\/\",\"name\":\"Color &#8211; Alphacan\",\"isPartOf\":{\"@id\":\"https:\/\/www.alphacan.com\/es\/#website\"},\"datePublished\":\"2017-11-16T16:22:12+00:00\",\"dateModified\":\"2018-04-27T07:32:20+00:00\",\"description\":\"FINITION INT\u00c9RIEURE &amp; EXT\u00c9RIEURE\u00a0 La finition COLOR est une finition de plaxage\u00a0sur-mesure : elle permet de choisir parmi une large palette in\u00e9dite de\",\"breadcrumb\":{\"@id\":\"https:\/\/www.alphacan.com\/fr\/menuiseries-italie\/finitions\/color\/#breadcrumb\"},\"inLanguage\":\"fr-FR\",\"potentialAction\":[{\"@type\":\"ReadAction\",\"target\":[\"https:\/\/www.alphacan.com\/fr\/menuiseries-italie\/finitions\/color\/\"]}]},{\"@type\":\"BreadcrumbList\",\"@id\":\"https:\/\/www.alphacan.com\/fr\/menuiseries-italie\/finitions\/color\/#breadcrumb\",\"itemListElement\":[{\"@type\":\"ListItem\",\"position\":1,\"name\":\"Accueil\",\"item\":\"https:\/\/www.alphacan.com\/fr\/\"},{\"@type\":\"ListItem\",\"position\":2,\"name\":\"Menuiseries Italie\",\"item\":\"https:\/\/www.alphacan.com\/fr\/menuiseries-italie\/\"},{\"@type\":\"ListItem\",\"position\":3,\"name\":\"Finitions\",\"item\":\"https:\/\/www.alphacan.com\/fr\/menuiseries-italie\/finitions\/\"},{\"@type\":\"ListItem\",\"position\":4,\"name\":\"Color\"}]},{\"@type\":\"WebSite\",\"@id\":\"https:\/\/www.alphacan.com\/es\/#website\",\"url\":\"https:\/\/www.alphacan.com\/es\/\",\"name\":\"Alphacan\",\"description\":\"Concepteur Menuiseries\",\"potentialAction\":[{\"@type\":\"SearchAction\",\"target\":{\"@type\":\"EntryPoint\",\"urlTemplate\":\"https:\/\/www.alphacan.com\/es\/?s={search_term_string}\"},\"query-input\":{\"@type\":\"PropertyValueSpecification\",\"valueRequired\":true,\"valueName\":\"search_term_string\"}}],\"inLanguage\":\"fr-FR\"}]}<\/script>\n<!-- \/ Yoast SEO plugin. -->","yoast_head_json":{"title":"Color &#8211; Alphacan","description":"FINITION INT\u00c9RIEURE &amp; EXT\u00c9RIEURE\u00a0 La finition COLOR est une finition de plaxage\u00a0sur-mesure : elle permet de choisir parmi une large palette in\u00e9dite de","robots":{"index":"index","follow":"follow","max-snippet":"max-snippet:-1","max-image-preview":"max-image-preview:large","max-video-preview":"max-video-preview:-1"},"canonical":"https:\/\/www.alphacan.com\/fr\/menuiseries-italie\/finitions\/color\/","og_locale":"fr_FR","og_type":"article","og_title":"Color &#8211; Alphacan","og_description":"FINITION INT\u00c9RIEURE &amp; EXT\u00c9RIEURE\u00a0 La finition COLOR est une finition de plaxage\u00a0sur-mesure : elle permet de choisir parmi une large palette in\u00e9dite de","og_url":"https:\/\/www.alphacan.com\/fr\/menuiseries-italie\/finitions\/color\/","og_site_name":"Alphacan","article_modified_time":"2018-04-27T07:32:20+00:00","twitter_card":"summary_large_image","schema":{"@context":"https:\/\/schema.org","@graph":[{"@type":"WebPage","@id":"https:\/\/www.alphacan.com\/fr\/menuiseries-italie\/finitions\/color\/","url":"https:\/\/www.alphacan.com\/fr\/menuiseries-italie\/finitions\/color\/","name":"Color &#8211; Alphacan","isPartOf":{"@id":"https:\/\/www.alphacan.com\/es\/#website"},"datePublished":"2017-11-16T16:22:12+00:00","dateModified":"2018-04-27T07:32:20+00:00","description":"FINITION INT\u00c9RIEURE &amp; EXT\u00c9RIEURE\u00a0 La finition COLOR est une finition de plaxage\u00a0sur-mesure : elle permet de choisir parmi une large palette in\u00e9dite de","breadcrumb":{"@id":"https:\/\/www.alphacan.com\/fr\/menuiseries-italie\/finitions\/color\/#breadcrumb"},"inLanguage":"fr-FR","potentialAction":[{"@type":"ReadAction","target":["https:\/\/www.alphacan.com\/fr\/menuiseries-italie\/finitions\/color\/"]}]},{"@type":"BreadcrumbList","@id":"https:\/\/www.alphacan.com\/fr\/menuiseries-italie\/finitions\/color\/#breadcrumb","itemListElement":[{"@type":"ListItem","position":1,"name":"Accueil","item":"https:\/\/www.alphacan.com\/fr\/"},{"@type":"ListItem","position":2,"name":"Menuiseries Italie","item":"https:\/\/www.alphacan.com\/fr\/menuiseries-italie\/"},{"@type":"ListItem","position":3,"name":"Finitions","item":"https:\/\/www.alphacan.com\/fr\/menuiseries-italie\/finitions\/"},{"@type":"ListItem","position":4,"name":"Color"}]},{"@type":"WebSite","@id":"https:\/\/www.alphacan.com\/es\/#website","url":"https:\/\/www.alphacan.com\/es\/","name":"Alphacan","description":"Concepteur Menuiseries","potentialAction":[{"@type":"SearchAction","target":{"@type":"EntryPoint","urlTemplate":"https:\/\/www.alphacan.com\/es\/?s={search_term_string}"},"query-input":{"@type":"PropertyValueSpecification","valueRequired":true,"valueName":"search_term_string"}}],"inLanguage":"fr-FR"}]}},"_links":{"self":[{"href":"https:\/\/www.alphacan.com\/fr\/wp-json\/wp\/v2\/pages\/1937","targetHints":{"allow":["GET"]}}],"collection":[{"href":"https:\/\/www.alphacan.com\/fr\/wp-json\/wp\/v2\/pages"}],"about":[{"href":"https:\/\/www.alphacan.com\/fr\/wp-json\/wp\/v2\/types\/page"}],"author":[{"embeddable":true,"href":"https:\/\/www.alphacan.com\/fr\/wp-json\/wp\/v2\/users\/559"}],"replies":[{"embeddable":true,"href":"https:\/\/www.alphacan.com\/fr\/wp-json\/wp\/v2\/comments?post=1937"}],"version-history":[{"count":5,"href":"https:\/\/www.alphacan.com\/fr\/wp-json\/wp\/v2\/pages\/1937\/revisions"}],"predecessor-version":[{"id":5919,"href":"https:\/\/www.alphacan.com\/fr\/wp-json\/wp\/v2\/pages\/1937\/revisions\/5919"}],"up":[{"embeddable":true,"href":"https:\/\/www.alphacan.com\/fr\/wp-json\/wp\/v2\/pages\/1918"}],"wp:attachment":[{"href":"https:\/\/www.alphacan.com\/fr\/wp-json\/wp\/v2\/media?parent=1937"}],"curies":[{"name":"wp","href":"https:\/\/api.w.org\/{rel}","templated":true}]}}