{"id":1947,"date":"2017-11-16T17:24:43","date_gmt":"2017-11-16T16:24:43","guid":{"rendered":"https:\/\/www.alphacan.com\/fr\/?page_id=1947"},"modified":"2018-04-27T10:51:42","modified_gmt":"2018-04-27T09:51:42","slug":"skin-decor","status":"publish","type":"page","link":"https:\/\/www.alphacan.com\/fr\/menuiseries-italie\/finitions\/skin-decor\/","title":{"rendered":"Skin Decor"},"content":{"rendered":"<h2 dir=\"LTR\" align=\"LEFT\">FINITIONS EXT\u00e9RIEURES<\/h2>\n<p>La finition SKIN DECOR est r\u00e9alis\u00e9e \u00e0 partir du PMMA (Polym\u00e9tacrylate de M\u00e9thyle) ou \u201cverre acrylique\u201d. Polym\u00e8re transparent qui pr\u00e9sente des caract\u00e9ristiques exceptionnelles, il est utilis\u00e9 pour des applications diverses comme les phares arri\u00e8res de voitures, les enseignes lumineuses, les vitrages de yachts ou encore les cockpits d\u2019avions.\u00a0<\/p>\n<p>L\u2019aspect grain\u00e9 de cette finition est apport\u00e9 par une formulation brevet\u00e9e : des microparticules sph\u00e9riques sont ajout\u00e9es pour renforcer la r\u00e9sistance \u00e0 la rayure et \u00e0 l\u2019abrasion des menuiseries.<\/p>\n<p>Alliez la performance thermique in\u00e9gali\u00e9e des menuiseries PVC \u00e0 la cr\u00e9ativit\u00e9 des finitions SKIN DECOR pour des fa\u00e7ades harmonieuses et color\u00e9es.<\/p>\n","protected":false},"excerpt":{"rendered":"<p>FINITIONS EXT\u00e9RIEURES La finition SKIN DECOR est r\u00e9alis\u00e9e \u00e0 partir du PMMA (Polym\u00e9tacrylate de M\u00e9thyle) ou \u201cverre acrylique\u201d. Polym\u00e8re transparent qui pr\u00e9sente des caract\u00e9ristiques exceptionnelles, il est utilis\u00e9 pour des applications diverses comme les phares arri\u00e8res de voitures, les enseignes lumineuses, les vitrages de yachts ou encore les cockpits d\u2019avions.\u00a0 L\u2019aspect grain\u00e9 de cette finition [&hellip;]<\/p>\n","protected":false},"author":559,"featured_media":0,"parent":1918,"menu_order":0,"comment_status":"closed","ping_status":"closed","template":"","meta":{"_acf_changed":false,"footnotes":""},"class_list":["post-1947","page","type-page","status-publish","hentry"],"acf":[],"yoast_head":"<!-- This site is optimized with the Yoast SEO plugin v27.0 - https:\/\/yoast.com\/product\/yoast-seo-wordpress\/ -->\n<title>Skin Decor &#8211; Alphacan<\/title>\n<meta name=\"description\" content=\"FINITIONS EXT\u00e9RIEURES La finition SKIN DECOR est r\u00e9alis\u00e9e \u00e0 partir du PMMA (Polym\u00e9tacrylate de M\u00e9thyle) ou \u201cverre acrylique\u201d. Polym\u00e8re transparent qui\" \/>\n<meta name=\"robots\" content=\"index, follow, max-snippet:-1, max-image-preview:large, max-video-preview:-1\" \/>\n<link rel=\"canonical\" href=\"https:\/\/www.alphacan.com\/fr\/menuiseries-italie\/finitions\/skin-decor\/\" \/>\n<meta property=\"og:locale\" content=\"fr_FR\" \/>\n<meta property=\"og:type\" content=\"article\" \/>\n<meta property=\"og:title\" content=\"Skin Decor &#8211; Alphacan\" \/>\n<meta property=\"og:description\" content=\"FINITIONS EXT\u00e9RIEURES La finition SKIN DECOR est r\u00e9alis\u00e9e \u00e0 partir du PMMA (Polym\u00e9tacrylate de M\u00e9thyle) ou \u201cverre acrylique\u201d. Polym\u00e8re transparent qui\" \/>\n<meta property=\"og:url\" content=\"https:\/\/www.alphacan.com\/fr\/menuiseries-italie\/finitions\/skin-decor\/\" \/>\n<meta property=\"og:site_name\" content=\"Alphacan\" \/>\n<meta property=\"article:modified_time\" content=\"2018-04-27T09:51:42+00:00\" \/>\n<meta name=\"twitter:card\" content=\"summary_large_image\" \/>\n<meta name=\"twitter:label1\" content=\"Dur\u00e9e de lecture estim\u00e9e\" \/>\n\t<meta name=\"twitter:data1\" content=\"1 minute\" \/>\n<script type=\"application\/ld+json\" class=\"yoast-schema-graph\">{\"@context\":\"https:\/\/schema.org\",\"@graph\":[{\"@type\":\"WebPage\",\"@id\":\"https:\/\/www.alphacan.com\/fr\/menuiseries-italie\/finitions\/skin-decor\/\",\"url\":\"https:\/\/www.alphacan.com\/fr\/menuiseries-italie\/finitions\/skin-decor\/\",\"name\":\"Skin Decor &#8211; Alphacan\",\"isPartOf\":{\"@id\":\"https:\/\/www.alphacan.com\/es\/#website\"},\"datePublished\":\"2017-11-16T16:24:43+00:00\",\"dateModified\":\"2018-04-27T09:51:42+00:00\",\"description\":\"FINITIONS EXT\u00e9RIEURES La finition SKIN DECOR est r\u00e9alis\u00e9e \u00e0 partir du PMMA (Polym\u00e9tacrylate de M\u00e9thyle) ou \u201cverre acrylique\u201d. Polym\u00e8re transparent qui\",\"breadcrumb\":{\"@id\":\"https:\/\/www.alphacan.com\/fr\/menuiseries-italie\/finitions\/skin-decor\/#breadcrumb\"},\"inLanguage\":\"fr-FR\",\"potentialAction\":[{\"@type\":\"ReadAction\",\"target\":[\"https:\/\/www.alphacan.com\/fr\/menuiseries-italie\/finitions\/skin-decor\/\"]}]},{\"@type\":\"BreadcrumbList\",\"@id\":\"https:\/\/www.alphacan.com\/fr\/menuiseries-italie\/finitions\/skin-decor\/#breadcrumb\",\"itemListElement\":[{\"@type\":\"ListItem\",\"position\":1,\"name\":\"Accueil\",\"item\":\"https:\/\/www.alphacan.com\/fr\/\"},{\"@type\":\"ListItem\",\"position\":2,\"name\":\"Menuiseries Italie\",\"item\":\"https:\/\/www.alphacan.com\/fr\/menuiseries-italie\/\"},{\"@type\":\"ListItem\",\"position\":3,\"name\":\"Finitions\",\"item\":\"https:\/\/www.alphacan.com\/fr\/menuiseries-italie\/finitions\/\"},{\"@type\":\"ListItem\",\"position\":4,\"name\":\"Skin Decor\"}]},{\"@type\":\"WebSite\",\"@id\":\"https:\/\/www.alphacan.com\/es\/#website\",\"url\":\"https:\/\/www.alphacan.com\/es\/\",\"name\":\"Alphacan\",\"description\":\"Concepteur Menuiseries\",\"potentialAction\":[{\"@type\":\"SearchAction\",\"target\":{\"@type\":\"EntryPoint\",\"urlTemplate\":\"https:\/\/www.alphacan.com\/es\/?s={search_term_string}\"},\"query-input\":{\"@type\":\"PropertyValueSpecification\",\"valueRequired\":true,\"valueName\":\"search_term_string\"}}],\"inLanguage\":\"fr-FR\"}]}<\/script>\n<!-- \/ Yoast SEO plugin. -->","yoast_head_json":{"title":"Skin Decor &#8211; Alphacan","description":"FINITIONS EXT\u00e9RIEURES La finition SKIN DECOR est r\u00e9alis\u00e9e \u00e0 partir du PMMA (Polym\u00e9tacrylate de M\u00e9thyle) ou \u201cverre acrylique\u201d. Polym\u00e8re transparent qui","robots":{"index":"index","follow":"follow","max-snippet":"max-snippet:-1","max-image-preview":"max-image-preview:large","max-video-preview":"max-video-preview:-1"},"canonical":"https:\/\/www.alphacan.com\/fr\/menuiseries-italie\/finitions\/skin-decor\/","og_locale":"fr_FR","og_type":"article","og_title":"Skin Decor &#8211; Alphacan","og_description":"FINITIONS EXT\u00e9RIEURES La finition SKIN DECOR est r\u00e9alis\u00e9e \u00e0 partir du PMMA (Polym\u00e9tacrylate de M\u00e9thyle) ou \u201cverre acrylique\u201d. Polym\u00e8re transparent qui","og_url":"https:\/\/www.alphacan.com\/fr\/menuiseries-italie\/finitions\/skin-decor\/","og_site_name":"Alphacan","article_modified_time":"2018-04-27T09:51:42+00:00","twitter_card":"summary_large_image","twitter_misc":{"Dur\u00e9e de lecture estim\u00e9e":"1 minute"},"schema":{"@context":"https:\/\/schema.org","@graph":[{"@type":"WebPage","@id":"https:\/\/www.alphacan.com\/fr\/menuiseries-italie\/finitions\/skin-decor\/","url":"https:\/\/www.alphacan.com\/fr\/menuiseries-italie\/finitions\/skin-decor\/","name":"Skin Decor &#8211; Alphacan","isPartOf":{"@id":"https:\/\/www.alphacan.com\/es\/#website"},"datePublished":"2017-11-16T16:24:43+00:00","dateModified":"2018-04-27T09:51:42+00:00","description":"FINITIONS EXT\u00e9RIEURES La finition SKIN DECOR est r\u00e9alis\u00e9e \u00e0 partir du PMMA (Polym\u00e9tacrylate de M\u00e9thyle) ou \u201cverre acrylique\u201d. Polym\u00e8re transparent qui","breadcrumb":{"@id":"https:\/\/www.alphacan.com\/fr\/menuiseries-italie\/finitions\/skin-decor\/#breadcrumb"},"inLanguage":"fr-FR","potentialAction":[{"@type":"ReadAction","target":["https:\/\/www.alphacan.com\/fr\/menuiseries-italie\/finitions\/skin-decor\/"]}]},{"@type":"BreadcrumbList","@id":"https:\/\/www.alphacan.com\/fr\/menuiseries-italie\/finitions\/skin-decor\/#breadcrumb","itemListElement":[{"@type":"ListItem","position":1,"name":"Accueil","item":"https:\/\/www.alphacan.com\/fr\/"},{"@type":"ListItem","position":2,"name":"Menuiseries Italie","item":"https:\/\/www.alphacan.com\/fr\/menuiseries-italie\/"},{"@type":"ListItem","position":3,"name":"Finitions","item":"https:\/\/www.alphacan.com\/fr\/menuiseries-italie\/finitions\/"},{"@type":"ListItem","position":4,"name":"Skin Decor"}]},{"@type":"WebSite","@id":"https:\/\/www.alphacan.com\/es\/#website","url":"https:\/\/www.alphacan.com\/es\/","name":"Alphacan","description":"Concepteur Menuiseries","potentialAction":[{"@type":"SearchAction","target":{"@type":"EntryPoint","urlTemplate":"https:\/\/www.alphacan.com\/es\/?s={search_term_string}"},"query-input":{"@type":"PropertyValueSpecification","valueRequired":true,"valueName":"search_term_string"}}],"inLanguage":"fr-FR"}]}},"_links":{"self":[{"href":"https:\/\/www.alphacan.com\/fr\/wp-json\/wp\/v2\/pages\/1947","targetHints":{"allow":["GET"]}}],"collection":[{"href":"https:\/\/www.alphacan.com\/fr\/wp-json\/wp\/v2\/pages"}],"about":[{"href":"https:\/\/www.alphacan.com\/fr\/wp-json\/wp\/v2\/types\/page"}],"author":[{"embeddable":true,"href":"https:\/\/www.alphacan.com\/fr\/wp-json\/wp\/v2\/users\/559"}],"replies":[{"embeddable":true,"href":"https:\/\/www.alphacan.com\/fr\/wp-json\/wp\/v2\/comments?post=1947"}],"version-history":[{"count":5,"href":"https:\/\/www.alphacan.com\/fr\/wp-json\/wp\/v2\/pages\/1947\/revisions"}],"predecessor-version":[{"id":3020,"href":"https:\/\/www.alphacan.com\/fr\/wp-json\/wp\/v2\/pages\/1947\/revisions\/3020"}],"up":[{"embeddable":true,"href":"https:\/\/www.alphacan.com\/fr\/wp-json\/wp\/v2\/pages\/1918"}],"wp:attachment":[{"href":"https:\/\/www.alphacan.com\/fr\/wp-json\/wp\/v2\/media?parent=1947"}],"curies":[{"name":"wp","href":"https:\/\/api.w.org\/{rel}","templated":true}]}}