{"id":1957,"date":"2017-11-16T17:28:42","date_gmt":"2017-11-16T16:28:42","guid":{"rendered":"https:\/\/www.alphacan.com\/fr\/?page_id=1957"},"modified":"2018-04-27T13:34:56","modified_gmt":"2018-04-27T12:34:56","slug":"alpha-luce","status":"publish","type":"page","link":"https:\/\/www.alphacan.com\/fr\/menuiseries-italie\/fenetres\/alpha-luce\/","title":{"rendered":"Alpha Luce"},"content":{"rendered":"<h2 dir=\"ltr\" data-placeholder=\"Traduction\">\u00e9CLAT ET LUMINOSIT\u00e9\u00a0<\/h2>\n<p id=\"tw-target-text\" class=\"tw-data-text tw-ta tw-text-small\" dir=\"ltr\" data-placeholder=\"Traduction\"><span lang=\"fr\">Esth\u00e9tisme minimaliste \u00e0 partir de g\u00e9om\u00e9tries carr\u00e9es pour ce syst\u00e8me qui permet un plus grand passage de la lumi\u00e8re.<\/span><\/p>\n<p class=\"tw-data-text tw-ta tw-text-small\" dir=\"ltr\" data-placeholder=\"Traduction\"><span lang=\"fr\"> Une solution qui vous permet de personnaliser \u00e0 la fois l&rsquo;esth\u00e9tique int\u00e9rieure et ext\u00e9rieure en cr\u00e9ant un style unique : l&rsquo;option aluminium applicable \u00e0\u00a0l&rsquo;ext\u00e9rieur rend possible un design encore plus attrayant.<\/span><\/p>\n<p class=\"tw-data-text tw-ta tw-text-small\" dir=\"ltr\" data-placeholder=\"Traduction\"><span lang=\"fr\">Disponible dans toutes les couleurs RAL avec possibilit\u00e9 d&rsquo;int\u00e9grer des effets m\u00e9talliques.<\/span><a href=\"https:\/\/www.alphacan.com\/wp-content\/uploads\/2017\/11\/typologie-fabrication-alpha-luce.jpg\"><img loading=\"lazy\" decoding=\"async\" class=\"alignleft wp-image-2351 \" src=\"https:\/\/www.alphacan.com\/wp-content\/uploads\/2017\/11\/typologie-fabrication-alpha-luce-1024x130.jpg\" alt=\"\" width=\"953\" height=\"121\" srcset=\"https:\/\/www.alphacan.com\/wp-content\/uploads\/2017\/11\/typologie-fabrication-alpha-luce-1024x130.jpg 1024w, https:\/\/www.alphacan.com\/wp-content\/uploads\/2017\/11\/typologie-fabrication-alpha-luce-300x38.jpg 300w, https:\/\/www.alphacan.com\/wp-content\/uploads\/2017\/11\/typologie-fabrication-alpha-luce-768x97.jpg 768w, https:\/\/www.alphacan.com\/wp-content\/uploads\/2017\/11\/typologie-fabrication-alpha-luce.jpg 1491w\" sizes=\"auto, (max-width: 953px) 100vw, 953px\" \/><\/a><\/p>\n<p dir=\"ltr\" data-placeholder=\"Traduction\">\u00a0<\/p>\n","protected":false},"excerpt":{"rendered":"<p>\u00e9CLAT ET LUMINOSIT\u00e9\u00a0 Esth\u00e9tisme minimaliste \u00e0 partir de g\u00e9om\u00e9tries carr\u00e9es pour ce syst\u00e8me qui permet un plus grand passage de la lumi\u00e8re. Une solution qui vous permet de personnaliser \u00e0 la fois l&rsquo;esth\u00e9tique int\u00e9rieure et ext\u00e9rieure en cr\u00e9ant un style unique : l&rsquo;option aluminium applicable \u00e0\u00a0l&rsquo;ext\u00e9rieur rend possible un design encore plus attrayant. Disponible dans [&hellip;]<\/p>\n","protected":false},"author":559,"featured_media":0,"parent":1914,"menu_order":5,"comment_status":"closed","ping_status":"closed","template":"","meta":{"_acf_changed":false,"footnotes":""},"class_list":["post-1957","page","type-page","status-publish","hentry"],"acf":[],"yoast_head":"<!-- This site is optimized with the Yoast SEO plugin v27.0 - https:\/\/yoast.com\/product\/yoast-seo-wordpress\/ -->\n<title>Alpha Luce &#8211; Alphacan<\/title>\n<meta name=\"description\" content=\"\u00e9CLAT ET LUMINOSIT\u00e9\u00a0 Esth\u00e9tisme minimaliste \u00e0 partir de g\u00e9om\u00e9tries carr\u00e9es pour ce syst\u00e8me qui permet un plus grand passage de la lumi\u00e8re. Une solution\" \/>\n<meta name=\"robots\" content=\"index, follow, max-snippet:-1, max-image-preview:large, max-video-preview:-1\" \/>\n<link rel=\"canonical\" href=\"https:\/\/www.alphacan.com\/fr\/menuiseries-italie\/fenetres\/alpha-luce\/\" \/>\n<meta property=\"og:locale\" content=\"fr_FR\" \/>\n<meta property=\"og:type\" content=\"article\" \/>\n<meta property=\"og:title\" content=\"Alpha Luce &#8211; Alphacan\" \/>\n<meta property=\"og:description\" content=\"\u00e9CLAT ET LUMINOSIT\u00e9\u00a0 Esth\u00e9tisme minimaliste \u00e0 partir de g\u00e9om\u00e9tries carr\u00e9es pour ce syst\u00e8me qui permet un plus grand passage de la lumi\u00e8re. Une solution\" \/>\n<meta property=\"og:url\" content=\"https:\/\/www.alphacan.com\/fr\/menuiseries-italie\/fenetres\/alpha-luce\/\" \/>\n<meta property=\"og:site_name\" content=\"Alphacan\" \/>\n<meta property=\"article:modified_time\" content=\"2018-04-27T12:34:56+00:00\" \/>\n<meta property=\"og:image\" content=\"https:\/\/www.alphacan.com\/wp-content\/uploads\/2017\/11\/typologie-fabrication-alpha-luce-1024x130.jpg\" \/>\n<meta name=\"twitter:card\" content=\"summary_large_image\" \/>\n<script type=\"application\/ld+json\" class=\"yoast-schema-graph\">{\"@context\":\"https:\/\/schema.org\",\"@graph\":[{\"@type\":\"WebPage\",\"@id\":\"https:\/\/www.alphacan.com\/fr\/menuiseries-italie\/fenetres\/alpha-luce\/\",\"url\":\"https:\/\/www.alphacan.com\/fr\/menuiseries-italie\/fenetres\/alpha-luce\/\",\"name\":\"Alpha Luce &#8211; Alphacan\",\"isPartOf\":{\"@id\":\"https:\/\/www.alphacan.com\/es\/#website\"},\"primaryImageOfPage\":{\"@id\":\"https:\/\/www.alphacan.com\/fr\/menuiseries-italie\/fenetres\/alpha-luce\/#primaryimage\"},\"image\":{\"@id\":\"https:\/\/www.alphacan.com\/fr\/menuiseries-italie\/fenetres\/alpha-luce\/#primaryimage\"},\"thumbnailUrl\":\"https:\/\/www.alphacan.com\/wp-content\/uploads\/2017\/11\/typologie-fabrication-alpha-luce-1024x130.jpg\",\"datePublished\":\"2017-11-16T16:28:42+00:00\",\"dateModified\":\"2018-04-27T12:34:56+00:00\",\"description\":\"\u00e9CLAT ET LUMINOSIT\u00e9\u00a0 Esth\u00e9tisme minimaliste \u00e0 partir de g\u00e9om\u00e9tries carr\u00e9es pour ce syst\u00e8me qui permet un plus grand passage de la lumi\u00e8re. Une solution\",\"breadcrumb\":{\"@id\":\"https:\/\/www.alphacan.com\/fr\/menuiseries-italie\/fenetres\/alpha-luce\/#breadcrumb\"},\"inLanguage\":\"fr-FR\",\"potentialAction\":[{\"@type\":\"ReadAction\",\"target\":[\"https:\/\/www.alphacan.com\/fr\/menuiseries-italie\/fenetres\/alpha-luce\/\"]}]},{\"@type\":\"ImageObject\",\"inLanguage\":\"fr-FR\",\"@id\":\"https:\/\/www.alphacan.com\/fr\/menuiseries-italie\/fenetres\/alpha-luce\/#primaryimage\",\"url\":\"https:\/\/www.alphacan.com\/wp-content\/uploads\/2017\/11\/typologie-fabrication-alpha-luce-1024x130.jpg\",\"contentUrl\":\"https:\/\/www.alphacan.com\/wp-content\/uploads\/2017\/11\/typologie-fabrication-alpha-luce-1024x130.jpg\"},{\"@type\":\"BreadcrumbList\",\"@id\":\"https:\/\/www.alphacan.com\/fr\/menuiseries-italie\/fenetres\/alpha-luce\/#breadcrumb\",\"itemListElement\":[{\"@type\":\"ListItem\",\"position\":1,\"name\":\"Accueil\",\"item\":\"https:\/\/www.alphacan.com\/fr\/\"},{\"@type\":\"ListItem\",\"position\":2,\"name\":\"Menuiseries Italie\",\"item\":\"https:\/\/www.alphacan.com\/fr\/menuiseries-italie\/\"},{\"@type\":\"ListItem\",\"position\":3,\"name\":\"Fen\u00eatres\",\"item\":\"https:\/\/www.alphacan.com\/fr\/menuiseries-italie\/fenetres\/\"},{\"@type\":\"ListItem\",\"position\":4,\"name\":\"Alpha Luce\"}]},{\"@type\":\"WebSite\",\"@id\":\"https:\/\/www.alphacan.com\/es\/#website\",\"url\":\"https:\/\/www.alphacan.com\/es\/\",\"name\":\"Alphacan\",\"description\":\"Concepteur Menuiseries\",\"potentialAction\":[{\"@type\":\"SearchAction\",\"target\":{\"@type\":\"EntryPoint\",\"urlTemplate\":\"https:\/\/www.alphacan.com\/es\/?s={search_term_string}\"},\"query-input\":{\"@type\":\"PropertyValueSpecification\",\"valueRequired\":true,\"valueName\":\"search_term_string\"}}],\"inLanguage\":\"fr-FR\"}]}<\/script>\n<!-- \/ Yoast SEO plugin. -->","yoast_head_json":{"title":"Alpha Luce &#8211; Alphacan","description":"\u00e9CLAT ET LUMINOSIT\u00e9\u00a0 Esth\u00e9tisme minimaliste \u00e0 partir de g\u00e9om\u00e9tries carr\u00e9es pour ce syst\u00e8me qui permet un plus grand passage de la lumi\u00e8re. Une solution","robots":{"index":"index","follow":"follow","max-snippet":"max-snippet:-1","max-image-preview":"max-image-preview:large","max-video-preview":"max-video-preview:-1"},"canonical":"https:\/\/www.alphacan.com\/fr\/menuiseries-italie\/fenetres\/alpha-luce\/","og_locale":"fr_FR","og_type":"article","og_title":"Alpha Luce &#8211; Alphacan","og_description":"\u00e9CLAT ET LUMINOSIT\u00e9\u00a0 Esth\u00e9tisme minimaliste \u00e0 partir de g\u00e9om\u00e9tries carr\u00e9es pour ce syst\u00e8me qui permet un plus grand passage de la lumi\u00e8re. Une solution","og_url":"https:\/\/www.alphacan.com\/fr\/menuiseries-italie\/fenetres\/alpha-luce\/","og_site_name":"Alphacan","article_modified_time":"2018-04-27T12:34:56+00:00","og_image":[{"url":"https:\/\/www.alphacan.com\/wp-content\/uploads\/2017\/11\/typologie-fabrication-alpha-luce-1024x130.jpg","type":"","width":"","height":""}],"twitter_card":"summary_large_image","schema":{"@context":"https:\/\/schema.org","@graph":[{"@type":"WebPage","@id":"https:\/\/www.alphacan.com\/fr\/menuiseries-italie\/fenetres\/alpha-luce\/","url":"https:\/\/www.alphacan.com\/fr\/menuiseries-italie\/fenetres\/alpha-luce\/","name":"Alpha Luce &#8211; Alphacan","isPartOf":{"@id":"https:\/\/www.alphacan.com\/es\/#website"},"primaryImageOfPage":{"@id":"https:\/\/www.alphacan.com\/fr\/menuiseries-italie\/fenetres\/alpha-luce\/#primaryimage"},"image":{"@id":"https:\/\/www.alphacan.com\/fr\/menuiseries-italie\/fenetres\/alpha-luce\/#primaryimage"},"thumbnailUrl":"https:\/\/www.alphacan.com\/wp-content\/uploads\/2017\/11\/typologie-fabrication-alpha-luce-1024x130.jpg","datePublished":"2017-11-16T16:28:42+00:00","dateModified":"2018-04-27T12:34:56+00:00","description":"\u00e9CLAT ET LUMINOSIT\u00e9\u00a0 Esth\u00e9tisme minimaliste \u00e0 partir de g\u00e9om\u00e9tries carr\u00e9es pour ce syst\u00e8me qui permet un plus grand passage de la lumi\u00e8re. Une solution","breadcrumb":{"@id":"https:\/\/www.alphacan.com\/fr\/menuiseries-italie\/fenetres\/alpha-luce\/#breadcrumb"},"inLanguage":"fr-FR","potentialAction":[{"@type":"ReadAction","target":["https:\/\/www.alphacan.com\/fr\/menuiseries-italie\/fenetres\/alpha-luce\/"]}]},{"@type":"ImageObject","inLanguage":"fr-FR","@id":"https:\/\/www.alphacan.com\/fr\/menuiseries-italie\/fenetres\/alpha-luce\/#primaryimage","url":"https:\/\/www.alphacan.com\/wp-content\/uploads\/2017\/11\/typologie-fabrication-alpha-luce-1024x130.jpg","contentUrl":"https:\/\/www.alphacan.com\/wp-content\/uploads\/2017\/11\/typologie-fabrication-alpha-luce-1024x130.jpg"},{"@type":"BreadcrumbList","@id":"https:\/\/www.alphacan.com\/fr\/menuiseries-italie\/fenetres\/alpha-luce\/#breadcrumb","itemListElement":[{"@type":"ListItem","position":1,"name":"Accueil","item":"https:\/\/www.alphacan.com\/fr\/"},{"@type":"ListItem","position":2,"name":"Menuiseries Italie","item":"https:\/\/www.alphacan.com\/fr\/menuiseries-italie\/"},{"@type":"ListItem","position":3,"name":"Fen\u00eatres","item":"https:\/\/www.alphacan.com\/fr\/menuiseries-italie\/fenetres\/"},{"@type":"ListItem","position":4,"name":"Alpha Luce"}]},{"@type":"WebSite","@id":"https:\/\/www.alphacan.com\/es\/#website","url":"https:\/\/www.alphacan.com\/es\/","name":"Alphacan","description":"Concepteur Menuiseries","potentialAction":[{"@type":"SearchAction","target":{"@type":"EntryPoint","urlTemplate":"https:\/\/www.alphacan.com\/es\/?s={search_term_string}"},"query-input":{"@type":"PropertyValueSpecification","valueRequired":true,"valueName":"search_term_string"}}],"inLanguage":"fr-FR"}]}},"_links":{"self":[{"href":"https:\/\/www.alphacan.com\/fr\/wp-json\/wp\/v2\/pages\/1957","targetHints":{"allow":["GET"]}}],"collection":[{"href":"https:\/\/www.alphacan.com\/fr\/wp-json\/wp\/v2\/pages"}],"about":[{"href":"https:\/\/www.alphacan.com\/fr\/wp-json\/wp\/v2\/types\/page"}],"author":[{"embeddable":true,"href":"https:\/\/www.alphacan.com\/fr\/wp-json\/wp\/v2\/users\/559"}],"replies":[{"embeddable":true,"href":"https:\/\/www.alphacan.com\/fr\/wp-json\/wp\/v2\/comments?post=1957"}],"version-history":[{"count":5,"href":"https:\/\/www.alphacan.com\/fr\/wp-json\/wp\/v2\/pages\/1957\/revisions"}],"predecessor-version":[{"id":2660,"href":"https:\/\/www.alphacan.com\/fr\/wp-json\/wp\/v2\/pages\/1957\/revisions\/2660"}],"up":[{"embeddable":true,"href":"https:\/\/www.alphacan.com\/fr\/wp-json\/wp\/v2\/pages\/1914"}],"wp:attachment":[{"href":"https:\/\/www.alphacan.com\/fr\/wp-json\/wp\/v2\/media?parent=1957"}],"curies":[{"name":"wp","href":"https:\/\/api.w.org\/{rel}","templated":true}]}}