{"id":2386,"date":"2017-11-27T16:21:12","date_gmt":"2017-11-27T15:21:12","guid":{"rendered":"https:\/\/www.alphacan.com\/fr\/?page_id=2386"},"modified":"2018-04-30T09:25:40","modified_gmt":"2018-04-30T08:25:40","slug":"volets-roulants","status":"publish","type":"page","link":"https:\/\/www.alphacan.com\/fr\/menuiseries-italie\/fermetures\/volets-roulants\/","title":{"rendered":"Volets Roulants"},"content":{"rendered":"<h2>VOLETS ROULANTS M\u00e9DIt\u00e9rran\u00e9ens<\/h2>\n<p><span lang=\"fr\">Ce monobloc est particuli\u00e8rement adapt\u00e9 aux nouveaux b\u00e2timents, il permet une i<\/span><span lang=\"fr\">solation thermo-acoustique de haute performance.<\/span><\/p>\n<p><span lang=\"fr\">Combinaison possible avec diff\u00e9rents types de manipulation manuelle ou motoris\u00e9e.<\/span><\/p>\n<h2>\u00a0<\/h2>\n<h2>VOLETS ROULANTS pour R\u00e9novation<\/h2>\n<p><span lang=\"fr\">Ce syst\u00e8me convient particuli\u00e8rement \u00e0 la r\u00e9novation, adapt\u00e9 pour des\u00a0<\/span><span lang=\"fr\">volets roulants de grande dimension gr\u00e2ce aux d\u00e9tails g\u00e9om\u00e9triques des composants.<\/span><\/p>\n<p><span lang=\"fr\">Parfaitement assorti aux fen\u00eatres, il peut \u00eatre fabriqu\u00e9 dans m\u00eames finitions.<\/span><\/p>\n","protected":false},"excerpt":{"rendered":"<p>VOLETS ROULANTS M\u00e9DIt\u00e9rran\u00e9ens Ce monobloc est particuli\u00e8rement adapt\u00e9 aux nouveaux b\u00e2timents, il permet une isolation thermo-acoustique de haute performance. Combinaison possible avec diff\u00e9rents types de manipulation manuelle ou motoris\u00e9e. \u00a0 VOLETS ROULANTS pour R\u00e9novation Ce syst\u00e8me convient particuli\u00e8rement \u00e0 la r\u00e9novation, adapt\u00e9 pour des\u00a0volets roulants de grande dimension gr\u00e2ce aux d\u00e9tails g\u00e9om\u00e9triques des composants. Parfaitement [&hellip;]<\/p>\n","protected":false},"author":559,"featured_media":0,"parent":1916,"menu_order":0,"comment_status":"closed","ping_status":"closed","template":"","meta":{"_acf_changed":false,"footnotes":""},"class_list":["post-2386","page","type-page","status-publish","hentry"],"acf":[],"yoast_head":"<!-- This site is optimized with the Yoast SEO plugin v27.0 - https:\/\/yoast.com\/product\/yoast-seo-wordpress\/ -->\n<title>Volets Roulants &#8211; Alphacan<\/title>\n<meta name=\"description\" content=\"VOLETS ROULANTS M\u00e9DIt\u00e9rran\u00e9ens Ce monobloc est particuli\u00e8rement adapt\u00e9 aux nouveaux b\u00e2timents, il permet une isolation thermo-acoustique de haute\" \/>\n<meta name=\"robots\" content=\"index, follow, max-snippet:-1, max-image-preview:large, max-video-preview:-1\" \/>\n<link rel=\"canonical\" href=\"https:\/\/www.alphacan.com\/fr\/menuiseries-italie\/fermetures\/volets-roulants\/\" \/>\n<meta property=\"og:locale\" content=\"fr_FR\" \/>\n<meta property=\"og:type\" content=\"article\" \/>\n<meta property=\"og:title\" content=\"Volets Roulants &#8211; Alphacan\" \/>\n<meta property=\"og:description\" content=\"VOLETS ROULANTS M\u00e9DIt\u00e9rran\u00e9ens Ce monobloc est particuli\u00e8rement adapt\u00e9 aux nouveaux b\u00e2timents, il permet une isolation thermo-acoustique de haute\" \/>\n<meta property=\"og:url\" content=\"https:\/\/www.alphacan.com\/fr\/menuiseries-italie\/fermetures\/volets-roulants\/\" \/>\n<meta property=\"og:site_name\" content=\"Alphacan\" \/>\n<meta property=\"article:modified_time\" content=\"2018-04-30T08:25:40+00:00\" \/>\n<meta name=\"twitter:card\" content=\"summary_large_image\" \/>\n<script type=\"application\/ld+json\" class=\"yoast-schema-graph\">{\"@context\":\"https:\/\/schema.org\",\"@graph\":[{\"@type\":\"WebPage\",\"@id\":\"https:\/\/www.alphacan.com\/fr\/menuiseries-italie\/fermetures\/volets-roulants\/\",\"url\":\"https:\/\/www.alphacan.com\/fr\/menuiseries-italie\/fermetures\/volets-roulants\/\",\"name\":\"Volets Roulants &#8211; Alphacan\",\"isPartOf\":{\"@id\":\"https:\/\/www.alphacan.com\/es\/#website\"},\"datePublished\":\"2017-11-27T15:21:12+00:00\",\"dateModified\":\"2018-04-30T08:25:40+00:00\",\"description\":\"VOLETS ROULANTS M\u00e9DIt\u00e9rran\u00e9ens Ce monobloc est particuli\u00e8rement adapt\u00e9 aux nouveaux b\u00e2timents, il permet une isolation thermo-acoustique de haute\",\"breadcrumb\":{\"@id\":\"https:\/\/www.alphacan.com\/fr\/menuiseries-italie\/fermetures\/volets-roulants\/#breadcrumb\"},\"inLanguage\":\"fr-FR\",\"potentialAction\":[{\"@type\":\"ReadAction\",\"target\":[\"https:\/\/www.alphacan.com\/fr\/menuiseries-italie\/fermetures\/volets-roulants\/\"]}]},{\"@type\":\"BreadcrumbList\",\"@id\":\"https:\/\/www.alphacan.com\/fr\/menuiseries-italie\/fermetures\/volets-roulants\/#breadcrumb\",\"itemListElement\":[{\"@type\":\"ListItem\",\"position\":1,\"name\":\"Accueil\",\"item\":\"https:\/\/www.alphacan.com\/fr\/\"},{\"@type\":\"ListItem\",\"position\":2,\"name\":\"Menuiseries Italie\",\"item\":\"https:\/\/www.alphacan.com\/fr\/menuiseries-italie\/\"},{\"@type\":\"ListItem\",\"position\":3,\"name\":\"Fermetures\",\"item\":\"https:\/\/www.alphacan.com\/fr\/menuiseries-italie\/fermetures\/\"},{\"@type\":\"ListItem\",\"position\":4,\"name\":\"Volets Roulants\"}]},{\"@type\":\"WebSite\",\"@id\":\"https:\/\/www.alphacan.com\/es\/#website\",\"url\":\"https:\/\/www.alphacan.com\/es\/\",\"name\":\"Alphacan\",\"description\":\"Concepteur Menuiseries\",\"potentialAction\":[{\"@type\":\"SearchAction\",\"target\":{\"@type\":\"EntryPoint\",\"urlTemplate\":\"https:\/\/www.alphacan.com\/es\/?s={search_term_string}\"},\"query-input\":{\"@type\":\"PropertyValueSpecification\",\"valueRequired\":true,\"valueName\":\"search_term_string\"}}],\"inLanguage\":\"fr-FR\"}]}<\/script>\n<!-- \/ Yoast SEO plugin. -->","yoast_head_json":{"title":"Volets Roulants &#8211; Alphacan","description":"VOLETS ROULANTS M\u00e9DIt\u00e9rran\u00e9ens Ce monobloc est particuli\u00e8rement adapt\u00e9 aux nouveaux b\u00e2timents, il permet une isolation thermo-acoustique de haute","robots":{"index":"index","follow":"follow","max-snippet":"max-snippet:-1","max-image-preview":"max-image-preview:large","max-video-preview":"max-video-preview:-1"},"canonical":"https:\/\/www.alphacan.com\/fr\/menuiseries-italie\/fermetures\/volets-roulants\/","og_locale":"fr_FR","og_type":"article","og_title":"Volets Roulants &#8211; Alphacan","og_description":"VOLETS ROULANTS M\u00e9DIt\u00e9rran\u00e9ens Ce monobloc est particuli\u00e8rement adapt\u00e9 aux nouveaux b\u00e2timents, il permet une isolation thermo-acoustique de haute","og_url":"https:\/\/www.alphacan.com\/fr\/menuiseries-italie\/fermetures\/volets-roulants\/","og_site_name":"Alphacan","article_modified_time":"2018-04-30T08:25:40+00:00","twitter_card":"summary_large_image","schema":{"@context":"https:\/\/schema.org","@graph":[{"@type":"WebPage","@id":"https:\/\/www.alphacan.com\/fr\/menuiseries-italie\/fermetures\/volets-roulants\/","url":"https:\/\/www.alphacan.com\/fr\/menuiseries-italie\/fermetures\/volets-roulants\/","name":"Volets Roulants &#8211; Alphacan","isPartOf":{"@id":"https:\/\/www.alphacan.com\/es\/#website"},"datePublished":"2017-11-27T15:21:12+00:00","dateModified":"2018-04-30T08:25:40+00:00","description":"VOLETS ROULANTS M\u00e9DIt\u00e9rran\u00e9ens Ce monobloc est particuli\u00e8rement adapt\u00e9 aux nouveaux b\u00e2timents, il permet une isolation thermo-acoustique de haute","breadcrumb":{"@id":"https:\/\/www.alphacan.com\/fr\/menuiseries-italie\/fermetures\/volets-roulants\/#breadcrumb"},"inLanguage":"fr-FR","potentialAction":[{"@type":"ReadAction","target":["https:\/\/www.alphacan.com\/fr\/menuiseries-italie\/fermetures\/volets-roulants\/"]}]},{"@type":"BreadcrumbList","@id":"https:\/\/www.alphacan.com\/fr\/menuiseries-italie\/fermetures\/volets-roulants\/#breadcrumb","itemListElement":[{"@type":"ListItem","position":1,"name":"Accueil","item":"https:\/\/www.alphacan.com\/fr\/"},{"@type":"ListItem","position":2,"name":"Menuiseries Italie","item":"https:\/\/www.alphacan.com\/fr\/menuiseries-italie\/"},{"@type":"ListItem","position":3,"name":"Fermetures","item":"https:\/\/www.alphacan.com\/fr\/menuiseries-italie\/fermetures\/"},{"@type":"ListItem","position":4,"name":"Volets Roulants"}]},{"@type":"WebSite","@id":"https:\/\/www.alphacan.com\/es\/#website","url":"https:\/\/www.alphacan.com\/es\/","name":"Alphacan","description":"Concepteur Menuiseries","potentialAction":[{"@type":"SearchAction","target":{"@type":"EntryPoint","urlTemplate":"https:\/\/www.alphacan.com\/es\/?s={search_term_string}"},"query-input":{"@type":"PropertyValueSpecification","valueRequired":true,"valueName":"search_term_string"}}],"inLanguage":"fr-FR"}]}},"_links":{"self":[{"href":"https:\/\/www.alphacan.com\/fr\/wp-json\/wp\/v2\/pages\/2386","targetHints":{"allow":["GET"]}}],"collection":[{"href":"https:\/\/www.alphacan.com\/fr\/wp-json\/wp\/v2\/pages"}],"about":[{"href":"https:\/\/www.alphacan.com\/fr\/wp-json\/wp\/v2\/types\/page"}],"author":[{"embeddable":true,"href":"https:\/\/www.alphacan.com\/fr\/wp-json\/wp\/v2\/users\/559"}],"replies":[{"embeddable":true,"href":"https:\/\/www.alphacan.com\/fr\/wp-json\/wp\/v2\/comments?post=2386"}],"version-history":[{"count":5,"href":"https:\/\/www.alphacan.com\/fr\/wp-json\/wp\/v2\/pages\/2386\/revisions"}],"predecessor-version":[{"id":3048,"href":"https:\/\/www.alphacan.com\/fr\/wp-json\/wp\/v2\/pages\/2386\/revisions\/3048"}],"up":[{"embeddable":true,"href":"https:\/\/www.alphacan.com\/fr\/wp-json\/wp\/v2\/pages\/1916"}],"wp:attachment":[{"href":"https:\/\/www.alphacan.com\/fr\/wp-json\/wp\/v2\/media?parent=2386"}],"curies":[{"name":"wp","href":"https:\/\/api.w.org\/{rel}","templated":true}]}}