{"id":2388,"date":"2017-11-27T16:21:37","date_gmt":"2017-11-27T15:21:37","guid":{"rendered":"https:\/\/www.alphacan.com\/fr\/?page_id=2388"},"modified":"2018-07-12T16:00:38","modified_gmt":"2018-07-12T14:00:38","slug":"porte-interieure","status":"publish","type":"page","link":"https:\/\/www.alphacan.com\/fr\/menuiseries-italie\/fermetures\/porte-interieure\/","title":{"rendered":"Porte int\u00e9rieure"},"content":{"rendered":"<h2 dir=\"ltr\" data-placeholder=\"Traduction\">UNE FORME \u00e9pur\u00e9e<\/h2>\n<p id=\"tw-target-text\" class=\"tw-data-text tw-ta tw-text-small\" dir=\"ltr\" data-placeholder=\"Traduction\"><span lang=\"fr\">Mod\u00e8le adapt\u00e9 \u00e0 la r\u00e9alisation d&rsquo;une ou deux portes, ce produit est r<\/span><span lang=\"fr\">\u00e9sistant et durable dans le temps, il poss\u00e8de un panneau r\u00e9glable avec diff\u00e9rentes \u00e9paisseurs.<\/span><\/p>\n<p class=\"tw-data-text tw-ta tw-text-small\" dir=\"ltr\" data-placeholder=\"Traduction\"><span lang=\"fr\">Hydrofuge, il <\/span><span lang=\"fr\">r\u00e9pond aux exigences de s\u00e9curit\u00e9 et de sant\u00e9 et s&rsquo;adapte \u00e0 de multiples b\u00e2timents : grandes communaut\u00e9s, entreprises hospitali\u00e8res, piscines, installations sportives, etc&#8230;<\/span><\/p>\n<p dir=\"ltr\" data-placeholder=\"Traduction\">Disponible en blanc.<\/p>\n<p dir=\"ltr\" data-placeholder=\"Traduction\"><a href=\"https:\/\/www.alphacan.com\/wp-content\/uploads\/2017\/11\/typologie-fabrication-porte.jpg\"><img loading=\"lazy\" decoding=\"async\" class=\"alignleft wp-image-2417 \" src=\"https:\/\/www.alphacan.com\/wp-content\/uploads\/2017\/11\/typologie-fabrication-porte-1024x344.jpg\" alt=\"\" width=\"759\" height=\"255\" srcset=\"https:\/\/www.alphacan.com\/wp-content\/uploads\/2017\/11\/typologie-fabrication-porte-1024x344.jpg 1024w, https:\/\/www.alphacan.com\/wp-content\/uploads\/2017\/11\/typologie-fabrication-porte-300x101.jpg 300w, https:\/\/www.alphacan.com\/wp-content\/uploads\/2017\/11\/typologie-fabrication-porte-768x258.jpg 768w, https:\/\/www.alphacan.com\/wp-content\/uploads\/2017\/11\/typologie-fabrication-porte.jpg 1484w\" sizes=\"auto, (max-width: 759px) 100vw, 759px\" \/><\/a><\/p>\n<p dir=\"ltr\" data-placeholder=\"Traduction\">\u00a0<\/p>\n<p dir=\"ltr\" data-placeholder=\"Traduction\">\u00a0<\/p>\n<p dir=\"ltr\" data-placeholder=\"Traduction\">\u00a0<\/p>\n<p dir=\"ltr\" data-placeholder=\"Traduction\">\u00a0<\/p>\n<p dir=\"ltr\" data-placeholder=\"Traduction\">\u00a0<\/p>\n<p dir=\"ltr\" data-placeholder=\"Traduction\">\u00a0<\/p>\n<p dir=\"ltr\" data-placeholder=\"Traduction\">\u00a0<\/p>\n<p dir=\"ltr\" data-placeholder=\"Traduction\">\u00a0<\/p>\n","protected":false},"excerpt":{"rendered":"<p>UNE FORME \u00e9pur\u00e9e Mod\u00e8le adapt\u00e9 \u00e0 la r\u00e9alisation d&rsquo;une ou deux portes, ce produit est r\u00e9sistant et durable dans le temps, il poss\u00e8de un panneau r\u00e9glable avec diff\u00e9rentes \u00e9paisseurs. Hydrofuge, il r\u00e9pond aux exigences de s\u00e9curit\u00e9 et de sant\u00e9 et s&rsquo;adapte \u00e0 de multiples b\u00e2timents : grandes communaut\u00e9s, entreprises hospitali\u00e8res, piscines, installations sportives, etc&#8230; Disponible [&hellip;]<\/p>\n","protected":false},"author":559,"featured_media":0,"parent":1916,"menu_order":0,"comment_status":"closed","ping_status":"closed","template":"","meta":{"_acf_changed":false,"footnotes":""},"class_list":["post-2388","page","type-page","status-publish","hentry"],"acf":[],"yoast_head":"<!-- This site is optimized with the Yoast SEO plugin v27.0 - https:\/\/yoast.com\/product\/yoast-seo-wordpress\/ -->\n<title>Porte int\u00e9rieure &#8211; Alphacan<\/title>\n<meta name=\"description\" content=\"UNE FORME \u00e9pur\u00e9e Mod\u00e8le adapt\u00e9 \u00e0 la r\u00e9alisation d&#039;une ou deux portes, ce produit est r\u00e9sistant et durable dans le temps, il poss\u00e8de un panneau r\u00e9glable\" \/>\n<meta name=\"robots\" content=\"index, follow, max-snippet:-1, max-image-preview:large, max-video-preview:-1\" \/>\n<link rel=\"canonical\" href=\"https:\/\/www.alphacan.com\/fr\/menuiseries-italie\/fermetures\/porte-interieure\/\" \/>\n<meta property=\"og:locale\" content=\"fr_FR\" \/>\n<meta property=\"og:type\" content=\"article\" \/>\n<meta property=\"og:title\" content=\"Porte int\u00e9rieure &#8211; Alphacan\" \/>\n<meta property=\"og:description\" content=\"UNE FORME \u00e9pur\u00e9e Mod\u00e8le adapt\u00e9 \u00e0 la r\u00e9alisation d&#039;une ou deux portes, ce produit est r\u00e9sistant et durable dans le temps, il poss\u00e8de un panneau r\u00e9glable\" \/>\n<meta property=\"og:url\" content=\"https:\/\/www.alphacan.com\/fr\/menuiseries-italie\/fermetures\/porte-interieure\/\" \/>\n<meta property=\"og:site_name\" content=\"Alphacan\" \/>\n<meta property=\"article:modified_time\" content=\"2018-07-12T14:00:38+00:00\" \/>\n<meta property=\"og:image\" content=\"https:\/\/www.alphacan.com\/wp-content\/uploads\/2017\/11\/typologie-fabrication-porte-1024x344.jpg\" \/>\n<meta name=\"twitter:card\" content=\"summary_large_image\" \/>\n<script type=\"application\/ld+json\" class=\"yoast-schema-graph\">{\"@context\":\"https:\/\/schema.org\",\"@graph\":[{\"@type\":\"WebPage\",\"@id\":\"https:\/\/www.alphacan.com\/fr\/menuiseries-italie\/fermetures\/porte-interieure\/\",\"url\":\"https:\/\/www.alphacan.com\/fr\/menuiseries-italie\/fermetures\/porte-interieure\/\",\"name\":\"Porte int\u00e9rieure &#8211; Alphacan\",\"isPartOf\":{\"@id\":\"https:\/\/www.alphacan.com\/es\/#website\"},\"primaryImageOfPage\":{\"@id\":\"https:\/\/www.alphacan.com\/fr\/menuiseries-italie\/fermetures\/porte-interieure\/#primaryimage\"},\"image\":{\"@id\":\"https:\/\/www.alphacan.com\/fr\/menuiseries-italie\/fermetures\/porte-interieure\/#primaryimage\"},\"thumbnailUrl\":\"https:\/\/www.alphacan.com\/wp-content\/uploads\/2017\/11\/typologie-fabrication-porte-1024x344.jpg\",\"datePublished\":\"2017-11-27T15:21:37+00:00\",\"dateModified\":\"2018-07-12T14:00:38+00:00\",\"description\":\"UNE FORME \u00e9pur\u00e9e Mod\u00e8le adapt\u00e9 \u00e0 la r\u00e9alisation d'une ou deux portes, ce produit est r\u00e9sistant et durable dans le temps, il poss\u00e8de un panneau r\u00e9glable\",\"breadcrumb\":{\"@id\":\"https:\/\/www.alphacan.com\/fr\/menuiseries-italie\/fermetures\/porte-interieure\/#breadcrumb\"},\"inLanguage\":\"fr-FR\",\"potentialAction\":[{\"@type\":\"ReadAction\",\"target\":[\"https:\/\/www.alphacan.com\/fr\/menuiseries-italie\/fermetures\/porte-interieure\/\"]}]},{\"@type\":\"ImageObject\",\"inLanguage\":\"fr-FR\",\"@id\":\"https:\/\/www.alphacan.com\/fr\/menuiseries-italie\/fermetures\/porte-interieure\/#primaryimage\",\"url\":\"https:\/\/www.alphacan.com\/wp-content\/uploads\/2017\/11\/typologie-fabrication-porte-1024x344.jpg\",\"contentUrl\":\"https:\/\/www.alphacan.com\/wp-content\/uploads\/2017\/11\/typologie-fabrication-porte-1024x344.jpg\"},{\"@type\":\"BreadcrumbList\",\"@id\":\"https:\/\/www.alphacan.com\/fr\/menuiseries-italie\/fermetures\/porte-interieure\/#breadcrumb\",\"itemListElement\":[{\"@type\":\"ListItem\",\"position\":1,\"name\":\"Accueil\",\"item\":\"https:\/\/www.alphacan.com\/fr\/\"},{\"@type\":\"ListItem\",\"position\":2,\"name\":\"Menuiseries Italie\",\"item\":\"https:\/\/www.alphacan.com\/fr\/menuiseries-italie\/\"},{\"@type\":\"ListItem\",\"position\":3,\"name\":\"Fermetures\",\"item\":\"https:\/\/www.alphacan.com\/fr\/menuiseries-italie\/fermetures\/\"},{\"@type\":\"ListItem\",\"position\":4,\"name\":\"Porte int\u00e9rieure\"}]},{\"@type\":\"WebSite\",\"@id\":\"https:\/\/www.alphacan.com\/es\/#website\",\"url\":\"https:\/\/www.alphacan.com\/es\/\",\"name\":\"Alphacan\",\"description\":\"Concepteur Menuiseries\",\"potentialAction\":[{\"@type\":\"SearchAction\",\"target\":{\"@type\":\"EntryPoint\",\"urlTemplate\":\"https:\/\/www.alphacan.com\/es\/?s={search_term_string}\"},\"query-input\":{\"@type\":\"PropertyValueSpecification\",\"valueRequired\":true,\"valueName\":\"search_term_string\"}}],\"inLanguage\":\"fr-FR\"}]}<\/script>\n<!-- \/ Yoast SEO plugin. -->","yoast_head_json":{"title":"Porte int\u00e9rieure &#8211; Alphacan","description":"UNE FORME \u00e9pur\u00e9e Mod\u00e8le adapt\u00e9 \u00e0 la r\u00e9alisation d'une ou deux portes, ce produit est r\u00e9sistant et durable dans le temps, il poss\u00e8de un panneau r\u00e9glable","robots":{"index":"index","follow":"follow","max-snippet":"max-snippet:-1","max-image-preview":"max-image-preview:large","max-video-preview":"max-video-preview:-1"},"canonical":"https:\/\/www.alphacan.com\/fr\/menuiseries-italie\/fermetures\/porte-interieure\/","og_locale":"fr_FR","og_type":"article","og_title":"Porte int\u00e9rieure &#8211; Alphacan","og_description":"UNE FORME \u00e9pur\u00e9e Mod\u00e8le adapt\u00e9 \u00e0 la r\u00e9alisation d'une ou deux portes, ce produit est r\u00e9sistant et durable dans le temps, il poss\u00e8de un panneau r\u00e9glable","og_url":"https:\/\/www.alphacan.com\/fr\/menuiseries-italie\/fermetures\/porte-interieure\/","og_site_name":"Alphacan","article_modified_time":"2018-07-12T14:00:38+00:00","og_image":[{"url":"https:\/\/www.alphacan.com\/wp-content\/uploads\/2017\/11\/typologie-fabrication-porte-1024x344.jpg","type":"","width":"","height":""}],"twitter_card":"summary_large_image","schema":{"@context":"https:\/\/schema.org","@graph":[{"@type":"WebPage","@id":"https:\/\/www.alphacan.com\/fr\/menuiseries-italie\/fermetures\/porte-interieure\/","url":"https:\/\/www.alphacan.com\/fr\/menuiseries-italie\/fermetures\/porte-interieure\/","name":"Porte int\u00e9rieure &#8211; Alphacan","isPartOf":{"@id":"https:\/\/www.alphacan.com\/es\/#website"},"primaryImageOfPage":{"@id":"https:\/\/www.alphacan.com\/fr\/menuiseries-italie\/fermetures\/porte-interieure\/#primaryimage"},"image":{"@id":"https:\/\/www.alphacan.com\/fr\/menuiseries-italie\/fermetures\/porte-interieure\/#primaryimage"},"thumbnailUrl":"https:\/\/www.alphacan.com\/wp-content\/uploads\/2017\/11\/typologie-fabrication-porte-1024x344.jpg","datePublished":"2017-11-27T15:21:37+00:00","dateModified":"2018-07-12T14:00:38+00:00","description":"UNE FORME \u00e9pur\u00e9e Mod\u00e8le adapt\u00e9 \u00e0 la r\u00e9alisation d'une ou deux portes, ce produit est r\u00e9sistant et durable dans le temps, il poss\u00e8de un panneau r\u00e9glable","breadcrumb":{"@id":"https:\/\/www.alphacan.com\/fr\/menuiseries-italie\/fermetures\/porte-interieure\/#breadcrumb"},"inLanguage":"fr-FR","potentialAction":[{"@type":"ReadAction","target":["https:\/\/www.alphacan.com\/fr\/menuiseries-italie\/fermetures\/porte-interieure\/"]}]},{"@type":"ImageObject","inLanguage":"fr-FR","@id":"https:\/\/www.alphacan.com\/fr\/menuiseries-italie\/fermetures\/porte-interieure\/#primaryimage","url":"https:\/\/www.alphacan.com\/wp-content\/uploads\/2017\/11\/typologie-fabrication-porte-1024x344.jpg","contentUrl":"https:\/\/www.alphacan.com\/wp-content\/uploads\/2017\/11\/typologie-fabrication-porte-1024x344.jpg"},{"@type":"BreadcrumbList","@id":"https:\/\/www.alphacan.com\/fr\/menuiseries-italie\/fermetures\/porte-interieure\/#breadcrumb","itemListElement":[{"@type":"ListItem","position":1,"name":"Accueil","item":"https:\/\/www.alphacan.com\/fr\/"},{"@type":"ListItem","position":2,"name":"Menuiseries Italie","item":"https:\/\/www.alphacan.com\/fr\/menuiseries-italie\/"},{"@type":"ListItem","position":3,"name":"Fermetures","item":"https:\/\/www.alphacan.com\/fr\/menuiseries-italie\/fermetures\/"},{"@type":"ListItem","position":4,"name":"Porte int\u00e9rieure"}]},{"@type":"WebSite","@id":"https:\/\/www.alphacan.com\/es\/#website","url":"https:\/\/www.alphacan.com\/es\/","name":"Alphacan","description":"Concepteur Menuiseries","potentialAction":[{"@type":"SearchAction","target":{"@type":"EntryPoint","urlTemplate":"https:\/\/www.alphacan.com\/es\/?s={search_term_string}"},"query-input":{"@type":"PropertyValueSpecification","valueRequired":true,"valueName":"search_term_string"}}],"inLanguage":"fr-FR"}]}},"_links":{"self":[{"href":"https:\/\/www.alphacan.com\/fr\/wp-json\/wp\/v2\/pages\/2388","targetHints":{"allow":["GET"]}}],"collection":[{"href":"https:\/\/www.alphacan.com\/fr\/wp-json\/wp\/v2\/pages"}],"about":[{"href":"https:\/\/www.alphacan.com\/fr\/wp-json\/wp\/v2\/types\/page"}],"author":[{"embeddable":true,"href":"https:\/\/www.alphacan.com\/fr\/wp-json\/wp\/v2\/users\/559"}],"replies":[{"embeddable":true,"href":"https:\/\/www.alphacan.com\/fr\/wp-json\/wp\/v2\/comments?post=2388"}],"version-history":[{"count":5,"href":"https:\/\/www.alphacan.com\/fr\/wp-json\/wp\/v2\/pages\/2388\/revisions"}],"predecessor-version":[{"id":5904,"href":"https:\/\/www.alphacan.com\/fr\/wp-json\/wp\/v2\/pages\/2388\/revisions\/5904"}],"up":[{"embeddable":true,"href":"https:\/\/www.alphacan.com\/fr\/wp-json\/wp\/v2\/pages\/1916"}],"wp:attachment":[{"href":"https:\/\/www.alphacan.com\/fr\/wp-json\/wp\/v2\/media?parent=2388"}],"curies":[{"name":"wp","href":"https:\/\/api.w.org\/{rel}","templated":true}]}}