{"id":2390,"date":"2017-11-27T16:21:56","date_gmt":"2017-11-27T15:21:56","guid":{"rendered":"https:\/\/www.alphacan.com\/fr\/?page_id=2390"},"modified":"2018-04-27T13:40:42","modified_gmt":"2018-04-27T12:40:42","slug":"coulissants-hst-vision","status":"publish","type":"page","link":"https:\/\/www.alphacan.com\/fr\/menuiseries-italie\/fermetures\/coulissants-hst-vision\/","title":{"rendered":"Coulissants HST Vision"},"content":{"rendered":"<h2>luminosit\u00e9 et clart\u00e9<\/h2>\n<p>Un syst\u00e8me particuli\u00e8rement adapt\u00e9 \u00e0 de larges ouvertures, il permet la cr\u00e9ation de grandes fen\u00eatres, id\u00e9ales pour les environnements r\u00e9sidentiels.<\/p>\n<p>Il poss\u00e8de un battant renforc\u00e9, une grande r\u00e9sistance et des coefficients de perm\u00e9abilit\u00e9 \u00e9lev\u00e9s aux agents atmosph\u00e9riques.<\/p>\n<p>Possibilit\u00e9 d&rsquo;int\u00e9grer un seuil coulissant en aluminium \u00e0 profil\u00e9 bas et plat.<\/p>\n<p><a href=\"https:\/\/www.alphacan.com\/wp-content\/uploads\/2017\/11\/typologie-fabrication-hst.jpg\"><img loading=\"lazy\" decoding=\"async\" class=\"alignleft wp-image-2453 \" src=\"https:\/\/www.alphacan.com\/wp-content\/uploads\/2017\/11\/typologie-fabrication-hst-1024x227.jpg\" alt=\"\" width=\"713\" height=\"158\" srcset=\"https:\/\/www.alphacan.com\/wp-content\/uploads\/2017\/11\/typologie-fabrication-hst-1024x227.jpg 1024w, https:\/\/www.alphacan.com\/wp-content\/uploads\/2017\/11\/typologie-fabrication-hst-300x66.jpg 300w, https:\/\/www.alphacan.com\/wp-content\/uploads\/2017\/11\/typologie-fabrication-hst-768x170.jpg 768w, https:\/\/www.alphacan.com\/wp-content\/uploads\/2017\/11\/typologie-fabrication-hst.jpg 1491w\" sizes=\"auto, (max-width: 713px) 100vw, 713px\" \/><\/a><\/p>\n<p>&nbsp;<\/p>\n<p>&nbsp;<\/p>\n<p>&nbsp;<\/p>\n<p>&nbsp;<\/p>\n<p>&nbsp;<\/p>\n","protected":false},"excerpt":{"rendered":"<p>luminosit\u00e9 et clart\u00e9 Un syst\u00e8me particuli\u00e8rement adapt\u00e9 \u00e0 de larges ouvertures, il permet la cr\u00e9ation de grandes fen\u00eatres, id\u00e9ales pour les environnements r\u00e9sidentiels. Il poss\u00e8de un battant renforc\u00e9, une grande r\u00e9sistance et des coefficients de perm\u00e9abilit\u00e9 \u00e9lev\u00e9s aux agents atmosph\u00e9riques. Possibilit\u00e9 d&rsquo;int\u00e9grer un seuil coulissant en aluminium \u00e0 profil\u00e9 bas et plat. &nbsp; &nbsp; &nbsp; [&hellip;]<\/p>\n","protected":false},"author":559,"featured_media":0,"parent":1916,"menu_order":0,"comment_status":"closed","ping_status":"closed","template":"","meta":{"_acf_changed":false,"footnotes":""},"class_list":["post-2390","page","type-page","status-publish","hentry"],"acf":[],"yoast_head":"<!-- This site is optimized with the Yoast SEO plugin v27.0 - https:\/\/yoast.com\/product\/yoast-seo-wordpress\/ -->\n<title>Coulissants HST Vision &#8211; Alphacan<\/title>\n<meta name=\"description\" content=\"luminosit\u00e9 et clart\u00e9 Un syst\u00e8me particuli\u00e8rement adapt\u00e9 \u00e0 de larges ouvertures, il permet la cr\u00e9ation de grandes fen\u00eatres, id\u00e9ales pour les environnements\" \/>\n<meta name=\"robots\" content=\"index, follow, max-snippet:-1, max-image-preview:large, max-video-preview:-1\" \/>\n<link rel=\"canonical\" href=\"https:\/\/www.alphacan.com\/fr\/menuiseries-italie\/fermetures\/coulissants-hst-vision\/\" \/>\n<meta property=\"og:locale\" content=\"fr_FR\" \/>\n<meta property=\"og:type\" content=\"article\" \/>\n<meta property=\"og:title\" content=\"Coulissants HST Vision &#8211; Alphacan\" \/>\n<meta property=\"og:description\" content=\"luminosit\u00e9 et clart\u00e9 Un syst\u00e8me particuli\u00e8rement adapt\u00e9 \u00e0 de larges ouvertures, il permet la cr\u00e9ation de grandes fen\u00eatres, id\u00e9ales pour les environnements\" \/>\n<meta property=\"og:url\" content=\"https:\/\/www.alphacan.com\/fr\/menuiseries-italie\/fermetures\/coulissants-hst-vision\/\" \/>\n<meta property=\"og:site_name\" content=\"Alphacan\" \/>\n<meta property=\"article:modified_time\" content=\"2018-04-27T12:40:42+00:00\" \/>\n<meta property=\"og:image\" content=\"https:\/\/www.alphacan.com\/wp-content\/uploads\/2017\/11\/typologie-fabrication-hst-1024x227.jpg\" \/>\n<meta name=\"twitter:card\" content=\"summary_large_image\" \/>\n<script type=\"application\/ld+json\" class=\"yoast-schema-graph\">{\"@context\":\"https:\/\/schema.org\",\"@graph\":[{\"@type\":\"WebPage\",\"@id\":\"https:\/\/www.alphacan.com\/fr\/menuiseries-italie\/fermetures\/coulissants-hst-vision\/\",\"url\":\"https:\/\/www.alphacan.com\/fr\/menuiseries-italie\/fermetures\/coulissants-hst-vision\/\",\"name\":\"Coulissants HST Vision &#8211; Alphacan\",\"isPartOf\":{\"@id\":\"https:\/\/www.alphacan.com\/es\/#website\"},\"primaryImageOfPage\":{\"@id\":\"https:\/\/www.alphacan.com\/fr\/menuiseries-italie\/fermetures\/coulissants-hst-vision\/#primaryimage\"},\"image\":{\"@id\":\"https:\/\/www.alphacan.com\/fr\/menuiseries-italie\/fermetures\/coulissants-hst-vision\/#primaryimage\"},\"thumbnailUrl\":\"https:\/\/www.alphacan.com\/wp-content\/uploads\/2017\/11\/typologie-fabrication-hst-1024x227.jpg\",\"datePublished\":\"2017-11-27T15:21:56+00:00\",\"dateModified\":\"2018-04-27T12:40:42+00:00\",\"description\":\"luminosit\u00e9 et clart\u00e9 Un syst\u00e8me particuli\u00e8rement adapt\u00e9 \u00e0 de larges ouvertures, il permet la cr\u00e9ation de grandes fen\u00eatres, id\u00e9ales pour les environnements\",\"breadcrumb\":{\"@id\":\"https:\/\/www.alphacan.com\/fr\/menuiseries-italie\/fermetures\/coulissants-hst-vision\/#breadcrumb\"},\"inLanguage\":\"fr-FR\",\"potentialAction\":[{\"@type\":\"ReadAction\",\"target\":[\"https:\/\/www.alphacan.com\/fr\/menuiseries-italie\/fermetures\/coulissants-hst-vision\/\"]}]},{\"@type\":\"ImageObject\",\"inLanguage\":\"fr-FR\",\"@id\":\"https:\/\/www.alphacan.com\/fr\/menuiseries-italie\/fermetures\/coulissants-hst-vision\/#primaryimage\",\"url\":\"https:\/\/www.alphacan.com\/wp-content\/uploads\/2017\/11\/typologie-fabrication-hst-1024x227.jpg\",\"contentUrl\":\"https:\/\/www.alphacan.com\/wp-content\/uploads\/2017\/11\/typologie-fabrication-hst-1024x227.jpg\"},{\"@type\":\"BreadcrumbList\",\"@id\":\"https:\/\/www.alphacan.com\/fr\/menuiseries-italie\/fermetures\/coulissants-hst-vision\/#breadcrumb\",\"itemListElement\":[{\"@type\":\"ListItem\",\"position\":1,\"name\":\"Accueil\",\"item\":\"https:\/\/www.alphacan.com\/fr\/\"},{\"@type\":\"ListItem\",\"position\":2,\"name\":\"Menuiseries Italie\",\"item\":\"https:\/\/www.alphacan.com\/fr\/menuiseries-italie\/\"},{\"@type\":\"ListItem\",\"position\":3,\"name\":\"Fermetures\",\"item\":\"https:\/\/www.alphacan.com\/fr\/menuiseries-italie\/fermetures\/\"},{\"@type\":\"ListItem\",\"position\":4,\"name\":\"Coulissants HST Vision\"}]},{\"@type\":\"WebSite\",\"@id\":\"https:\/\/www.alphacan.com\/es\/#website\",\"url\":\"https:\/\/www.alphacan.com\/es\/\",\"name\":\"Alphacan\",\"description\":\"Concepteur Menuiseries\",\"potentialAction\":[{\"@type\":\"SearchAction\",\"target\":{\"@type\":\"EntryPoint\",\"urlTemplate\":\"https:\/\/www.alphacan.com\/es\/?s={search_term_string}\"},\"query-input\":{\"@type\":\"PropertyValueSpecification\",\"valueRequired\":true,\"valueName\":\"search_term_string\"}}],\"inLanguage\":\"fr-FR\"}]}<\/script>\n<!-- \/ Yoast SEO plugin. -->","yoast_head_json":{"title":"Coulissants HST Vision &#8211; Alphacan","description":"luminosit\u00e9 et clart\u00e9 Un syst\u00e8me particuli\u00e8rement adapt\u00e9 \u00e0 de larges ouvertures, il permet la cr\u00e9ation de grandes fen\u00eatres, id\u00e9ales pour les environnements","robots":{"index":"index","follow":"follow","max-snippet":"max-snippet:-1","max-image-preview":"max-image-preview:large","max-video-preview":"max-video-preview:-1"},"canonical":"https:\/\/www.alphacan.com\/fr\/menuiseries-italie\/fermetures\/coulissants-hst-vision\/","og_locale":"fr_FR","og_type":"article","og_title":"Coulissants HST Vision &#8211; Alphacan","og_description":"luminosit\u00e9 et clart\u00e9 Un syst\u00e8me particuli\u00e8rement adapt\u00e9 \u00e0 de larges ouvertures, il permet la cr\u00e9ation de grandes fen\u00eatres, id\u00e9ales pour les environnements","og_url":"https:\/\/www.alphacan.com\/fr\/menuiseries-italie\/fermetures\/coulissants-hst-vision\/","og_site_name":"Alphacan","article_modified_time":"2018-04-27T12:40:42+00:00","og_image":[{"url":"https:\/\/www.alphacan.com\/wp-content\/uploads\/2017\/11\/typologie-fabrication-hst-1024x227.jpg","type":"","width":"","height":""}],"twitter_card":"summary_large_image","schema":{"@context":"https:\/\/schema.org","@graph":[{"@type":"WebPage","@id":"https:\/\/www.alphacan.com\/fr\/menuiseries-italie\/fermetures\/coulissants-hst-vision\/","url":"https:\/\/www.alphacan.com\/fr\/menuiseries-italie\/fermetures\/coulissants-hst-vision\/","name":"Coulissants HST Vision &#8211; Alphacan","isPartOf":{"@id":"https:\/\/www.alphacan.com\/es\/#website"},"primaryImageOfPage":{"@id":"https:\/\/www.alphacan.com\/fr\/menuiseries-italie\/fermetures\/coulissants-hst-vision\/#primaryimage"},"image":{"@id":"https:\/\/www.alphacan.com\/fr\/menuiseries-italie\/fermetures\/coulissants-hst-vision\/#primaryimage"},"thumbnailUrl":"https:\/\/www.alphacan.com\/wp-content\/uploads\/2017\/11\/typologie-fabrication-hst-1024x227.jpg","datePublished":"2017-11-27T15:21:56+00:00","dateModified":"2018-04-27T12:40:42+00:00","description":"luminosit\u00e9 et clart\u00e9 Un syst\u00e8me particuli\u00e8rement adapt\u00e9 \u00e0 de larges ouvertures, il permet la cr\u00e9ation de grandes fen\u00eatres, id\u00e9ales pour les environnements","breadcrumb":{"@id":"https:\/\/www.alphacan.com\/fr\/menuiseries-italie\/fermetures\/coulissants-hst-vision\/#breadcrumb"},"inLanguage":"fr-FR","potentialAction":[{"@type":"ReadAction","target":["https:\/\/www.alphacan.com\/fr\/menuiseries-italie\/fermetures\/coulissants-hst-vision\/"]}]},{"@type":"ImageObject","inLanguage":"fr-FR","@id":"https:\/\/www.alphacan.com\/fr\/menuiseries-italie\/fermetures\/coulissants-hst-vision\/#primaryimage","url":"https:\/\/www.alphacan.com\/wp-content\/uploads\/2017\/11\/typologie-fabrication-hst-1024x227.jpg","contentUrl":"https:\/\/www.alphacan.com\/wp-content\/uploads\/2017\/11\/typologie-fabrication-hst-1024x227.jpg"},{"@type":"BreadcrumbList","@id":"https:\/\/www.alphacan.com\/fr\/menuiseries-italie\/fermetures\/coulissants-hst-vision\/#breadcrumb","itemListElement":[{"@type":"ListItem","position":1,"name":"Accueil","item":"https:\/\/www.alphacan.com\/fr\/"},{"@type":"ListItem","position":2,"name":"Menuiseries Italie","item":"https:\/\/www.alphacan.com\/fr\/menuiseries-italie\/"},{"@type":"ListItem","position":3,"name":"Fermetures","item":"https:\/\/www.alphacan.com\/fr\/menuiseries-italie\/fermetures\/"},{"@type":"ListItem","position":4,"name":"Coulissants HST Vision"}]},{"@type":"WebSite","@id":"https:\/\/www.alphacan.com\/es\/#website","url":"https:\/\/www.alphacan.com\/es\/","name":"Alphacan","description":"Concepteur Menuiseries","potentialAction":[{"@type":"SearchAction","target":{"@type":"EntryPoint","urlTemplate":"https:\/\/www.alphacan.com\/es\/?s={search_term_string}"},"query-input":{"@type":"PropertyValueSpecification","valueRequired":true,"valueName":"search_term_string"}}],"inLanguage":"fr-FR"}]}},"_links":{"self":[{"href":"https:\/\/www.alphacan.com\/fr\/wp-json\/wp\/v2\/pages\/2390","targetHints":{"allow":["GET"]}}],"collection":[{"href":"https:\/\/www.alphacan.com\/fr\/wp-json\/wp\/v2\/pages"}],"about":[{"href":"https:\/\/www.alphacan.com\/fr\/wp-json\/wp\/v2\/types\/page"}],"author":[{"embeddable":true,"href":"https:\/\/www.alphacan.com\/fr\/wp-json\/wp\/v2\/users\/559"}],"replies":[{"embeddable":true,"href":"https:\/\/www.alphacan.com\/fr\/wp-json\/wp\/v2\/comments?post=2390"}],"version-history":[{"count":5,"href":"https:\/\/www.alphacan.com\/fr\/wp-json\/wp\/v2\/pages\/2390\/revisions"}],"predecessor-version":[{"id":2695,"href":"https:\/\/www.alphacan.com\/fr\/wp-json\/wp\/v2\/pages\/2390\/revisions\/2695"}],"up":[{"embeddable":true,"href":"https:\/\/www.alphacan.com\/fr\/wp-json\/wp\/v2\/pages\/1916"}],"wp:attachment":[{"href":"https:\/\/www.alphacan.com\/fr\/wp-json\/wp\/v2\/media?parent=2390"}],"curies":[{"name":"wp","href":"https:\/\/api.w.org\/{rel}","templated":true}]}}