{"id":2392,"date":"2017-11-27T16:22:12","date_gmt":"2017-11-27T15:22:12","guid":{"rendered":"https:\/\/www.alphacan.com\/fr\/?page_id=2392"},"modified":"2019-04-17T12:35:49","modified_gmt":"2019-04-17T10:35:49","slug":"coulissants-inline","status":"publish","type":"page","link":"https:\/\/www.alphacan.com\/fr\/menuiseries-italie\/fermetures\/coulissants-inline\/","title":{"rendered":"Coulissants In&rsquo;Line"},"content":{"rendered":"<h2>DES BAIES POLYVALENTES<\/h2>\n<p>Un syst\u00e8me coulissant compact et polyvalent qui s&rsquo;adapte aux fen\u00eatres et aux portes fen\u00eatres.<\/p>\n<p>Il poss\u00e8de un espace modulaire et son m\u00e9canisme coulissant est en aluminium avec glissi\u00e8re haute.<\/p>\n<p>Le mod\u00e8le sp\u00e9cifique \u00e0 la fen\u00eatre dispose d&rsquo;une g\u00e9om\u00e9trie de ch\u00e2ssis qui peut \u00eatre adapt\u00e9e \u00e0 n&rsquo;importe qui type de ma\u00e7onnerie.<\/p>\n<p><a href=\"https:\/\/www.alphacan.com\/wp-content\/uploads\/2017\/11\/typologie-fabrication-in-line.jpg\"><img loading=\"lazy\" decoding=\"async\" class=\"alignleft  wp-image-2492\" src=\"https:\/\/www.alphacan.com\/wp-content\/uploads\/2017\/11\/typologie-fabrication-in-line-1024x130.jpg\" alt=\"\" width=\"859\" height=\"109\" srcset=\"https:\/\/www.alphacan.com\/wp-content\/uploads\/2017\/11\/typologie-fabrication-in-line-1024x130.jpg 1024w, https:\/\/www.alphacan.com\/wp-content\/uploads\/2017\/11\/typologie-fabrication-in-line-300x38.jpg 300w, https:\/\/www.alphacan.com\/wp-content\/uploads\/2017\/11\/typologie-fabrication-in-line-768x97.jpg 768w, https:\/\/www.alphacan.com\/wp-content\/uploads\/2017\/11\/typologie-fabrication-in-line.jpg 1491w\" sizes=\"auto, (max-width: 859px) 100vw, 859px\" \/><\/a><\/p>\n<p>&nbsp;<\/p>\n<p>&nbsp;<\/p>\n<p>&nbsp;<\/p>\n","protected":false},"excerpt":{"rendered":"<p>DES BAIES POLYVALENTES Un syst\u00e8me coulissant compact et polyvalent qui s&rsquo;adapte aux fen\u00eatres et aux portes fen\u00eatres. Il poss\u00e8de un espace modulaire et son m\u00e9canisme coulissant est en aluminium avec glissi\u00e8re haute. Le mod\u00e8le sp\u00e9cifique \u00e0 la fen\u00eatre dispose d&rsquo;une g\u00e9om\u00e9trie de ch\u00e2ssis qui peut \u00eatre adapt\u00e9e \u00e0 n&rsquo;importe qui type de ma\u00e7onnerie. &nbsp; &nbsp; [&hellip;]<\/p>\n","protected":false},"author":559,"featured_media":0,"parent":1916,"menu_order":0,"comment_status":"closed","ping_status":"closed","template":"","meta":{"_acf_changed":false,"footnotes":""},"class_list":["post-2392","page","type-page","status-publish","hentry"],"acf":[],"yoast_head":"<!-- This site is optimized with the Yoast SEO plugin v27.0 - https:\/\/yoast.com\/product\/yoast-seo-wordpress\/ -->\n<title>Coulissants In&#039;Line &#8211; Alphacan<\/title>\n<meta name=\"description\" content=\"DES BAIES POLYVALENTES Un syst\u00e8me coulissant compact et polyvalent qui s&#039;adapte aux fen\u00eatres et aux portes fen\u00eatres. Il poss\u00e8de un espace modulaire et son\" \/>\n<meta name=\"robots\" content=\"index, follow, max-snippet:-1, max-image-preview:large, max-video-preview:-1\" \/>\n<link rel=\"canonical\" href=\"https:\/\/www.alphacan.com\/fr\/menuiseries-italie\/fermetures\/coulissants-inline\/\" \/>\n<meta property=\"og:locale\" content=\"fr_FR\" \/>\n<meta property=\"og:type\" content=\"article\" \/>\n<meta property=\"og:title\" content=\"Coulissants In&#039;Line &#8211; Alphacan\" \/>\n<meta property=\"og:description\" content=\"DES BAIES POLYVALENTES Un syst\u00e8me coulissant compact et polyvalent qui s&#039;adapte aux fen\u00eatres et aux portes fen\u00eatres. Il poss\u00e8de un espace modulaire et son\" \/>\n<meta property=\"og:url\" content=\"https:\/\/www.alphacan.com\/fr\/menuiseries-italie\/fermetures\/coulissants-inline\/\" \/>\n<meta property=\"og:site_name\" content=\"Alphacan\" \/>\n<meta property=\"article:modified_time\" content=\"2019-04-17T10:35:49+00:00\" \/>\n<meta property=\"og:image\" content=\"https:\/\/www.alphacan.com\/wp-content\/uploads\/2017\/11\/typologie-fabrication-in-line-1024x130.jpg\" \/>\n<meta name=\"twitter:card\" content=\"summary_large_image\" \/>\n<script type=\"application\/ld+json\" class=\"yoast-schema-graph\">{\"@context\":\"https:\/\/schema.org\",\"@graph\":[{\"@type\":\"WebPage\",\"@id\":\"https:\/\/www.alphacan.com\/fr\/menuiseries-italie\/fermetures\/coulissants-inline\/\",\"url\":\"https:\/\/www.alphacan.com\/fr\/menuiseries-italie\/fermetures\/coulissants-inline\/\",\"name\":\"Coulissants In'Line &#8211; Alphacan\",\"isPartOf\":{\"@id\":\"https:\/\/www.alphacan.com\/es\/#website\"},\"primaryImageOfPage\":{\"@id\":\"https:\/\/www.alphacan.com\/fr\/menuiseries-italie\/fermetures\/coulissants-inline\/#primaryimage\"},\"image\":{\"@id\":\"https:\/\/www.alphacan.com\/fr\/menuiseries-italie\/fermetures\/coulissants-inline\/#primaryimage\"},\"thumbnailUrl\":\"https:\/\/www.alphacan.com\/wp-content\/uploads\/2017\/11\/typologie-fabrication-in-line-1024x130.jpg\",\"datePublished\":\"2017-11-27T15:22:12+00:00\",\"dateModified\":\"2019-04-17T10:35:49+00:00\",\"description\":\"DES BAIES POLYVALENTES Un syst\u00e8me coulissant compact et polyvalent qui s'adapte aux fen\u00eatres et aux portes fen\u00eatres. Il poss\u00e8de un espace modulaire et son\",\"breadcrumb\":{\"@id\":\"https:\/\/www.alphacan.com\/fr\/menuiseries-italie\/fermetures\/coulissants-inline\/#breadcrumb\"},\"inLanguage\":\"fr-FR\",\"potentialAction\":[{\"@type\":\"ReadAction\",\"target\":[\"https:\/\/www.alphacan.com\/fr\/menuiseries-italie\/fermetures\/coulissants-inline\/\"]}]},{\"@type\":\"ImageObject\",\"inLanguage\":\"fr-FR\",\"@id\":\"https:\/\/www.alphacan.com\/fr\/menuiseries-italie\/fermetures\/coulissants-inline\/#primaryimage\",\"url\":\"https:\/\/www.alphacan.com\/wp-content\/uploads\/2017\/11\/typologie-fabrication-in-line-1024x130.jpg\",\"contentUrl\":\"https:\/\/www.alphacan.com\/wp-content\/uploads\/2017\/11\/typologie-fabrication-in-line-1024x130.jpg\"},{\"@type\":\"BreadcrumbList\",\"@id\":\"https:\/\/www.alphacan.com\/fr\/menuiseries-italie\/fermetures\/coulissants-inline\/#breadcrumb\",\"itemListElement\":[{\"@type\":\"ListItem\",\"position\":1,\"name\":\"Accueil\",\"item\":\"https:\/\/www.alphacan.com\/fr\/\"},{\"@type\":\"ListItem\",\"position\":2,\"name\":\"Menuiseries Italie\",\"item\":\"https:\/\/www.alphacan.com\/fr\/menuiseries-italie\/\"},{\"@type\":\"ListItem\",\"position\":3,\"name\":\"Fermetures\",\"item\":\"https:\/\/www.alphacan.com\/fr\/menuiseries-italie\/fermetures\/\"},{\"@type\":\"ListItem\",\"position\":4,\"name\":\"Coulissants In&#8217;Line\"}]},{\"@type\":\"WebSite\",\"@id\":\"https:\/\/www.alphacan.com\/es\/#website\",\"url\":\"https:\/\/www.alphacan.com\/es\/\",\"name\":\"Alphacan\",\"description\":\"Concepteur Menuiseries\",\"potentialAction\":[{\"@type\":\"SearchAction\",\"target\":{\"@type\":\"EntryPoint\",\"urlTemplate\":\"https:\/\/www.alphacan.com\/es\/?s={search_term_string}\"},\"query-input\":{\"@type\":\"PropertyValueSpecification\",\"valueRequired\":true,\"valueName\":\"search_term_string\"}}],\"inLanguage\":\"fr-FR\"}]}<\/script>\n<!-- \/ Yoast SEO plugin. -->","yoast_head_json":{"title":"Coulissants In'Line &#8211; Alphacan","description":"DES BAIES POLYVALENTES Un syst\u00e8me coulissant compact et polyvalent qui s'adapte aux fen\u00eatres et aux portes fen\u00eatres. Il poss\u00e8de un espace modulaire et son","robots":{"index":"index","follow":"follow","max-snippet":"max-snippet:-1","max-image-preview":"max-image-preview:large","max-video-preview":"max-video-preview:-1"},"canonical":"https:\/\/www.alphacan.com\/fr\/menuiseries-italie\/fermetures\/coulissants-inline\/","og_locale":"fr_FR","og_type":"article","og_title":"Coulissants In'Line &#8211; Alphacan","og_description":"DES BAIES POLYVALENTES Un syst\u00e8me coulissant compact et polyvalent qui s'adapte aux fen\u00eatres et aux portes fen\u00eatres. Il poss\u00e8de un espace modulaire et son","og_url":"https:\/\/www.alphacan.com\/fr\/menuiseries-italie\/fermetures\/coulissants-inline\/","og_site_name":"Alphacan","article_modified_time":"2019-04-17T10:35:49+00:00","og_image":[{"url":"https:\/\/www.alphacan.com\/wp-content\/uploads\/2017\/11\/typologie-fabrication-in-line-1024x130.jpg","type":"","width":"","height":""}],"twitter_card":"summary_large_image","schema":{"@context":"https:\/\/schema.org","@graph":[{"@type":"WebPage","@id":"https:\/\/www.alphacan.com\/fr\/menuiseries-italie\/fermetures\/coulissants-inline\/","url":"https:\/\/www.alphacan.com\/fr\/menuiseries-italie\/fermetures\/coulissants-inline\/","name":"Coulissants In'Line &#8211; Alphacan","isPartOf":{"@id":"https:\/\/www.alphacan.com\/es\/#website"},"primaryImageOfPage":{"@id":"https:\/\/www.alphacan.com\/fr\/menuiseries-italie\/fermetures\/coulissants-inline\/#primaryimage"},"image":{"@id":"https:\/\/www.alphacan.com\/fr\/menuiseries-italie\/fermetures\/coulissants-inline\/#primaryimage"},"thumbnailUrl":"https:\/\/www.alphacan.com\/wp-content\/uploads\/2017\/11\/typologie-fabrication-in-line-1024x130.jpg","datePublished":"2017-11-27T15:22:12+00:00","dateModified":"2019-04-17T10:35:49+00:00","description":"DES BAIES POLYVALENTES Un syst\u00e8me coulissant compact et polyvalent qui s'adapte aux fen\u00eatres et aux portes fen\u00eatres. Il poss\u00e8de un espace modulaire et son","breadcrumb":{"@id":"https:\/\/www.alphacan.com\/fr\/menuiseries-italie\/fermetures\/coulissants-inline\/#breadcrumb"},"inLanguage":"fr-FR","potentialAction":[{"@type":"ReadAction","target":["https:\/\/www.alphacan.com\/fr\/menuiseries-italie\/fermetures\/coulissants-inline\/"]}]},{"@type":"ImageObject","inLanguage":"fr-FR","@id":"https:\/\/www.alphacan.com\/fr\/menuiseries-italie\/fermetures\/coulissants-inline\/#primaryimage","url":"https:\/\/www.alphacan.com\/wp-content\/uploads\/2017\/11\/typologie-fabrication-in-line-1024x130.jpg","contentUrl":"https:\/\/www.alphacan.com\/wp-content\/uploads\/2017\/11\/typologie-fabrication-in-line-1024x130.jpg"},{"@type":"BreadcrumbList","@id":"https:\/\/www.alphacan.com\/fr\/menuiseries-italie\/fermetures\/coulissants-inline\/#breadcrumb","itemListElement":[{"@type":"ListItem","position":1,"name":"Accueil","item":"https:\/\/www.alphacan.com\/fr\/"},{"@type":"ListItem","position":2,"name":"Menuiseries Italie","item":"https:\/\/www.alphacan.com\/fr\/menuiseries-italie\/"},{"@type":"ListItem","position":3,"name":"Fermetures","item":"https:\/\/www.alphacan.com\/fr\/menuiseries-italie\/fermetures\/"},{"@type":"ListItem","position":4,"name":"Coulissants In&#8217;Line"}]},{"@type":"WebSite","@id":"https:\/\/www.alphacan.com\/es\/#website","url":"https:\/\/www.alphacan.com\/es\/","name":"Alphacan","description":"Concepteur Menuiseries","potentialAction":[{"@type":"SearchAction","target":{"@type":"EntryPoint","urlTemplate":"https:\/\/www.alphacan.com\/es\/?s={search_term_string}"},"query-input":{"@type":"PropertyValueSpecification","valueRequired":true,"valueName":"search_term_string"}}],"inLanguage":"fr-FR"}]}},"_links":{"self":[{"href":"https:\/\/www.alphacan.com\/fr\/wp-json\/wp\/v2\/pages\/2392","targetHints":{"allow":["GET"]}}],"collection":[{"href":"https:\/\/www.alphacan.com\/fr\/wp-json\/wp\/v2\/pages"}],"about":[{"href":"https:\/\/www.alphacan.com\/fr\/wp-json\/wp\/v2\/types\/page"}],"author":[{"embeddable":true,"href":"https:\/\/www.alphacan.com\/fr\/wp-json\/wp\/v2\/users\/559"}],"replies":[{"embeddable":true,"href":"https:\/\/www.alphacan.com\/fr\/wp-json\/wp\/v2\/comments?post=2392"}],"version-history":[{"count":5,"href":"https:\/\/www.alphacan.com\/fr\/wp-json\/wp\/v2\/pages\/2392\/revisions"}],"predecessor-version":[{"id":6429,"href":"https:\/\/www.alphacan.com\/fr\/wp-json\/wp\/v2\/pages\/2392\/revisions\/6429"}],"up":[{"embeddable":true,"href":"https:\/\/www.alphacan.com\/fr\/wp-json\/wp\/v2\/pages\/1916"}],"wp:attachment":[{"href":"https:\/\/www.alphacan.com\/fr\/wp-json\/wp\/v2\/media?parent=2392"}],"curies":[{"name":"wp","href":"https:\/\/api.w.org\/{rel}","templated":true}]}}