{"id":24,"date":"2015-06-12T11:09:37","date_gmt":"2015-06-12T10:09:37","guid":{"rendered":"http:\/\/www.alphacan.com\/?page_id=24"},"modified":"2024-05-31T17:28:07","modified_gmt":"2024-05-31T15:28:07","slug":"mentions-legales","status":"publish","type":"page","link":"https:\/\/www.alphacan.com\/fr\/mentions-legales\/","title":{"rendered":"Mentions L\u00e9gales"},"content":{"rendered":"<p>Bienvenue sur le site alphacan.com qui pr\u00e9sente la gamme de nos profil\u00e9s.<br \/>\nEn visitant ce site, vous en acceptez implicitement les conditions g\u00e9n\u00e9rales d&rsquo;utilisation.<br \/>\nLes pr\u00e9sentes conditions peuvent \u00eatre amen\u00e9es \u00e0 changer, nous vous invitons \u00e0 les consulter r\u00e9guli\u00e8rement afin de rester inform\u00e9 des modifications.<br \/>\n\u00a0<\/p>\n<h3>\nSoci\u00e9t\u00e9 \u00e9ditrice du site<\/h3>\n<p>\nAlphacan S.A.S<br \/>\nSoci\u00e9t\u00e9 par actions simplifi\u00e9e au capital de 6\u00a0810 000\u00a0\u20ac<br \/>\nRCS Le Mans\u00a0309 745 891\u00a0<br \/>\nZI de l\u2019Aubr\u00e9e<br \/>\n72300 Sabl\u00e9-sur-Sarthe<br \/>\nFRANCE<br \/>\n+33 (0) 2 43 62 48 48<br \/>\nDirecteur de publication : Olivier Leplingard<\/p>\n<h3>\nH\u00e9bergeur<\/h3>\n<p>\nSoci\u00e9t\u00e9 Symbioseo<br \/>\n5 rue de la mine<br \/>\n68500 Berrwiller<br \/>\nFrance<br \/>\nSIRET 53310168900016<\/p>\n<h3>\nR\u00e9alisation<\/h3>\n<p>\nGraphisme:\u00a0<a href=\"http:\/\/www.onthewave.fr\" target=\"_blank\" rel=\"noopener noreferrer\">AGENCE ON THE WAVE<\/a><br \/>\nProduction:\u00a0<a href=\"http:\/\/www.symbioseo.fr\" target=\"_blank\" rel=\"noopener noreferrer\">AGENCE SYMBIOSEO<\/a><\/p>\n<h3>\nContenu<\/h3>\n<p>\nCe site fournit des informations \u00e0 titre indicatif uniquement. Ces informations ne rev\u00eatent aucun caract\u00e8re contractuel.<br \/>\nLa soci\u00e9t\u00e9 ALPHACAN ne donne aucune garantie quant \u00e0 l\u2019exactitude, l\u2019exhaustivit\u00e9 ou la mise \u00e0 jour des informations contenues sur ce site.\u00a0<br \/>\nLa soci\u00e9t\u00e9 ALPHACAN ne saurait \u00eatre tenu pour responsable des \u00e9ventuelles erreurs et\/ou omissions, d\u2019une absence de disponibilit\u00e9 des informations, d\u2019un manque de mise \u00e0 jour des informations et\/ou de la pr\u00e9sence de virus sur son site.<br \/>\nEn cons\u00e9quence, vous reconnaissez utiliser ces informations sous votre responsabilit\u00e9 exclusive, La soci\u00e9t\u00e9 ALPHACAN ne saurait \u00eatre tenu responsable des dommages directs ou indirects qui pourraient d\u00e9couler de l\u2019usage de ces informations.<br \/>\nLa soci\u00e9t\u00e9 ALPHACAN peut \u00e0 tout moment et sans pr\u00e9avis proc\u00e9der \u00e0 des modifications sur ce site et sur les pr\u00e9sentes conditions d\u2019utilisation.<\/p>\n<h3>\nUtilisation des donn\u00e9es nominatives<\/h3>\n<p>\nLes donn\u00e9es personnelles que nous pourrions \u00eatre amen\u00e9s \u00e0 recueillir sont exclusivement destin\u00e9es \u00e0 la soci\u00e9t\u00e9 ALPHACAN. Elles ne seront en aucun cas c\u00e9d\u00e9es \u00e0 des tiers.<\/p>\n<h3>\nAcc\u00e8s \u00e0 vos donn\u00e9es nominatives<\/h3>\n<p>\nConform\u00e9ment \u00e0 la loi Informatique et Libert\u00e9 du 6 janvier 1978, vous disposez d&rsquo;un droit d&rsquo;acc\u00e8s, de modification, de rectification et de suppression de vos donn\u00e9es personnelles (Art. 39 et 40 de la loi \u00ab Informatique et Libert\u00e9s \u00bb).<br \/>\nPour exercer ce droit, vous pouvez vous adresser \u00e0 :<\/p>\n<p>Alphacan S.A.S<br \/>\nZI de l\u2019Aubr\u00e9e<br \/>\n72300 Sabl\u00e9-sur-Sarthe<\/p>\n<h3>\nPropri\u00e9t\u00e9 Intellectuelle<\/h3>\n<p>\nAlphacan est propri\u00e9taire ou a l\u2019autorisation d\u2019exploiter toutes les informations ainsi que tous les \u00e9l\u00e9ments pr\u00e9sents sur ce site (textes, photos, images et sons) soumis aux lois prot\u00e9geant le droit d&rsquo;auteur. Les copies de tout ou partie de ces informations et \u00e9l\u00e9ments ne peuvent \u00eatre faites qu&rsquo;\u00e0 titre d&rsquo;information et exclusivement dans le cadre d\u2019un usage strictement priv\u00e9. Toute reproduction, repr\u00e9sentation, adaptation, traduction et\/ou transformation de tout ou partie de ces informations et \u00e9l\u00e9ments \u00e0 d&rsquo;autres fins est interdite. Aucune licence, ni aucun droit autre que celui de consulter le site ainsi que les informations et \u00e9l\u00e9ments qu\u2019il contient, n&rsquo;est conf\u00e9r\u00e9e \u00e0 quiconque au regard des droits de propri\u00e9t\u00e9 intellectuelle.<\/p>\n<h3>INDEX relatif \u00e0 l\u2019\u00e9galit\u00e9 professionnelle homme\/femme au sein de Alphacan<\/h3>\n<p>Pour l\u2019ann\u00e9e 2023, l\u2019index de l\u2019\u00e9galit\u00e9 professionnelle femmes-hommes pour l\u2019ann\u00e9e de l\u2019ann\u00e9e 2024 au titre des donn\u00e9es 2023 n\u2019est pas calculable en raison de la sous-repr\u00e9sentation de certaines cat\u00e9gories.<br \/>\nPour les indicateurs calculables, la soci\u00e9t\u00e9 obtient 50 points sur les 60 pouvant \u00eatre obtenus.<\/p>\n<h3>\nCr\u00e9dits photos<\/h3>\n<p>\nistockphoto<\/p>\n","protected":false},"excerpt":{"rendered":"<p>Bienvenue sur le site alphacan.com qui pr\u00e9sente la gamme de nos profil\u00e9s. En visitant ce site, vous en acceptez implicitement les conditions g\u00e9n\u00e9rales d&rsquo;utilisation. Les pr\u00e9sentes conditions peuvent \u00eatre amen\u00e9es \u00e0 changer, nous vous invitons \u00e0 les consulter r\u00e9guli\u00e8rement afin de rester inform\u00e9 des modifications. \u00a0 Soci\u00e9t\u00e9 \u00e9ditrice du site Alphacan S.A.S Soci\u00e9t\u00e9 par actions [&hellip;]<\/p>\n","protected":false},"author":559,"featured_media":0,"parent":0,"menu_order":0,"comment_status":"open","ping_status":"open","template":"","meta":{"_acf_changed":false,"footnotes":""},"class_list":["post-24","page","type-page","status-publish","hentry"],"acf":[],"yoast_head":"<!-- This site is optimized with the Yoast SEO plugin v27.0 - https:\/\/yoast.com\/product\/yoast-seo-wordpress\/ -->\n<title>Mentions L\u00e9gales &#8211; Alphacan<\/title>\n<meta name=\"description\" content=\"Bienvenue sur le site alphacan.com qui pr\u00e9sente la gamme de nos profil\u00e9s. En visitant ce site, vous en acceptez implicitement les conditions g\u00e9n\u00e9rales\" \/>\n<meta name=\"robots\" content=\"index, follow, max-snippet:-1, max-image-preview:large, max-video-preview:-1\" \/>\n<link rel=\"canonical\" href=\"https:\/\/www.alphacan.com\/fr\/mentions-legales\/\" \/>\n<meta property=\"og:locale\" content=\"fr_FR\" \/>\n<meta property=\"og:type\" content=\"article\" \/>\n<meta property=\"og:title\" content=\"Mentions L\u00e9gales &#8211; Alphacan\" \/>\n<meta property=\"og:description\" content=\"Bienvenue sur le site alphacan.com qui pr\u00e9sente la gamme de nos profil\u00e9s. En visitant ce site, vous en acceptez implicitement les conditions g\u00e9n\u00e9rales\" \/>\n<meta property=\"og:url\" content=\"https:\/\/www.alphacan.com\/fr\/mentions-legales\/\" \/>\n<meta property=\"og:site_name\" content=\"Alphacan\" \/>\n<meta property=\"article:modified_time\" content=\"2024-05-31T15:28:07+00:00\" \/>\n<meta name=\"twitter:card\" content=\"summary_large_image\" \/>\n<meta name=\"twitter:label1\" content=\"Dur\u00e9e de lecture estim\u00e9e\" \/>\n\t<meta name=\"twitter:data1\" content=\"3 minutes\" \/>\n<script type=\"application\/ld+json\" class=\"yoast-schema-graph\">{\"@context\":\"https:\/\/schema.org\",\"@graph\":[{\"@type\":\"WebPage\",\"@id\":\"https:\/\/www.alphacan.com\/fr\/mentions-legales\/\",\"url\":\"https:\/\/www.alphacan.com\/fr\/mentions-legales\/\",\"name\":\"Mentions L\u00e9gales &#8211; Alphacan\",\"isPartOf\":{\"@id\":\"https:\/\/www.alphacan.com\/es\/#website\"},\"datePublished\":\"2015-06-12T10:09:37+00:00\",\"dateModified\":\"2024-05-31T15:28:07+00:00\",\"description\":\"Bienvenue sur le site alphacan.com qui pr\u00e9sente la gamme de nos profil\u00e9s. En visitant ce site, vous en acceptez implicitement les conditions g\u00e9n\u00e9rales\",\"breadcrumb\":{\"@id\":\"https:\/\/www.alphacan.com\/fr\/mentions-legales\/#breadcrumb\"},\"inLanguage\":\"fr-FR\",\"potentialAction\":[{\"@type\":\"ReadAction\",\"target\":[\"https:\/\/www.alphacan.com\/fr\/mentions-legales\/\"]}]},{\"@type\":\"BreadcrumbList\",\"@id\":\"https:\/\/www.alphacan.com\/fr\/mentions-legales\/#breadcrumb\",\"itemListElement\":[{\"@type\":\"ListItem\",\"position\":1,\"name\":\"Accueil\",\"item\":\"https:\/\/www.alphacan.com\/fr\/\"},{\"@type\":\"ListItem\",\"position\":2,\"name\":\"Mentions L\u00e9gales\"}]},{\"@type\":\"WebSite\",\"@id\":\"https:\/\/www.alphacan.com\/es\/#website\",\"url\":\"https:\/\/www.alphacan.com\/es\/\",\"name\":\"Alphacan\",\"description\":\"Concepteur Menuiseries\",\"potentialAction\":[{\"@type\":\"SearchAction\",\"target\":{\"@type\":\"EntryPoint\",\"urlTemplate\":\"https:\/\/www.alphacan.com\/es\/?s={search_term_string}\"},\"query-input\":{\"@type\":\"PropertyValueSpecification\",\"valueRequired\":true,\"valueName\":\"search_term_string\"}}],\"inLanguage\":\"fr-FR\"}]}<\/script>\n<!-- \/ Yoast SEO plugin. -->","yoast_head_json":{"title":"Mentions L\u00e9gales &#8211; Alphacan","description":"Bienvenue sur le site alphacan.com qui pr\u00e9sente la gamme de nos profil\u00e9s. En visitant ce site, vous en acceptez implicitement les conditions g\u00e9n\u00e9rales","robots":{"index":"index","follow":"follow","max-snippet":"max-snippet:-1","max-image-preview":"max-image-preview:large","max-video-preview":"max-video-preview:-1"},"canonical":"https:\/\/www.alphacan.com\/fr\/mentions-legales\/","og_locale":"fr_FR","og_type":"article","og_title":"Mentions L\u00e9gales &#8211; Alphacan","og_description":"Bienvenue sur le site alphacan.com qui pr\u00e9sente la gamme de nos profil\u00e9s. En visitant ce site, vous en acceptez implicitement les conditions g\u00e9n\u00e9rales","og_url":"https:\/\/www.alphacan.com\/fr\/mentions-legales\/","og_site_name":"Alphacan","article_modified_time":"2024-05-31T15:28:07+00:00","twitter_card":"summary_large_image","twitter_misc":{"Dur\u00e9e de lecture estim\u00e9e":"3 minutes"},"schema":{"@context":"https:\/\/schema.org","@graph":[{"@type":"WebPage","@id":"https:\/\/www.alphacan.com\/fr\/mentions-legales\/","url":"https:\/\/www.alphacan.com\/fr\/mentions-legales\/","name":"Mentions L\u00e9gales &#8211; Alphacan","isPartOf":{"@id":"https:\/\/www.alphacan.com\/es\/#website"},"datePublished":"2015-06-12T10:09:37+00:00","dateModified":"2024-05-31T15:28:07+00:00","description":"Bienvenue sur le site alphacan.com qui pr\u00e9sente la gamme de nos profil\u00e9s. En visitant ce site, vous en acceptez implicitement les conditions g\u00e9n\u00e9rales","breadcrumb":{"@id":"https:\/\/www.alphacan.com\/fr\/mentions-legales\/#breadcrumb"},"inLanguage":"fr-FR","potentialAction":[{"@type":"ReadAction","target":["https:\/\/www.alphacan.com\/fr\/mentions-legales\/"]}]},{"@type":"BreadcrumbList","@id":"https:\/\/www.alphacan.com\/fr\/mentions-legales\/#breadcrumb","itemListElement":[{"@type":"ListItem","position":1,"name":"Accueil","item":"https:\/\/www.alphacan.com\/fr\/"},{"@type":"ListItem","position":2,"name":"Mentions L\u00e9gales"}]},{"@type":"WebSite","@id":"https:\/\/www.alphacan.com\/es\/#website","url":"https:\/\/www.alphacan.com\/es\/","name":"Alphacan","description":"Concepteur Menuiseries","potentialAction":[{"@type":"SearchAction","target":{"@type":"EntryPoint","urlTemplate":"https:\/\/www.alphacan.com\/es\/?s={search_term_string}"},"query-input":{"@type":"PropertyValueSpecification","valueRequired":true,"valueName":"search_term_string"}}],"inLanguage":"fr-FR"}]}},"_links":{"self":[{"href":"https:\/\/www.alphacan.com\/fr\/wp-json\/wp\/v2\/pages\/24","targetHints":{"allow":["GET"]}}],"collection":[{"href":"https:\/\/www.alphacan.com\/fr\/wp-json\/wp\/v2\/pages"}],"about":[{"href":"https:\/\/www.alphacan.com\/fr\/wp-json\/wp\/v2\/types\/page"}],"author":[{"embeddable":true,"href":"https:\/\/www.alphacan.com\/fr\/wp-json\/wp\/v2\/users\/559"}],"replies":[{"embeddable":true,"href":"https:\/\/www.alphacan.com\/fr\/wp-json\/wp\/v2\/comments?post=24"}],"version-history":[{"count":5,"href":"https:\/\/www.alphacan.com\/fr\/wp-json\/wp\/v2\/pages\/24\/revisions"}],"predecessor-version":[{"id":7522,"href":"https:\/\/www.alphacan.com\/fr\/wp-json\/wp\/v2\/pages\/24\/revisions\/7522"}],"wp:attachment":[{"href":"https:\/\/www.alphacan.com\/fr\/wp-json\/wp\/v2\/media?parent=24"}],"curies":[{"name":"wp","href":"https:\/\/api.w.org\/{rel}","templated":true}]}}