{"id":3052,"date":"2018-05-15T08:31:01","date_gmt":"2018-05-15T06:31:01","guid":{"rendered":"https:\/\/www.alphacan.com\/?page_id=3052"},"modified":"2025-09-23T16:09:42","modified_gmt":"2025-09-23T14:09:42","slug":"espace-prescripteurs","status":"publish","type":"page","link":"https:\/\/www.alphacan.com\/fr\/espace-prescripteurs\/","title":{"rendered":"Espace Pro Prescription"},"content":{"rendered":"<p>Alphacan vous accompagne dans la prescription de ses produits \u00e0 travers le BIM, utilis\u00e9 quotidiennement par les acteurs de la construction.<\/p>\n<p><a href=\"http:\/\/www.bimobject.com\/fr\/alphacan\" target=\"_blank\" rel=\"noopener noreferrer\">D\u00e9couvrez les produits Alphacan en acc\u00e9dant au BIM<\/a><\/p>\n<p><iframe loading=\"lazy\" src=\"https:\/\/www.youtube.com\/embed\/lBf_QhZ84Ww?rel=0\" width=\"560\" height=\"315\" frameborder=\"0\" allowfullscreen=\"allowfullscreen\"><\/iframe><\/p>\n<p>Gr\u00e2ce \u00e0 son\u00a0service int\u00e9gr\u00e9 de prescription, Alphacan est au plus pr\u00e8s des Architectes, Economistes de la construction ou Ma\u00eetres d\u2019\u0153uvre pour leur pr\u00e9senter ses diff\u00e9rentes gammes.<\/p>\n<p>Cette d\u00e9marche permet aux clients de se positionner sur des projets sp\u00e9cifiques initi\u00e9s par ces m\u00eames acteurs.<\/p>\n","protected":false},"excerpt":{"rendered":"<p>Alphacan vous accompagne dans la prescription de ses produits \u00e0 travers le BIM, utilis\u00e9 quotidiennement par les acteurs de la construction. D\u00e9couvrez les produits Alphacan en acc\u00e9dant au BIM Gr\u00e2ce \u00e0 son\u00a0service int\u00e9gr\u00e9 de prescription, Alphacan est au plus pr\u00e8s des Architectes, Economistes de la construction ou Ma\u00eetres d\u2019\u0153uvre pour leur pr\u00e9senter ses diff\u00e9rentes gammes. [&hellip;]<\/p>\n","protected":false},"author":559,"featured_media":0,"parent":0,"menu_order":0,"comment_status":"closed","ping_status":"closed","template":"page-pro.php","meta":{"_acf_changed":false,"footnotes":""},"class_list":["post-3052","page","type-page","status-publish","hentry"],"acf":[],"yoast_head":"<!-- This site is optimized with the Yoast SEO plugin v27.0 - https:\/\/yoast.com\/product\/yoast-seo-wordpress\/ -->\n<title>Espace Pro Prescription &#8211; Alphacan<\/title>\n<meta name=\"description\" content=\"Alphacan vous accompagne dans la prescription de ses produits \u00e0 travers le BIM, utilis\u00e9 quotidiennement par les acteurs de la construction. D\u00e9couvrez les\" \/>\n<meta name=\"robots\" content=\"index, follow, max-snippet:-1, max-image-preview:large, max-video-preview:-1\" \/>\n<link rel=\"canonical\" href=\"https:\/\/www.alphacan.com\/fr\/espace-prescripteurs\/\" \/>\n<meta property=\"og:locale\" content=\"fr_FR\" \/>\n<meta property=\"og:type\" content=\"article\" \/>\n<meta property=\"og:title\" content=\"Espace Pro Prescription &#8211; Alphacan\" \/>\n<meta property=\"og:description\" content=\"Alphacan vous accompagne dans la prescription de ses produits \u00e0 travers le BIM, utilis\u00e9 quotidiennement par les acteurs de la construction. D\u00e9couvrez les\" \/>\n<meta property=\"og:url\" content=\"https:\/\/www.alphacan.com\/fr\/espace-prescripteurs\/\" \/>\n<meta property=\"og:site_name\" content=\"Alphacan\" \/>\n<meta property=\"article:modified_time\" content=\"2025-09-23T14:09:42+00:00\" \/>\n<meta name=\"twitter:card\" content=\"summary_large_image\" \/>\n<meta name=\"twitter:label1\" content=\"Dur\u00e9e de lecture estim\u00e9e\" \/>\n\t<meta name=\"twitter:data1\" content=\"1 minute\" \/>\n<script type=\"application\/ld+json\" class=\"yoast-schema-graph\">{\"@context\":\"https:\/\/schema.org\",\"@graph\":[{\"@type\":\"WebPage\",\"@id\":\"https:\/\/www.alphacan.com\/fr\/espace-prescripteurs\/\",\"url\":\"https:\/\/www.alphacan.com\/fr\/espace-prescripteurs\/\",\"name\":\"Espace Pro Prescription &#8211; Alphacan\",\"isPartOf\":{\"@id\":\"https:\/\/www.alphacan.com\/es\/#website\"},\"datePublished\":\"2018-05-15T06:31:01+00:00\",\"dateModified\":\"2025-09-23T14:09:42+00:00\",\"description\":\"Alphacan vous accompagne dans la prescription de ses produits \u00e0 travers le BIM, utilis\u00e9 quotidiennement par les acteurs de la construction. D\u00e9couvrez les\",\"breadcrumb\":{\"@id\":\"https:\/\/www.alphacan.com\/fr\/espace-prescripteurs\/#breadcrumb\"},\"inLanguage\":\"fr-FR\",\"potentialAction\":[{\"@type\":\"ReadAction\",\"target\":[\"https:\/\/www.alphacan.com\/fr\/espace-prescripteurs\/\"]}]},{\"@type\":\"BreadcrumbList\",\"@id\":\"https:\/\/www.alphacan.com\/fr\/espace-prescripteurs\/#breadcrumb\",\"itemListElement\":[{\"@type\":\"ListItem\",\"position\":1,\"name\":\"Accueil\",\"item\":\"https:\/\/www.alphacan.com\/fr\/\"},{\"@type\":\"ListItem\",\"position\":2,\"name\":\"Espace Pro Prescription\"}]},{\"@type\":\"WebSite\",\"@id\":\"https:\/\/www.alphacan.com\/es\/#website\",\"url\":\"https:\/\/www.alphacan.com\/es\/\",\"name\":\"Alphacan\",\"description\":\"Concepteur Menuiseries\",\"potentialAction\":[{\"@type\":\"SearchAction\",\"target\":{\"@type\":\"EntryPoint\",\"urlTemplate\":\"https:\/\/www.alphacan.com\/es\/?s={search_term_string}\"},\"query-input\":{\"@type\":\"PropertyValueSpecification\",\"valueRequired\":true,\"valueName\":\"search_term_string\"}}],\"inLanguage\":\"fr-FR\"}]}<\/script>\n<!-- \/ Yoast SEO plugin. -->","yoast_head_json":{"title":"Espace Pro Prescription &#8211; Alphacan","description":"Alphacan vous accompagne dans la prescription de ses produits \u00e0 travers le BIM, utilis\u00e9 quotidiennement par les acteurs de la construction. D\u00e9couvrez les","robots":{"index":"index","follow":"follow","max-snippet":"max-snippet:-1","max-image-preview":"max-image-preview:large","max-video-preview":"max-video-preview:-1"},"canonical":"https:\/\/www.alphacan.com\/fr\/espace-prescripteurs\/","og_locale":"fr_FR","og_type":"article","og_title":"Espace Pro Prescription &#8211; Alphacan","og_description":"Alphacan vous accompagne dans la prescription de ses produits \u00e0 travers le BIM, utilis\u00e9 quotidiennement par les acteurs de la construction. D\u00e9couvrez les","og_url":"https:\/\/www.alphacan.com\/fr\/espace-prescripteurs\/","og_site_name":"Alphacan","article_modified_time":"2025-09-23T14:09:42+00:00","twitter_card":"summary_large_image","twitter_misc":{"Dur\u00e9e de lecture estim\u00e9e":"1 minute"},"schema":{"@context":"https:\/\/schema.org","@graph":[{"@type":"WebPage","@id":"https:\/\/www.alphacan.com\/fr\/espace-prescripteurs\/","url":"https:\/\/www.alphacan.com\/fr\/espace-prescripteurs\/","name":"Espace Pro Prescription &#8211; Alphacan","isPartOf":{"@id":"https:\/\/www.alphacan.com\/es\/#website"},"datePublished":"2018-05-15T06:31:01+00:00","dateModified":"2025-09-23T14:09:42+00:00","description":"Alphacan vous accompagne dans la prescription de ses produits \u00e0 travers le BIM, utilis\u00e9 quotidiennement par les acteurs de la construction. D\u00e9couvrez les","breadcrumb":{"@id":"https:\/\/www.alphacan.com\/fr\/espace-prescripteurs\/#breadcrumb"},"inLanguage":"fr-FR","potentialAction":[{"@type":"ReadAction","target":["https:\/\/www.alphacan.com\/fr\/espace-prescripteurs\/"]}]},{"@type":"BreadcrumbList","@id":"https:\/\/www.alphacan.com\/fr\/espace-prescripteurs\/#breadcrumb","itemListElement":[{"@type":"ListItem","position":1,"name":"Accueil","item":"https:\/\/www.alphacan.com\/fr\/"},{"@type":"ListItem","position":2,"name":"Espace Pro Prescription"}]},{"@type":"WebSite","@id":"https:\/\/www.alphacan.com\/es\/#website","url":"https:\/\/www.alphacan.com\/es\/","name":"Alphacan","description":"Concepteur Menuiseries","potentialAction":[{"@type":"SearchAction","target":{"@type":"EntryPoint","urlTemplate":"https:\/\/www.alphacan.com\/es\/?s={search_term_string}"},"query-input":{"@type":"PropertyValueSpecification","valueRequired":true,"valueName":"search_term_string"}}],"inLanguage":"fr-FR"}]}},"_links":{"self":[{"href":"https:\/\/www.alphacan.com\/fr\/wp-json\/wp\/v2\/pages\/3052","targetHints":{"allow":["GET"]}}],"collection":[{"href":"https:\/\/www.alphacan.com\/fr\/wp-json\/wp\/v2\/pages"}],"about":[{"href":"https:\/\/www.alphacan.com\/fr\/wp-json\/wp\/v2\/types\/page"}],"author":[{"embeddable":true,"href":"https:\/\/www.alphacan.com\/fr\/wp-json\/wp\/v2\/users\/559"}],"replies":[{"embeddable":true,"href":"https:\/\/www.alphacan.com\/fr\/wp-json\/wp\/v2\/comments?post=3052"}],"version-history":[{"count":5,"href":"https:\/\/www.alphacan.com\/fr\/wp-json\/wp\/v2\/pages\/3052\/revisions"}],"predecessor-version":[{"id":7704,"href":"https:\/\/www.alphacan.com\/fr\/wp-json\/wp\/v2\/pages\/3052\/revisions\/7704"}],"wp:attachment":[{"href":"https:\/\/www.alphacan.com\/fr\/wp-json\/wp\/v2\/media?parent=3052"}],"curies":[{"name":"wp","href":"https:\/\/api.w.org\/{rel}","templated":true}]}}