{"id":38,"date":"2015-06-12T14:02:19","date_gmt":"2015-06-12T13:02:19","guid":{"rendered":"http:\/\/www.alphacan.com\/?page_id=38"},"modified":"2023-01-27T15:05:35","modified_gmt":"2023-01-27T14:05:35","slug":"savoir-faire","status":"publish","type":"page","link":"https:\/\/www.alphacan.com\/fr\/expertise-2\/savoir-faire\/","title":{"rendered":"Savoir-Faire"},"content":{"rendered":"<h2>Profil\u00e9s PVC et solutions innovantes<\/h2>\n<p>Un savoir-faire incontournable, une expertise internationale et une capacit\u00e9 d\u2019innovation reconnue lui permettent d\u2019\u00eatre un acteur clef dans ses domaines d\u2019activit\u00e9.<\/p>\n<p>\nSupport\u00e9e par une \u00e9quipe d\u2019experts marketing et R&amp;D, la soci\u00e9t\u00e9 est capable de s\u2019adapter aux \u00e9volutions des march\u00e9s et de sa client\u00e8le, de proposer des am\u00e9liorations pertinentes et innovantes, gr\u00e2ce aux liens tiss\u00e9s tr\u00e8s en amont avec ses partenaires.<\/p>\n<p>Alphacan poss\u00e8de 5 usines en Europe :<\/p>\n","protected":false},"excerpt":{"rendered":"<p>Profil\u00e9s PVC et solutions innovantes Un savoir-faire incontournable, une expertise internationale et une capacit\u00e9 d\u2019innovation reconnue lui permettent d\u2019\u00eatre un acteur clef dans ses domaines d\u2019activit\u00e9. Support\u00e9e par une \u00e9quipe d\u2019experts marketing et R&amp;D, la soci\u00e9t\u00e9 est capable de s\u2019adapter aux \u00e9volutions des march\u00e9s et de sa client\u00e8le, de proposer des am\u00e9liorations pertinentes et innovantes, [&hellip;]<\/p>\n","protected":false},"author":559,"featured_media":1064,"parent":9,"menu_order":1,"comment_status":"open","ping_status":"closed","template":"page-about.php","meta":{"_acf_changed":false,"footnotes":""},"class_list":["post-38","page","type-page","status-publish","has-post-thumbnail","hentry"],"acf":[],"yoast_head":"<!-- This site is optimized with the Yoast SEO plugin v27.0 - https:\/\/yoast.com\/product\/yoast-seo-wordpress\/ -->\n<title>Savoir-Faire &#8211; Alphacan<\/title>\n<meta name=\"description\" content=\"Profil\u00e9s PVC et solutions innovantes Un savoir-faire incontournable, une expertise internationale et une capacit\u00e9 d\u2019innovation reconnue lui permettent\" \/>\n<meta name=\"robots\" content=\"index, follow, max-snippet:-1, max-image-preview:large, max-video-preview:-1\" \/>\n<link rel=\"canonical\" href=\"https:\/\/www.alphacan.com\/fr\/expertise-2\/savoir-faire\/\" \/>\n<meta property=\"og:locale\" content=\"fr_FR\" \/>\n<meta property=\"og:type\" content=\"article\" \/>\n<meta property=\"og:title\" content=\"Savoir-Faire &#8211; Alphacan\" \/>\n<meta property=\"og:description\" content=\"Profil\u00e9s PVC et solutions innovantes Un savoir-faire incontournable, une expertise internationale et une capacit\u00e9 d\u2019innovation reconnue lui permettent\" \/>\n<meta property=\"og:url\" content=\"https:\/\/www.alphacan.com\/fr\/expertise-2\/savoir-faire\/\" \/>\n<meta property=\"og:site_name\" content=\"Alphacan\" \/>\n<meta property=\"article:modified_time\" content=\"2023-01-27T14:05:35+00:00\" \/>\n<meta property=\"og:image\" content=\"https:\/\/www.alphacan.com\/wp-content\/uploads\/2015\/06\/choisir-le-pvc-e1444140307257.jpg\" \/>\n\t<meta property=\"og:image:width\" content=\"398\" \/>\n\t<meta property=\"og:image:height\" content=\"583\" \/>\n\t<meta property=\"og:image:type\" content=\"image\/jpeg\" \/>\n<meta name=\"twitter:card\" content=\"summary_large_image\" \/>\n<script type=\"application\/ld+json\" class=\"yoast-schema-graph\">{\"@context\":\"https:\/\/schema.org\",\"@graph\":[{\"@type\":\"WebPage\",\"@id\":\"https:\/\/www.alphacan.com\/fr\/expertise-2\/savoir-faire\/\",\"url\":\"https:\/\/www.alphacan.com\/fr\/expertise-2\/savoir-faire\/\",\"name\":\"Savoir-Faire &#8211; Alphacan\",\"isPartOf\":{\"@id\":\"https:\/\/www.alphacan.com\/es\/#website\"},\"primaryImageOfPage\":{\"@id\":\"https:\/\/www.alphacan.com\/fr\/expertise-2\/savoir-faire\/#primaryimage\"},\"image\":{\"@id\":\"https:\/\/www.alphacan.com\/fr\/expertise-2\/savoir-faire\/#primaryimage\"},\"thumbnailUrl\":\"https:\/\/www.alphacan.com\/wp-content\/uploads\/2015\/06\/choisir-le-pvc-e1444140307257.jpg\",\"datePublished\":\"2015-06-12T13:02:19+00:00\",\"dateModified\":\"2023-01-27T14:05:35+00:00\",\"description\":\"Profil\u00e9s PVC et solutions innovantes Un savoir-faire incontournable, une expertise internationale et une capacit\u00e9 d\u2019innovation reconnue lui permettent\",\"breadcrumb\":{\"@id\":\"https:\/\/www.alphacan.com\/fr\/expertise-2\/savoir-faire\/#breadcrumb\"},\"inLanguage\":\"fr-FR\",\"potentialAction\":[{\"@type\":\"ReadAction\",\"target\":[\"https:\/\/www.alphacan.com\/fr\/expertise-2\/savoir-faire\/\"]}]},{\"@type\":\"ImageObject\",\"inLanguage\":\"fr-FR\",\"@id\":\"https:\/\/www.alphacan.com\/fr\/expertise-2\/savoir-faire\/#primaryimage\",\"url\":\"https:\/\/www.alphacan.com\/wp-content\/uploads\/2015\/06\/choisir-le-pvc-e1444140307257.jpg\",\"contentUrl\":\"https:\/\/www.alphacan.com\/wp-content\/uploads\/2015\/06\/choisir-le-pvc-e1444140307257.jpg\",\"width\":398,\"height\":583},{\"@type\":\"BreadcrumbList\",\"@id\":\"https:\/\/www.alphacan.com\/fr\/expertise-2\/savoir-faire\/#breadcrumb\",\"itemListElement\":[{\"@type\":\"ListItem\",\"position\":1,\"name\":\"Accueil\",\"item\":\"https:\/\/www.alphacan.com\/fr\/\"},{\"@type\":\"ListItem\",\"position\":2,\"name\":\"Expertise\",\"item\":\"https:\/\/www.alphacan.com\/fr\/expertise-2\/\"},{\"@type\":\"ListItem\",\"position\":3,\"name\":\"Savoir-Faire\"}]},{\"@type\":\"WebSite\",\"@id\":\"https:\/\/www.alphacan.com\/es\/#website\",\"url\":\"https:\/\/www.alphacan.com\/es\/\",\"name\":\"Alphacan\",\"description\":\"Concepteur Menuiseries\",\"potentialAction\":[{\"@type\":\"SearchAction\",\"target\":{\"@type\":\"EntryPoint\",\"urlTemplate\":\"https:\/\/www.alphacan.com\/es\/?s={search_term_string}\"},\"query-input\":{\"@type\":\"PropertyValueSpecification\",\"valueRequired\":true,\"valueName\":\"search_term_string\"}}],\"inLanguage\":\"fr-FR\"}]}<\/script>\n<!-- \/ Yoast SEO plugin. -->","yoast_head_json":{"title":"Savoir-Faire &#8211; Alphacan","description":"Profil\u00e9s PVC et solutions innovantes Un savoir-faire incontournable, une expertise internationale et une capacit\u00e9 d\u2019innovation reconnue lui permettent","robots":{"index":"index","follow":"follow","max-snippet":"max-snippet:-1","max-image-preview":"max-image-preview:large","max-video-preview":"max-video-preview:-1"},"canonical":"https:\/\/www.alphacan.com\/fr\/expertise-2\/savoir-faire\/","og_locale":"fr_FR","og_type":"article","og_title":"Savoir-Faire &#8211; Alphacan","og_description":"Profil\u00e9s PVC et solutions innovantes Un savoir-faire incontournable, une expertise internationale et une capacit\u00e9 d\u2019innovation reconnue lui permettent","og_url":"https:\/\/www.alphacan.com\/fr\/expertise-2\/savoir-faire\/","og_site_name":"Alphacan","article_modified_time":"2023-01-27T14:05:35+00:00","og_image":[{"width":398,"height":583,"url":"https:\/\/www.alphacan.com\/wp-content\/uploads\/2015\/06\/choisir-le-pvc-e1444140307257.jpg","type":"image\/jpeg"}],"twitter_card":"summary_large_image","schema":{"@context":"https:\/\/schema.org","@graph":[{"@type":"WebPage","@id":"https:\/\/www.alphacan.com\/fr\/expertise-2\/savoir-faire\/","url":"https:\/\/www.alphacan.com\/fr\/expertise-2\/savoir-faire\/","name":"Savoir-Faire &#8211; Alphacan","isPartOf":{"@id":"https:\/\/www.alphacan.com\/es\/#website"},"primaryImageOfPage":{"@id":"https:\/\/www.alphacan.com\/fr\/expertise-2\/savoir-faire\/#primaryimage"},"image":{"@id":"https:\/\/www.alphacan.com\/fr\/expertise-2\/savoir-faire\/#primaryimage"},"thumbnailUrl":"https:\/\/www.alphacan.com\/wp-content\/uploads\/2015\/06\/choisir-le-pvc-e1444140307257.jpg","datePublished":"2015-06-12T13:02:19+00:00","dateModified":"2023-01-27T14:05:35+00:00","description":"Profil\u00e9s PVC et solutions innovantes Un savoir-faire incontournable, une expertise internationale et une capacit\u00e9 d\u2019innovation reconnue lui permettent","breadcrumb":{"@id":"https:\/\/www.alphacan.com\/fr\/expertise-2\/savoir-faire\/#breadcrumb"},"inLanguage":"fr-FR","potentialAction":[{"@type":"ReadAction","target":["https:\/\/www.alphacan.com\/fr\/expertise-2\/savoir-faire\/"]}]},{"@type":"ImageObject","inLanguage":"fr-FR","@id":"https:\/\/www.alphacan.com\/fr\/expertise-2\/savoir-faire\/#primaryimage","url":"https:\/\/www.alphacan.com\/wp-content\/uploads\/2015\/06\/choisir-le-pvc-e1444140307257.jpg","contentUrl":"https:\/\/www.alphacan.com\/wp-content\/uploads\/2015\/06\/choisir-le-pvc-e1444140307257.jpg","width":398,"height":583},{"@type":"BreadcrumbList","@id":"https:\/\/www.alphacan.com\/fr\/expertise-2\/savoir-faire\/#breadcrumb","itemListElement":[{"@type":"ListItem","position":1,"name":"Accueil","item":"https:\/\/www.alphacan.com\/fr\/"},{"@type":"ListItem","position":2,"name":"Expertise","item":"https:\/\/www.alphacan.com\/fr\/expertise-2\/"},{"@type":"ListItem","position":3,"name":"Savoir-Faire"}]},{"@type":"WebSite","@id":"https:\/\/www.alphacan.com\/es\/#website","url":"https:\/\/www.alphacan.com\/es\/","name":"Alphacan","description":"Concepteur Menuiseries","potentialAction":[{"@type":"SearchAction","target":{"@type":"EntryPoint","urlTemplate":"https:\/\/www.alphacan.com\/es\/?s={search_term_string}"},"query-input":{"@type":"PropertyValueSpecification","valueRequired":true,"valueName":"search_term_string"}}],"inLanguage":"fr-FR"}]}},"_links":{"self":[{"href":"https:\/\/www.alphacan.com\/fr\/wp-json\/wp\/v2\/pages\/38","targetHints":{"allow":["GET"]}}],"collection":[{"href":"https:\/\/www.alphacan.com\/fr\/wp-json\/wp\/v2\/pages"}],"about":[{"href":"https:\/\/www.alphacan.com\/fr\/wp-json\/wp\/v2\/types\/page"}],"author":[{"embeddable":true,"href":"https:\/\/www.alphacan.com\/fr\/wp-json\/wp\/v2\/users\/559"}],"replies":[{"embeddable":true,"href":"https:\/\/www.alphacan.com\/fr\/wp-json\/wp\/v2\/comments?post=38"}],"version-history":[{"count":5,"href":"https:\/\/www.alphacan.com\/fr\/wp-json\/wp\/v2\/pages\/38\/revisions"}],"predecessor-version":[{"id":7106,"href":"https:\/\/www.alphacan.com\/fr\/wp-json\/wp\/v2\/pages\/38\/revisions\/7106"}],"up":[{"embeddable":true,"href":"https:\/\/www.alphacan.com\/fr\/wp-json\/wp\/v2\/pages\/9"}],"wp:featuredmedia":[{"embeddable":true,"href":"https:\/\/www.alphacan.com\/fr\/wp-json\/wp\/v2\/media\/1064"}],"wp:attachment":[{"href":"https:\/\/www.alphacan.com\/fr\/wp-json\/wp\/v2\/media?parent=38"}],"curies":[{"name":"wp","href":"https:\/\/api.w.org\/{rel}","templated":true}]}}