{"id":6998,"date":"2022-04-21T11:21:48","date_gmt":"2022-04-21T09:21:48","guid":{"rendered":"https:\/\/www.alphacan.com\/?page_id=6998"},"modified":"2022-04-21T11:23:43","modified_gmt":"2022-04-21T09:23:43","slug":"total-decor","status":"publish","type":"page","link":"https:\/\/www.alphacan.com\/fr\/menuiseries-france\/finitions\/total-decor\/","title":{"rendered":"Total D\u00e9cor"},"content":{"rendered":"<h2>LA PERFECTION N\u2019EST ABSOLUE QUE LORSQUE\u00a0 LA FINITION EST TOTALE<\/h2>\n<p>Associant un film premium \u00e0 une nouvelle technologie d\u2019application, Alphacan pr\u00e9sente la finition TOTAL D\u00c9COR : un plaxage int\u00e9gral des<br \/>\nprofil\u00e9s PVC (dormant et ouvrant) qui offre une nouvelle dimension esth\u00e9tique \u00e0 vos menuiseries.<br \/>\nUn rendu harmonieux qui se distingue par l\u2019uniformit\u00e9 de la finition et permet de sublimer vos fen\u00eatres sans s\u00e9paration de couleur entre l\u2019int\u00e9rieur et l\u2019ext\u00e9rieur.<\/p>\n<h2>UN HABILLAGE COMPLET DES MENUISERIES<\/h2>\n<p>Tr\u00e8s r\u00e9sistant \u00e0 la rayure et aux rayonnements UV, le film de plaxage garantit une parfaite tenue sur les menuiseries et une excellente r\u00e9sistance des coloris dans le temps.<br \/>\nAvec un toucher unique et un aspect bois, ces finitions marquent un nouvel aboutissement dans la qu\u00eate d\u2019excellence d\u2019Alphacan.<\/p>\n","protected":false},"excerpt":{"rendered":"<p>LA PERFECTION N\u2019EST ABSOLUE QUE LORSQUE\u00a0 LA FINITION EST TOTALE Associant un film premium \u00e0 une nouvelle technologie d\u2019application, Alphacan pr\u00e9sente la finition TOTAL D\u00c9COR : un plaxage int\u00e9gral des profil\u00e9s PVC (dormant et ouvrant) qui offre une nouvelle dimension esth\u00e9tique \u00e0 vos menuiseries. Un rendu harmonieux qui se distingue par l\u2019uniformit\u00e9 de la finition [&hellip;]<\/p>\n","protected":false},"author":489,"featured_media":0,"parent":1556,"menu_order":0,"comment_status":"closed","ping_status":"closed","template":"","meta":{"_acf_changed":false,"footnotes":""},"class_list":["post-6998","page","type-page","status-publish","hentry"],"acf":[],"yoast_head":"<!-- This site is optimized with the Yoast SEO plugin v27.0 - https:\/\/yoast.com\/product\/yoast-seo-wordpress\/ -->\n<title>Total D\u00e9cor &#8211; Alphacan<\/title>\n<meta name=\"description\" content=\"LA PERFECTION N\u2019EST ABSOLUE QUE LORSQUE\u00a0 LA FINITION EST TOTALE Associant un film premium \u00e0 une nouvelle technologie d\u2019application, Alphacan pr\u00e9sente la\" \/>\n<meta name=\"robots\" content=\"index, follow, max-snippet:-1, max-image-preview:large, max-video-preview:-1\" \/>\n<link rel=\"canonical\" href=\"https:\/\/www.alphacan.com\/fr\/menuiseries-france\/finitions\/total-decor\/\" \/>\n<meta property=\"og:locale\" content=\"fr_FR\" \/>\n<meta property=\"og:type\" content=\"article\" \/>\n<meta property=\"og:title\" content=\"Total D\u00e9cor &#8211; Alphacan\" \/>\n<meta property=\"og:description\" content=\"LA PERFECTION N\u2019EST ABSOLUE QUE LORSQUE\u00a0 LA FINITION EST TOTALE Associant un film premium \u00e0 une nouvelle technologie d\u2019application, Alphacan pr\u00e9sente la\" \/>\n<meta property=\"og:url\" content=\"https:\/\/www.alphacan.com\/fr\/menuiseries-france\/finitions\/total-decor\/\" \/>\n<meta property=\"og:site_name\" content=\"Alphacan\" \/>\n<meta property=\"article:modified_time\" content=\"2022-04-21T09:23:43+00:00\" \/>\n<meta name=\"twitter:card\" content=\"summary_large_image\" \/>\n<meta name=\"twitter:label1\" content=\"Dur\u00e9e de lecture estim\u00e9e\" \/>\n\t<meta name=\"twitter:data1\" content=\"1 minute\" \/>\n<script type=\"application\/ld+json\" class=\"yoast-schema-graph\">{\"@context\":\"https:\/\/schema.org\",\"@graph\":[{\"@type\":\"WebPage\",\"@id\":\"https:\/\/www.alphacan.com\/fr\/menuiseries-france\/finitions\/total-decor\/\",\"url\":\"https:\/\/www.alphacan.com\/fr\/menuiseries-france\/finitions\/total-decor\/\",\"name\":\"Total D\u00e9cor &#8211; Alphacan\",\"isPartOf\":{\"@id\":\"https:\/\/www.alphacan.com\/es\/#website\"},\"datePublished\":\"2022-04-21T09:21:48+00:00\",\"dateModified\":\"2022-04-21T09:23:43+00:00\",\"description\":\"LA PERFECTION N\u2019EST ABSOLUE QUE LORSQUE\u00a0 LA FINITION EST TOTALE Associant un film premium \u00e0 une nouvelle technologie d\u2019application, Alphacan pr\u00e9sente la\",\"breadcrumb\":{\"@id\":\"https:\/\/www.alphacan.com\/fr\/menuiseries-france\/finitions\/total-decor\/#breadcrumb\"},\"inLanguage\":\"fr-FR\",\"potentialAction\":[{\"@type\":\"ReadAction\",\"target\":[\"https:\/\/www.alphacan.com\/fr\/menuiseries-france\/finitions\/total-decor\/\"]}]},{\"@type\":\"BreadcrumbList\",\"@id\":\"https:\/\/www.alphacan.com\/fr\/menuiseries-france\/finitions\/total-decor\/#breadcrumb\",\"itemListElement\":[{\"@type\":\"ListItem\",\"position\":1,\"name\":\"Accueil\",\"item\":\"https:\/\/www.alphacan.com\/fr\/\"},{\"@type\":\"ListItem\",\"position\":2,\"name\":\"Menuiseries France\",\"item\":\"https:\/\/www.alphacan.com\/fr\/menuiseries-france\/\"},{\"@type\":\"ListItem\",\"position\":3,\"name\":\"Finitions\",\"item\":\"https:\/\/www.alphacan.com\/fr\/menuiseries-france\/finitions\/\"},{\"@type\":\"ListItem\",\"position\":4,\"name\":\"Total D\u00e9cor\"}]},{\"@type\":\"WebSite\",\"@id\":\"https:\/\/www.alphacan.com\/es\/#website\",\"url\":\"https:\/\/www.alphacan.com\/es\/\",\"name\":\"Alphacan\",\"description\":\"Concepteur Menuiseries\",\"potentialAction\":[{\"@type\":\"SearchAction\",\"target\":{\"@type\":\"EntryPoint\",\"urlTemplate\":\"https:\/\/www.alphacan.com\/es\/?s={search_term_string}\"},\"query-input\":{\"@type\":\"PropertyValueSpecification\",\"valueRequired\":true,\"valueName\":\"search_term_string\"}}],\"inLanguage\":\"fr-FR\"}]}<\/script>\n<!-- \/ Yoast SEO plugin. -->","yoast_head_json":{"title":"Total D\u00e9cor &#8211; Alphacan","description":"LA PERFECTION N\u2019EST ABSOLUE QUE LORSQUE\u00a0 LA FINITION EST TOTALE Associant un film premium \u00e0 une nouvelle technologie d\u2019application, Alphacan pr\u00e9sente la","robots":{"index":"index","follow":"follow","max-snippet":"max-snippet:-1","max-image-preview":"max-image-preview:large","max-video-preview":"max-video-preview:-1"},"canonical":"https:\/\/www.alphacan.com\/fr\/menuiseries-france\/finitions\/total-decor\/","og_locale":"fr_FR","og_type":"article","og_title":"Total D\u00e9cor &#8211; Alphacan","og_description":"LA PERFECTION N\u2019EST ABSOLUE QUE LORSQUE\u00a0 LA FINITION EST TOTALE Associant un film premium \u00e0 une nouvelle technologie d\u2019application, Alphacan pr\u00e9sente la","og_url":"https:\/\/www.alphacan.com\/fr\/menuiseries-france\/finitions\/total-decor\/","og_site_name":"Alphacan","article_modified_time":"2022-04-21T09:23:43+00:00","twitter_card":"summary_large_image","twitter_misc":{"Dur\u00e9e de lecture estim\u00e9e":"1 minute"},"schema":{"@context":"https:\/\/schema.org","@graph":[{"@type":"WebPage","@id":"https:\/\/www.alphacan.com\/fr\/menuiseries-france\/finitions\/total-decor\/","url":"https:\/\/www.alphacan.com\/fr\/menuiseries-france\/finitions\/total-decor\/","name":"Total D\u00e9cor &#8211; Alphacan","isPartOf":{"@id":"https:\/\/www.alphacan.com\/es\/#website"},"datePublished":"2022-04-21T09:21:48+00:00","dateModified":"2022-04-21T09:23:43+00:00","description":"LA PERFECTION N\u2019EST ABSOLUE QUE LORSQUE\u00a0 LA FINITION EST TOTALE Associant un film premium \u00e0 une nouvelle technologie d\u2019application, Alphacan pr\u00e9sente la","breadcrumb":{"@id":"https:\/\/www.alphacan.com\/fr\/menuiseries-france\/finitions\/total-decor\/#breadcrumb"},"inLanguage":"fr-FR","potentialAction":[{"@type":"ReadAction","target":["https:\/\/www.alphacan.com\/fr\/menuiseries-france\/finitions\/total-decor\/"]}]},{"@type":"BreadcrumbList","@id":"https:\/\/www.alphacan.com\/fr\/menuiseries-france\/finitions\/total-decor\/#breadcrumb","itemListElement":[{"@type":"ListItem","position":1,"name":"Accueil","item":"https:\/\/www.alphacan.com\/fr\/"},{"@type":"ListItem","position":2,"name":"Menuiseries France","item":"https:\/\/www.alphacan.com\/fr\/menuiseries-france\/"},{"@type":"ListItem","position":3,"name":"Finitions","item":"https:\/\/www.alphacan.com\/fr\/menuiseries-france\/finitions\/"},{"@type":"ListItem","position":4,"name":"Total D\u00e9cor"}]},{"@type":"WebSite","@id":"https:\/\/www.alphacan.com\/es\/#website","url":"https:\/\/www.alphacan.com\/es\/","name":"Alphacan","description":"Concepteur Menuiseries","potentialAction":[{"@type":"SearchAction","target":{"@type":"EntryPoint","urlTemplate":"https:\/\/www.alphacan.com\/es\/?s={search_term_string}"},"query-input":{"@type":"PropertyValueSpecification","valueRequired":true,"valueName":"search_term_string"}}],"inLanguage":"fr-FR"}]}},"_links":{"self":[{"href":"https:\/\/www.alphacan.com\/fr\/wp-json\/wp\/v2\/pages\/6998","targetHints":{"allow":["GET"]}}],"collection":[{"href":"https:\/\/www.alphacan.com\/fr\/wp-json\/wp\/v2\/pages"}],"about":[{"href":"https:\/\/www.alphacan.com\/fr\/wp-json\/wp\/v2\/types\/page"}],"author":[{"embeddable":true,"href":"https:\/\/www.alphacan.com\/fr\/wp-json\/wp\/v2\/users\/489"}],"replies":[{"embeddable":true,"href":"https:\/\/www.alphacan.com\/fr\/wp-json\/wp\/v2\/comments?post=6998"}],"version-history":[{"count":3,"href":"https:\/\/www.alphacan.com\/fr\/wp-json\/wp\/v2\/pages\/6998\/revisions"}],"predecessor-version":[{"id":7005,"href":"https:\/\/www.alphacan.com\/fr\/wp-json\/wp\/v2\/pages\/6998\/revisions\/7005"}],"up":[{"embeddable":true,"href":"https:\/\/www.alphacan.com\/fr\/wp-json\/wp\/v2\/pages\/1556"}],"wp:attachment":[{"href":"https:\/\/www.alphacan.com\/fr\/wp-json\/wp\/v2\/media?parent=6998"}],"curies":[{"name":"wp","href":"https:\/\/api.w.org\/{rel}","templated":true}]}}