{"id":71,"date":"2015-06-15T13:36:43","date_gmt":"2015-06-15T12:36:43","guid":{"rendered":"http:\/\/www.alphacan.com\/?page_id=71"},"modified":"2018-04-27T13:23:06","modified_gmt":"2018-04-27T12:23:06","slug":"innovations-thermique","status":"publish","type":"page","link":"https:\/\/www.alphacan.com\/fr\/menuiseries-france\/innovations-thermique\/","title":{"rendered":"Innovations Thermiques"},"content":{"rendered":"<h2 dir=\"LTR\" style=\"text-align: justify;\" align=\"LEFT\">isolation renforc\u00e9e<\/h2>\n<p>Nos \u00e9quipes R&amp;D innovent en permanence pour votre confort et votre bien-\u00eatre :<\/p>\n<ul style=\"list-style-type: square;\">\n<li dir=\"LTR\">une meilleure isolation thermique<\/li>\n<li dir=\"LTR\">une isolation phonique optimale<\/li>\n<li dir=\"LTR\">un gain de rigidit\u00e9 et d&rsquo;\u00e9tanch\u00e9it\u00e9 dans les menuiseries<\/li>\n<\/ul>\n<p>&nbsp;<\/p>\n<p>&nbsp;<\/p>\n","protected":false},"excerpt":{"rendered":"<p>isolation renforc\u00e9e Nos \u00e9quipes R&amp;D innovent en permanence pour votre confort et votre bien-\u00eatre : une meilleure isolation thermique une isolation phonique optimale un gain de rigidit\u00e9 et d&rsquo;\u00e9tanch\u00e9it\u00e9 dans les menuiseries &nbsp; &nbsp;<\/p>\n","protected":false},"author":559,"featured_media":2206,"parent":1560,"menu_order":3,"comment_status":"open","ping_status":"open","template":"","meta":{"_acf_changed":false,"footnotes":""},"class_list":["post-71","page","type-page","status-publish","has-post-thumbnail","hentry"],"acf":[],"yoast_head":"<!-- This site is optimized with the Yoast SEO plugin v27.0 - https:\/\/yoast.com\/product\/yoast-seo-wordpress\/ -->\n<title>Innovations Thermiques &#8211; Alphacan<\/title>\n<meta name=\"description\" content=\"isolation renforc\u00e9e Nos \u00e9quipes R&amp;D innovent en permanence pour votre confort et votre bien-\u00eatre : une meilleure isolation thermique une isolation\" \/>\n<meta name=\"robots\" content=\"index, follow, max-snippet:-1, max-image-preview:large, max-video-preview:-1\" \/>\n<link rel=\"canonical\" href=\"https:\/\/www.alphacan.com\/fr\/menuiseries-france\/innovations-thermique\/\" \/>\n<meta property=\"og:locale\" content=\"fr_FR\" \/>\n<meta property=\"og:type\" content=\"article\" \/>\n<meta property=\"og:title\" content=\"Innovations Thermiques &#8211; Alphacan\" \/>\n<meta property=\"og:description\" content=\"isolation renforc\u00e9e Nos \u00e9quipes R&amp;D innovent en permanence pour votre confort et votre bien-\u00eatre : une meilleure isolation thermique une isolation\" \/>\n<meta property=\"og:url\" content=\"https:\/\/www.alphacan.com\/fr\/menuiseries-france\/innovations-thermique\/\" \/>\n<meta property=\"og:site_name\" content=\"Alphacan\" \/>\n<meta property=\"article:modified_time\" content=\"2018-04-27T12:23:06+00:00\" \/>\n<meta property=\"og:image\" content=\"https:\/\/www.alphacan.com\/wp-content\/uploads\/2017\/11\/pictos-Perf.-Therm.jpg\" \/>\n\t<meta property=\"og:image:width\" content=\"484\" \/>\n\t<meta property=\"og:image:height\" content=\"540\" \/>\n\t<meta property=\"og:image:type\" content=\"image\/jpeg\" \/>\n<meta name=\"twitter:card\" content=\"summary_large_image\" \/>\n<script type=\"application\/ld+json\" class=\"yoast-schema-graph\">{\"@context\":\"https:\/\/schema.org\",\"@graph\":[{\"@type\":\"WebPage\",\"@id\":\"https:\/\/www.alphacan.com\/fr\/menuiseries-france\/innovations-thermique\/\",\"url\":\"https:\/\/www.alphacan.com\/fr\/menuiseries-france\/innovations-thermique\/\",\"name\":\"Innovations Thermiques &#8211; Alphacan\",\"isPartOf\":{\"@id\":\"https:\/\/www.alphacan.com\/es\/#website\"},\"primaryImageOfPage\":{\"@id\":\"https:\/\/www.alphacan.com\/fr\/menuiseries-france\/innovations-thermique\/#primaryimage\"},\"image\":{\"@id\":\"https:\/\/www.alphacan.com\/fr\/menuiseries-france\/innovations-thermique\/#primaryimage\"},\"thumbnailUrl\":\"https:\/\/www.alphacan.com\/wp-content\/uploads\/2017\/11\/pictos-Perf.-Therm.jpg\",\"datePublished\":\"2015-06-15T12:36:43+00:00\",\"dateModified\":\"2018-04-27T12:23:06+00:00\",\"description\":\"isolation renforc\u00e9e Nos \u00e9quipes R&amp;D innovent en permanence pour votre confort et votre bien-\u00eatre : une meilleure isolation thermique une isolation\",\"breadcrumb\":{\"@id\":\"https:\/\/www.alphacan.com\/fr\/menuiseries-france\/innovations-thermique\/#breadcrumb\"},\"inLanguage\":\"fr-FR\",\"potentialAction\":[{\"@type\":\"ReadAction\",\"target\":[\"https:\/\/www.alphacan.com\/fr\/menuiseries-france\/innovations-thermique\/\"]}]},{\"@type\":\"ImageObject\",\"inLanguage\":\"fr-FR\",\"@id\":\"https:\/\/www.alphacan.com\/fr\/menuiseries-france\/innovations-thermique\/#primaryimage\",\"url\":\"https:\/\/www.alphacan.com\/wp-content\/uploads\/2017\/11\/pictos-Perf.-Therm.jpg\",\"contentUrl\":\"https:\/\/www.alphacan.com\/wp-content\/uploads\/2017\/11\/pictos-Perf.-Therm.jpg\",\"width\":484,\"height\":540},{\"@type\":\"BreadcrumbList\",\"@id\":\"https:\/\/www.alphacan.com\/fr\/menuiseries-france\/innovations-thermique\/#breadcrumb\",\"itemListElement\":[{\"@type\":\"ListItem\",\"position\":1,\"name\":\"Accueil\",\"item\":\"https:\/\/www.alphacan.com\/fr\/\"},{\"@type\":\"ListItem\",\"position\":2,\"name\":\"Menuiseries France\",\"item\":\"https:\/\/www.alphacan.com\/fr\/menuiseries-france\/\"},{\"@type\":\"ListItem\",\"position\":3,\"name\":\"Innovations Thermiques\"}]},{\"@type\":\"WebSite\",\"@id\":\"https:\/\/www.alphacan.com\/es\/#website\",\"url\":\"https:\/\/www.alphacan.com\/es\/\",\"name\":\"Alphacan\",\"description\":\"Concepteur Menuiseries\",\"potentialAction\":[{\"@type\":\"SearchAction\",\"target\":{\"@type\":\"EntryPoint\",\"urlTemplate\":\"https:\/\/www.alphacan.com\/es\/?s={search_term_string}\"},\"query-input\":{\"@type\":\"PropertyValueSpecification\",\"valueRequired\":true,\"valueName\":\"search_term_string\"}}],\"inLanguage\":\"fr-FR\"}]}<\/script>\n<!-- \/ Yoast SEO plugin. -->","yoast_head_json":{"title":"Innovations Thermiques &#8211; Alphacan","description":"isolation renforc\u00e9e Nos \u00e9quipes R&amp;D innovent en permanence pour votre confort et votre bien-\u00eatre : une meilleure isolation thermique une isolation","robots":{"index":"index","follow":"follow","max-snippet":"max-snippet:-1","max-image-preview":"max-image-preview:large","max-video-preview":"max-video-preview:-1"},"canonical":"https:\/\/www.alphacan.com\/fr\/menuiseries-france\/innovations-thermique\/","og_locale":"fr_FR","og_type":"article","og_title":"Innovations Thermiques &#8211; Alphacan","og_description":"isolation renforc\u00e9e Nos \u00e9quipes R&amp;D innovent en permanence pour votre confort et votre bien-\u00eatre : une meilleure isolation thermique une isolation","og_url":"https:\/\/www.alphacan.com\/fr\/menuiseries-france\/innovations-thermique\/","og_site_name":"Alphacan","article_modified_time":"2018-04-27T12:23:06+00:00","og_image":[{"width":484,"height":540,"url":"https:\/\/www.alphacan.com\/wp-content\/uploads\/2017\/11\/pictos-Perf.-Therm.jpg","type":"image\/jpeg"}],"twitter_card":"summary_large_image","schema":{"@context":"https:\/\/schema.org","@graph":[{"@type":"WebPage","@id":"https:\/\/www.alphacan.com\/fr\/menuiseries-france\/innovations-thermique\/","url":"https:\/\/www.alphacan.com\/fr\/menuiseries-france\/innovations-thermique\/","name":"Innovations Thermiques &#8211; Alphacan","isPartOf":{"@id":"https:\/\/www.alphacan.com\/es\/#website"},"primaryImageOfPage":{"@id":"https:\/\/www.alphacan.com\/fr\/menuiseries-france\/innovations-thermique\/#primaryimage"},"image":{"@id":"https:\/\/www.alphacan.com\/fr\/menuiseries-france\/innovations-thermique\/#primaryimage"},"thumbnailUrl":"https:\/\/www.alphacan.com\/wp-content\/uploads\/2017\/11\/pictos-Perf.-Therm.jpg","datePublished":"2015-06-15T12:36:43+00:00","dateModified":"2018-04-27T12:23:06+00:00","description":"isolation renforc\u00e9e Nos \u00e9quipes R&amp;D innovent en permanence pour votre confort et votre bien-\u00eatre : une meilleure isolation thermique une isolation","breadcrumb":{"@id":"https:\/\/www.alphacan.com\/fr\/menuiseries-france\/innovations-thermique\/#breadcrumb"},"inLanguage":"fr-FR","potentialAction":[{"@type":"ReadAction","target":["https:\/\/www.alphacan.com\/fr\/menuiseries-france\/innovations-thermique\/"]}]},{"@type":"ImageObject","inLanguage":"fr-FR","@id":"https:\/\/www.alphacan.com\/fr\/menuiseries-france\/innovations-thermique\/#primaryimage","url":"https:\/\/www.alphacan.com\/wp-content\/uploads\/2017\/11\/pictos-Perf.-Therm.jpg","contentUrl":"https:\/\/www.alphacan.com\/wp-content\/uploads\/2017\/11\/pictos-Perf.-Therm.jpg","width":484,"height":540},{"@type":"BreadcrumbList","@id":"https:\/\/www.alphacan.com\/fr\/menuiseries-france\/innovations-thermique\/#breadcrumb","itemListElement":[{"@type":"ListItem","position":1,"name":"Accueil","item":"https:\/\/www.alphacan.com\/fr\/"},{"@type":"ListItem","position":2,"name":"Menuiseries France","item":"https:\/\/www.alphacan.com\/fr\/menuiseries-france\/"},{"@type":"ListItem","position":3,"name":"Innovations Thermiques"}]},{"@type":"WebSite","@id":"https:\/\/www.alphacan.com\/es\/#website","url":"https:\/\/www.alphacan.com\/es\/","name":"Alphacan","description":"Concepteur Menuiseries","potentialAction":[{"@type":"SearchAction","target":{"@type":"EntryPoint","urlTemplate":"https:\/\/www.alphacan.com\/es\/?s={search_term_string}"},"query-input":{"@type":"PropertyValueSpecification","valueRequired":true,"valueName":"search_term_string"}}],"inLanguage":"fr-FR"}]}},"_links":{"self":[{"href":"https:\/\/www.alphacan.com\/fr\/wp-json\/wp\/v2\/pages\/71","targetHints":{"allow":["GET"]}}],"collection":[{"href":"https:\/\/www.alphacan.com\/fr\/wp-json\/wp\/v2\/pages"}],"about":[{"href":"https:\/\/www.alphacan.com\/fr\/wp-json\/wp\/v2\/types\/page"}],"author":[{"embeddable":true,"href":"https:\/\/www.alphacan.com\/fr\/wp-json\/wp\/v2\/users\/559"}],"replies":[{"embeddable":true,"href":"https:\/\/www.alphacan.com\/fr\/wp-json\/wp\/v2\/comments?post=71"}],"version-history":[{"count":5,"href":"https:\/\/www.alphacan.com\/fr\/wp-json\/wp\/v2\/pages\/71\/revisions"}],"predecessor-version":[{"id":2780,"href":"https:\/\/www.alphacan.com\/fr\/wp-json\/wp\/v2\/pages\/71\/revisions\/2780"}],"up":[{"embeddable":true,"href":"https:\/\/www.alphacan.com\/fr\/wp-json\/wp\/v2\/pages\/1560"}],"wp:featuredmedia":[{"embeddable":true,"href":"https:\/\/www.alphacan.com\/fr\/wp-json\/wp\/v2\/media\/2206"}],"wp:attachment":[{"href":"https:\/\/www.alphacan.com\/fr\/wp-json\/wp\/v2\/media?parent=71"}],"curies":[{"name":"wp","href":"https:\/\/api.w.org\/{rel}","templated":true}]}}