{"id":78,"date":"2015-06-15T14:21:23","date_gmt":"2015-06-15T13:21:23","guid":{"rendered":"http:\/\/www.alphacan.com\/?page_id=78"},"modified":"2022-05-10T14:50:54","modified_gmt":"2022-05-10T12:50:54","slug":"in-alpha","status":"publish","type":"page","link":"https:\/\/www.alphacan.com\/fr\/menuiseries-france\/fenetres\/in-alpha\/","title":{"rendered":"In Alpha"},"content":{"rendered":"<h2>UN DESIGN CONTEMPORAIN<\/h2>\n<p>La gamme IN&rsquo;ALPHA propose un syst\u00e8me de menuiserie en 70 et 80 mm int\u00e9grant de nombreuses innovations brevet\u00e9es et exclusives qui r\u00e9pondent aux exigences de performances thermique, acoustique et m\u00e9canique. Elle fait l&rsquo;objet d&rsquo;un DTA enregistr\u00e9 aupr\u00e8s du CSTB.<\/p>\n<ul style=\"list-style-type: square;\">\n<li>Profil\u00e9s \u00e0 chambres multiples pour une isolation thermique renforc\u00e9e<\/li>\n<li>Double joint de frappe pour une isolation thermique et phonique maximale<\/li>\n<li>Joints de vitrage et de pare-close blancs pour une meilleure esth\u00e9tique (noir dans le cas d\u2019un PVC couleur)<\/li>\n<li>Utilisation d\u2019un PVC sans plomb (stabilisation au Calcium Zinc)<\/li>\n<li>Pr\u00e9server la sant\u00e9 des poseurs gr\u00e2ce \u00e0 un poids inf\u00e9rieur<\/li>\n<li>Disponible dans une large gamme de <a href=\"https:\/\/www.alphacan.com\/fr\/menuiseries-france\/finitions\/\">finitions<\/a><\/li>\n<\/ul>\n<p>&nbsp;<\/p>\n<p>Des fibres de verre sont int\u00e9gr\u00e9es dans les profil\u00e9s couleurs pour :<\/p>\n<div>\n<ul>\n<li>Retarder le renforcement acier n\u00e9cessaire aux menuiseries couleur plus \u00e9prouv\u00e9es par la chaleur<\/li>\n<li>Supprimer les d\u00e9perditions thermiques cr\u00e9\u00e9es par les renforts traditionnels en acier<\/li>\n<li style=\"text-align: left;\">All\u00e9ger les menuiseries pour pr\u00e9server les axes de rotation et augmenter la dur\u00e9e de vie de la fen\u00eatre<\/li>\n<\/ul>\n<\/div>\n<p><img loading=\"lazy\" decoding=\"async\" class=\"wp-image-2333  alignleft\" src=\"https:\/\/www.alphacan.com\/wp-content\/uploads\/2017\/11\/typologie-fabrication-in-alpha-1024x130.jpg\" alt=\"\" width=\"638\" height=\"81\" srcset=\"https:\/\/www.alphacan.com\/wp-content\/uploads\/2017\/11\/typologie-fabrication-in-alpha-1024x130.jpg 1024w, https:\/\/www.alphacan.com\/wp-content\/uploads\/2017\/11\/typologie-fabrication-in-alpha-300x38.jpg 300w, https:\/\/www.alphacan.com\/wp-content\/uploads\/2017\/11\/typologie-fabrication-in-alpha-768x97.jpg 768w, https:\/\/www.alphacan.com\/wp-content\/uploads\/2017\/11\/typologie-fabrication-in-alpha.jpg 1491w\" sizes=\"auto, (max-width: 638px) 100vw, 638px\" \/><\/p>\n<p>&nbsp;<\/p>\n<div class=\"post-content no-padding-left no-padding-right\">\n<div class=\"content-zoom\">\n<p>&nbsp;<\/p>\n<\/div>\n<\/div>\n","protected":false},"excerpt":{"rendered":"<p>UN DESIGN CONTEMPORAIN La gamme IN&rsquo;ALPHA propose un syst\u00e8me de menuiserie en 70 et 80 mm int\u00e9grant de nombreuses innovations brevet\u00e9es et exclusives qui r\u00e9pondent aux exigences de performances thermique, acoustique et m\u00e9canique. Elle fait l&rsquo;objet d&rsquo;un DTA enregistr\u00e9 aupr\u00e8s du CSTB. Profil\u00e9s \u00e0 chambres multiples pour une isolation thermique renforc\u00e9e Double joint de frappe [&hellip;]<\/p>\n","protected":false},"author":559,"featured_media":0,"parent":1544,"menu_order":0,"comment_status":"open","ping_status":"open","template":"","meta":{"_acf_changed":false,"footnotes":""},"class_list":["post-78","page","type-page","status-publish","hentry"],"acf":[],"yoast_head":"<!-- This site is optimized with the Yoast SEO plugin v27.0 - https:\/\/yoast.com\/product\/yoast-seo-wordpress\/ -->\n<title>In Alpha &#8211; Alphacan<\/title>\n<meta name=\"description\" content=\"UN DESIGN CONTEMPORAIN La gamme IN&#039;ALPHA propose un syst\u00e8me de menuiserie en 70 et 80 mm int\u00e9grant de nombreuses innovations brevet\u00e9es et exclusives qui\" \/>\n<meta name=\"robots\" content=\"index, follow, max-snippet:-1, max-image-preview:large, max-video-preview:-1\" \/>\n<link rel=\"canonical\" href=\"https:\/\/www.alphacan.com\/fr\/menuiseries-france\/fenetres\/in-alpha\/\" \/>\n<meta property=\"og:locale\" content=\"fr_FR\" \/>\n<meta property=\"og:type\" content=\"article\" \/>\n<meta property=\"og:title\" content=\"In Alpha &#8211; Alphacan\" \/>\n<meta property=\"og:description\" content=\"UN DESIGN CONTEMPORAIN La gamme IN&#039;ALPHA propose un syst\u00e8me de menuiserie en 70 et 80 mm int\u00e9grant de nombreuses innovations brevet\u00e9es et exclusives qui\" \/>\n<meta property=\"og:url\" content=\"https:\/\/www.alphacan.com\/fr\/menuiseries-france\/fenetres\/in-alpha\/\" \/>\n<meta property=\"og:site_name\" content=\"Alphacan\" \/>\n<meta property=\"article:modified_time\" content=\"2022-05-10T12:50:54+00:00\" \/>\n<meta property=\"og:image\" content=\"https:\/\/www.alphacan.com\/wp-content\/uploads\/2017\/11\/typologie-fabrication-in-alpha-1024x130.jpg\" \/>\n<meta name=\"twitter:card\" content=\"summary_large_image\" \/>\n<meta name=\"twitter:label1\" content=\"Dur\u00e9e de lecture estim\u00e9e\" \/>\n\t<meta name=\"twitter:data1\" content=\"1 minute\" \/>\n<script type=\"application\/ld+json\" class=\"yoast-schema-graph\">{\"@context\":\"https:\/\/schema.org\",\"@graph\":[{\"@type\":\"WebPage\",\"@id\":\"https:\/\/www.alphacan.com\/fr\/menuiseries-france\/fenetres\/in-alpha\/\",\"url\":\"https:\/\/www.alphacan.com\/fr\/menuiseries-france\/fenetres\/in-alpha\/\",\"name\":\"In Alpha &#8211; Alphacan\",\"isPartOf\":{\"@id\":\"https:\/\/www.alphacan.com\/es\/#website\"},\"primaryImageOfPage\":{\"@id\":\"https:\/\/www.alphacan.com\/fr\/menuiseries-france\/fenetres\/in-alpha\/#primaryimage\"},\"image\":{\"@id\":\"https:\/\/www.alphacan.com\/fr\/menuiseries-france\/fenetres\/in-alpha\/#primaryimage\"},\"thumbnailUrl\":\"https:\/\/www.alphacan.com\/wp-content\/uploads\/2017\/11\/typologie-fabrication-in-alpha-1024x130.jpg\",\"datePublished\":\"2015-06-15T13:21:23+00:00\",\"dateModified\":\"2022-05-10T12:50:54+00:00\",\"description\":\"UN DESIGN CONTEMPORAIN La gamme IN'ALPHA propose un syst\u00e8me de menuiserie en 70 et 80 mm int\u00e9grant de nombreuses innovations brevet\u00e9es et exclusives qui\",\"breadcrumb\":{\"@id\":\"https:\/\/www.alphacan.com\/fr\/menuiseries-france\/fenetres\/in-alpha\/#breadcrumb\"},\"inLanguage\":\"fr-FR\",\"potentialAction\":[{\"@type\":\"ReadAction\",\"target\":[\"https:\/\/www.alphacan.com\/fr\/menuiseries-france\/fenetres\/in-alpha\/\"]}]},{\"@type\":\"ImageObject\",\"inLanguage\":\"fr-FR\",\"@id\":\"https:\/\/www.alphacan.com\/fr\/menuiseries-france\/fenetres\/in-alpha\/#primaryimage\",\"url\":\"https:\/\/www.alphacan.com\/wp-content\/uploads\/2017\/11\/typologie-fabrication-in-alpha-1024x130.jpg\",\"contentUrl\":\"https:\/\/www.alphacan.com\/wp-content\/uploads\/2017\/11\/typologie-fabrication-in-alpha-1024x130.jpg\"},{\"@type\":\"BreadcrumbList\",\"@id\":\"https:\/\/www.alphacan.com\/fr\/menuiseries-france\/fenetres\/in-alpha\/#breadcrumb\",\"itemListElement\":[{\"@type\":\"ListItem\",\"position\":1,\"name\":\"Accueil\",\"item\":\"https:\/\/www.alphacan.com\/fr\/\"},{\"@type\":\"ListItem\",\"position\":2,\"name\":\"Menuiseries France\",\"item\":\"https:\/\/www.alphacan.com\/fr\/menuiseries-france\/\"},{\"@type\":\"ListItem\",\"position\":3,\"name\":\"Fen\u00eatres\",\"item\":\"https:\/\/www.alphacan.com\/fr\/menuiseries-france\/fenetres\/\"},{\"@type\":\"ListItem\",\"position\":4,\"name\":\"In Alpha\"}]},{\"@type\":\"WebSite\",\"@id\":\"https:\/\/www.alphacan.com\/es\/#website\",\"url\":\"https:\/\/www.alphacan.com\/es\/\",\"name\":\"Alphacan\",\"description\":\"Concepteur Menuiseries\",\"potentialAction\":[{\"@type\":\"SearchAction\",\"target\":{\"@type\":\"EntryPoint\",\"urlTemplate\":\"https:\/\/www.alphacan.com\/es\/?s={search_term_string}\"},\"query-input\":{\"@type\":\"PropertyValueSpecification\",\"valueRequired\":true,\"valueName\":\"search_term_string\"}}],\"inLanguage\":\"fr-FR\"}]}<\/script>\n<!-- \/ Yoast SEO plugin. -->","yoast_head_json":{"title":"In Alpha &#8211; Alphacan","description":"UN DESIGN CONTEMPORAIN La gamme IN'ALPHA propose un syst\u00e8me de menuiserie en 70 et 80 mm int\u00e9grant de nombreuses innovations brevet\u00e9es et exclusives qui","robots":{"index":"index","follow":"follow","max-snippet":"max-snippet:-1","max-image-preview":"max-image-preview:large","max-video-preview":"max-video-preview:-1"},"canonical":"https:\/\/www.alphacan.com\/fr\/menuiseries-france\/fenetres\/in-alpha\/","og_locale":"fr_FR","og_type":"article","og_title":"In Alpha &#8211; Alphacan","og_description":"UN DESIGN CONTEMPORAIN La gamme IN'ALPHA propose un syst\u00e8me de menuiserie en 70 et 80 mm int\u00e9grant de nombreuses innovations brevet\u00e9es et exclusives qui","og_url":"https:\/\/www.alphacan.com\/fr\/menuiseries-france\/fenetres\/in-alpha\/","og_site_name":"Alphacan","article_modified_time":"2022-05-10T12:50:54+00:00","og_image":[{"url":"https:\/\/www.alphacan.com\/wp-content\/uploads\/2017\/11\/typologie-fabrication-in-alpha-1024x130.jpg","type":"","width":"","height":""}],"twitter_card":"summary_large_image","twitter_misc":{"Dur\u00e9e de lecture estim\u00e9e":"1 minute"},"schema":{"@context":"https:\/\/schema.org","@graph":[{"@type":"WebPage","@id":"https:\/\/www.alphacan.com\/fr\/menuiseries-france\/fenetres\/in-alpha\/","url":"https:\/\/www.alphacan.com\/fr\/menuiseries-france\/fenetres\/in-alpha\/","name":"In Alpha &#8211; Alphacan","isPartOf":{"@id":"https:\/\/www.alphacan.com\/es\/#website"},"primaryImageOfPage":{"@id":"https:\/\/www.alphacan.com\/fr\/menuiseries-france\/fenetres\/in-alpha\/#primaryimage"},"image":{"@id":"https:\/\/www.alphacan.com\/fr\/menuiseries-france\/fenetres\/in-alpha\/#primaryimage"},"thumbnailUrl":"https:\/\/www.alphacan.com\/wp-content\/uploads\/2017\/11\/typologie-fabrication-in-alpha-1024x130.jpg","datePublished":"2015-06-15T13:21:23+00:00","dateModified":"2022-05-10T12:50:54+00:00","description":"UN DESIGN CONTEMPORAIN La gamme IN'ALPHA propose un syst\u00e8me de menuiserie en 70 et 80 mm int\u00e9grant de nombreuses innovations brevet\u00e9es et exclusives qui","breadcrumb":{"@id":"https:\/\/www.alphacan.com\/fr\/menuiseries-france\/fenetres\/in-alpha\/#breadcrumb"},"inLanguage":"fr-FR","potentialAction":[{"@type":"ReadAction","target":["https:\/\/www.alphacan.com\/fr\/menuiseries-france\/fenetres\/in-alpha\/"]}]},{"@type":"ImageObject","inLanguage":"fr-FR","@id":"https:\/\/www.alphacan.com\/fr\/menuiseries-france\/fenetres\/in-alpha\/#primaryimage","url":"https:\/\/www.alphacan.com\/wp-content\/uploads\/2017\/11\/typologie-fabrication-in-alpha-1024x130.jpg","contentUrl":"https:\/\/www.alphacan.com\/wp-content\/uploads\/2017\/11\/typologie-fabrication-in-alpha-1024x130.jpg"},{"@type":"BreadcrumbList","@id":"https:\/\/www.alphacan.com\/fr\/menuiseries-france\/fenetres\/in-alpha\/#breadcrumb","itemListElement":[{"@type":"ListItem","position":1,"name":"Accueil","item":"https:\/\/www.alphacan.com\/fr\/"},{"@type":"ListItem","position":2,"name":"Menuiseries France","item":"https:\/\/www.alphacan.com\/fr\/menuiseries-france\/"},{"@type":"ListItem","position":3,"name":"Fen\u00eatres","item":"https:\/\/www.alphacan.com\/fr\/menuiseries-france\/fenetres\/"},{"@type":"ListItem","position":4,"name":"In Alpha"}]},{"@type":"WebSite","@id":"https:\/\/www.alphacan.com\/es\/#website","url":"https:\/\/www.alphacan.com\/es\/","name":"Alphacan","description":"Concepteur Menuiseries","potentialAction":[{"@type":"SearchAction","target":{"@type":"EntryPoint","urlTemplate":"https:\/\/www.alphacan.com\/es\/?s={search_term_string}"},"query-input":{"@type":"PropertyValueSpecification","valueRequired":true,"valueName":"search_term_string"}}],"inLanguage":"fr-FR"}]}},"_links":{"self":[{"href":"https:\/\/www.alphacan.com\/fr\/wp-json\/wp\/v2\/pages\/78","targetHints":{"allow":["GET"]}}],"collection":[{"href":"https:\/\/www.alphacan.com\/fr\/wp-json\/wp\/v2\/pages"}],"about":[{"href":"https:\/\/www.alphacan.com\/fr\/wp-json\/wp\/v2\/types\/page"}],"author":[{"embeddable":true,"href":"https:\/\/www.alphacan.com\/fr\/wp-json\/wp\/v2\/users\/559"}],"replies":[{"embeddable":true,"href":"https:\/\/www.alphacan.com\/fr\/wp-json\/wp\/v2\/comments?post=78"}],"version-history":[{"count":5,"href":"https:\/\/www.alphacan.com\/fr\/wp-json\/wp\/v2\/pages\/78\/revisions"}],"predecessor-version":[{"id":7025,"href":"https:\/\/www.alphacan.com\/fr\/wp-json\/wp\/v2\/pages\/78\/revisions\/7025"}],"up":[{"embeddable":true,"href":"https:\/\/www.alphacan.com\/fr\/wp-json\/wp\/v2\/pages\/1544"}],"wp:attachment":[{"href":"https:\/\/www.alphacan.com\/fr\/wp-json\/wp\/v2\/media?parent=78"}],"curies":[{"name":"wp","href":"https:\/\/api.w.org\/{rel}","templated":true}]}}