{"id":9,"date":"2015-06-12T10:43:06","date_gmt":"2015-06-12T09:43:06","guid":{"rendered":"http:\/\/www.alphacan.com\/?page_id=9"},"modified":"2018-12-07T14:29:17","modified_gmt":"2018-12-07T13:29:17","slug":"expertise-2","status":"publish","type":"page","link":"https:\/\/www.alphacan.com\/fr\/expertise-2\/","title":{"rendered":"Expertise"},"content":{"rendered":"<p style=\"text-align: justify;\">Cr\u00e9\u00e9 en 1962, ALPHACAN est un groupe sp\u00e9cialis\u00e9 dans les profil\u00e9s PVC pour des applications dans le b\u00e2timent (profil\u00e9s pour fen\u00eatres, portes, volets, habillages de fa\u00e7ades) mais \u00e9galement pour des applications sur-mesure \u00e0 destination de nombreux autres secteurs industriels.<\/p>\n<p style=\"text-align: justify;\">D\u00e9couvrez notre activit\u00e9 en vid\u00e9o :<\/p>\n<div style=\"width: 640px;\" class=\"wp-video\"><video class=\"wp-video-shortcode\" id=\"video-9-1\" width=\"640\" height=\"360\" preload=\"metadata\" controls=\"controls\"><source type=\"video\/mp4\" src=\"https:\/\/www.alphacan.com\/wp-content\/uploads\/2018\/12\/ALPHACAN-INNOVATIVE-PROFILES-BD.mp4?_=1\" \/><a href=\"https:\/\/www.alphacan.com\/wp-content\/uploads\/2018\/12\/ALPHACAN-INNOVATIVE-PROFILES-BD.mp4\">https:\/\/www.alphacan.com\/wp-content\/uploads\/2018\/12\/ALPHACAN-INNOVATIVE-PROFILES-BD.mp4<\/a><\/video><\/div>\n<p>&nbsp;<\/p>\n<p>&nbsp;<\/p>\n<p>&nbsp;<\/p>\n","protected":false},"excerpt":{"rendered":"<p>Cr\u00e9\u00e9 en 1962, ALPHACAN est un groupe sp\u00e9cialis\u00e9 dans les profil\u00e9s PVC pour des applications dans le b\u00e2timent (profil\u00e9s pour fen\u00eatres, portes, volets, habillages de fa\u00e7ades) mais \u00e9galement pour des applications sur-mesure \u00e0 destination de nombreux autres secteurs industriels. D\u00e9couvrez notre activit\u00e9 en vid\u00e9o : &nbsp; &nbsp; &nbsp;<\/p>\n","protected":false},"author":559,"featured_media":0,"parent":0,"menu_order":0,"comment_status":"open","ping_status":"open","template":"","meta":{"_acf_changed":false,"footnotes":""},"class_list":["post-9","page","type-page","status-publish","hentry"],"acf":[],"yoast_head":"<!-- This site is optimized with the Yoast SEO plugin v27.0 - https:\/\/yoast.com\/product\/yoast-seo-wordpress\/ -->\n<title>Expertise &#8211; Alphacan<\/title>\n<meta name=\"description\" content=\"Cr\u00e9\u00e9 en 1962, ALPHACAN est un groupe sp\u00e9cialis\u00e9 dans les profil\u00e9s PVC pour des applications dans le b\u00e2timent (profil\u00e9s pour fen\u00eatres, portes, volets,\" \/>\n<meta name=\"robots\" content=\"index, follow, max-snippet:-1, max-image-preview:large, max-video-preview:-1\" \/>\n<link rel=\"canonical\" href=\"https:\/\/www.alphacan.com\/fr\/expertise-2\/\" \/>\n<meta property=\"og:locale\" content=\"fr_FR\" \/>\n<meta property=\"og:type\" content=\"article\" \/>\n<meta property=\"og:title\" content=\"Expertise &#8211; Alphacan\" \/>\n<meta property=\"og:description\" content=\"Cr\u00e9\u00e9 en 1962, ALPHACAN est un groupe sp\u00e9cialis\u00e9 dans les profil\u00e9s PVC pour des applications dans le b\u00e2timent (profil\u00e9s pour fen\u00eatres, portes, volets,\" \/>\n<meta property=\"og:url\" content=\"https:\/\/www.alphacan.com\/fr\/expertise-2\/\" \/>\n<meta property=\"og:site_name\" content=\"Alphacan\" \/>\n<meta property=\"article:modified_time\" content=\"2018-12-07T13:29:17+00:00\" \/>\n<meta name=\"twitter:card\" content=\"summary_large_image\" \/>\n<script type=\"application\/ld+json\" class=\"yoast-schema-graph\">{\"@context\":\"https:\/\/schema.org\",\"@graph\":[{\"@type\":\"WebPage\",\"@id\":\"https:\/\/www.alphacan.com\/fr\/expertise-2\/\",\"url\":\"https:\/\/www.alphacan.com\/fr\/expertise-2\/\",\"name\":\"Expertise &#8211; Alphacan\",\"isPartOf\":{\"@id\":\"https:\/\/www.alphacan.com\/es\/#website\"},\"datePublished\":\"2015-06-12T09:43:06+00:00\",\"dateModified\":\"2018-12-07T13:29:17+00:00\",\"description\":\"Cr\u00e9\u00e9 en 1962, ALPHACAN est un groupe sp\u00e9cialis\u00e9 dans les profil\u00e9s PVC pour des applications dans le b\u00e2timent (profil\u00e9s pour fen\u00eatres, portes, volets,\",\"breadcrumb\":{\"@id\":\"https:\/\/www.alphacan.com\/fr\/expertise-2\/#breadcrumb\"},\"inLanguage\":\"fr-FR\",\"potentialAction\":[{\"@type\":\"ReadAction\",\"target\":[\"https:\/\/www.alphacan.com\/fr\/expertise-2\/\"]}]},{\"@type\":\"BreadcrumbList\",\"@id\":\"https:\/\/www.alphacan.com\/fr\/expertise-2\/#breadcrumb\",\"itemListElement\":[{\"@type\":\"ListItem\",\"position\":1,\"name\":\"Accueil\",\"item\":\"https:\/\/www.alphacan.com\/fr\/\"},{\"@type\":\"ListItem\",\"position\":2,\"name\":\"Expertise\"}]},{\"@type\":\"WebSite\",\"@id\":\"https:\/\/www.alphacan.com\/es\/#website\",\"url\":\"https:\/\/www.alphacan.com\/es\/\",\"name\":\"Alphacan\",\"description\":\"Concepteur Menuiseries\",\"potentialAction\":[{\"@type\":\"SearchAction\",\"target\":{\"@type\":\"EntryPoint\",\"urlTemplate\":\"https:\/\/www.alphacan.com\/es\/?s={search_term_string}\"},\"query-input\":{\"@type\":\"PropertyValueSpecification\",\"valueRequired\":true,\"valueName\":\"search_term_string\"}}],\"inLanguage\":\"fr-FR\"}]}<\/script>\n<!-- \/ Yoast SEO plugin. -->","yoast_head_json":{"title":"Expertise &#8211; Alphacan","description":"Cr\u00e9\u00e9 en 1962, ALPHACAN est un groupe sp\u00e9cialis\u00e9 dans les profil\u00e9s PVC pour des applications dans le b\u00e2timent (profil\u00e9s pour fen\u00eatres, portes, volets,","robots":{"index":"index","follow":"follow","max-snippet":"max-snippet:-1","max-image-preview":"max-image-preview:large","max-video-preview":"max-video-preview:-1"},"canonical":"https:\/\/www.alphacan.com\/fr\/expertise-2\/","og_locale":"fr_FR","og_type":"article","og_title":"Expertise &#8211; Alphacan","og_description":"Cr\u00e9\u00e9 en 1962, ALPHACAN est un groupe sp\u00e9cialis\u00e9 dans les profil\u00e9s PVC pour des applications dans le b\u00e2timent (profil\u00e9s pour fen\u00eatres, portes, volets,","og_url":"https:\/\/www.alphacan.com\/fr\/expertise-2\/","og_site_name":"Alphacan","article_modified_time":"2018-12-07T13:29:17+00:00","twitter_card":"summary_large_image","schema":{"@context":"https:\/\/schema.org","@graph":[{"@type":"WebPage","@id":"https:\/\/www.alphacan.com\/fr\/expertise-2\/","url":"https:\/\/www.alphacan.com\/fr\/expertise-2\/","name":"Expertise &#8211; Alphacan","isPartOf":{"@id":"https:\/\/www.alphacan.com\/es\/#website"},"datePublished":"2015-06-12T09:43:06+00:00","dateModified":"2018-12-07T13:29:17+00:00","description":"Cr\u00e9\u00e9 en 1962, ALPHACAN est un groupe sp\u00e9cialis\u00e9 dans les profil\u00e9s PVC pour des applications dans le b\u00e2timent (profil\u00e9s pour fen\u00eatres, portes, volets,","breadcrumb":{"@id":"https:\/\/www.alphacan.com\/fr\/expertise-2\/#breadcrumb"},"inLanguage":"fr-FR","potentialAction":[{"@type":"ReadAction","target":["https:\/\/www.alphacan.com\/fr\/expertise-2\/"]}]},{"@type":"BreadcrumbList","@id":"https:\/\/www.alphacan.com\/fr\/expertise-2\/#breadcrumb","itemListElement":[{"@type":"ListItem","position":1,"name":"Accueil","item":"https:\/\/www.alphacan.com\/fr\/"},{"@type":"ListItem","position":2,"name":"Expertise"}]},{"@type":"WebSite","@id":"https:\/\/www.alphacan.com\/es\/#website","url":"https:\/\/www.alphacan.com\/es\/","name":"Alphacan","description":"Concepteur Menuiseries","potentialAction":[{"@type":"SearchAction","target":{"@type":"EntryPoint","urlTemplate":"https:\/\/www.alphacan.com\/es\/?s={search_term_string}"},"query-input":{"@type":"PropertyValueSpecification","valueRequired":true,"valueName":"search_term_string"}}],"inLanguage":"fr-FR"}]}},"_links":{"self":[{"href":"https:\/\/www.alphacan.com\/fr\/wp-json\/wp\/v2\/pages\/9","targetHints":{"allow":["GET"]}}],"collection":[{"href":"https:\/\/www.alphacan.com\/fr\/wp-json\/wp\/v2\/pages"}],"about":[{"href":"https:\/\/www.alphacan.com\/fr\/wp-json\/wp\/v2\/types\/page"}],"author":[{"embeddable":true,"href":"https:\/\/www.alphacan.com\/fr\/wp-json\/wp\/v2\/users\/559"}],"replies":[{"embeddable":true,"href":"https:\/\/www.alphacan.com\/fr\/wp-json\/wp\/v2\/comments?post=9"}],"version-history":[{"count":5,"href":"https:\/\/www.alphacan.com\/fr\/wp-json\/wp\/v2\/pages\/9\/revisions"}],"predecessor-version":[{"id":4115,"href":"https:\/\/www.alphacan.com\/fr\/wp-json\/wp\/v2\/pages\/9\/revisions\/4115"}],"wp:attachment":[{"href":"https:\/\/www.alphacan.com\/fr\/wp-json\/wp\/v2\/media?parent=9"}],"curies":[{"name":"wp","href":"https:\/\/api.w.org\/{rel}","templated":true}]}}