{"id":93,"date":"2015-06-15T15:44:12","date_gmt":"2015-06-15T14:44:12","guid":{"rendered":"http:\/\/www.alphacan.com\/?page_id=93"},"modified":"2018-04-27T13:24:06","modified_gmt":"2018-04-27T12:24:06","slug":"bouclier-thermique","status":"publish","type":"page","link":"https:\/\/www.alphacan.com\/fr\/menuiseries-france\/innovations-thermique\/bouclier-thermique\/","title":{"rendered":"Bouclier Thermique"},"content":{"rendered":"<h2>INNOVATION THERMIQUE<\/h2>\n<p style=\"text-align: justify;\">Le bouclier thermique est une technique de coextrusion d\u2019un joint souple de PVC int\u00e9gr\u00e9 sur le profil\u00e9 dormant des menuiseries. Il vient am\u00e9liorer la performance thermique de la menuiserie sans aucune g\u00eane sur les man\u0153uvres d\u2019ouverture et de fermeture de celle-ci.<\/p>\n<p style=\"text-align: justify;\">Le bouclier thermique r\u00e9pond aux probl\u00e9matiques de recherche d\u2019\u00e9conomie d\u2019\u00e9nergie et d\u2019augmentation du confort dans l\u2019habitat. Il peut \u00eatre utilis\u00e9 seul ou en compl\u00e9ment de l\u2019option mousse PU, propos\u00e9e dans les profil\u00e9s de nos gammes pour un Uw optimal sur vos menuiseries.<\/p>\n","protected":false},"excerpt":{"rendered":"<p>INNOVATION THERMIQUE Le bouclier thermique est une technique de coextrusion d\u2019un joint souple de PVC int\u00e9gr\u00e9 sur le profil\u00e9 dormant des menuiseries. Il vient am\u00e9liorer la performance thermique de la menuiserie sans aucune g\u00eane sur les man\u0153uvres d\u2019ouverture et de fermeture de celle-ci. Le bouclier thermique r\u00e9pond aux probl\u00e9matiques de recherche d\u2019\u00e9conomie d\u2019\u00e9nergie et d\u2019augmentation [&hellip;]<\/p>\n","protected":false},"author":559,"featured_media":0,"parent":71,"menu_order":3,"comment_status":"open","ping_status":"closed","template":"","meta":{"_acf_changed":false,"footnotes":""},"class_list":["post-93","page","type-page","status-publish","hentry"],"acf":[],"yoast_head":"<!-- This site is optimized with the Yoast SEO plugin v27.0 - https:\/\/yoast.com\/product\/yoast-seo-wordpress\/ -->\n<title>Bouclier Thermique &#8211; Alphacan<\/title>\n<meta name=\"description\" content=\"INNOVATION THERMIQUE Le bouclier thermique est une technique de coextrusion d\u2019un joint souple de PVC int\u00e9gr\u00e9 sur le profil\u00e9 dormant des menuiseries. Il\" \/>\n<meta name=\"robots\" content=\"index, follow, max-snippet:-1, max-image-preview:large, max-video-preview:-1\" \/>\n<link rel=\"canonical\" href=\"https:\/\/www.alphacan.com\/fr\/menuiseries-france\/innovations-thermique\/bouclier-thermique\/\" \/>\n<meta property=\"og:locale\" content=\"fr_FR\" \/>\n<meta property=\"og:type\" content=\"article\" \/>\n<meta property=\"og:title\" content=\"Bouclier Thermique &#8211; Alphacan\" \/>\n<meta property=\"og:description\" content=\"INNOVATION THERMIQUE Le bouclier thermique est une technique de coextrusion d\u2019un joint souple de PVC int\u00e9gr\u00e9 sur le profil\u00e9 dormant des menuiseries. Il\" \/>\n<meta property=\"og:url\" content=\"https:\/\/www.alphacan.com\/fr\/menuiseries-france\/innovations-thermique\/bouclier-thermique\/\" \/>\n<meta property=\"og:site_name\" content=\"Alphacan\" \/>\n<meta property=\"article:modified_time\" content=\"2018-04-27T12:24:06+00:00\" \/>\n<meta name=\"twitter:card\" content=\"summary_large_image\" \/>\n<meta name=\"twitter:label1\" content=\"Dur\u00e9e de lecture estim\u00e9e\" \/>\n\t<meta name=\"twitter:data1\" content=\"1 minute\" \/>\n<script type=\"application\/ld+json\" class=\"yoast-schema-graph\">{\"@context\":\"https:\/\/schema.org\",\"@graph\":[{\"@type\":\"WebPage\",\"@id\":\"https:\/\/www.alphacan.com\/fr\/menuiseries-france\/innovations-thermique\/bouclier-thermique\/\",\"url\":\"https:\/\/www.alphacan.com\/fr\/menuiseries-france\/innovations-thermique\/bouclier-thermique\/\",\"name\":\"Bouclier Thermique &#8211; Alphacan\",\"isPartOf\":{\"@id\":\"https:\/\/www.alphacan.com\/es\/#website\"},\"datePublished\":\"2015-06-15T14:44:12+00:00\",\"dateModified\":\"2018-04-27T12:24:06+00:00\",\"description\":\"INNOVATION THERMIQUE Le bouclier thermique est une technique de coextrusion d\u2019un joint souple de PVC int\u00e9gr\u00e9 sur le profil\u00e9 dormant des menuiseries. Il\",\"breadcrumb\":{\"@id\":\"https:\/\/www.alphacan.com\/fr\/menuiseries-france\/innovations-thermique\/bouclier-thermique\/#breadcrumb\"},\"inLanguage\":\"fr-FR\",\"potentialAction\":[{\"@type\":\"ReadAction\",\"target\":[\"https:\/\/www.alphacan.com\/fr\/menuiseries-france\/innovations-thermique\/bouclier-thermique\/\"]}]},{\"@type\":\"BreadcrumbList\",\"@id\":\"https:\/\/www.alphacan.com\/fr\/menuiseries-france\/innovations-thermique\/bouclier-thermique\/#breadcrumb\",\"itemListElement\":[{\"@type\":\"ListItem\",\"position\":1,\"name\":\"Accueil\",\"item\":\"https:\/\/www.alphacan.com\/fr\/\"},{\"@type\":\"ListItem\",\"position\":2,\"name\":\"Menuiseries France\",\"item\":\"https:\/\/www.alphacan.com\/fr\/menuiseries-france\/\"},{\"@type\":\"ListItem\",\"position\":3,\"name\":\"Innovations Thermiques\",\"item\":\"https:\/\/www.alphacan.com\/fr\/menuiseries-france\/innovations-thermique\/\"},{\"@type\":\"ListItem\",\"position\":4,\"name\":\"Bouclier Thermique\"}]},{\"@type\":\"WebSite\",\"@id\":\"https:\/\/www.alphacan.com\/es\/#website\",\"url\":\"https:\/\/www.alphacan.com\/es\/\",\"name\":\"Alphacan\",\"description\":\"Concepteur Menuiseries\",\"potentialAction\":[{\"@type\":\"SearchAction\",\"target\":{\"@type\":\"EntryPoint\",\"urlTemplate\":\"https:\/\/www.alphacan.com\/es\/?s={search_term_string}\"},\"query-input\":{\"@type\":\"PropertyValueSpecification\",\"valueRequired\":true,\"valueName\":\"search_term_string\"}}],\"inLanguage\":\"fr-FR\"}]}<\/script>\n<!-- \/ Yoast SEO plugin. -->","yoast_head_json":{"title":"Bouclier Thermique &#8211; Alphacan","description":"INNOVATION THERMIQUE Le bouclier thermique est une technique de coextrusion d\u2019un joint souple de PVC int\u00e9gr\u00e9 sur le profil\u00e9 dormant des menuiseries. Il","robots":{"index":"index","follow":"follow","max-snippet":"max-snippet:-1","max-image-preview":"max-image-preview:large","max-video-preview":"max-video-preview:-1"},"canonical":"https:\/\/www.alphacan.com\/fr\/menuiseries-france\/innovations-thermique\/bouclier-thermique\/","og_locale":"fr_FR","og_type":"article","og_title":"Bouclier Thermique &#8211; Alphacan","og_description":"INNOVATION THERMIQUE Le bouclier thermique est une technique de coextrusion d\u2019un joint souple de PVC int\u00e9gr\u00e9 sur le profil\u00e9 dormant des menuiseries. Il","og_url":"https:\/\/www.alphacan.com\/fr\/menuiseries-france\/innovations-thermique\/bouclier-thermique\/","og_site_name":"Alphacan","article_modified_time":"2018-04-27T12:24:06+00:00","twitter_card":"summary_large_image","twitter_misc":{"Dur\u00e9e de lecture estim\u00e9e":"1 minute"},"schema":{"@context":"https:\/\/schema.org","@graph":[{"@type":"WebPage","@id":"https:\/\/www.alphacan.com\/fr\/menuiseries-france\/innovations-thermique\/bouclier-thermique\/","url":"https:\/\/www.alphacan.com\/fr\/menuiseries-france\/innovations-thermique\/bouclier-thermique\/","name":"Bouclier Thermique &#8211; Alphacan","isPartOf":{"@id":"https:\/\/www.alphacan.com\/es\/#website"},"datePublished":"2015-06-15T14:44:12+00:00","dateModified":"2018-04-27T12:24:06+00:00","description":"INNOVATION THERMIQUE Le bouclier thermique est une technique de coextrusion d\u2019un joint souple de PVC int\u00e9gr\u00e9 sur le profil\u00e9 dormant des menuiseries. Il","breadcrumb":{"@id":"https:\/\/www.alphacan.com\/fr\/menuiseries-france\/innovations-thermique\/bouclier-thermique\/#breadcrumb"},"inLanguage":"fr-FR","potentialAction":[{"@type":"ReadAction","target":["https:\/\/www.alphacan.com\/fr\/menuiseries-france\/innovations-thermique\/bouclier-thermique\/"]}]},{"@type":"BreadcrumbList","@id":"https:\/\/www.alphacan.com\/fr\/menuiseries-france\/innovations-thermique\/bouclier-thermique\/#breadcrumb","itemListElement":[{"@type":"ListItem","position":1,"name":"Accueil","item":"https:\/\/www.alphacan.com\/fr\/"},{"@type":"ListItem","position":2,"name":"Menuiseries France","item":"https:\/\/www.alphacan.com\/fr\/menuiseries-france\/"},{"@type":"ListItem","position":3,"name":"Innovations Thermiques","item":"https:\/\/www.alphacan.com\/fr\/menuiseries-france\/innovations-thermique\/"},{"@type":"ListItem","position":4,"name":"Bouclier Thermique"}]},{"@type":"WebSite","@id":"https:\/\/www.alphacan.com\/es\/#website","url":"https:\/\/www.alphacan.com\/es\/","name":"Alphacan","description":"Concepteur Menuiseries","potentialAction":[{"@type":"SearchAction","target":{"@type":"EntryPoint","urlTemplate":"https:\/\/www.alphacan.com\/es\/?s={search_term_string}"},"query-input":{"@type":"PropertyValueSpecification","valueRequired":true,"valueName":"search_term_string"}}],"inLanguage":"fr-FR"}]}},"_links":{"self":[{"href":"https:\/\/www.alphacan.com\/fr\/wp-json\/wp\/v2\/pages\/93","targetHints":{"allow":["GET"]}}],"collection":[{"href":"https:\/\/www.alphacan.com\/fr\/wp-json\/wp\/v2\/pages"}],"about":[{"href":"https:\/\/www.alphacan.com\/fr\/wp-json\/wp\/v2\/types\/page"}],"author":[{"embeddable":true,"href":"https:\/\/www.alphacan.com\/fr\/wp-json\/wp\/v2\/users\/559"}],"replies":[{"embeddable":true,"href":"https:\/\/www.alphacan.com\/fr\/wp-json\/wp\/v2\/comments?post=93"}],"version-history":[{"count":5,"href":"https:\/\/www.alphacan.com\/fr\/wp-json\/wp\/v2\/pages\/93\/revisions"}],"predecessor-version":[{"id":2779,"href":"https:\/\/www.alphacan.com\/fr\/wp-json\/wp\/v2\/pages\/93\/revisions\/2779"}],"up":[{"embeddable":true,"href":"https:\/\/www.alphacan.com\/fr\/wp-json\/wp\/v2\/pages\/71"}],"wp:attachment":[{"href":"https:\/\/www.alphacan.com\/fr\/wp-json\/wp\/v2\/media?parent=93"}],"curies":[{"name":"wp","href":"https:\/\/api.w.org\/{rel}","templated":true}]}}