{"id":4165,"date":"2018-12-19T13:45:39","date_gmt":"2018-12-19T12:45:39","guid":{"rendered":"https:\/\/www.alphacan.com\/?page_id=4165"},"modified":"2019-03-27T11:34:50","modified_gmt":"2019-03-27T10:34:50","slug":"espace-clair","status":"publish","type":"page","link":"https:\/\/www.alphacan.com\/hr\/espace-clair\/","title":{"rendered":"ESPACE CLAIR"},"content":{"rendered":"<h2>KOMPLETNO RJE\u0160ENJE ZA FASADE I KROVOVE<\/h2>\n<p>Alphacan je, kroz svoj Espace Clair asortiman, jedan od vode\u0107ih europskih proizvo\u0111a\u010da krovne obrade, fasada i mobilnih ku\u0107ica.<\/p>\n<p>Za ekstrudiranje profila iz ovog asortimana, Alphacan ima vlastitu tehnologiju ekstruzije profila na bazi stani\u010dnog ekspandiranog PVC-a ili krutog PVC-a.<\/p>\n","protected":false},"excerpt":{"rendered":"<p>KOMPLETNO RJE\u0160ENJE ZA FASADE I KROVOVE Alphacan je, kroz svoj Espace Clair asortiman, jedan od vode\u0107ih europskih proizvo\u0111a\u010da krovne obrade, fasada i mobilnih ku\u0107ica. Za ekstrudiranje profila iz ovog asortimana, Alphacan ima vlastitu tehnologiju ekstruzije profila na bazi stani\u010dnog ekspandiranog PVC-a ili krutog PVC-a.<\/p>\n","protected":false},"author":155,"featured_media":0,"parent":0,"menu_order":0,"comment_status":"closed","ping_status":"closed","template":"","meta":{"_acf_changed":false,"footnotes":""},"class_list":["post-4165","page","type-page","status-publish","hentry"],"acf":[],"yoast_head":"<!-- This site is optimized with the Yoast SEO plugin v27.0 - https:\/\/yoast.com\/product\/yoast-seo-wordpress\/ -->\n<title>ESPACE CLAIR &#8211; Alphacan<\/title>\n<meta name=\"description\" content=\"KOMPLETNO RJE\u0160ENJE ZA FASADE I KROVOVE Alphacan je, kroz svoj Espace Clair asortiman, jedan od vode\u0107ih europskih proizvo\u0111a\u010da krovne obrade, fasada i\" \/>\n<meta name=\"robots\" content=\"index, follow, max-snippet:-1, max-image-preview:large, max-video-preview:-1\" \/>\n<link rel=\"canonical\" href=\"https:\/\/www.alphacan.com\/hr\/espace-clair\/\" \/>\n<meta property=\"og:locale\" content=\"hr_HR\" \/>\n<meta property=\"og:type\" content=\"article\" \/>\n<meta property=\"og:title\" content=\"ESPACE CLAIR &#8211; Alphacan\" \/>\n<meta property=\"og:description\" content=\"KOMPLETNO RJE\u0160ENJE ZA FASADE I KROVOVE Alphacan je, kroz svoj Espace Clair asortiman, jedan od vode\u0107ih europskih proizvo\u0111a\u010da krovne obrade, fasada i\" \/>\n<meta property=\"og:url\" content=\"https:\/\/www.alphacan.com\/hr\/espace-clair\/\" \/>\n<meta property=\"og:site_name\" content=\"Alphacan\" \/>\n<meta property=\"article:modified_time\" content=\"2019-03-27T10:34:50+00:00\" \/>\n<meta name=\"twitter:card\" content=\"summary_large_image\" \/>\n<script type=\"application\/ld+json\" class=\"yoast-schema-graph\">{\"@context\":\"https:\/\/schema.org\",\"@graph\":[{\"@type\":\"WebPage\",\"@id\":\"https:\/\/www.alphacan.com\/hr\/espace-clair\/\",\"url\":\"https:\/\/www.alphacan.com\/hr\/espace-clair\/\",\"name\":\"ESPACE CLAIR &#8211; Alphacan\",\"isPartOf\":{\"@id\":\"https:\/\/www.alphacan.com\/es\/#website\"},\"datePublished\":\"2018-12-19T12:45:39+00:00\",\"dateModified\":\"2019-03-27T10:34:50+00:00\",\"description\":\"KOMPLETNO RJE\u0160ENJE ZA FASADE I KROVOVE Alphacan je, kroz svoj Espace Clair asortiman, jedan od vode\u0107ih europskih proizvo\u0111a\u010da krovne obrade, fasada i\",\"breadcrumb\":{\"@id\":\"https:\/\/www.alphacan.com\/hr\/espace-clair\/#breadcrumb\"},\"inLanguage\":\"hr\",\"potentialAction\":[{\"@type\":\"ReadAction\",\"target\":[\"https:\/\/www.alphacan.com\/hr\/espace-clair\/\"]}]},{\"@type\":\"BreadcrumbList\",\"@id\":\"https:\/\/www.alphacan.com\/hr\/espace-clair\/#breadcrumb\",\"itemListElement\":[{\"@type\":\"ListItem\",\"position\":1,\"name\":\"Accueil\",\"item\":\"https:\/\/www.alphacan.com\/hr\/\"},{\"@type\":\"ListItem\",\"position\":2,\"name\":\"ESPACE CLAIR\"}]},{\"@type\":\"WebSite\",\"@id\":\"https:\/\/www.alphacan.com\/es\/#website\",\"url\":\"https:\/\/www.alphacan.com\/es\/\",\"name\":\"Alphacan\",\"description\":\"Concepteur Menuiseries\",\"potentialAction\":[{\"@type\":\"SearchAction\",\"target\":{\"@type\":\"EntryPoint\",\"urlTemplate\":\"https:\/\/www.alphacan.com\/es\/?s={search_term_string}\"},\"query-input\":{\"@type\":\"PropertyValueSpecification\",\"valueRequired\":true,\"valueName\":\"search_term_string\"}}],\"inLanguage\":\"hr\"}]}<\/script>\n<!-- \/ Yoast SEO plugin. -->","yoast_head_json":{"title":"ESPACE CLAIR &#8211; Alphacan","description":"KOMPLETNO RJE\u0160ENJE ZA FASADE I KROVOVE Alphacan je, kroz svoj Espace Clair asortiman, jedan od vode\u0107ih europskih proizvo\u0111a\u010da krovne obrade, fasada i","robots":{"index":"index","follow":"follow","max-snippet":"max-snippet:-1","max-image-preview":"max-image-preview:large","max-video-preview":"max-video-preview:-1"},"canonical":"https:\/\/www.alphacan.com\/hr\/espace-clair\/","og_locale":"hr_HR","og_type":"article","og_title":"ESPACE CLAIR &#8211; Alphacan","og_description":"KOMPLETNO RJE\u0160ENJE ZA FASADE I KROVOVE Alphacan je, kroz svoj Espace Clair asortiman, jedan od vode\u0107ih europskih proizvo\u0111a\u010da krovne obrade, fasada i","og_url":"https:\/\/www.alphacan.com\/hr\/espace-clair\/","og_site_name":"Alphacan","article_modified_time":"2019-03-27T10:34:50+00:00","twitter_card":"summary_large_image","schema":{"@context":"https:\/\/schema.org","@graph":[{"@type":"WebPage","@id":"https:\/\/www.alphacan.com\/hr\/espace-clair\/","url":"https:\/\/www.alphacan.com\/hr\/espace-clair\/","name":"ESPACE CLAIR &#8211; Alphacan","isPartOf":{"@id":"https:\/\/www.alphacan.com\/es\/#website"},"datePublished":"2018-12-19T12:45:39+00:00","dateModified":"2019-03-27T10:34:50+00:00","description":"KOMPLETNO RJE\u0160ENJE ZA FASADE I KROVOVE Alphacan je, kroz svoj Espace Clair asortiman, jedan od vode\u0107ih europskih proizvo\u0111a\u010da krovne obrade, fasada i","breadcrumb":{"@id":"https:\/\/www.alphacan.com\/hr\/espace-clair\/#breadcrumb"},"inLanguage":"hr","potentialAction":[{"@type":"ReadAction","target":["https:\/\/www.alphacan.com\/hr\/espace-clair\/"]}]},{"@type":"BreadcrumbList","@id":"https:\/\/www.alphacan.com\/hr\/espace-clair\/#breadcrumb","itemListElement":[{"@type":"ListItem","position":1,"name":"Accueil","item":"https:\/\/www.alphacan.com\/hr\/"},{"@type":"ListItem","position":2,"name":"ESPACE CLAIR"}]},{"@type":"WebSite","@id":"https:\/\/www.alphacan.com\/es\/#website","url":"https:\/\/www.alphacan.com\/es\/","name":"Alphacan","description":"Concepteur Menuiseries","potentialAction":[{"@type":"SearchAction","target":{"@type":"EntryPoint","urlTemplate":"https:\/\/www.alphacan.com\/es\/?s={search_term_string}"},"query-input":{"@type":"PropertyValueSpecification","valueRequired":true,"valueName":"search_term_string"}}],"inLanguage":"hr"}]}},"_links":{"self":[{"href":"https:\/\/www.alphacan.com\/hr\/wp-json\/wp\/v2\/pages\/4165","targetHints":{"allow":["GET"]}}],"collection":[{"href":"https:\/\/www.alphacan.com\/hr\/wp-json\/wp\/v2\/pages"}],"about":[{"href":"https:\/\/www.alphacan.com\/hr\/wp-json\/wp\/v2\/types\/page"}],"author":[{"embeddable":true,"href":"https:\/\/www.alphacan.com\/hr\/wp-json\/wp\/v2\/users\/155"}],"replies":[{"embeddable":true,"href":"https:\/\/www.alphacan.com\/hr\/wp-json\/wp\/v2\/comments?post=4165"}],"version-history":[{"count":4,"href":"https:\/\/www.alphacan.com\/hr\/wp-json\/wp\/v2\/pages\/4165\/revisions"}],"predecessor-version":[{"id":5931,"href":"https:\/\/www.alphacan.com\/hr\/wp-json\/wp\/v2\/pages\/4165\/revisions\/5931"}],"wp:attachment":[{"href":"https:\/\/www.alphacan.com\/hr\/wp-json\/wp\/v2\/media?parent=4165"}],"curies":[{"name":"wp","href":"https:\/\/api.w.org\/{rel}","templated":true}]}}