{"id":4174,"date":"2018-12-20T11:35:17","date_gmt":"2018-12-20T10:35:17","guid":{"rendered":"https:\/\/www.alphacan.com\/?page_id=4174"},"modified":"2019-04-12T09:46:35","modified_gmt":"2019-04-12T07:46:35","slug":"habillage-de-facade","status":"publish","type":"page","link":"https:\/\/www.alphacan.com\/hr\/espace-clair\/habillage-de-facade\/","title":{"rendered":"OBLAGANJE FASADE"},"content":{"rendered":"<h2>OPLEMENJIVANJE FASADE<\/h2>\n<p>Obojeni profili za oblaganje ESPACE CLAIR asortimana posjeduju tehni\u010dkim list CSTB i certificirani su prema QB 26-24-u.<\/p>\n<p>Glatki ili zrnati, na novogradnji ili kod renoviranja, pru\u017eaju za\u0161titu, izdr\u017eljivost i izolaciju zgrade.<\/p>\n<p>Spojni elementi, bez vanjskog pokrova, daju Va\u0161oj realizaciji savr\u0161enu izvedbu.<\/p>\n<p><a href=\"https:\/\/www.alphacan.com\/wp-content\/uploads\/2018\/01\/logo-QB.jpg\"><img loading=\"lazy\" decoding=\"async\" class=\"alignleft  wp-image-2877\" src=\"https:\/\/www.alphacan.com\/wp-content\/uploads\/2018\/01\/logo-QB.jpg\" alt=\"\" width=\"117\" height=\"138\" \/><\/a><\/p>\n<p>&nbsp;<\/p>\n<p>&nbsp;<\/p>\n<p>&nbsp;<\/p>\n<p>&nbsp;<\/p>\n<p>&nbsp;<\/p>\n","protected":false},"excerpt":{"rendered":"<p>OPLEMENJIVANJE FASADE Obojeni profili za oblaganje ESPACE CLAIR asortimana posjeduju tehni\u010dkim list CSTB i certificirani su prema QB 26-24-u. Glatki ili zrnati, na novogradnji ili kod renoviranja, pru\u017eaju za\u0161titu, izdr\u017eljivost i izolaciju zgrade. Spojni elementi, bez vanjskog pokrova, daju Va\u0161oj realizaciji savr\u0161enu izvedbu. &nbsp; &nbsp; &nbsp; &nbsp; &nbsp;<\/p>\n","protected":false},"author":155,"featured_media":4184,"parent":4165,"menu_order":1,"comment_status":"closed","ping_status":"closed","template":"","meta":{"_acf_changed":false,"footnotes":""},"class_list":["post-4174","page","type-page","status-publish","has-post-thumbnail","hentry"],"acf":[],"yoast_head":"<!-- This site is optimized with the Yoast SEO plugin v27.0 - https:\/\/yoast.com\/product\/yoast-seo-wordpress\/ -->\n<title>OBLAGANJE FASADE &#8211; Alphacan<\/title>\n<meta name=\"description\" content=\"OPLEMENJIVANJE FASADE Obojeni profili za oblaganje ESPACE CLAIR asortimana posjeduju tehni\u010dkim list CSTB i certificirani su prema QB 26-24-u. Glatki ili\" \/>\n<meta name=\"robots\" content=\"index, follow, max-snippet:-1, max-image-preview:large, max-video-preview:-1\" \/>\n<link rel=\"canonical\" href=\"https:\/\/www.alphacan.com\/hr\/espace-clair\/habillage-de-facade\/\" \/>\n<meta property=\"og:locale\" content=\"hr_HR\" \/>\n<meta property=\"og:type\" content=\"article\" \/>\n<meta property=\"og:title\" content=\"OBLAGANJE FASADE &#8211; Alphacan\" \/>\n<meta property=\"og:description\" content=\"OPLEMENJIVANJE FASADE Obojeni profili za oblaganje ESPACE CLAIR asortimana posjeduju tehni\u010dkim list CSTB i certificirani su prema QB 26-24-u. Glatki ili\" \/>\n<meta property=\"og:url\" content=\"https:\/\/www.alphacan.com\/hr\/espace-clair\/habillage-de-facade\/\" \/>\n<meta property=\"og:site_name\" content=\"Alphacan\" \/>\n<meta property=\"article:modified_time\" content=\"2019-04-12T07:46:35+00:00\" \/>\n<meta property=\"og:image\" content=\"https:\/\/www.alphacan.com\/wp-content\/uploads\/2017\/11\/pictos-habillage-facade.jpg\" \/>\n\t<meta property=\"og:image:width\" content=\"484\" \/>\n\t<meta property=\"og:image:height\" content=\"540\" \/>\n\t<meta property=\"og:image:type\" content=\"image\/jpeg\" \/>\n<meta name=\"twitter:card\" content=\"summary_large_image\" \/>\n<script type=\"application\/ld+json\" class=\"yoast-schema-graph\">{\"@context\":\"https:\/\/schema.org\",\"@graph\":[{\"@type\":\"WebPage\",\"@id\":\"https:\/\/www.alphacan.com\/hr\/espace-clair\/habillage-de-facade\/\",\"url\":\"https:\/\/www.alphacan.com\/hr\/espace-clair\/habillage-de-facade\/\",\"name\":\"OBLAGANJE FASADE &#8211; Alphacan\",\"isPartOf\":{\"@id\":\"https:\/\/www.alphacan.com\/es\/#website\"},\"primaryImageOfPage\":{\"@id\":\"https:\/\/www.alphacan.com\/hr\/espace-clair\/habillage-de-facade\/#primaryimage\"},\"image\":{\"@id\":\"https:\/\/www.alphacan.com\/hr\/espace-clair\/habillage-de-facade\/#primaryimage\"},\"thumbnailUrl\":\"https:\/\/www.alphacan.com\/wp-content\/uploads\/2017\/11\/pictos-habillage-facade.jpg\",\"datePublished\":\"2018-12-20T10:35:17+00:00\",\"dateModified\":\"2019-04-12T07:46:35+00:00\",\"description\":\"OPLEMENJIVANJE FASADE Obojeni profili za oblaganje ESPACE CLAIR asortimana posjeduju tehni\u010dkim list CSTB i certificirani su prema QB 26-24-u. Glatki ili\",\"breadcrumb\":{\"@id\":\"https:\/\/www.alphacan.com\/hr\/espace-clair\/habillage-de-facade\/#breadcrumb\"},\"inLanguage\":\"hr\",\"potentialAction\":[{\"@type\":\"ReadAction\",\"target\":[\"https:\/\/www.alphacan.com\/hr\/espace-clair\/habillage-de-facade\/\"]}]},{\"@type\":\"ImageObject\",\"inLanguage\":\"hr\",\"@id\":\"https:\/\/www.alphacan.com\/hr\/espace-clair\/habillage-de-facade\/#primaryimage\",\"url\":\"https:\/\/www.alphacan.com\/wp-content\/uploads\/2017\/11\/pictos-habillage-facade.jpg\",\"contentUrl\":\"https:\/\/www.alphacan.com\/wp-content\/uploads\/2017\/11\/pictos-habillage-facade.jpg\",\"width\":484,\"height\":540},{\"@type\":\"BreadcrumbList\",\"@id\":\"https:\/\/www.alphacan.com\/hr\/espace-clair\/habillage-de-facade\/#breadcrumb\",\"itemListElement\":[{\"@type\":\"ListItem\",\"position\":1,\"name\":\"Accueil\",\"item\":\"https:\/\/www.alphacan.com\/hr\/\"},{\"@type\":\"ListItem\",\"position\":2,\"name\":\"ESPACE CLAIR\",\"item\":\"https:\/\/www.alphacan.com\/hr\/espace-clair\/\"},{\"@type\":\"ListItem\",\"position\":3,\"name\":\"OBLAGANJE FASADE\"}]},{\"@type\":\"WebSite\",\"@id\":\"https:\/\/www.alphacan.com\/es\/#website\",\"url\":\"https:\/\/www.alphacan.com\/es\/\",\"name\":\"Alphacan\",\"description\":\"Concepteur Menuiseries\",\"potentialAction\":[{\"@type\":\"SearchAction\",\"target\":{\"@type\":\"EntryPoint\",\"urlTemplate\":\"https:\/\/www.alphacan.com\/es\/?s={search_term_string}\"},\"query-input\":{\"@type\":\"PropertyValueSpecification\",\"valueRequired\":true,\"valueName\":\"search_term_string\"}}],\"inLanguage\":\"hr\"}]}<\/script>\n<!-- \/ Yoast SEO plugin. -->","yoast_head_json":{"title":"OBLAGANJE FASADE &#8211; Alphacan","description":"OPLEMENJIVANJE FASADE Obojeni profili za oblaganje ESPACE CLAIR asortimana posjeduju tehni\u010dkim list CSTB i certificirani su prema QB 26-24-u. Glatki ili","robots":{"index":"index","follow":"follow","max-snippet":"max-snippet:-1","max-image-preview":"max-image-preview:large","max-video-preview":"max-video-preview:-1"},"canonical":"https:\/\/www.alphacan.com\/hr\/espace-clair\/habillage-de-facade\/","og_locale":"hr_HR","og_type":"article","og_title":"OBLAGANJE FASADE &#8211; Alphacan","og_description":"OPLEMENJIVANJE FASADE Obojeni profili za oblaganje ESPACE CLAIR asortimana posjeduju tehni\u010dkim list CSTB i certificirani su prema QB 26-24-u. Glatki ili","og_url":"https:\/\/www.alphacan.com\/hr\/espace-clair\/habillage-de-facade\/","og_site_name":"Alphacan","article_modified_time":"2019-04-12T07:46:35+00:00","og_image":[{"width":484,"height":540,"url":"https:\/\/www.alphacan.com\/wp-content\/uploads\/2017\/11\/pictos-habillage-facade.jpg","type":"image\/jpeg"}],"twitter_card":"summary_large_image","schema":{"@context":"https:\/\/schema.org","@graph":[{"@type":"WebPage","@id":"https:\/\/www.alphacan.com\/hr\/espace-clair\/habillage-de-facade\/","url":"https:\/\/www.alphacan.com\/hr\/espace-clair\/habillage-de-facade\/","name":"OBLAGANJE FASADE &#8211; Alphacan","isPartOf":{"@id":"https:\/\/www.alphacan.com\/es\/#website"},"primaryImageOfPage":{"@id":"https:\/\/www.alphacan.com\/hr\/espace-clair\/habillage-de-facade\/#primaryimage"},"image":{"@id":"https:\/\/www.alphacan.com\/hr\/espace-clair\/habillage-de-facade\/#primaryimage"},"thumbnailUrl":"https:\/\/www.alphacan.com\/wp-content\/uploads\/2017\/11\/pictos-habillage-facade.jpg","datePublished":"2018-12-20T10:35:17+00:00","dateModified":"2019-04-12T07:46:35+00:00","description":"OPLEMENJIVANJE FASADE Obojeni profili za oblaganje ESPACE CLAIR asortimana posjeduju tehni\u010dkim list CSTB i certificirani su prema QB 26-24-u. Glatki ili","breadcrumb":{"@id":"https:\/\/www.alphacan.com\/hr\/espace-clair\/habillage-de-facade\/#breadcrumb"},"inLanguage":"hr","potentialAction":[{"@type":"ReadAction","target":["https:\/\/www.alphacan.com\/hr\/espace-clair\/habillage-de-facade\/"]}]},{"@type":"ImageObject","inLanguage":"hr","@id":"https:\/\/www.alphacan.com\/hr\/espace-clair\/habillage-de-facade\/#primaryimage","url":"https:\/\/www.alphacan.com\/wp-content\/uploads\/2017\/11\/pictos-habillage-facade.jpg","contentUrl":"https:\/\/www.alphacan.com\/wp-content\/uploads\/2017\/11\/pictos-habillage-facade.jpg","width":484,"height":540},{"@type":"BreadcrumbList","@id":"https:\/\/www.alphacan.com\/hr\/espace-clair\/habillage-de-facade\/#breadcrumb","itemListElement":[{"@type":"ListItem","position":1,"name":"Accueil","item":"https:\/\/www.alphacan.com\/hr\/"},{"@type":"ListItem","position":2,"name":"ESPACE CLAIR","item":"https:\/\/www.alphacan.com\/hr\/espace-clair\/"},{"@type":"ListItem","position":3,"name":"OBLAGANJE FASADE"}]},{"@type":"WebSite","@id":"https:\/\/www.alphacan.com\/es\/#website","url":"https:\/\/www.alphacan.com\/es\/","name":"Alphacan","description":"Concepteur Menuiseries","potentialAction":[{"@type":"SearchAction","target":{"@type":"EntryPoint","urlTemplate":"https:\/\/www.alphacan.com\/es\/?s={search_term_string}"},"query-input":{"@type":"PropertyValueSpecification","valueRequired":true,"valueName":"search_term_string"}}],"inLanguage":"hr"}]}},"_links":{"self":[{"href":"https:\/\/www.alphacan.com\/hr\/wp-json\/wp\/v2\/pages\/4174","targetHints":{"allow":["GET"]}}],"collection":[{"href":"https:\/\/www.alphacan.com\/hr\/wp-json\/wp\/v2\/pages"}],"about":[{"href":"https:\/\/www.alphacan.com\/hr\/wp-json\/wp\/v2\/types\/page"}],"author":[{"embeddable":true,"href":"https:\/\/www.alphacan.com\/hr\/wp-json\/wp\/v2\/users\/155"}],"replies":[{"embeddable":true,"href":"https:\/\/www.alphacan.com\/hr\/wp-json\/wp\/v2\/comments?post=4174"}],"version-history":[{"count":5,"href":"https:\/\/www.alphacan.com\/hr\/wp-json\/wp\/v2\/pages\/4174\/revisions"}],"predecessor-version":[{"id":6129,"href":"https:\/\/www.alphacan.com\/hr\/wp-json\/wp\/v2\/pages\/4174\/revisions\/6129"}],"up":[{"embeddable":true,"href":"https:\/\/www.alphacan.com\/hr\/wp-json\/wp\/v2\/pages\/4165"}],"wp:featuredmedia":[{"embeddable":true,"href":"https:\/\/www.alphacan.com\/hr\/wp-json\/wp\/v2\/media\/4184"}],"wp:attachment":[{"href":"https:\/\/www.alphacan.com\/hr\/wp-json\/wp\/v2\/media?parent=4174"}],"curies":[{"name":"wp","href":"https:\/\/api.w.org\/{rel}","templated":true}]}}