{"id":4205,"date":"2019-01-10T11:36:31","date_gmt":"2019-01-10T10:36:31","guid":{"rendered":"https:\/\/www.alphacan.com\/?page_id=4205"},"modified":"2019-04-17T11:38:34","modified_gmt":"2019-04-17T09:38:34","slug":"znanje-i-vjestina","status":"publish","type":"page","link":"https:\/\/www.alphacan.com\/hr\/strucnost\/znanje-i-vjestina\/","title":{"rendered":"ZNANJE I VJE\u0160TINA"},"content":{"rendered":"<h2>PVC PROFILI I INOVATIVNA RJE\u0160ENJA<\/h2>\n<p>Neizbje\u017eni know-how, me\u0111unarodna stru\u010dnost i prepoznata sposobnost inovacije omogu\u0107uju da bude klju\u010dni igra\u010d u svojim podru\u010djima djelovanja.<\/p>\n<p>Podr\u0161ka od marketin\u0161kog tima i stru\u010dnjaka za istra\u017eivanje i razvoj, tvrtka se mo\u017ee prilagoditi promjenama na tr\u017ei\u0161tima i svojim klijentima, predlagati relevantna i inovativna pobolj\u0161anja zahvaljuju\u0107i poveznicama koje se proizvode zajedno s partnerima.<\/p>\n<p>Alphacan ima 5 tvornica u Europi:<\/p>\n","protected":false},"excerpt":{"rendered":"<p>PVC PROFILI I INOVATIVNA RJE\u0160ENJA Neizbje\u017eni know-how, me\u0111unarodna stru\u010dnost i prepoznata sposobnost inovacije omogu\u0107uju da bude klju\u010dni igra\u010d u svojim podru\u010djima djelovanja. Podr\u0161ka od marketin\u0161kog tima i stru\u010dnjaka za istra\u017eivanje i razvoj, tvrtka se mo\u017ee prilagoditi promjenama na tr\u017ei\u0161tima i svojim klijentima, predlagati relevantna i inovativna pobolj\u0161anja zahvaljuju\u0107i poveznicama koje se proizvode zajedno s partnerima. [&hellip;]<\/p>\n","protected":false},"author":559,"featured_media":4123,"parent":4201,"menu_order":1,"comment_status":"open","ping_status":"closed","template":"page-about.php","meta":{"_acf_changed":false,"footnotes":""},"class_list":["post-4205","page","type-page","status-publish","has-post-thumbnail","hentry"],"acf":[],"yoast_head":"<!-- This site is optimized with the Yoast SEO plugin v27.0 - https:\/\/yoast.com\/product\/yoast-seo-wordpress\/ -->\n<title>ZNANJE I VJE\u0160TINA &#8211; Alphacan<\/title>\n<meta name=\"description\" content=\"PVC PROFILI I INOVATIVNA RJE\u0160ENJA Neizbje\u017eni know-how, me\u0111unarodna stru\u010dnost i prepoznata sposobnost inovacije omogu\u0107uju da bude klju\u010dni igra\u010d u svojim\" \/>\n<meta name=\"robots\" content=\"index, follow, max-snippet:-1, max-image-preview:large, max-video-preview:-1\" \/>\n<link rel=\"canonical\" href=\"https:\/\/www.alphacan.com\/hr\/strucnost\/znanje-i-vjestina\/\" \/>\n<meta property=\"og:locale\" content=\"hr_HR\" \/>\n<meta property=\"og:type\" content=\"article\" \/>\n<meta property=\"og:title\" content=\"ZNANJE I VJE\u0160TINA &#8211; Alphacan\" \/>\n<meta property=\"og:description\" content=\"PVC PROFILI I INOVATIVNA RJE\u0160ENJA Neizbje\u017eni know-how, me\u0111unarodna stru\u010dnost i prepoznata sposobnost inovacije omogu\u0107uju da bude klju\u010dni igra\u010d u svojim\" \/>\n<meta property=\"og:url\" content=\"https:\/\/www.alphacan.com\/hr\/strucnost\/znanje-i-vjestina\/\" \/>\n<meta property=\"og:site_name\" content=\"Alphacan\" \/>\n<meta property=\"article:modified_time\" content=\"2019-04-17T09:38:34+00:00\" \/>\n<meta property=\"og:image\" content=\"https:\/\/www.alphacan.com\/wp-content\/uploads\/2015\/06\/choisir-le-pvc-e1444140307257.jpg\" \/>\n\t<meta property=\"og:image:width\" content=\"398\" \/>\n\t<meta property=\"og:image:height\" content=\"583\" \/>\n\t<meta property=\"og:image:type\" content=\"image\/jpeg\" \/>\n<meta name=\"twitter:card\" content=\"summary_large_image\" \/>\n<script type=\"application\/ld+json\" class=\"yoast-schema-graph\">{\"@context\":\"https:\/\/schema.org\",\"@graph\":[{\"@type\":\"WebPage\",\"@id\":\"https:\/\/www.alphacan.com\/hr\/strucnost\/znanje-i-vjestina\/\",\"url\":\"https:\/\/www.alphacan.com\/hr\/strucnost\/znanje-i-vjestina\/\",\"name\":\"ZNANJE I VJE\u0160TINA &#8211; Alphacan\",\"isPartOf\":{\"@id\":\"https:\/\/www.alphacan.com\/es\/#website\"},\"primaryImageOfPage\":{\"@id\":\"https:\/\/www.alphacan.com\/hr\/strucnost\/znanje-i-vjestina\/#primaryimage\"},\"image\":{\"@id\":\"https:\/\/www.alphacan.com\/hr\/strucnost\/znanje-i-vjestina\/#primaryimage\"},\"thumbnailUrl\":\"https:\/\/www.alphacan.com\/wp-content\/uploads\/2015\/06\/choisir-le-pvc-e1444140307257.jpg\",\"datePublished\":\"2019-01-10T10:36:31+00:00\",\"dateModified\":\"2019-04-17T09:38:34+00:00\",\"description\":\"PVC PROFILI I INOVATIVNA RJE\u0160ENJA Neizbje\u017eni know-how, me\u0111unarodna stru\u010dnost i prepoznata sposobnost inovacije omogu\u0107uju da bude klju\u010dni igra\u010d u svojim\",\"breadcrumb\":{\"@id\":\"https:\/\/www.alphacan.com\/hr\/strucnost\/znanje-i-vjestina\/#breadcrumb\"},\"inLanguage\":\"hr\",\"potentialAction\":[{\"@type\":\"ReadAction\",\"target\":[\"https:\/\/www.alphacan.com\/hr\/strucnost\/znanje-i-vjestina\/\"]}]},{\"@type\":\"ImageObject\",\"inLanguage\":\"hr\",\"@id\":\"https:\/\/www.alphacan.com\/hr\/strucnost\/znanje-i-vjestina\/#primaryimage\",\"url\":\"https:\/\/www.alphacan.com\/wp-content\/uploads\/2015\/06\/choisir-le-pvc-e1444140307257.jpg\",\"contentUrl\":\"https:\/\/www.alphacan.com\/wp-content\/uploads\/2015\/06\/choisir-le-pvc-e1444140307257.jpg\",\"width\":398,\"height\":583},{\"@type\":\"BreadcrumbList\",\"@id\":\"https:\/\/www.alphacan.com\/hr\/strucnost\/znanje-i-vjestina\/#breadcrumb\",\"itemListElement\":[{\"@type\":\"ListItem\",\"position\":1,\"name\":\"Accueil\",\"item\":\"https:\/\/www.alphacan.com\/hr\/\"},{\"@type\":\"ListItem\",\"position\":2,\"name\":\"STRU\u010cNOST\",\"item\":\"https:\/\/www.alphacan.com\/hr\/strucnost\/\"},{\"@type\":\"ListItem\",\"position\":3,\"name\":\"ZNANJE I VJE\u0160TINA\"}]},{\"@type\":\"WebSite\",\"@id\":\"https:\/\/www.alphacan.com\/es\/#website\",\"url\":\"https:\/\/www.alphacan.com\/es\/\",\"name\":\"Alphacan\",\"description\":\"Concepteur Menuiseries\",\"potentialAction\":[{\"@type\":\"SearchAction\",\"target\":{\"@type\":\"EntryPoint\",\"urlTemplate\":\"https:\/\/www.alphacan.com\/es\/?s={search_term_string}\"},\"query-input\":{\"@type\":\"PropertyValueSpecification\",\"valueRequired\":true,\"valueName\":\"search_term_string\"}}],\"inLanguage\":\"hr\"}]}<\/script>\n<!-- \/ Yoast SEO plugin. -->","yoast_head_json":{"title":"ZNANJE I VJE\u0160TINA &#8211; Alphacan","description":"PVC PROFILI I INOVATIVNA RJE\u0160ENJA Neizbje\u017eni know-how, me\u0111unarodna stru\u010dnost i prepoznata sposobnost inovacije omogu\u0107uju da bude klju\u010dni igra\u010d u svojim","robots":{"index":"index","follow":"follow","max-snippet":"max-snippet:-1","max-image-preview":"max-image-preview:large","max-video-preview":"max-video-preview:-1"},"canonical":"https:\/\/www.alphacan.com\/hr\/strucnost\/znanje-i-vjestina\/","og_locale":"hr_HR","og_type":"article","og_title":"ZNANJE I VJE\u0160TINA &#8211; Alphacan","og_description":"PVC PROFILI I INOVATIVNA RJE\u0160ENJA Neizbje\u017eni know-how, me\u0111unarodna stru\u010dnost i prepoznata sposobnost inovacije omogu\u0107uju da bude klju\u010dni igra\u010d u svojim","og_url":"https:\/\/www.alphacan.com\/hr\/strucnost\/znanje-i-vjestina\/","og_site_name":"Alphacan","article_modified_time":"2019-04-17T09:38:34+00:00","og_image":[{"width":398,"height":583,"url":"https:\/\/www.alphacan.com\/wp-content\/uploads\/2015\/06\/choisir-le-pvc-e1444140307257.jpg","type":"image\/jpeg"}],"twitter_card":"summary_large_image","schema":{"@context":"https:\/\/schema.org","@graph":[{"@type":"WebPage","@id":"https:\/\/www.alphacan.com\/hr\/strucnost\/znanje-i-vjestina\/","url":"https:\/\/www.alphacan.com\/hr\/strucnost\/znanje-i-vjestina\/","name":"ZNANJE I VJE\u0160TINA &#8211; Alphacan","isPartOf":{"@id":"https:\/\/www.alphacan.com\/es\/#website"},"primaryImageOfPage":{"@id":"https:\/\/www.alphacan.com\/hr\/strucnost\/znanje-i-vjestina\/#primaryimage"},"image":{"@id":"https:\/\/www.alphacan.com\/hr\/strucnost\/znanje-i-vjestina\/#primaryimage"},"thumbnailUrl":"https:\/\/www.alphacan.com\/wp-content\/uploads\/2015\/06\/choisir-le-pvc-e1444140307257.jpg","datePublished":"2019-01-10T10:36:31+00:00","dateModified":"2019-04-17T09:38:34+00:00","description":"PVC PROFILI I INOVATIVNA RJE\u0160ENJA Neizbje\u017eni know-how, me\u0111unarodna stru\u010dnost i prepoznata sposobnost inovacije omogu\u0107uju da bude klju\u010dni igra\u010d u svojim","breadcrumb":{"@id":"https:\/\/www.alphacan.com\/hr\/strucnost\/znanje-i-vjestina\/#breadcrumb"},"inLanguage":"hr","potentialAction":[{"@type":"ReadAction","target":["https:\/\/www.alphacan.com\/hr\/strucnost\/znanje-i-vjestina\/"]}]},{"@type":"ImageObject","inLanguage":"hr","@id":"https:\/\/www.alphacan.com\/hr\/strucnost\/znanje-i-vjestina\/#primaryimage","url":"https:\/\/www.alphacan.com\/wp-content\/uploads\/2015\/06\/choisir-le-pvc-e1444140307257.jpg","contentUrl":"https:\/\/www.alphacan.com\/wp-content\/uploads\/2015\/06\/choisir-le-pvc-e1444140307257.jpg","width":398,"height":583},{"@type":"BreadcrumbList","@id":"https:\/\/www.alphacan.com\/hr\/strucnost\/znanje-i-vjestina\/#breadcrumb","itemListElement":[{"@type":"ListItem","position":1,"name":"Accueil","item":"https:\/\/www.alphacan.com\/hr\/"},{"@type":"ListItem","position":2,"name":"STRU\u010cNOST","item":"https:\/\/www.alphacan.com\/hr\/strucnost\/"},{"@type":"ListItem","position":3,"name":"ZNANJE I VJE\u0160TINA"}]},{"@type":"WebSite","@id":"https:\/\/www.alphacan.com\/es\/#website","url":"https:\/\/www.alphacan.com\/es\/","name":"Alphacan","description":"Concepteur Menuiseries","potentialAction":[{"@type":"SearchAction","target":{"@type":"EntryPoint","urlTemplate":"https:\/\/www.alphacan.com\/es\/?s={search_term_string}"},"query-input":{"@type":"PropertyValueSpecification","valueRequired":true,"valueName":"search_term_string"}}],"inLanguage":"hr"}]}},"_links":{"self":[{"href":"https:\/\/www.alphacan.com\/hr\/wp-json\/wp\/v2\/pages\/4205","targetHints":{"allow":["GET"]}}],"collection":[{"href":"https:\/\/www.alphacan.com\/hr\/wp-json\/wp\/v2\/pages"}],"about":[{"href":"https:\/\/www.alphacan.com\/hr\/wp-json\/wp\/v2\/types\/page"}],"author":[{"embeddable":true,"href":"https:\/\/www.alphacan.com\/hr\/wp-json\/wp\/v2\/users\/559"}],"replies":[{"embeddable":true,"href":"https:\/\/www.alphacan.com\/hr\/wp-json\/wp\/v2\/comments?post=4205"}],"version-history":[{"count":5,"href":"https:\/\/www.alphacan.com\/hr\/wp-json\/wp\/v2\/pages\/4205\/revisions"}],"predecessor-version":[{"id":6385,"href":"https:\/\/www.alphacan.com\/hr\/wp-json\/wp\/v2\/pages\/4205\/revisions\/6385"}],"up":[{"embeddable":true,"href":"https:\/\/www.alphacan.com\/hr\/wp-json\/wp\/v2\/pages\/4201"}],"wp:featuredmedia":[{"embeddable":true,"href":"https:\/\/www.alphacan.com\/hr\/wp-json\/wp\/v2\/media\/4123"}],"wp:attachment":[{"href":"https:\/\/www.alphacan.com\/hr\/wp-json\/wp\/v2\/media?parent=4205"}],"curies":[{"name":"wp","href":"https:\/\/api.w.org\/{rel}","templated":true}]}}