{"id":4244,"date":"2019-01-10T12:26:42","date_gmt":"2019-01-10T11:26:42","guid":{"rendered":"https:\/\/www.alphacan.com\/?page_id=4244"},"modified":"2019-01-10T12:35:20","modified_gmt":"2019-01-10T11:35:20","slug":"zastita-okolisa","status":"publish","type":"page","link":"https:\/\/www.alphacan.com\/hr\/strucnost\/zastita-okolisa\/","title":{"rendered":"ZA\u0160TITA OKOLI\u0160A"},"content":{"rendered":"<h2>ALPHACAN SE OBVEZUJE ZA ZA\u0160TITU OKOLI\u0160A<\/h2>\n<p style=\"text-align: justify;\"><strong>\u010cUVANJE PRIRODNIH RESURSA<\/strong><\/p>\n<p style=\"text-align: justify;\">Procesi ekstruzije koje provodi ALPHACAN te izvedeni profili po\u0161tuju okoli\u0161 i integriraju se u odr\u017eivi razvoj:<\/p>\n<ul style=\"list-style-type: square; text-align: justify;\">\n<li>nema vanjskog ispu\u0161tanja plina koji uni\u0161tava ozonski sloj<\/li>\n<li>recikliranje vode zatvorenom petljom<\/li>\n<li>niska potro\u0161nja energije za realizaciju na\u0161ih profila<\/li>\n<li>puni tretman i recikliranje na\u0161eg proizvodnog otpada<\/li>\n<li>izvedba PVC smole zahtijeva nekoliko prirodnih resursa (ostatci nafte i slana voda)<\/li>\n<li>maksimalno iskoristiti recikliranu ambala\u017eu (npr. nepromo\u010divo platno)<\/li>\n<\/ul>\n<p style=\"text-align: justify;\"><strong>PO\u0160TIVANJE STANDARDA OKOLI\u0160A<\/strong><\/p>\n<ul style=\"list-style-type: square; text-align: justify;\">\n<li>u skladu s Dobrovoljnom obvezom Vinyl 2010 kao \u010dlanicom SNEP-a, uklonili smo stabilizatore olovnih soli na svim na\u0161im profilima<\/li>\n<li>osigurali smo da se proizvodi koji se koriste za proizvodnju na\u0161ih spojeva ne pojavljuju na popisu zabranjenih proizvoda sukladno direktivi REACH-a<\/li>\n<li>na\u0161i su profili neosjetljivi na bilo kakvu kontaminaciju gljivicama i plijesni te ne osloba\u0111aju hlapive organske spojeve (VOC): oni pridonose kvaliteti unutarnjeg zraka i odgovaraju sanitarnim ciljevima Pristupa HQE (visoka kakvo\u0107a okoli\u0161a)<\/li>\n<\/ul>\n<p style=\"text-align: justify;\"><strong>ULAGANJE U INOVACIJU I KVALITETU<\/strong><\/p>\n<ul style=\"list-style-type: square; text-align: justify;\">\n<li>vi\u0161e od \u010detrdeset godina pobolj\u0161avamo i optimiziramo na\u0161e izvedbe<\/li>\n<li>svjesni pitanja okoli\u0161a i potrebe za u\u0161tedom energije, ured za studije definira profile koji omogu\u0107uju izvedbu sa sve boljim performansama<\/li>\n<\/ul>\n<p style=\"text-align: justify;\"><strong>OMOGU\u0106AVANJE ODR\u017dIVE IZGRADNJE<\/strong><\/p>\n<ul style=\"list-style-type: square; text-align: justify;\">\n<li>na\u0161i profili dopu\u0161taju realizaciju stolarije \u010dije karakteristike toplinske izolacije rezultiraju smanjenjem potro\u0161nje energije i doprinose o\u010duvanju prirodnih resursa<\/li>\n<li>IN ALPHA asortiman proizvoda, zahvaljuju\u0107i inovativnom dizajnu, znatno je smanjio upotrebu \u010deli\u010dnog oja\u010danja, a isto je u potpunosti u skladu s vladinim ciljevima vezano za COP21 u smislu \u0161tednje energije (toplinski u\u010dinak) i smanjenja emisije volatilnih organskih spojeva (lak\u0161a stolarija i manja potro\u0161nja \u010delika)<\/li>\n<li>na\u0161i materijali i profili su stabilni i trajni: ova trajnost je potvr\u0111ena i certificirana oznakom NF126 (sukladno NF EN 12608-1), a svi na\u0161i prozorski sustavi spadaju pod DTA (Tehni\u010dki dokumeni za primjenu) i kontrolirani su od CSTB-a (Znanstveni centar za tehnologiju gra\u0111enja)<\/li>\n<li>na\u0161i profili ne zahtijevaju bilo kakvo drugo odr\u017eavanje osim jednostavnog \u010di\u0161\u0107enja sapunskom vodom bez ikakvog otapala i agresivnog proizvoda<\/li>\n<\/ul>\n<p style=\"text-align: justify;\"><strong>ZBRINJAVANJE OTPADA<\/strong><\/p>\n<ul style=\"list-style-type: square;\">\n<li style=\"text-align: justify;\">Iako su na\u0161i profili slu\u017ebeno klasificirani kao &#8220;neopasni otpad&#8221;, interno recikliramo sve na\u0161e proizvodne otpadne profile.<\/li>\n<li style=\"text-align: justify;\">recikliramo na\u0161 industrijski otpad: \u017eeljezo, ulja itd&#8230;<\/li>\n<li style=\"text-align: justify;\">ALPHACAN je tako\u0111er predan odr\u017eivom razvoju potpisivanjem dobrovoljnog ekolo\u0161kog doprinosa Vinyl 2010 kroz svoj sindikat (SNEP) za Vinyl Foundation za financiranje aktivnosti recikliranja PVC-a.<\/li>\n<\/ul>\n","protected":false},"excerpt":{"rendered":"<p>ALPHACAN SE OBVEZUJE ZA ZA\u0160TITU OKOLI\u0160A \u010cUVANJE PRIRODNIH RESURSA Procesi ekstruzije koje provodi ALPHACAN te izvedeni profili po\u0161tuju okoli\u0161 i integriraju se u odr\u017eivi razvoj: nema vanjskog ispu\u0161tanja plina koji uni\u0161tava ozonski sloj recikliranje vode zatvorenom petljom niska potro\u0161nja energije za realizaciju na\u0161ih profila puni tretman i recikliranje na\u0161eg proizvodnog otpada izvedba PVC smole zahtijeva [&hellip;]<\/p>\n","protected":false},"author":559,"featured_media":4246,"parent":4201,"menu_order":3,"comment_status":"closed","ping_status":"closed","template":"","meta":{"_acf_changed":false,"footnotes":""},"class_list":["post-4244","page","type-page","status-publish","has-post-thumbnail","hentry"],"acf":[],"yoast_head":"<!-- This site is optimized with the Yoast SEO plugin v27.0 - https:\/\/yoast.com\/product\/yoast-seo-wordpress\/ -->\n<title>ZA\u0160TITA OKOLI\u0160A &#8211; Alphacan<\/title>\n<meta name=\"description\" content=\"ALPHACAN SE OBVEZUJE ZA ZA\u0160TITU OKOLI\u0160A \u010cUVANJE PRIRODNIH RESURSA Procesi ekstruzije koje provodi ALPHACAN te izvedeni profili po\u0161tuju okoli\u0161 i\" \/>\n<meta name=\"robots\" content=\"index, follow, max-snippet:-1, max-image-preview:large, max-video-preview:-1\" \/>\n<link rel=\"canonical\" href=\"https:\/\/www.alphacan.com\/hr\/strucnost\/zastita-okolisa\/\" \/>\n<meta property=\"og:locale\" content=\"hr_HR\" \/>\n<meta property=\"og:type\" content=\"article\" \/>\n<meta property=\"og:title\" content=\"ZA\u0160TITA OKOLI\u0160A &#8211; Alphacan\" \/>\n<meta property=\"og:description\" content=\"ALPHACAN SE OBVEZUJE ZA ZA\u0160TITU OKOLI\u0160A \u010cUVANJE PRIRODNIH RESURSA Procesi ekstruzije koje provodi ALPHACAN te izvedeni profili po\u0161tuju okoli\u0161 i\" \/>\n<meta property=\"og:url\" content=\"https:\/\/www.alphacan.com\/hr\/strucnost\/zastita-okolisa\/\" \/>\n<meta property=\"og:site_name\" content=\"Alphacan\" \/>\n<meta property=\"article:modified_time\" content=\"2019-01-10T11:35:20+00:00\" \/>\n<meta property=\"og:image\" content=\"https:\/\/www.alphacan.com\/wp-content\/uploads\/2017\/11\/environment-1.jpg\" \/>\n\t<meta property=\"og:image:width\" content=\"2905\" \/>\n\t<meta property=\"og:image:height\" content=\"4134\" \/>\n\t<meta property=\"og:image:type\" content=\"image\/jpeg\" \/>\n<meta name=\"twitter:card\" content=\"summary_large_image\" \/>\n<meta name=\"twitter:label1\" content=\"Procijenjeno vrijeme \u010ditanja\" \/>\n\t<meta name=\"twitter:data1\" content=\"2 minute\" \/>\n<script type=\"application\/ld+json\" class=\"yoast-schema-graph\">{\"@context\":\"https:\/\/schema.org\",\"@graph\":[{\"@type\":\"WebPage\",\"@id\":\"https:\/\/www.alphacan.com\/hr\/strucnost\/zastita-okolisa\/\",\"url\":\"https:\/\/www.alphacan.com\/hr\/strucnost\/zastita-okolisa\/\",\"name\":\"ZA\u0160TITA OKOLI\u0160A &#8211; Alphacan\",\"isPartOf\":{\"@id\":\"https:\/\/www.alphacan.com\/es\/#website\"},\"primaryImageOfPage\":{\"@id\":\"https:\/\/www.alphacan.com\/hr\/strucnost\/zastita-okolisa\/#primaryimage\"},\"image\":{\"@id\":\"https:\/\/www.alphacan.com\/hr\/strucnost\/zastita-okolisa\/#primaryimage\"},\"thumbnailUrl\":\"https:\/\/www.alphacan.com\/wp-content\/uploads\/2017\/11\/environment-1.jpg\",\"datePublished\":\"2019-01-10T11:26:42+00:00\",\"dateModified\":\"2019-01-10T11:35:20+00:00\",\"description\":\"ALPHACAN SE OBVEZUJE ZA ZA\u0160TITU OKOLI\u0160A \u010cUVANJE PRIRODNIH RESURSA Procesi ekstruzije koje provodi ALPHACAN te izvedeni profili po\u0161tuju okoli\u0161 i\",\"breadcrumb\":{\"@id\":\"https:\/\/www.alphacan.com\/hr\/strucnost\/zastita-okolisa\/#breadcrumb\"},\"inLanguage\":\"hr\",\"potentialAction\":[{\"@type\":\"ReadAction\",\"target\":[\"https:\/\/www.alphacan.com\/hr\/strucnost\/zastita-okolisa\/\"]}]},{\"@type\":\"ImageObject\",\"inLanguage\":\"hr\",\"@id\":\"https:\/\/www.alphacan.com\/hr\/strucnost\/zastita-okolisa\/#primaryimage\",\"url\":\"https:\/\/www.alphacan.com\/wp-content\/uploads\/2017\/11\/environment-1.jpg\",\"contentUrl\":\"https:\/\/www.alphacan.com\/wp-content\/uploads\/2017\/11\/environment-1.jpg\",\"width\":2905,\"height\":4134,\"caption\":\"Save earth conceptSave earth conceptSave earth concept\"},{\"@type\":\"BreadcrumbList\",\"@id\":\"https:\/\/www.alphacan.com\/hr\/strucnost\/zastita-okolisa\/#breadcrumb\",\"itemListElement\":[{\"@type\":\"ListItem\",\"position\":1,\"name\":\"Accueil\",\"item\":\"https:\/\/www.alphacan.com\/hr\/\"},{\"@type\":\"ListItem\",\"position\":2,\"name\":\"STRU\u010cNOST\",\"item\":\"https:\/\/www.alphacan.com\/hr\/strucnost\/\"},{\"@type\":\"ListItem\",\"position\":3,\"name\":\"ZA\u0160TITA OKOLI\u0160A\"}]},{\"@type\":\"WebSite\",\"@id\":\"https:\/\/www.alphacan.com\/es\/#website\",\"url\":\"https:\/\/www.alphacan.com\/es\/\",\"name\":\"Alphacan\",\"description\":\"Concepteur Menuiseries\",\"potentialAction\":[{\"@type\":\"SearchAction\",\"target\":{\"@type\":\"EntryPoint\",\"urlTemplate\":\"https:\/\/www.alphacan.com\/es\/?s={search_term_string}\"},\"query-input\":{\"@type\":\"PropertyValueSpecification\",\"valueRequired\":true,\"valueName\":\"search_term_string\"}}],\"inLanguage\":\"hr\"}]}<\/script>\n<!-- \/ Yoast SEO plugin. -->","yoast_head_json":{"title":"ZA\u0160TITA OKOLI\u0160A &#8211; Alphacan","description":"ALPHACAN SE OBVEZUJE ZA ZA\u0160TITU OKOLI\u0160A \u010cUVANJE PRIRODNIH RESURSA Procesi ekstruzije koje provodi ALPHACAN te izvedeni profili po\u0161tuju okoli\u0161 i","robots":{"index":"index","follow":"follow","max-snippet":"max-snippet:-1","max-image-preview":"max-image-preview:large","max-video-preview":"max-video-preview:-1"},"canonical":"https:\/\/www.alphacan.com\/hr\/strucnost\/zastita-okolisa\/","og_locale":"hr_HR","og_type":"article","og_title":"ZA\u0160TITA OKOLI\u0160A &#8211; Alphacan","og_description":"ALPHACAN SE OBVEZUJE ZA ZA\u0160TITU OKOLI\u0160A \u010cUVANJE PRIRODNIH RESURSA Procesi ekstruzije koje provodi ALPHACAN te izvedeni profili po\u0161tuju okoli\u0161 i","og_url":"https:\/\/www.alphacan.com\/hr\/strucnost\/zastita-okolisa\/","og_site_name":"Alphacan","article_modified_time":"2019-01-10T11:35:20+00:00","og_image":[{"width":2905,"height":4134,"url":"https:\/\/www.alphacan.com\/wp-content\/uploads\/2017\/11\/environment-1.jpg","type":"image\/jpeg"}],"twitter_card":"summary_large_image","twitter_misc":{"Procijenjeno vrijeme \u010ditanja":"2 minute"},"schema":{"@context":"https:\/\/schema.org","@graph":[{"@type":"WebPage","@id":"https:\/\/www.alphacan.com\/hr\/strucnost\/zastita-okolisa\/","url":"https:\/\/www.alphacan.com\/hr\/strucnost\/zastita-okolisa\/","name":"ZA\u0160TITA OKOLI\u0160A &#8211; Alphacan","isPartOf":{"@id":"https:\/\/www.alphacan.com\/es\/#website"},"primaryImageOfPage":{"@id":"https:\/\/www.alphacan.com\/hr\/strucnost\/zastita-okolisa\/#primaryimage"},"image":{"@id":"https:\/\/www.alphacan.com\/hr\/strucnost\/zastita-okolisa\/#primaryimage"},"thumbnailUrl":"https:\/\/www.alphacan.com\/wp-content\/uploads\/2017\/11\/environment-1.jpg","datePublished":"2019-01-10T11:26:42+00:00","dateModified":"2019-01-10T11:35:20+00:00","description":"ALPHACAN SE OBVEZUJE ZA ZA\u0160TITU OKOLI\u0160A \u010cUVANJE PRIRODNIH RESURSA Procesi ekstruzije koje provodi ALPHACAN te izvedeni profili po\u0161tuju okoli\u0161 i","breadcrumb":{"@id":"https:\/\/www.alphacan.com\/hr\/strucnost\/zastita-okolisa\/#breadcrumb"},"inLanguage":"hr","potentialAction":[{"@type":"ReadAction","target":["https:\/\/www.alphacan.com\/hr\/strucnost\/zastita-okolisa\/"]}]},{"@type":"ImageObject","inLanguage":"hr","@id":"https:\/\/www.alphacan.com\/hr\/strucnost\/zastita-okolisa\/#primaryimage","url":"https:\/\/www.alphacan.com\/wp-content\/uploads\/2017\/11\/environment-1.jpg","contentUrl":"https:\/\/www.alphacan.com\/wp-content\/uploads\/2017\/11\/environment-1.jpg","width":2905,"height":4134,"caption":"Save earth conceptSave earth conceptSave earth concept"},{"@type":"BreadcrumbList","@id":"https:\/\/www.alphacan.com\/hr\/strucnost\/zastita-okolisa\/#breadcrumb","itemListElement":[{"@type":"ListItem","position":1,"name":"Accueil","item":"https:\/\/www.alphacan.com\/hr\/"},{"@type":"ListItem","position":2,"name":"STRU\u010cNOST","item":"https:\/\/www.alphacan.com\/hr\/strucnost\/"},{"@type":"ListItem","position":3,"name":"ZA\u0160TITA OKOLI\u0160A"}]},{"@type":"WebSite","@id":"https:\/\/www.alphacan.com\/es\/#website","url":"https:\/\/www.alphacan.com\/es\/","name":"Alphacan","description":"Concepteur Menuiseries","potentialAction":[{"@type":"SearchAction","target":{"@type":"EntryPoint","urlTemplate":"https:\/\/www.alphacan.com\/es\/?s={search_term_string}"},"query-input":{"@type":"PropertyValueSpecification","valueRequired":true,"valueName":"search_term_string"}}],"inLanguage":"hr"}]}},"_links":{"self":[{"href":"https:\/\/www.alphacan.com\/hr\/wp-json\/wp\/v2\/pages\/4244","targetHints":{"allow":["GET"]}}],"collection":[{"href":"https:\/\/www.alphacan.com\/hr\/wp-json\/wp\/v2\/pages"}],"about":[{"href":"https:\/\/www.alphacan.com\/hr\/wp-json\/wp\/v2\/types\/page"}],"author":[{"embeddable":true,"href":"https:\/\/www.alphacan.com\/hr\/wp-json\/wp\/v2\/users\/559"}],"replies":[{"embeddable":true,"href":"https:\/\/www.alphacan.com\/hr\/wp-json\/wp\/v2\/comments?post=4244"}],"version-history":[{"count":5,"href":"https:\/\/www.alphacan.com\/hr\/wp-json\/wp\/v2\/pages\/4244\/revisions"}],"predecessor-version":[{"id":4652,"href":"https:\/\/www.alphacan.com\/hr\/wp-json\/wp\/v2\/pages\/4244\/revisions\/4652"}],"up":[{"embeddable":true,"href":"https:\/\/www.alphacan.com\/hr\/wp-json\/wp\/v2\/pages\/4201"}],"wp:featuredmedia":[{"embeddable":true,"href":"https:\/\/www.alphacan.com\/hr\/wp-json\/wp\/v2\/media\/4246"}],"wp:attachment":[{"href":"https:\/\/www.alphacan.com\/hr\/wp-json\/wp\/v2\/media?parent=4244"}],"curies":[{"name":"wp","href":"https:\/\/api.w.org\/{rel}","templated":true}]}}